{"id":3205,"date":"2020-09-15T11:11:44","date_gmt":"2020-09-15T10:11:44","guid":{"rendered":"https:\/\/kidlee.fr\/?page_id=3205"},"modified":"2025-06-12T14:32:01","modified_gmt":"2025-06-12T12:32:01","slug":"activites-artistiques","status":"publish","type":"page","link":"https:\/\/kidlee.fr\/en\/activites-artistiques\/","title":{"rendered":"activities and initiations"},"content":{"rendered":"<div id=\"bsf_rt_marker\"><p>[et_pb_section fb_built=\"1\u2033 _builder_version=\"4.26.0\u2033 _module_preset=\"default \" background_image=\"https:\/\/kidlee.fr\/wp-content\/uploads\/2025\/06\/concept-eveil-ludique.jpg \" height=\"500px \" custom_padding=\"150px||||| \" hover_enabled=\"0\u2033 da_disable_devices=\"off|off|off \" global_colors_info=\"{} \" title_text=\"concept-\u00e9veil-ludique \" sticky_enabled=\"0\u2033 da_is_popup=\"off \" da_exit_intent=\"off \" da_has_close=\"on \" da_alt_close=\"off \" da_dark_close=\"off \" da_not_modal=\"on \" da_is_singular=\"off \" da_with_loader=\"off \" da_has_shadow=\"on \"][et_pb_row _builder_version=\"4.16\u2033 _module_preset=\"default \" global_colors_info=\"{} \"][et_pb_column type=\"4_4\u2033 _builder_version=\"4.16\u2033 _module_preset=\"default \" global_colors_info=\"{} \"][et_pb_text _builder_version=\"4.16\u2033 _module_preset=\"default \" text_text_color=\"#FFFFFF \" header_text_color=\"#FFFFFF \" header_font_size=\"47px \" global_colors_info=\"{} \"]<\/p>\n<h1 style=\"text-align: center;\">Artistic activities and initiations<\/h1>\n<p>[\/et_pb_text][\/et_pb_column][\/et_pb_row][\/et_pb_section][et_pb_section fb_built=\"1\u2033 _builder_version=\"4.16\u2033 _module_preset=\"default \" da_disable_devices=\"off|off|off \" global_colors_info=\"{} \" da_is_popup=\"off \" da_exit_intent=\"off \" da_has_close=\"on \" da_alt_close=\"off \" da_dark_close=\"off \" da_not_modal=\"on \" da_is_singular=\"off \" da_with_loader=\"off \" da_has_shadow=\"on \"][et_pb_row _builder_version=\"4.16\u2033 _module_preset=\"default\" global_colors_info=\"{}\"][et_pb_column type=\"4_4\u2033 _builder_version=\"4.16\u2033 _module_preset=\"default \" global_colors_info=\"{} \"][et_pb_text _builder_version=\"4.16\u2033 _module_preset=\"default \" text_text_color=\"#37548D\" global_colors_info=\"{} \"]<\/p>\n<h2 style=\"text-align: center;\">Our babysitters share their passions<\/h2>\n<p>[\/et_pb_text][et_pb_text _builder_version=\"4.16\u2033 _module_preset=\"default \" text_text_color=\"#37548D\" global_colors_info=\"{}\"]<\/p>\n<p style=\"text-align: center;\">Our babysitters all have particular passions ( <span style=\"color: #252849;\"><a href=\"https:\/\/kidlee.fr\/en\/awakening-activities-7-activity-ideas-to-propose-to-2-3-year-olds\/\" style=\"color: #252849;\">artistic<\/a> <\/span>activities, sports, languages, etc. ) which they wish to introduce to the youngest to arouse their curiosity and knowledge !<\/p>\n<p style=\"text-align: center;\">Arts and crafts, painting, etc. are not just for the entertainment of young children. They also have excellent effects on their development. Handicrafts are among the best activities to offer to children.<\/p>\n<p>[\/et_pb_text][\/et_pb_column][\/et_pb_row][et_pb_row column_structure=\"2_5,3_5\u2033 _builder_version=\"4.16\u2033 _module_preset=\"default \" global_colors_info=\"{} \"][et_pb_column type=\"2_5\u2033 _builder_version=\"4.16\u2033 _module_preset=\"default \" global_colors_info=\"{} \"][et_pb_image src= \"https:\/\/kidlee.fr\/wp-content\/uploads\/2021\/05\/Groupe-1977.svg \" alt= \"Bienfaits babysitting \" title_text= \"Bienfaits babysitting \" _builder_version=\"4.16\u2033 _module_preset=\"default \" global_colors_info=\"{} \"][\/et_pb_image][\/et_pb_column][et_pb_column type=\"3_5\u2033 _builder_version=\"4.16\u2033 _module_preset=\"default \" global_colors_info=\"{} \"][et_pb_text _builder_version=\"4.16\u2033 _module_preset=\"default \" text_text_color=\"#37548D \" global_colors_info=\"{} \"]<\/p>\n<h3 style=\"color: #fc8aa9;\">Some examples of the benefits of artistic activities for your child:<\/h3>\n<p><span style=\"color: #37548d;\"><a href=\"https:\/\/www.accompagnant-educatif-petite-enfance.com\/interet-dessin-jeune-enfant\" style=\"color: #37548d;\"><strong>Drawing<\/strong><\/a><\/span> is part of the activities essential to the child\u2019s development. Its virtues are numerous and allow children to develop unexpected skills : cognitive development, coordination, self-assertion\u2026<\/p>\n<p><strong>Musical learning<\/strong> also has significant sensory and motor impacts, promoting better planning and execution of movements. Rhythmic activities have positive impacts on body intelligence as they improve coordination, balance, tone and spatial orientation.<\/p>\n<p><strong>The theater<\/strong> helps develop verbal expression. This activity stimulates children to improve their communication skills. They store a lot of vocabulary, but also diction, fluidity and clarity, among others.<\/p>\n<p>[\/et_pb_text][\/et_pb_column][\/et_pb_row][\/et_pb_section][et_pb_section fb_built=\"1\u2033 _builder_version=\"4.16\u2033 _module_preset=\"default \" da_disable_devices=\"off|off|off \" global_colors_info=\"{} \" da_is_popup=\"off \" da_exit_intent=\"off \" da_has_close=\"on \" da_alt_close=\"off \" da_dark_close=\"off \" da_not_modal=\"on \" da_is_singular=\"off \" da_with_loader=\"off \" da_has_shadow=\"on \"][et_pb_row _builder_version=\"4.16\u2033 _module_preset=\"default\" global_colors_info=\"{}\"][et_pb_column type=\"4_4\u2033 _builder_version=\"4.16\u2033 _module_preset=\"default \" global_colors_info=\"{} \"][et_pb_text _builder_version=\"4.16\u2033 _module_preset=\"default \" text_text_color=\"#37548D\" global_colors_info=\"{} \"]<\/p>\n<h2 style=\"text-align: center;\">Discover also Kidlee via<\/h2>\n<p>[\/et_pb_text][\/et_pb_column][\/et_pb_row][et_pb_row column_structure=\"1_3,1_3,1_3\u2033 _builder_version=\"4.16\u2033 _module_preset=\"default \" max_width=\"780px \" global_colors_info=\"{} \"][et_pb_column type=\"1_3\u2033 _builder_version=\"4.16\u2033 _module_preset=\"default \" global_colors_info=\"{} \"][et_pb_image src= \"https:\/\/kidlee.fr\/wp-content\/uploads\/2021\/05\/Groupe-1964.svg\" alt=\"Foreign languages\" title_text=\"Foreign languages\" align=\"center\" _builder_version=\"4.16\u2033 _module_preset=\"default \" global_colors_info=\"{}\"][\/et_pb_image][et_pb_text _builder_version=\"4.16\u2033 _module_preset=\"default \" text_text_color=\"#37548D \" text_font_size=\"22px \" global_colors_info=\"{} \"]<\/p>\n<p style=\"text-align: center;\"><strong>Foreign<\/strong> languages<\/p>\n<p>[\/et_pb_text][\/et_pb_column][et_pb_column type=\"1_3\u2033 _builder_version=\"4.16\u2033 _module_preset=\"default \" global_colors_info=\"{} \"][et_pb_image src= \"https:\/\/kidlee.fr\/wp-content\/uploads\/2021\/05\/Groupe-1965.svg \" alt=\"Eveil ludique \" title_text=\"Eveil ludique \" align=\"center \" _builder_version=\"4.16\u2033 _module_preset=\"default \" global_colors_info=\"{} \"][\/et_pb_image][et_pb_text _builder_version=\"4.16\u2033 _module_preset=\"default \" text_text_color=\"#FC8AA9\u2033 text_font_size=\"22px \" global_colors_info=\"{} \"]<\/p>\n<p style=\"text-align: center;\">Playful <strong>development<\/strong><\/p>\n<p>[\/et_pb_text][\/et_pb_column][et_pb_column type=\"1_3\u2033 _builder_version=\"4.16\u2033 _module_preset=\"default \" global_colors_info=\"{} \"][et_pb_image src=\"https:\/\/kidlee.fr\/wp-content\/uploads\/2021\/05\/aide-aux-devoirs.svg \" alt=\"homework help\" title_text=\"homework help\" align=\"center \" _builder_version=\"4.26.0\u2033 _module_preset=\"default \" min_height=\"130px \" global_colors_info=\"{} \"][\/et_pb_image][et_pb_text _builder_version=\"4.16\u2033 _module_preset=\"default \" text_text_color=\"#F2AA3C \" text_font_size=\"22px \" global_colors_info=\"{} \"]<\/p>\n<p style=\"text-align: center;\" class=\" translation-block\">Provide homework help<\/p>\n<p>[\/et_pb_text][\/et_pb_column][\/et_pb_row][et_pb_row column_structure=\"1_2,1_2\u2033 _builder_version=\"4.16\u2033 _module_preset=\"default \" locked=\"off \" global_colors_info=\"{} \"][et_pb_column type=\"1_2\u2033 _builder_version=\"4.16\u2033 _module_preset=\"default \" global_colors_info=\"{} \"][et_pb_button button_url=\"https:\/\/app.kidlee.fr\/inscription-famille \" button_text=\"Inscription parent \" _builder_version=\"4.16\u2033 _module_preset=\"f8c422d8-db4d-48fe-85a1-2fc6482e8bc0\u2033 custom_padding=\"20px|48px|20px|48px|true|true \" global_colors_info=\"{} \"][\/et_pb_button][\/et_pb_column][et_pb_column type=\"1_2\u2033 _builder_version=\"4.16\u2033 _module_preset=\"default \" global_colors_info=\"{} \"][et_pb_button button_url=\"https:\/\/app.kidlee.fr\/inscription-babysitter \" button_text=\"Inscription baby-sitter \" _builder_version=\"4.16\u2033 _module_preset=\"3f0a3311-996f-4c94-a909-3839eb843431\u2033 custom_padding=\"20px|48px|20px|48px|true|true \" global_colors_info=\"{} \"][\/et_pb_button][\/et_pb_column][\/et_pb_row][\/et_pb_section][et_pb_section fb_built=\"1\u2033 _builder_version=\"4.16\u2033 _module_preset=\"default \" custom_padding=\"0px||0px||| \" da_disable_devices=\"off|off|off \" global_colors_info=\"{} \" da_is_popup=\"off \" da_exit_intent=\"off \" da_has_close= \"on \" da_alt_close=\"off \" da_dark_close=\"off \" da_not_modal=\"on \" da_is_singular=\"off \" da_with_loader=\"off \" da_has_shadow=\"on \"][et_pb_row _builder_version=\"4.16\u2033 _module_preset=\"default \" global_colors_info=\"{} \"][et_pb_column type=\"4_4\u2033 _builder_version=\"4.16\u2033 _module_preset=\"default \" global_colors_info=\"{} \"][et_pb_image src= \"https:\/\/kidlee.fr\/wp-content\/uploads\/2021\/05\/h2-cat-vector.svg \" alt=\"Blog Kidlee \" title_text=\"Blog Kidlee \" align=\"center \" _builder_version=\"4.16\u2033 _module_preset=\"default \" width=\"130px \" height=\"130px \" global_colors_info=\"{} \"][\/et_pb_image][\/et_pb_column][\/et_pb_row][\/et_pb_section][et_pb_section fb_built=\"1\u2033 _builder_version=\"4.16\u2033 _module_preset=\"default \" custom_padding=\"1px||||| \" da_disable_devices=\"off|off|off \" global_colors_info=\"{} \" da_is_popup=\"off \" da_exit_intent=\"off \" da_has_close= \"on \" da_alt_close=\"off \" da_dark_close=\"off \" da_not_modal=\"on \" da_is_singular=\"off \" da_with_loader=\"off \" da_has_shadow=\"on \"][et_pb_row _builder_version=\"4.16\u2033 _module_preset=\"default \" global_colors_info=\"{} \"][et_pb_column type=\"4_4\u2033 _builder_version=\"4.16\u2033 _module_preset=\"default \" global_colors_info=\"{} \"][et_pb_text _builder_version=\"4.16\u2033 _module_preset=\"default \" text_text_color=\"#37548D \" global_colors_info=\"{} \"]<\/p>\n<h2 style=\"text-align: center;\">Our latest articles on activities and initiations\u00a0<\/h2>\n<p>[\/et_pb_text][et_pb_blog fullwidth=\"off \" posts_number=\"3\u2033 include_categories=\"9,16,12,15\u2033 excerpt_length=\"200\u2033 show_pagination=\"off \" offset_number=\"1\u2033 masonry_tile_background_color=\"RGBA(0,0,0,0) \" module_class=\"removecss \" _builder_version=\"4.16\u2033 _module_preset=\"default \" header_text_color=\"#37548D \" body_text_color=\"#37548D \" meta_text_color=\"#F2AA3C \" custom_margin=\"||||false|false \" custom_padding= \"||||false|true \" border_width_all=\"0px \" border_radii_image=\"on|10px|10px|10px|10px \" locked=\"off \" global_colors_info=\"{} \"][\/et_pb_blog][\/et_pb_column][\/et_pb_row][\/et_pb_section]<\/p>\n<\/div>","protected":false},"excerpt":{"rendered":"<p>Artistic activities and initiationsOur baby-sitters transmit their passionsOur baby-sitters all have particular passions (artistic activities, sports, languages...) that they wish to make discover to the youngest in order to awaken their curiosity and their knowledge! The crafts, painting etc... are not only used to entertain the youngest. They have also [...]<\/p>","protected":false},"author":1,"featured_media":0,"parent":0,"menu_order":50,"comment_status":"closed","ping_status":"closed","template":"","meta":{"_et_pb_use_builder":"on","_et_pb_old_content":"","_et_gb_content_width":"","_lmt_disableupdate":"","_lmt_disable":"","footnotes":""},"yoast_head":"<!-- This site is optimized with the Yoast SEO plugin v23.3 - https:\/\/yoast.com\/wordpress\/plugins\/seo\/ -->\n<title>Activit\u00e9s artistiques lors des gardes d&#039;enfants ludiques Kidlee<\/title>\n<meta name=\"description\" content=\"Chez Kidlee, nos babysitters sont les sp\u00e9cialistes des activit\u00e9s artistiques ! D\u00e9couvrez ce que nous proposons \u00e0 vos enfants pour les aider \u00e0 s&#039;\u00e9panouir.\" \/>\n<meta name=\"robots\" content=\"index, follow, max-snippet:-1, max-image-preview:large, max-video-preview:-1\" \/>\n<link rel=\"canonical\" href=\"https:\/\/kidlee.fr\/en\/activites-artistiques\/\" \/>\n<meta property=\"og:locale\" content=\"en_US\" \/>\n<meta property=\"og:type\" content=\"article\" \/>\n<meta property=\"og:title\" content=\"Activit\u00e9s artistiques lors des gardes d&#039;enfants ludiques Kidlee\" \/>\n<meta property=\"og:description\" content=\"Chez Kidlee, nos babysitters sont les sp\u00e9cialistes des activit\u00e9s artistiques ! D\u00e9couvrez ce que nous proposons \u00e0 vos enfants pour les aider \u00e0 s&#039;\u00e9panouir.\" \/>\n<meta property=\"og:url\" content=\"https:\/\/kidlee.fr\/en\/activites-artistiques\/\" \/>\n<meta property=\"og:site_name\" content=\"Kidlee | Garde d&#039;enfants de plus de 3 ans en \u00cele-de-France\" \/>\n<meta property=\"article:publisher\" content=\"https:\/\/www.facebook.com\/kidleeFR\" \/>\n<meta property=\"article:modified_time\" content=\"2025-06-12T12:32:01+00:00\" \/>\n<meta property=\"og:image\" content=\"https:\/\/kidlee.fr\/wp-content\/uploads\/2024\/08\/images-1.jpg\" \/>\n\t<meta property=\"og:image:width\" content=\"1200\" \/>\n\t<meta property=\"og:image:height\" content=\"675\" \/>\n\t<meta property=\"og:image:type\" content=\"image\/jpeg\" \/>\n<meta name=\"twitter:card\" content=\"summary_large_image\" \/>\n<meta name=\"twitter:site\" content=\"@Kidlee_fr\" \/>\n<meta name=\"twitter:label1\" content=\"Est. reading time\" \/>\n\t<meta name=\"twitter:data1\" content=\"4 minutes\" \/>\n<script type=\"application\/ld+json\" class=\"yoast-schema-graph\">{\"@context\":\"https:\/\/schema.org\",\"@graph\":[{\"@type\":\"WebPage\",\"@id\":\"https:\/\/kidlee.fr\/activites-artistiques\/\",\"url\":\"https:\/\/kidlee.fr\/activites-artistiques\/\",\"name\":\"Activit\u00e9s artistiques lors des gardes d'enfants ludiques Kidlee\",\"isPartOf\":{\"@id\":\"https:\/\/kidlee.fr\/#website\"},\"datePublished\":\"2020-09-15T10:11:44+00:00\",\"dateModified\":\"2025-06-12T12:32:01+00:00\",\"description\":\"Chez Kidlee, nos babysitters sont les sp\u00e9cialistes des activit\u00e9s artistiques ! D\u00e9couvrez ce que nous proposons \u00e0 vos enfants pour les aider \u00e0 s'\u00e9panouir.\",\"breadcrumb\":{\"@id\":\"https:\/\/kidlee.fr\/activites-artistiques\/#breadcrumb\"},\"inLanguage\":\"en-US\",\"potentialAction\":[{\"@type\":\"ReadAction\",\"target\":[\"https:\/\/kidlee.fr\/activites-artistiques\/\"]}]},{\"@type\":\"BreadcrumbList\",\"@id\":\"https:\/\/kidlee.fr\/activites-artistiques\/#breadcrumb\",\"itemListElement\":[{\"@type\":\"ListItem\",\"position\":1,\"name\":\"Accueil\",\"item\":\"https:\/\/kidlee.fr\/\"},{\"@type\":\"ListItem\",\"position\":2,\"name\":\"activit\u00e9s et initiations\"}]},{\"@type\":\"WebSite\",\"@id\":\"https:\/\/kidlee.fr\/#website\",\"url\":\"https:\/\/kidlee.fr\/\",\"name\":\"Kidlee | Garde d&#039;enfants de plus de 3 ans en \u00cele-de-France\",\"description\":\"Le baby-sitting intelligent qui fait progresser les enfants !\",\"publisher\":{\"@id\":\"https:\/\/kidlee.fr\/#organization\"},\"potentialAction\":[{\"@type\":\"SearchAction\",\"target\":{\"@type\":\"EntryPoint\",\"urlTemplate\":\"https:\/\/kidlee.fr\/?s={search_term_string}\"},\"query-input\":\"required name=search_term_string\"}],\"inLanguage\":\"en-US\"},{\"@type\":\"Organization\",\"@id\":\"https:\/\/kidlee.fr\/#organization\",\"name\":\"Kidlee, SAS.\",\"url\":\"https:\/\/kidlee.fr\/\",\"logo\":{\"@type\":\"ImageObject\",\"inLanguage\":\"en-US\",\"@id\":\"https:\/\/kidlee.fr\/#\/schema\/logo\/image\/\",\"url\":\"https:\/\/kidlee.fr\/wp-content\/uploads\/2020\/06\/Kidlee_logo_2020.svg\",\"contentUrl\":\"https:\/\/kidlee.fr\/wp-content\/uploads\/2020\/06\/Kidlee_logo_2020.svg\",\"width\":300,\"height\":79,\"caption\":\"Kidlee, SAS.\"},\"image\":{\"@id\":\"https:\/\/kidlee.fr\/#\/schema\/logo\/image\/\"},\"sameAs\":[\"https:\/\/www.facebook.com\/kidleeFR\",\"https:\/\/x.com\/Kidlee_fr\",\"https:\/\/www.instagram.com\/kidlee_fr\/\",\"https:\/\/www.linkedin.com\/company\/kidlee-fr\",\"https:\/\/www.youtube.com\/channel\/UCt4hFqrRHEHOMghdOLmyzjg\"]}]}<\/script>\n<!-- \/ Yoast SEO plugin. -->","yoast_head_json":{"title":"Activit\u00e9s artistiques lors des gardes d'enfants ludiques Kidlee","description":"Chez Kidlee, nos babysitters sont les sp\u00e9cialistes des activit\u00e9s artistiques ! D\u00e9couvrez ce que nous proposons \u00e0 vos enfants pour les aider \u00e0 s'\u00e9panouir.","robots":{"index":"index","follow":"follow","max-snippet":"max-snippet:-1","max-image-preview":"max-image-preview:large","max-video-preview":"max-video-preview:-1"},"canonical":"https:\/\/kidlee.fr\/en\/activites-artistiques\/","og_locale":"en_US","og_type":"article","og_title":"Activit\u00e9s artistiques lors des gardes d'enfants ludiques Kidlee","og_description":"Chez Kidlee, nos babysitters sont les sp\u00e9cialistes des activit\u00e9s artistiques ! D\u00e9couvrez ce que nous proposons \u00e0 vos enfants pour les aider \u00e0 s'\u00e9panouir.","og_url":"https:\/\/kidlee.fr\/en\/activites-artistiques\/","og_site_name":"Kidlee | Garde d&#039;enfants de plus de 3 ans en \u00cele-de-France","article_publisher":"https:\/\/www.facebook.com\/kidleeFR","article_modified_time":"2025-06-12T12:32:01+00:00","og_image":[{"width":1200,"height":675,"url":"https:\/\/kidlee.fr\/wp-content\/uploads\/2024\/08\/images-1.jpg","type":"image\/jpeg"}],"twitter_card":"summary_large_image","twitter_site":"@Kidlee_fr","twitter_misc":{"Est. reading time":"4 minutes"},"schema":{"@context":"https:\/\/schema.org","@graph":[{"@type":"WebPage","@id":"https:\/\/kidlee.fr\/activites-artistiques\/","url":"https:\/\/kidlee.fr\/activites-artistiques\/","name":"Activit\u00e9s artistiques lors des gardes d'enfants ludiques Kidlee","isPartOf":{"@id":"https:\/\/kidlee.fr\/#website"},"datePublished":"2020-09-15T10:11:44+00:00","dateModified":"2025-06-12T12:32:01+00:00","description":"Chez Kidlee, nos babysitters sont les sp\u00e9cialistes des activit\u00e9s artistiques ! D\u00e9couvrez ce que nous proposons \u00e0 vos enfants pour les aider \u00e0 s'\u00e9panouir.","breadcrumb":{"@id":"https:\/\/kidlee.fr\/activites-artistiques\/#breadcrumb"},"inLanguage":"en-US","potentialAction":[{"@type":"ReadAction","target":["https:\/\/kidlee.fr\/activites-artistiques\/"]}]},{"@type":"BreadcrumbList","@id":"https:\/\/kidlee.fr\/activites-artistiques\/#breadcrumb","itemListElement":[{"@type":"ListItem","position":1,"name":"Accueil","item":"https:\/\/kidlee.fr\/"},{"@type":"ListItem","position":2,"name":"activit\u00e9s et initiations"}]},{"@type":"WebSite","@id":"https:\/\/kidlee.fr\/#website","url":"https:\/\/kidlee.fr\/","name":"Kidlee | Garde d&#039;enfants de plus de 3 ans en \u00cele-de-France","description":"Le baby-sitting intelligent qui fait progresser les enfants !","publisher":{"@id":"https:\/\/kidlee.fr\/#organization"},"potentialAction":[{"@type":"SearchAction","target":{"@type":"EntryPoint","urlTemplate":"https:\/\/kidlee.fr\/?s={search_term_string}"},"query-input":"required name=search_term_string"}],"inLanguage":"en-US"},{"@type":"Organization","@id":"https:\/\/kidlee.fr\/#organization","name":"Kidlee, SAS.","url":"https:\/\/kidlee.fr\/","logo":{"@type":"ImageObject","inLanguage":"en-US","@id":"https:\/\/kidlee.fr\/#\/schema\/logo\/image\/","url":"https:\/\/kidlee.fr\/wp-content\/uploads\/2020\/06\/Kidlee_logo_2020.svg","contentUrl":"https:\/\/kidlee.fr\/wp-content\/uploads\/2020\/06\/Kidlee_logo_2020.svg","width":300,"height":79,"caption":"Kidlee, SAS."},"image":{"@id":"https:\/\/kidlee.fr\/#\/schema\/logo\/image\/"},"sameAs":["https:\/\/www.facebook.com\/kidleeFR","https:\/\/x.com\/Kidlee_fr","https:\/\/www.instagram.com\/kidlee_fr\/","https:\/\/www.linkedin.com\/company\/kidlee-fr","https:\/\/www.youtube.com\/channel\/UCt4hFqrRHEHOMghdOLmyzjg"]}]}},"_links":{"self":[{"href":"https:\/\/kidlee.fr\/en\/wp-json\/wp\/v2\/pages\/3205"}],"collection":[{"href":"https:\/\/kidlee.fr\/en\/wp-json\/wp\/v2\/pages"}],"about":[{"href":"https:\/\/kidlee.fr\/en\/wp-json\/wp\/v2\/types\/page"}],"author":[{"embeddable":true,"href":"https:\/\/kidlee.fr\/en\/wp-json\/wp\/v2\/users\/1"}],"replies":[{"embeddable":true,"href":"https:\/\/kidlee.fr\/en\/wp-json\/wp\/v2\/comments?post=3205"}],"version-history":[{"count":0,"href":"https:\/\/kidlee.fr\/en\/wp-json\/wp\/v2\/pages\/3205\/revisions"}],"wp:attachment":[{"href":"https:\/\/kidlee.fr\/en\/wp-json\/wp\/v2\/media?parent=3205"}],"curies":[{"name":"wp","href":"https:\/\/api.w.org\/{rel}","templated":true}]}}