{"id":244520,"date":"2024-10-15T09:31:41","date_gmt":"2024-10-15T07:31:41","guid":{"rendered":"https:\/\/kidlee.fr\/?page_id=244520"},"modified":"2024-11-03T22:21:20","modified_gmt":"2024-11-03T21:21:20","slug":"baby-sitting-boulogne-billancourt-la-solution-flexible-avec-kidlee","status":"publish","type":"page","link":"https:\/\/kidlee.fr\/en\/baby-sitting-boulogne-billancourt-la-solution-flexible-avec-kidlee\/","title":{"rendered":"Baby-sitting Boulogne-Billancourt"},"content":{"rendered":"<div id=\"bsf_rt_marker\"><p>[et_pb_section fb_built=\"1\u2033 _builder_version=\"4.26.0\u2033 _module_preset=\"default \" da_disable_devices=\"off|off|off \" global_colors_info=\"{} \" da_is_popup=\"off \" da_exit_intent=\"off \" da_has_close=\"on \" da_alt_close=\"off \" da_dark_close=\"off \" da_not_modal=\"on \" da_is_singular=\"off \" da_with_loader=\"off \" da_has_shadow=\"on \"][et_pb_row column_structure=\"1_2,1_2\u2033 module_class=\"reverse \" _builder_version=\"4.26.0\u2033 _module_preset=\"default \" min_height=\"503.6px \" custom_margin=\"-33px|auto||auto|| \" custom_padding=\"0px||||| \" global_colors_info=\"{} \" custom_css_main_element_last_edited=\"on|tablet \" custom_css_main_element_tablet=\"display: flex;||flex-direction: column-reverse; \" custom_css_main_element_phone=\"display: flex;||flex-direction: column-reverse; \"][et_pb_column type=\"1_2\u2033 _builder_version=\"4.26.0\u2033 _module_preset=\"default \" custom_css_main_element=\"display: flex!important;||flex-wrap: wrap; \" global_colors_info=\"{}\" custom_css_main_element_last_edited=\"on|phone\" custom_css_main_element_phone=\"display: initial; \" custom_css_main_element_tablet=\"display: initial; \"][et_pb_text _builder_version=\"4.26.0\u2033 _module_preset=\"default \" global_colors_info=\"{}\"]<\/p>\n<h1>Baby-sitting Boulogne-Billancour<\/h1>\n<p>[\/et_pb_text][et_pb_text _builder_version=\"4.26.0\u2033 _module_preset=\"default \" global_colors_info=\"{} \"]<\/p>\n<h2 style=\"font-size: 24px;\">The best babysitting solution in Boulogne-Billancourt with Kidlee<\/h2>\n<p>[\/et_pb_text][et_pb_text _builder_version=\"4.26.0\u2033 _module_preset=\"default \" global_colors_info=\"{} \"]<\/p>\n<p>Looking for a babysitting solution in Boulogne-Billancourt? Kidlee can meet all your needs, and those of your child.<\/p>\n<p>&nbsp;<\/p>\n<p>[\/et_pb_text][et_pb_button button_url=\"https:\/\/app.kidlee.fr\/inscription-famille \" button_text=\"Inscription \" button_alignment_tablet=\"center \" button_alignment_phone=\"center \" button_alignment_last_edited=\"on|phone \" _builder_version=\"4.26.0\u2033 _module_preset=\"2d7d1ebb-8332-4de3-8e16-63333e1a3a96\u2033 button_text_size=\"15px \" custom_margin=\"|5px||5px|false|true \" custom_margin_tablet=\"20px|5px||5px|false|true \" custom_margin_phone=\"||0px||false|true \" custom_margin_last_edited=\"on|tablet \" custom_padding=\"15px|70px|15px|70px|true|true \" custom_padding_tablet=\"||||true|true \" custom_padding_phone=\"|110px||110px|true|true \" custom_padding_last_edited=\"on|phone \" custom_css_main_element=\"width: 100%; \" global_colors_info=\"{} \"][\/et_pb_button][et_pb_button button_url=\"https:\/\/kidlee.fr\/devis-babysitting-gratuit\/\" button_text=\"Je demande un devis \" button_alignment_tablet= \" \" button_alignment_phone= \" \" button_alignment_last_edited=\"on|phone \" _builder_version=\"4.26.0\u2033 _module_preset=\"244c71b8-1bfe-4e4c-8ea1-94d5d84aaa5b \" button_text_size=\"15px \" custom_margin=\"|5px||5px|false|true \" custom_margin_tablet=\"20px|5px||5px|false|true \" custom_margin_phone=\"10px||||false|true \" custom_margin_last_edited=\"on|phone \" custom_padding= \"15px|45px|15px|45px|true|true\" custom_padding_tablet=\"|70px||70px|true|true\" custom_padding_phone=\"|0px||0px|true|true\" custom_padding_last_edited=\"on|phone\" hover_enabled=\"0\u2033 custom_css_main_element=\"width: 100%; \" global_colors_info=\"{} \" button_text_color__hover_enabled=\"on|hover \" sticky_enabled=\"0\u2033][\/et_pb_button][\/et_pb_column][et_pb_column type=\"1_2\u2033 _builder_version=\"4.26.0\u2033 _module_preset=\"default \" global_colors_info=\"{} \"][et_pb_image src= \"https:\/\/kidlee.fr\/wp-content\/uploads\/2024\/10\/atelier-cuisine-baby-sitting.jpg \" title_text=\"atelier-cuisine-baby-sitting \" _builder_version=\"4.26.0\u2033 _module_preset=\"default \" global_colors_info=\"{} \"][\/et_pb_image][\/et_pb_column][\/et_pb_row][et_pb_row _builder_version=\"4.26.0\u2033 _module_preset=\"default \" global_colors_info=\"{} \"][et_pb_column type=\"4_4\u2033 _builder_version=\"4.26.0\u2033 _module_preset=\"default \" global_colors_info=\"{} \"][et_pb_text _builder_version=\"4.26.0\u2033 _module_preset=\"default \" global_colors_info=\"{} \"]<\/p>\n<h2 style=\"text-align: center;\">Babysitting in Boulogne-Billancourt: the benefits of Kidlee babysitting agency<\/h2>\n<p>[\/et_pb_text][et_pb_text _builder_version=\"4.26.0\u2033 _module_preset=\"default \" global_colors_info=\"{} \"]<\/p>\n<p style=\"text-align: center;\">Calling on an agency for <strong style=\"color: #58b998;\">babysitting in Boulogne-Billancourt <\/strong>such as Kidlee enable parents to benefit from <strong style=\"color: #58b998;\">services of a qualified, trustworthy baby-sitter<\/strong>. With Kidlee, you won't have to worry about your children's wellbeing, or about picking them up from school, after-school activities or preparing snacks and meals. Our <strong style=\"color: #58b998;\">nanny in Boulogne-Billancourt<\/strong> takes care of everything and makes your day-to-day life easier.<br \/>\nIf you don't want to find a babysitter in your town yourself, Kidlee can take care of the search for you, offering you three professional profiles, one of which is sure to suit you.<\/p>\n<p style=\"text-align: center;\">Another advantage of Kidlee's babysitting agency is that you can<strong style=\"color: #58b998;\"> you won't have to deal with all the red tape <\/strong> state aid or recruitment procedures. Kidlee relieves you of all this time-consuming and stressful paperwork.<br \/>\nIn addition, our simulation tool allows you to <strong style=\"color: #58b998;\"> manage your budget in just a few clicks<\/strong> . All you need to do is fill in a few details and choose the type of childcare you would like.<br \/>\nWith Kidlee, you can opt for <strong style=\"color: #58b998;\"> playful or bilingual childcare <\/strong> ! It's worth noting that both types of childcare include full supervision of your child from the moment he or she leaves school. Not bad, eh?<br \/>\nMore than just a babysitter, our childcare professional will<strong style=\"color: #58b998;\"> set up a program tailored to your child's cognitive development<\/strong> .<\/p>\n<p>[\/et_pb_text][\/et_pb_column][\/et_pb_row][et_pb_row column_structure=\"1_2,1_2\u2033 _builder_version=\"4.26.0\u2033 _module_preset=\"default \" global_colors_info=\"{} \"][et_pb_column type=\"1_2\u2033 _builder_version=\"4.26.0\u2033 _module_preset=\"default \" global_colors_info=\"{} \"][et_pb_image src= \"https:\/\/kidlee.fr\/wp-content\/uploads\/2024\/10\/sortie-ecole-enfants.jpg \" title_text=\"sortie-ecole-enfants \" _builder_version=\"4.26.0\u2033 _module_preset=\"default \" global_colors_info=\"{} \"][\/et_pb_image][\/et_pb_column][et_pb_column type=\"1_2\u2033 _builder_version=\"4.26.0\u2033 _module_preset=\"default \" background_color=\"#fafafa \" custom_padding=\"50px|15px|50px|15px|true|true \" custom_css_main_element=\"position: relative;||display: flex!important;||flex-wrap: wrap; \" global_colors_info=\"{} \"][et_pb_image src= \"https:\/\/kidlee.fr\/wp-content\/uploads\/2024\/07\/shape-1.png \" title_text=\"shape (1) \" align=\"right \" _builder_version=\"4.26.0\u2033 _module_preset=\"default \" positioning=\"absolute \" position_origin_a=\"top_right \" vertical_offset=\"-17px \" width=\"100% \" custom_margin=\"0px|0px|0px|0px|true|true \" custom_padding=\"0px|0px|0px|0px|true|true \" custom_css_main_element=\"position: absolute; \" global_colors_info=\"{} \"][\/et_pb_image][et_pb_text _builder_version=\"4.26.0\u2033 _module_preset=\"default \" global_colors_info=\"{} \"]<\/p>\n<h2>A nanny in<\/h2>\n<h2>Boulogne-Billancourt bilingual?<\/h2>\n<h2>Yes, it's possible with Kidlee<\/h2>\n<p>[\/et_pb_text][et_pb_text _builder_version=\"4.26.0\u2033 _module_preset=\"default \" global_colors_info=\"{} \"]<\/p>\n<p>Working late? Don't have time to pick up your children after school? If you're looking for <strong style=\"color: #58b998;\">babysitting in Boulogne-Billancourt <\/strong>and near you, contact us. The search for a nanny in Boulogne-Billancourt is often complex, and you'll need a lot of time to make the right choice. You'll need to check out the profiles yourself and agree on the salary and number of hours per month. Our babysitting agency will put you in touch with a professional babysitter in your area. <strong style=\"color: #58b998;\">babysitting in Boulogne-Billancourt <\/strong>in a week without any effort on your part.<br \/>Worried about the identity of our babysitters? Every profile is thoroughly checked (criminal record, language and homework test, previous experience with other families). We do our utmost to guarantee you the very best in terms of <strong style=\"color: #58b998;\">babysitting in Boulogne-Billancourt <\/strong>.<\/p>\n<p>[\/et_pb_text][et_pb_button button_url=\"https:\/\/app.kidlee.fr\/inscription-famille \" button_text=\"Inscription \" button_alignment_tablet= \" \" button_alignment_phone=\"center \" button_alignment_last_edited=\"on|phone \" _builder_version=\"4.26.0\u2033 _module_preset=\"244c71b8-1bfe-4e4c-8ea1-94d5d84aaa5b \" button_text_size=\"15px \" custom_margin=\"|5px||5px|false|true \" custom_margin_tablet=\"20px|5px||5px|false|true \" custom_margin_phone=\"10px|16px||16px|false|true \" custom_margin_last_edited=\"on|phone \" custom_padding=\"15px|55px|15px|55px|true|true \" custom_padding_tablet=\"|70px||70px|true|true \" custom_padding_phone=\"|69px||69px|true|true \" custom_padding_last_edited=\"on|phone \" global_colors_info=\"{} \" button_text_color__hover_enabled=\"on|hover \"][\/et_pb_button][\/et_pb_column][\/et_pb_row][et_pb_row column_structure=\"1_2,1_2\u2033 _builder_version=\"4.26.0\u2033 _module_preset=\"default \" global_colors_info=\"{} \" custom_css_main_element_last_edited=\"on|tablet \" custom_css_main_element_tablet=\"||display: flex;||flex-direction: column-reverse; \" custom_css_main_element_phone=\"||display: flex;||flex-direction: column-reverse; \"][et_pb_column type=\"1_2\u2033 _builder_version=\"4.26.0\u2033 _module_preset=\"default \" background_color=\"#fafafa \" custom_padding=\"50px|30px|50px|30px|true|true \" custom_css_main_element=\"position: relative;||display: flex!important;||flex-wrap: wrap; \" global_colors_info=\"{} \"][et_pb_text _builder_version=\"4.26.0\u2033 _module_preset=\"default \" global_colors_info=\"{} \"]<\/p>\n<h2>Your child's well-being is our priority <\/h2>\n<p>[\/et_pb_text][et_pb_text _builder_version=\"4.26.0\u2033 _module_preset=\"default \" global_colors_info=\"{} \"]The <strong style=\"color: #58b998;\">nanny in Boulogne-Billancourt <\/strong>from Kidlee's training program is a real gem, eager to put herself at your child's service. Your child's well-being and safety come first. Your child will be <strong style=\"color: #58b998;\">in good hands from the moment the nanny arrives in Boulogne-Billancourt<\/strong>. Whether it's managing extracurricular activities, toileting, meals, helping with homework, or even learning a new language that will open a multitude of doors for your child in the future, our<strong style=\"color: #58b998;\"> babysitting in Boulogne-Billancourt <\/strong>focus on your child's well-being and safety.[\/et_pb_text][et_pb_button button_url=\"https:\/\/app.kidlee.fr\/inscription-famille \" button_text=\"Inscription \" button_alignment_tablet= \" \" button_alignment_phone=\"center \" button_alignment_last_edited=\"on|phone \" _builder_version=\"4.26.0\u2033 _module_preset=\"244c71b8-1bfe-4e4c-8ea1-94d5d84aaa5b \" button_text_size=\"15px \" custom_margin=\"|5px||5px|false|true \" custom_margin_tablet=\"20px|5px||5px|false|true \" custom_margin_phone=\"10px|16px||16px|false|true \" custom_margin_last_edited=\"on|phone \" custom_padding=\"15px|55px|15px|55px|true|true \" custom_padding_tablet=\"|70px||70px|true|true \" custom_padding_phone=\"|69px||69px|true|true \" custom_padding_last_edited=\"on|phone \" global_colors_info=\"{} \" button_text_color__hover_enabled=\"on|hover \"][\/et_pb_button][\/et_pb_column][et_pb_column type=\"1_2\u2033 _builder_version=\"4.26.0\u2033 _module_preset=\"default \" global_colors_info=\"{} \"][et_pb_image src= \"https:\/\/kidlee.fr\/wp-content\/uploads\/2024\/10\/enfant-joue.jpg \" title_text=\"enfant-joue\" _builder_version=\"4.26.0\u2033 _module_preset=\"default \" global_colors_info=\"{} \"][\/et_pb_image][\/et_pb_column][\/et_pb_row][et_pb_row _builder_version=\"4.26.0\u2033 _module_preset=\"default \" global_colors_info=\"{} \"][et_pb_column type=\"4_4\u2033 _builder_version=\"4.26.0\u2033 _module_preset=\"default \" global_colors_info=\"{} \"][\/et_pb_column][\/et_pb_row][et_pb_row column_structure=\"1_2,1_2\u2033 _builder_version=\"4.26.0\u2033 _module_preset=\"default \" background_color=\"rgba(77,102,153,0.14) \" min_height=\"586.3px \" custom_margin=\"||||false \" custom_padding=\"50px|40px|50px|40px|true|true \" border_radii=\"on|10px|10px|10px|10px \" global_colors_info=\"{}\"][et_pb_column type=\"1_2\u2033 _builder_version=\"4.26.0\u2033 _module_preset=\"default \" custom_padding=\"||||false|false \" global_colors_info=\"{}\"][et_pb_image src= \"https:\/\/kidlee.fr\/wp-content\/uploads\/2024\/07\/image-7.png \" title_text=\"image 7\u2033 align=\"center \" _builder_version=\"4.26.0\u2033 _module_preset=\"default \" custom_margin=\"16%||16%||true|false \" custom_css_main_element=\"width: 75% !important;\" global_colors_info=\"{} \"][\/et_pb_image][et_pb_image src= \"https:\/\/kidlee.fr\/wp-content\/uploads\/2024\/07\/image-5-2.png \" title_text=\"image 5 (2) \" _builder_version=\"4.26.0\u2033 _module_preset=\"default \" positioning=\"absolute \" width=\"100% \" custom_css_main_element=\"width: 50% !important; \" global_colors_info=\"{} \"][\/et_pb_image][et_pb_image src=\"https:\/\/kidlee.fr\/wp-content\/uploads\/2024\/07\/image-6.png \" title_text=\"image 6\u2033 align=\"right \" _builder_version=\"4.26.0\u2033 _module_preset=\"default \" positioning=\"absolute \" position_origin_a=\"bottom_right \" width=\"100% \" custom_css_main_element=\"width: 50% !important; \" global_colors_info=\"{} \"][\/et_pb_image][\/et_pb_column][et_pb_column type=\"1_2\u2033 _builder_version=\"4.26.0\u2033 _module_preset=\"default \" global_colors_info=\"{} \"][et_pb_text _builder_version=\"4.26.0\u2033 _module_preset=\"default \" global_colors_info=\"{} \"]<\/p>\n<h2>Fun and stimulating environment for your child<\/h2>\n<p>[\/et_pb_text][et_pb_text _builder_version=\"4.26.0\u2033 _module_preset=\"default \" global_colors_info=\"{} \"]Fully supervised by our team, our baby-sitters offer your child the best of both worlds<strong style=\"color: #58b998;\"> playful environment based on coordinated activities <\/strong>with the ultimate goal of helping your child to move forward with confidence.<br \/>\nWhether it's playful or bilingual childcare, you can be sure that our nanny will bring a thirst for learning with fun and stimulating learning sessions.[\/et_pb_text][et_pb_button button_url=\"https:\/\/app.kidlee.fr\/inscription-famille \" button_text=\"Inscription \" button_alignment_tablet=\" \" button_alignment_phone=\"center \" button_alignment_last_edited=\"on|phone \" _builder_version=\"4.26.0\u2033 _module_preset=\"2d7d1ebb-8332-4de3-8e16-63333e1a3a96\u2033 button_text_size=\"15px \" custom_margin=\"|5px||5px|false|true \" custom_margin_tablet=\"20px|5px||5px|false|true \" custom_margin_phone=\"||0px||false|true \" custom_margin_last_edited=\"on|tablet \" custom_padding=\"15px|70px|15px|70px|true|true \" custom_padding_tablet=\"|70px||70px|true|true \" custom_padding_phone=\"|65px||65px|true|true \" custom_padding_last_edited=\"on|phone \" global_colors_info=\"{} \"][\/et_pb_button][\/et_pb_column][\/et_pb_row][et_pb_row _builder_version=\"4.26.0\u2033 _module_preset=\"default \" global_colors_info=\"{} \"][et_pb_column type=\"4_4\u2033 _builder_version=\"4.26.0\u2033 _module_preset=\"default \" global_colors_info=\"{} \"][\/et_pb_column][\/et_pb_row][\/et_pb_section]<\/p>\n<\/div>","protected":false},"excerpt":{"rendered":"<p>Babysitting Boulogne-BillancourtThe best babysitting solution in Boulogne-Billancourt with KidleeAre you looking for a babysitting solution in Boulogne-Billancourt? Kidlee meets all your needs and those of your child.  Babysitting in Boulogne-Billancourt: the benefits of Kidlee's babysitting agencyHiring a babysitting agency in Boulogne-Billancourt, such as Kidlee, is a great way to [...].<\/p>","protected":false},"author":23,"featured_media":0,"parent":0,"menu_order":0,"comment_status":"closed","ping_status":"closed","template":"","meta":{"_et_pb_use_builder":"on","_et_pb_old_content":"","_et_gb_content_width":"","_lmt_disableupdate":"no","_lmt_disable":"","footnotes":""},"yoast_head":"<!-- This site is optimized with the Yoast SEO plugin v23.3 - https:\/\/yoast.com\/wordpress\/plugins\/seo\/ -->\n<title>Baby-sitting Boulogne-Billancourt : la solution flexible avec Kidlee<\/title>\n<meta name=\"description\" content=\"En panne d&#039;une solution de baby-sitting \u00e0 Boulogne-Billancourt ? Kidlee r\u00e9pond \u00e0 tous vos besoins ainsi qu&#039;\u00e0 ceux de votre enfant.\" \/>\n<meta name=\"robots\" content=\"index, follow, max-snippet:-1, max-image-preview:large, max-video-preview:-1\" \/>\n<link rel=\"canonical\" href=\"https:\/\/kidlee.fr\/en\/baby-sitting-boulogne-billancourt-la-solution-flexible-avec-kidlee\/\" \/>\n<meta property=\"og:locale\" content=\"en_US\" \/>\n<meta property=\"og:type\" content=\"article\" \/>\n<meta property=\"og:title\" content=\"Baby-sitting Boulogne-Billancourt : la solution flexible avec Kidlee\" \/>\n<meta property=\"og:description\" content=\"En panne d&#039;une solution de baby-sitting \u00e0 Boulogne-Billancourt ? Kidlee r\u00e9pond \u00e0 tous vos besoins ainsi qu&#039;\u00e0 ceux de votre enfant.\" \/>\n<meta property=\"og:url\" content=\"https:\/\/kidlee.fr\/en\/baby-sitting-boulogne-billancourt-la-solution-flexible-avec-kidlee\/\" \/>\n<meta property=\"og:site_name\" content=\"Kidlee | Garde d&#039;enfants de plus de 3 ans en \u00cele-de-France\" \/>\n<meta property=\"article:publisher\" content=\"https:\/\/www.facebook.com\/kidleeFR\" \/>\n<meta property=\"article:modified_time\" content=\"2024-11-03T21:21:20+00:00\" \/>\n<meta property=\"og:image\" content=\"https:\/\/kidlee.fr\/wp-content\/uploads\/2024\/08\/images-1.jpg\" \/>\n\t<meta property=\"og:image:width\" content=\"1200\" \/>\n\t<meta property=\"og:image:height\" content=\"675\" \/>\n\t<meta property=\"og:image:type\" content=\"image\/jpeg\" \/>\n<meta name=\"twitter:card\" content=\"summary_large_image\" \/>\n<meta name=\"twitter:site\" content=\"@Kidlee_fr\" \/>\n<meta name=\"twitter:label1\" content=\"Est. reading time\" \/>\n\t<meta name=\"twitter:data1\" content=\"4 minutes\" \/>\n<script type=\"application\/ld+json\" class=\"yoast-schema-graph\">{\"@context\":\"https:\/\/schema.org\",\"@graph\":[{\"@type\":\"WebPage\",\"@id\":\"https:\/\/kidlee.fr\/baby-sitting-boulogne-billancourt-la-solution-flexible-avec-kidlee\/\",\"url\":\"https:\/\/kidlee.fr\/baby-sitting-boulogne-billancourt-la-solution-flexible-avec-kidlee\/\",\"name\":\"Baby-sitting Boulogne-Billancourt : la solution flexible avec Kidlee\",\"isPartOf\":{\"@id\":\"https:\/\/kidlee.fr\/#website\"},\"datePublished\":\"2024-10-15T07:31:41+00:00\",\"dateModified\":\"2024-11-03T21:21:20+00:00\",\"description\":\"En panne d'une solution de baby-sitting \u00e0 Boulogne-Billancourt ? Kidlee r\u00e9pond \u00e0 tous vos besoins ainsi qu'\u00e0 ceux de votre enfant.\",\"breadcrumb\":{\"@id\":\"https:\/\/kidlee.fr\/baby-sitting-boulogne-billancourt-la-solution-flexible-avec-kidlee\/#breadcrumb\"},\"inLanguage\":\"en-US\",\"potentialAction\":[{\"@type\":\"ReadAction\",\"target\":[\"https:\/\/kidlee.fr\/baby-sitting-boulogne-billancourt-la-solution-flexible-avec-kidlee\/\"]}]},{\"@type\":\"BreadcrumbList\",\"@id\":\"https:\/\/kidlee.fr\/baby-sitting-boulogne-billancourt-la-solution-flexible-avec-kidlee\/#breadcrumb\",\"itemListElement\":[{\"@type\":\"ListItem\",\"position\":1,\"name\":\"Accueil\",\"item\":\"https:\/\/kidlee.fr\/\"},{\"@type\":\"ListItem\",\"position\":2,\"name\":\"Boulogne-Billancourt\"}]},{\"@type\":\"WebSite\",\"@id\":\"https:\/\/kidlee.fr\/#website\",\"url\":\"https:\/\/kidlee.fr\/\",\"name\":\"Kidlee | Garde d&#039;enfants de plus de 3 ans en \u00cele-de-France\",\"description\":\"Le baby-sitting intelligent qui fait progresser les enfants !\",\"publisher\":{\"@id\":\"https:\/\/kidlee.fr\/#organization\"},\"potentialAction\":[{\"@type\":\"SearchAction\",\"target\":{\"@type\":\"EntryPoint\",\"urlTemplate\":\"https:\/\/kidlee.fr\/?s={search_term_string}\"},\"query-input\":\"required name=search_term_string\"}],\"inLanguage\":\"en-US\"},{\"@type\":\"Organization\",\"@id\":\"https:\/\/kidlee.fr\/#organization\",\"name\":\"Kidlee, SAS.\",\"url\":\"https:\/\/kidlee.fr\/\",\"logo\":{\"@type\":\"ImageObject\",\"inLanguage\":\"en-US\",\"@id\":\"https:\/\/kidlee.fr\/#\/schema\/logo\/image\/\",\"url\":\"https:\/\/kidlee.fr\/wp-content\/uploads\/2020\/06\/Kidlee_logo_2020.svg\",\"contentUrl\":\"https:\/\/kidlee.fr\/wp-content\/uploads\/2020\/06\/Kidlee_logo_2020.svg\",\"width\":300,\"height\":79,\"caption\":\"Kidlee, SAS.\"},\"image\":{\"@id\":\"https:\/\/kidlee.fr\/#\/schema\/logo\/image\/\"},\"sameAs\":[\"https:\/\/www.facebook.com\/kidleeFR\",\"https:\/\/x.com\/Kidlee_fr\",\"https:\/\/www.instagram.com\/kidlee_fr\/\",\"https:\/\/www.linkedin.com\/company\/kidlee-fr\",\"https:\/\/www.youtube.com\/channel\/UCt4hFqrRHEHOMghdOLmyzjg\"]}]}<\/script>\n<!-- \/ Yoast SEO plugin. -->","yoast_head_json":{"title":"Baby-sitting Boulogne-Billancourt : la solution flexible avec Kidlee","description":"En panne d'une solution de baby-sitting \u00e0 Boulogne-Billancourt ? Kidlee r\u00e9pond \u00e0 tous vos besoins ainsi qu'\u00e0 ceux de votre enfant.","robots":{"index":"index","follow":"follow","max-snippet":"max-snippet:-1","max-image-preview":"max-image-preview:large","max-video-preview":"max-video-preview:-1"},"canonical":"https:\/\/kidlee.fr\/en\/baby-sitting-boulogne-billancourt-la-solution-flexible-avec-kidlee\/","og_locale":"en_US","og_type":"article","og_title":"Baby-sitting Boulogne-Billancourt : la solution flexible avec Kidlee","og_description":"En panne d'une solution de baby-sitting \u00e0 Boulogne-Billancourt ? Kidlee r\u00e9pond \u00e0 tous vos besoins ainsi qu'\u00e0 ceux de votre enfant.","og_url":"https:\/\/kidlee.fr\/en\/baby-sitting-boulogne-billancourt-la-solution-flexible-avec-kidlee\/","og_site_name":"Kidlee | Garde d&#039;enfants de plus de 3 ans en \u00cele-de-France","article_publisher":"https:\/\/www.facebook.com\/kidleeFR","article_modified_time":"2024-11-03T21:21:20+00:00","og_image":[{"width":1200,"height":675,"url":"https:\/\/kidlee.fr\/wp-content\/uploads\/2024\/08\/images-1.jpg","type":"image\/jpeg"}],"twitter_card":"summary_large_image","twitter_site":"@Kidlee_fr","twitter_misc":{"Est. reading time":"4 minutes"},"schema":{"@context":"https:\/\/schema.org","@graph":[{"@type":"WebPage","@id":"https:\/\/kidlee.fr\/baby-sitting-boulogne-billancourt-la-solution-flexible-avec-kidlee\/","url":"https:\/\/kidlee.fr\/baby-sitting-boulogne-billancourt-la-solution-flexible-avec-kidlee\/","name":"Baby-sitting Boulogne-Billancourt : la solution flexible avec Kidlee","isPartOf":{"@id":"https:\/\/kidlee.fr\/#website"},"datePublished":"2024-10-15T07:31:41+00:00","dateModified":"2024-11-03T21:21:20+00:00","description":"En panne d'une solution de baby-sitting \u00e0 Boulogne-Billancourt ? Kidlee r\u00e9pond \u00e0 tous vos besoins ainsi qu'\u00e0 ceux de votre enfant.","breadcrumb":{"@id":"https:\/\/kidlee.fr\/baby-sitting-boulogne-billancourt-la-solution-flexible-avec-kidlee\/#breadcrumb"},"inLanguage":"en-US","potentialAction":[{"@type":"ReadAction","target":["https:\/\/kidlee.fr\/baby-sitting-boulogne-billancourt-la-solution-flexible-avec-kidlee\/"]}]},{"@type":"BreadcrumbList","@id":"https:\/\/kidlee.fr\/baby-sitting-boulogne-billancourt-la-solution-flexible-avec-kidlee\/#breadcrumb","itemListElement":[{"@type":"ListItem","position":1,"name":"Accueil","item":"https:\/\/kidlee.fr\/"},{"@type":"ListItem","position":2,"name":"Boulogne-Billancourt"}]},{"@type":"WebSite","@id":"https:\/\/kidlee.fr\/#website","url":"https:\/\/kidlee.fr\/","name":"Kidlee | Garde d&#039;enfants de plus de 3 ans en \u00cele-de-France","description":"Le baby-sitting intelligent qui fait progresser les enfants !","publisher":{"@id":"https:\/\/kidlee.fr\/#organization"},"potentialAction":[{"@type":"SearchAction","target":{"@type":"EntryPoint","urlTemplate":"https:\/\/kidlee.fr\/?s={search_term_string}"},"query-input":"required name=search_term_string"}],"inLanguage":"en-US"},{"@type":"Organization","@id":"https:\/\/kidlee.fr\/#organization","name":"Kidlee, SAS.","url":"https:\/\/kidlee.fr\/","logo":{"@type":"ImageObject","inLanguage":"en-US","@id":"https:\/\/kidlee.fr\/#\/schema\/logo\/image\/","url":"https:\/\/kidlee.fr\/wp-content\/uploads\/2020\/06\/Kidlee_logo_2020.svg","contentUrl":"https:\/\/kidlee.fr\/wp-content\/uploads\/2020\/06\/Kidlee_logo_2020.svg","width":300,"height":79,"caption":"Kidlee, SAS."},"image":{"@id":"https:\/\/kidlee.fr\/#\/schema\/logo\/image\/"},"sameAs":["https:\/\/www.facebook.com\/kidleeFR","https:\/\/x.com\/Kidlee_fr","https:\/\/www.instagram.com\/kidlee_fr\/","https:\/\/www.linkedin.com\/company\/kidlee-fr","https:\/\/www.youtube.com\/channel\/UCt4hFqrRHEHOMghdOLmyzjg"]}]}},"_links":{"self":[{"href":"https:\/\/kidlee.fr\/en\/wp-json\/wp\/v2\/pages\/244520"}],"collection":[{"href":"https:\/\/kidlee.fr\/en\/wp-json\/wp\/v2\/pages"}],"about":[{"href":"https:\/\/kidlee.fr\/en\/wp-json\/wp\/v2\/types\/page"}],"author":[{"embeddable":true,"href":"https:\/\/kidlee.fr\/en\/wp-json\/wp\/v2\/users\/23"}],"replies":[{"embeddable":true,"href":"https:\/\/kidlee.fr\/en\/wp-json\/wp\/v2\/comments?post=244520"}],"version-history":[{"count":0,"href":"https:\/\/kidlee.fr\/en\/wp-json\/wp\/v2\/pages\/244520\/revisions"}],"wp:attachment":[{"href":"https:\/\/kidlee.fr\/en\/wp-json\/wp\/v2\/media?parent=244520"}],"curies":[{"name":"wp","href":"https:\/\/api.w.org\/{rel}","templated":true}]}}