{"id":244467,"date":"2024-09-12T18:33:24","date_gmt":"2024-09-12T16:33:24","guid":{"rendered":"https:\/\/kidlee.fr\/?page_id=244467"},"modified":"2024-11-03T22:20:26","modified_gmt":"2024-11-03T21:20:26","slug":"baby-sitter-antony-kidlee-propose-des-tarifs-plus-que-competitifs","status":"publish","type":"page","link":"https:\/\/kidlee.fr\/en\/baby-sitter-antony-kidlee-propose-des-tarifs-plus-que-competitifs\/","title":{"rendered":"Baby-sitter Antony"},"content":{"rendered":"<div id=\"bsf_rt_marker\"><p>[et_pb_section fb_built=\"1\u2033 _builder_version=\"4.26.0\u2033 _module_preset=\"default \" da_disable_devices=\"off|off|off \" global_colors_info=\"{} \" da_is_popup=\"off \" da_exit_intent=\"off \" da_has_close=\"on \" da_alt_close=\"off \" da_dark_close=\"off \" da_not_modal=\"on \" da_is_singular=\"off \" da_with_loader=\"off \" da_has_shadow=\"on \"][et_pb_row column_structure=\"1_2,1_2\u2033 module_class=\"reverse \" _builder_version=\"4.26.0\u2033 _module_preset=\"default \" min_height=\"503.6px \" custom_margin=\"-33px|auto||auto|| \" custom_padding=\"0px||||| \" global_colors_info=\"{} \" custom_css_main_element_last_edited=\"on|tablet \" custom_css_main_element_tablet=\"display: flex;||flex-direction: column-reverse; \" custom_css_main_element_phone=\"display: flex;||flex-direction: column-reverse; \"][et_pb_column type=\"1_2\u2033 _builder_version=\"4.26.0\u2033 _module_preset=\"default \" custom_css_main_element=\"display: flex!important;||flex-wrap: wrap; \" global_colors_info=\"{}\" custom_css_main_element_last_edited=\"on|phone\" custom_css_main_element_phone=\"display: initial; \" custom_css_main_element_tablet=\"display: initial; \"][et_pb_text _builder_version=\"4.26.0\u2033 _module_preset=\"default \" global_colors_info=\"{}\"]<\/p>\n<h1>A reliable and qualified babysitter in Antony? It's Kidlee <\/h1>\n<p>[\/et_pb_text][et_pb_text _builder_version=\"4.26.0\u2033 _module_preset=\"default \" global_colors_info=\"{} \"]<\/p>\n<h2 style=\"font-size: 24px;\">Don't look any further for a babysitter in Antony, Kidlee offers you the best childcare professionals at competitive prices.<\/h2>\n<p>[\/et_pb_text][et_pb_text _builder_version=\"4.26.0\u2033 _module_preset=\"default \" global_colors_info=\"{} \"]The <strong style=\"color: #58b998;\">babysitter in Antony <\/strong>Kidlee takes care of one or more children in your home. While this rare gem will relieve you of many of the tasks you're responsible for as a parent, it could also have a beneficial effect on your offspring's never-ending quest for knowledge and learning.<strong style=\"color: #58b998;\">learning<\/strong>.[\/et_pb_text][et_pb_button button_url=\"https:\/\/app.kidlee.fr\/inscription-famille \" button_text=\"Inscription \" button_alignment_tablet=\"center \" button_alignment_phone=\"center \" button_alignment_last_edited=\"on|phone \" _builder_version=\"4.26.0\u2033 _module_preset=\"2d7d1ebb-8332-4de3-8e16-63333e1a3a96\u2033 button_text_size=\"15px \" custom_margin=\"|5px||5px|false|true \" custom_margin_tablet=\"20px|5px||5px|false|true \" custom_margin_phone=\"||0px||false|true \" custom_margin_last_edited=\"on|tablet \" custom_padding=\"15px|70px|15px|70px|true|true \" custom_padding_tablet=\"||||true|true \" custom_padding_phone=\"|110px||110px|true|true \" custom_padding_last_edited=\"on|phone \" custom_css_main_element=\"width: 100%; \" global_colors_info=\"{} \"][\/et_pb_button][et_pb_button button_url=\"https:\/\/kidlee.fr\/devis-babysitting-gratuit\/\" button_text=\"Je demande un devis \" button_alignment_tablet= \" \" button_alignment_phone= \" \" button_alignment_last_edited=\"on|phone \" _builder_version=\"4.26.0\u2033 _module_preset=\"244c71b8-1bfe-4e4c-8ea1-94d5d84aaa5b \" button_text_size=\"15px \" custom_margin=\"|5px||5px|false|true \" custom_margin_tablet=\"20px|5px||5px|false|true \" custom_margin_phone=\"10px||||false|true \" custom_margin_last_edited=\"on|phone \" custom_padding= \"15px|45px|15px|45px|true|true\" custom_padding_tablet=\"|70px||70px|true|true\" custom_padding_phone=\"|0px||0px|true|true\" custom_padding_last_edited=\"on|phone\" hover_enabled=\"0\u2033 custom_css_main_element=\"width: 100%; \" global_colors_info=\"{} \" button_text_color__hover_enabled=\"on|hover \" sticky_enabled=\"0\u2033][\/et_pb_button][\/et_pb_column][et_pb_column type=\"1_2\u2033 _builder_version=\"4.26.0\u2033 _module_preset=\"default \" global_colors_info=\"{} \"][et_pb_image src= \"https:\/\/kidlee.fr\/wp-content\/uploads\/2024\/09\/enfant-adulte-cabane-bois.jpg \" title_text=\"enfant-adulte-cabane-bois\" _builder_version=\"4.26.0\u2033 _module_preset=\"default \" border_radii=\"on|10px|10px|10px|10px \" global_colors_info=\"{} \"][\/et_pb_image][\/et_pb_column][\/et_pb_row][et_pb_row _builder_version=\"4.26.0\u2033 _module_preset=\"default \" global_colors_info=\"{} \"][et_pb_column type=\"4_4\u2033 _builder_version=\"4.26.0\u2033 _module_preset=\"default \" global_colors_info=\"{} \"][et_pb_text _builder_version=\"4.26.0\u2033 _module_preset=\"default \" global_colors_info=\"{} \"]<\/p>\n<p style=\"text-align: center;\">With Kidlee's intelligent childcare or smart sitting services, your child will be supported from A to Z in his or her cognitive development, based on playful, sensory learning.<\/p>\n<p style=\"text-align: center;\">In addition to respecting your child's well-being and safety, Kidlee offers you the following services <strong style=\"color: #58b998;\">babysitting in Antony <\/strong>at attractive rates.<\/p>\n<p>[\/et_pb_text][\/et_pb_column][\/et_pb_row][et_pb_row column_structure=\"1_2,1_2\u2033 _builder_version=\"4.26.0\u2033 _module_preset=\"default \" global_colors_info=\"{} \"][et_pb_column type=\"1_2\u2033 _builder_version=\"4.26.0\u2033 _module_preset=\"default \" global_colors_info=\"{} \"][et_pb_image src= \"https:\/\/kidlee.fr\/wp-content\/uploads\/2024\/09\/enfant-livre-1.jpg \" title_text=\"enfant-livre\" _builder_version=\"4.26.0\u2033 _module_preset=\"default \" border_radii=\"on|10px|10px|10px|10px \" global_colors_info=\"{} \"][\/et_pb_image][\/et_pb_column][et_pb_column type=\"1_2\u2033 _builder_version=\"4.26.0\u2033 _module_preset=\"default \" background_color=\"#fafafa \" custom_padding=\"50px|15px|50px|15px|true|true \" custom_css_main_element=\"position: relative;||display: flex!important;||flex-wrap: wrap; \" global_colors_info=\"{} \"][et_pb_text _builder_version=\"4.26.0\u2033 _module_preset=\"default \" global_colors_info=\"{} \"]<\/p>\n<h2>A fair price for a<\/h2>\n<h2>quality service :<\/h2>\n<h2>who can beat that?<\/h2>\n<p>[\/et_pb_text][et_pb_image src= \"https:\/\/kidlee.fr\/wp-content\/uploads\/2024\/07\/shape-1.png \" title_text=\"shape (1) \" align=\"right \" _builder_version=\"4.26.0\u2033 _module_preset=\"default \" positioning=\"absolute \" position_origin_a=\"top_right \" vertical_offset=\"-17px \" width=\"100% \" custom_margin=\"0px|0px|0px|0px|true|true \" custom_padding=\"0px|0px|0px|0px|true|true \" custom_css_main_element=\"position: absolute; \" global_colors_info=\"{} \"][\/et_pb_image][et_pb_text _builder_version=\"4.26.0\u2033 _module_preset=\"default \" global_colors_info=\"{} \"]Are you looking for a <strong style=\"color: #58b998;\">nanny in Antony <\/strong>or a babysitter in the area? Kidlee offers you the opportunity to entrust your children to a professional childcare provider who will accompany them as soon as they leave school to take them to their extracurricular activities, to the park, or directly to their place of residence, at a very reasonable cost.<strong style=\"color: #58b998;\"> transparent rates where you only pay for the hours actually worked<\/strong>.<br \/>\nWith Kidlee, you can benefit from the expert, qualified services of a<strong style=\"color: #58b998;\"> baby-sitter in Antony from \u20ac3 per hour <\/strong>after financial aid from Caf and tax credit. This fair rate will enable you to balance your professional and personal life without stress[\/et_pb_text][et_pb_button button_url=\"https:\/\/app.kidlee.fr\/inscription-famille \" button_text=\"Inscription \" button_alignment_tablet= \" \" button_alignment_phone=\"center \" button_alignment_last_edited=\"on|phone \" _builder_version=\"4.26.0\u2033 _module_preset=\"244c71b8-1bfe-4e4c-8ea1-94d5d84aaa5b \" button_text_size=\"15px \" custom_margin=\"|5px||5px|false|true \" custom_margin_tablet=\"20px|5px||5px|false|true \" custom_margin_phone=\"10px|16px||16px|false|true \" custom_margin_last_edited=\"on|phone \" custom_padding=\"15px|55px|15px|55px|true|true \" custom_padding_tablet=\"|70px||70px|true|true \" custom_padding_phone=\"|69px||69px|true|true \" custom_padding_last_edited=\"on|phone \" global_colors_info=\"{} \" button_text_color__hover_enabled=\"on|hover \"][\/et_pb_button][\/et_pb_column][\/et_pb_row][et_pb_row column_structure=\"1_2,1_2\u2033 _builder_version=\"4.26.0\u2033 _module_preset=\"default \" global_colors_info=\"{} \" custom_css_main_element_last_edited=\"on|tablet \" custom_css_main_element_tablet=\"||display: flex;||flex-direction: column-reverse; \" custom_css_main_element_phone=\"||display: flex;||flex-direction: column-reverse; \"][et_pb_column type=\"1_2\u2033 _builder_version=\"4.26.0\u2033 _module_preset=\"default \" background_color=\"#fafafa \" custom_padding=\"50px|30px|50px|30px|true|true \" custom_css_main_element=\"position: relative;||display: flex!important;||flex-wrap: wrap; \" global_colors_info=\"{} \"][et_pb_text _builder_version=\"4.26.0\u2033 _module_preset=\"default \" global_colors_info=\"{} \"]<\/p>\n<h2>A simulation tool that allows you to find your babysitter in Antony in just a few minutes <\/h2>\n<p>[\/et_pb_text][et_pb_text _builder_version=\"4.26.0\u2033 _module_preset=\"default \" global_colors_info=\"{}\"]To help you manage your budget with ease, we've set up a <strong style=\"color: #58b998;\">free simulation tool 100 %<\/strong> which will give you a fixed monthly price based on the type of care you choose, any additional assignments your<strong style=\"color: #58b998;\"> nanny in Antony<\/strong> as well as the number of hours of childcare per month.<br \/>\nThis tool is a real nugget that will be of great help to you. Remember to use it[\/et_pb_text][et_pb_button button_url=\"https:\/\/app.kidlee.fr\/inscription-famille \" button_text=\"Inscription \" button_alignment_tablet= \" \" button_alignment_phone=\"center \" button_alignment_last_edited=\"on|phone \" _builder_version=\"4.26.0\u2033 _module_preset=\"244c71b8-1bfe-4e4c-8ea1-94d5d84aaa5b \" button_text_size=\"15px \" custom_margin=\"|5px||5px|false|true \" custom_margin_tablet=\"20px|5px||5px|false|true \" custom_margin_phone=\"10px|16px||16px|false|true \" custom_margin_last_edited=\"on|phone \" custom_padding=\"15px|55px|15px|55px|true|true \" custom_padding_tablet=\"|70px||70px|true|true \" custom_padding_phone=\"|69px||69px|true|true \" custom_padding_last_edited=\"on|phone \" global_colors_info=\"{} \" button_text_color__hover_enabled=\"on|hover \"][\/et_pb_button][\/et_pb_column][et_pb_column type=\"1_2\u2033 _builder_version=\"4.26.0\u2033 _module_preset=\"default \" global_colors_info=\"{} \"][et_pb_image src= \"https:\/\/kidlee.fr\/wp-content\/uploads\/2024\/09\/Baby-sitter-jouant-avec-un-enfant.jpg \" title_text=\"Baby-sitter-playing-with-a-child\" _builder_version=\"4.26.0\u2033 _module_preset=\"default \" border_radii=\"on|10px|10px|10px|10px \" global_colors_info=\"{} \"][\/et_pb_image][\/et_pb_column][\/et_pb_row][et_pb_row _builder_version=\"4.26.0\u2033 _module_preset=\"default \" global_colors_info=\"{} \"][et_pb_column type=\"4_4\u2033 _builder_version=\"4.26.0\u2033 _module_preset=\"default \" global_colors_info=\"{} \"][\/et_pb_column][\/et_pb_row][et_pb_row column_structure=\"1_2,1_2\u2033 _builder_version=\"4.26.0\u2033 _module_preset=\"default \" background_color=\"rgba(77,102,153,0.14) \" min_height=\"586.3px \" custom_margin=\"||||false \" custom_padding=\"50px|40px|50px|40px|true|true \" border_radii=\"on|10px|10px|10px|10px \" global_colors_info=\"{}\"][et_pb_column type=\"1_2\u2033 _builder_version=\"4.26.0\u2033 _module_preset=\"default \" custom_padding=\"||||false|false \" global_colors_info=\"{}\"][et_pb_image src= \"https:\/\/kidlee.fr\/wp-content\/uploads\/2024\/07\/image-7.png \" title_text=\"image 7\u2033 align=\"center \" _builder_version=\"4.26.0\u2033 _module_preset=\"default \" custom_margin=\"16%||16%||true|false \" custom_css_main_element=\"width: 75% !important; \" global_colors_info=\"{} \"][\/et_pb_image][et_pb_image src= \"https:\/\/kidlee.fr\/wp-content\/uploads\/2024\/07\/image-5-2.png \" title_text=\"image 5 (2) \" _builder_version=\"4.26.0\u2033 _module_preset=\"default \" positioning=\"absolute \" width=\"100% \" custom_css_main_element=\"width: 50% !important; \" global_colors_info=\"{} \"][\/et_pb_image][et_pb_image src=\"https:\/\/kidlee.fr\/wp-content\/uploads\/2024\/07\/image-6.png \" title_text=\"image 6\u2033 align=\"right \" _builder_version=\"4.26.0\u2033 _module_preset=\"default \" positioning=\"absolute \" position_origin_a=\"bottom_right \" width=\"100% \" custom_css_main_element=\"width: 50% !important; \" global_colors_info=\"{} \"][\/et_pb_image][\/et_pb_column][et_pb_column type=\"1_2\u2033 _builder_version=\"4.26.0\u2033 _module_preset=\"default \" global_colors_info=\"{} \"][et_pb_text _builder_version=\"4.26.0\u2033 _module_preset=\"default \" global_colors_info=\"{} \"]<\/p>\n<h2>Your homework and bilingual babysitter in Antony recruited according to a rigorous process <\/h2>\n<p>[\/et_pb_text][et_pb_text _builder_version=\"4.26.0\u2033 _module_preset=\"default \" global_colors_info=\"{}\"]We strive to offer you the very best<strong style=\"color: #58b998;\"> babysitter in Antony<\/strong>. That's why our recruitment process is meticulously designed to meet your requirements.<br \/>\nWith a background in higher education, your future <strong style=\"color: #58b998;\">nanny in Antony <\/strong>is tested for homework help. This means she can help your child according to his or her school curriculum. What's more, your <strong style=\"color: #58b998;\">babysitter in Antony<\/strong> for bilingual care takes a language test to prove his or her understanding of the language. Your child is in the hands of professionals who <strong style=\"color: #58b998;\">the profile is thoroughly checked <\/strong>(identity, clean criminal record and any letters of recommendation from other families).<\/p>\n<p>&nbsp;[\/et_pb_text][et_pb_button button_url=\"https:\/\/app.kidlee.fr\/inscription-famille \" button_text=\"Inscription \" button_alignment_tablet= \" \" button_alignment_phone=\"center \" button_alignment_last_edited=\"on|phone \" _builder_version=\"4.26.0\u2033 _module_preset=\"2d7d1ebb-8332-4de3-8e16-63333e1a3a96\u2033 button_text_size=\"15px \" custom_margin=\"|5px||5px|false|true \" custom_margin_tablet=\"20px|5px||5px|false|true \" custom_margin_phone=\"||0px||false|true \" custom_margin_last_edited=\"on|tablet \" custom_padding=\"15px|70px|15px|70px|true|true \" custom_padding_tablet=\"|70px||70px|true|true \" custom_padding_phone=\"|65px||65px|true|true \" custom_padding_last_edited=\"on|phone \" global_colors_info=\"{} \"][\/et_pb_button][\/et_pb_column][\/et_pb_row][et_pb_row _builder_version=\"4.26.0\u2033 _module_preset=\"default \" global_colors_info=\"{} \"][et_pb_column type=\"4_4\u2033 _builder_version=\"4.26.0\u2033 _module_preset=\"default \" global_colors_info=\"{} \"][\/et_pb_column][\/et_pb_row][\/et_pb_section]<\/p>\n<\/div>","protected":false},"excerpt":{"rendered":"<p>A reliable and qualified babysitter in Antony? It's with Kidlee Don't look any further for a baby-sitter in Antony, Kidlee offers you the best childcare professionals at a competitive priceBaby-sitter in Antony Kidlee takes care of one or more children in your home. Although this rare pearl will [...]<\/p>","protected":false},"author":23,"featured_media":0,"parent":0,"menu_order":0,"comment_status":"closed","ping_status":"closed","template":"","meta":{"_et_pb_use_builder":"on","_et_pb_old_content":"","_et_gb_content_width":"","_lmt_disableupdate":"no","_lmt_disable":"","footnotes":""},"yoast_head":"<!-- This site is optimized with the Yoast SEO plugin v23.3 - https:\/\/yoast.com\/wordpress\/plugins\/seo\/ -->\n<title>Baby-sitter Antony : Kidlee propose des tarifs plus que comp\u00e9titifs<\/title>\n<meta name=\"description\" content=\"Contactez Kidlee pour trouver la meilleure baby-sitter \u00e0 Antony \u00e0 un tarif maitris\u00e9 et sans tracas administratifs.\" \/>\n<meta name=\"robots\" content=\"index, follow, max-snippet:-1, max-image-preview:large, max-video-preview:-1\" \/>\n<link rel=\"canonical\" href=\"https:\/\/kidlee.fr\/en\/baby-sitter-antony-kidlee-propose-des-tarifs-plus-que-competitifs\/\" \/>\n<meta property=\"og:locale\" content=\"en_US\" \/>\n<meta property=\"og:type\" content=\"article\" \/>\n<meta property=\"og:title\" content=\"Baby-sitter Antony : Kidlee propose des tarifs plus que comp\u00e9titifs\" \/>\n<meta property=\"og:description\" content=\"Contactez Kidlee pour trouver la meilleure baby-sitter \u00e0 Antony \u00e0 un tarif maitris\u00e9 et sans tracas administratifs.\" \/>\n<meta property=\"og:url\" content=\"https:\/\/kidlee.fr\/en\/baby-sitter-antony-kidlee-propose-des-tarifs-plus-que-competitifs\/\" \/>\n<meta property=\"og:site_name\" content=\"Kidlee | Garde d&#039;enfants de plus de 3 ans en \u00cele-de-France\" \/>\n<meta property=\"article:publisher\" content=\"https:\/\/www.facebook.com\/kidleeFR\" \/>\n<meta property=\"article:modified_time\" content=\"2024-11-03T21:20:26+00:00\" \/>\n<meta property=\"og:image\" content=\"https:\/\/kidlee.fr\/wp-content\/uploads\/2024\/08\/images-1.jpg\" \/>\n\t<meta property=\"og:image:width\" content=\"1200\" \/>\n\t<meta property=\"og:image:height\" content=\"675\" \/>\n\t<meta property=\"og:image:type\" content=\"image\/jpeg\" \/>\n<meta name=\"twitter:card\" content=\"summary_large_image\" \/>\n<meta name=\"twitter:site\" content=\"@Kidlee_fr\" \/>\n<meta name=\"twitter:label1\" content=\"Est. reading time\" \/>\n\t<meta name=\"twitter:data1\" content=\"4 minutes\" \/>\n<script type=\"application\/ld+json\" class=\"yoast-schema-graph\">{\"@context\":\"https:\/\/schema.org\",\"@graph\":[{\"@type\":\"WebPage\",\"@id\":\"https:\/\/kidlee.fr\/baby-sitter-antony-kidlee-propose-des-tarifs-plus-que-competitifs\/\",\"url\":\"https:\/\/kidlee.fr\/baby-sitter-antony-kidlee-propose-des-tarifs-plus-que-competitifs\/\",\"name\":\"Baby-sitter Antony : Kidlee propose des tarifs plus que comp\u00e9titifs\",\"isPartOf\":{\"@id\":\"https:\/\/kidlee.fr\/#website\"},\"datePublished\":\"2024-09-12T16:33:24+00:00\",\"dateModified\":\"2024-11-03T21:20:26+00:00\",\"description\":\"Contactez Kidlee pour trouver la meilleure baby-sitter \u00e0 Antony \u00e0 un tarif maitris\u00e9 et sans tracas administratifs.\",\"breadcrumb\":{\"@id\":\"https:\/\/kidlee.fr\/baby-sitter-antony-kidlee-propose-des-tarifs-plus-que-competitifs\/#breadcrumb\"},\"inLanguage\":\"en-US\",\"potentialAction\":[{\"@type\":\"ReadAction\",\"target\":[\"https:\/\/kidlee.fr\/baby-sitter-antony-kidlee-propose-des-tarifs-plus-que-competitifs\/\"]}]},{\"@type\":\"BreadcrumbList\",\"@id\":\"https:\/\/kidlee.fr\/baby-sitter-antony-kidlee-propose-des-tarifs-plus-que-competitifs\/#breadcrumb\",\"itemListElement\":[{\"@type\":\"ListItem\",\"position\":1,\"name\":\"Accueil\",\"item\":\"https:\/\/kidlee.fr\/\"},{\"@type\":\"ListItem\",\"position\":2,\"name\":\"Levallois-Perret\"}]},{\"@type\":\"WebSite\",\"@id\":\"https:\/\/kidlee.fr\/#website\",\"url\":\"https:\/\/kidlee.fr\/\",\"name\":\"Kidlee | Garde d&#039;enfants de plus de 3 ans en \u00cele-de-France\",\"description\":\"Le baby-sitting intelligent qui fait progresser les enfants !\",\"publisher\":{\"@id\":\"https:\/\/kidlee.fr\/#organization\"},\"potentialAction\":[{\"@type\":\"SearchAction\",\"target\":{\"@type\":\"EntryPoint\",\"urlTemplate\":\"https:\/\/kidlee.fr\/?s={search_term_string}\"},\"query-input\":\"required name=search_term_string\"}],\"inLanguage\":\"en-US\"},{\"@type\":\"Organization\",\"@id\":\"https:\/\/kidlee.fr\/#organization\",\"name\":\"Kidlee, SAS.\",\"url\":\"https:\/\/kidlee.fr\/\",\"logo\":{\"@type\":\"ImageObject\",\"inLanguage\":\"en-US\",\"@id\":\"https:\/\/kidlee.fr\/#\/schema\/logo\/image\/\",\"url\":\"https:\/\/kidlee.fr\/wp-content\/uploads\/2020\/06\/Kidlee_logo_2020.svg\",\"contentUrl\":\"https:\/\/kidlee.fr\/wp-content\/uploads\/2020\/06\/Kidlee_logo_2020.svg\",\"width\":300,\"height\":79,\"caption\":\"Kidlee, SAS.\"},\"image\":{\"@id\":\"https:\/\/kidlee.fr\/#\/schema\/logo\/image\/\"},\"sameAs\":[\"https:\/\/www.facebook.com\/kidleeFR\",\"https:\/\/x.com\/Kidlee_fr\",\"https:\/\/www.instagram.com\/kidlee_fr\/\",\"https:\/\/www.linkedin.com\/company\/kidlee-fr\",\"https:\/\/www.youtube.com\/channel\/UCt4hFqrRHEHOMghdOLmyzjg\"]}]}<\/script>\n<!-- \/ Yoast SEO plugin. -->","yoast_head_json":{"title":"Baby-sitter Antony : Kidlee propose des tarifs plus que comp\u00e9titifs","description":"Contactez Kidlee pour trouver la meilleure baby-sitter \u00e0 Antony \u00e0 un tarif maitris\u00e9 et sans tracas administratifs.","robots":{"index":"index","follow":"follow","max-snippet":"max-snippet:-1","max-image-preview":"max-image-preview:large","max-video-preview":"max-video-preview:-1"},"canonical":"https:\/\/kidlee.fr\/en\/baby-sitter-antony-kidlee-propose-des-tarifs-plus-que-competitifs\/","og_locale":"en_US","og_type":"article","og_title":"Baby-sitter Antony : Kidlee propose des tarifs plus que comp\u00e9titifs","og_description":"Contactez Kidlee pour trouver la meilleure baby-sitter \u00e0 Antony \u00e0 un tarif maitris\u00e9 et sans tracas administratifs.","og_url":"https:\/\/kidlee.fr\/en\/baby-sitter-antony-kidlee-propose-des-tarifs-plus-que-competitifs\/","og_site_name":"Kidlee | Garde d&#039;enfants de plus de 3 ans en \u00cele-de-France","article_publisher":"https:\/\/www.facebook.com\/kidleeFR","article_modified_time":"2024-11-03T21:20:26+00:00","og_image":[{"width":1200,"height":675,"url":"https:\/\/kidlee.fr\/wp-content\/uploads\/2024\/08\/images-1.jpg","type":"image\/jpeg"}],"twitter_card":"summary_large_image","twitter_site":"@Kidlee_fr","twitter_misc":{"Est. reading time":"4 minutes"},"schema":{"@context":"https:\/\/schema.org","@graph":[{"@type":"WebPage","@id":"https:\/\/kidlee.fr\/baby-sitter-antony-kidlee-propose-des-tarifs-plus-que-competitifs\/","url":"https:\/\/kidlee.fr\/baby-sitter-antony-kidlee-propose-des-tarifs-plus-que-competitifs\/","name":"Baby-sitter Antony : Kidlee propose des tarifs plus que comp\u00e9titifs","isPartOf":{"@id":"https:\/\/kidlee.fr\/#website"},"datePublished":"2024-09-12T16:33:24+00:00","dateModified":"2024-11-03T21:20:26+00:00","description":"Contactez Kidlee pour trouver la meilleure baby-sitter \u00e0 Antony \u00e0 un tarif maitris\u00e9 et sans tracas administratifs.","breadcrumb":{"@id":"https:\/\/kidlee.fr\/baby-sitter-antony-kidlee-propose-des-tarifs-plus-que-competitifs\/#breadcrumb"},"inLanguage":"en-US","potentialAction":[{"@type":"ReadAction","target":["https:\/\/kidlee.fr\/baby-sitter-antony-kidlee-propose-des-tarifs-plus-que-competitifs\/"]}]},{"@type":"BreadcrumbList","@id":"https:\/\/kidlee.fr\/baby-sitter-antony-kidlee-propose-des-tarifs-plus-que-competitifs\/#breadcrumb","itemListElement":[{"@type":"ListItem","position":1,"name":"Accueil","item":"https:\/\/kidlee.fr\/"},{"@type":"ListItem","position":2,"name":"Levallois-Perret"}]},{"@type":"WebSite","@id":"https:\/\/kidlee.fr\/#website","url":"https:\/\/kidlee.fr\/","name":"Kidlee | Garde d&#039;enfants de plus de 3 ans en \u00cele-de-France","description":"Le baby-sitting intelligent qui fait progresser les enfants !","publisher":{"@id":"https:\/\/kidlee.fr\/#organization"},"potentialAction":[{"@type":"SearchAction","target":{"@type":"EntryPoint","urlTemplate":"https:\/\/kidlee.fr\/?s={search_term_string}"},"query-input":"required name=search_term_string"}],"inLanguage":"en-US"},{"@type":"Organization","@id":"https:\/\/kidlee.fr\/#organization","name":"Kidlee, SAS.","url":"https:\/\/kidlee.fr\/","logo":{"@type":"ImageObject","inLanguage":"en-US","@id":"https:\/\/kidlee.fr\/#\/schema\/logo\/image\/","url":"https:\/\/kidlee.fr\/wp-content\/uploads\/2020\/06\/Kidlee_logo_2020.svg","contentUrl":"https:\/\/kidlee.fr\/wp-content\/uploads\/2020\/06\/Kidlee_logo_2020.svg","width":300,"height":79,"caption":"Kidlee, SAS."},"image":{"@id":"https:\/\/kidlee.fr\/#\/schema\/logo\/image\/"},"sameAs":["https:\/\/www.facebook.com\/kidleeFR","https:\/\/x.com\/Kidlee_fr","https:\/\/www.instagram.com\/kidlee_fr\/","https:\/\/www.linkedin.com\/company\/kidlee-fr","https:\/\/www.youtube.com\/channel\/UCt4hFqrRHEHOMghdOLmyzjg"]}]}},"_links":{"self":[{"href":"https:\/\/kidlee.fr\/en\/wp-json\/wp\/v2\/pages\/244467"}],"collection":[{"href":"https:\/\/kidlee.fr\/en\/wp-json\/wp\/v2\/pages"}],"about":[{"href":"https:\/\/kidlee.fr\/en\/wp-json\/wp\/v2\/types\/page"}],"author":[{"embeddable":true,"href":"https:\/\/kidlee.fr\/en\/wp-json\/wp\/v2\/users\/23"}],"replies":[{"embeddable":true,"href":"https:\/\/kidlee.fr\/en\/wp-json\/wp\/v2\/comments?post=244467"}],"version-history":[{"count":0,"href":"https:\/\/kidlee.fr\/en\/wp-json\/wp\/v2\/pages\/244467\/revisions"}],"wp:attachment":[{"href":"https:\/\/kidlee.fr\/en\/wp-json\/wp\/v2\/media?parent=244467"}],"curies":[{"name":"wp","href":"https:\/\/api.w.org\/{rel}","templated":true}]}}