{"id":244462,"date":"2024-09-12T15:10:39","date_gmt":"2024-09-12T13:10:39","guid":{"rendered":"https:\/\/kidlee.fr\/?page_id=244462"},"modified":"2024-09-12T17:14:13","modified_gmt":"2024-09-12T15:14:13","slug":"attestation-de-travail-employeur","status":"publish","type":"page","link":"https:\/\/kidlee.fr\/en\/attestation-de-travail-employeur\/","title":{"rendered":"CERTIFICATE OF EMPLOYMENT - EMPLOYER"},"content":{"rendered":"<div id=\"bsf_rt_marker\">\n<div class=\"wpcf7 no-js\" id=\"wpcf7-f244461-o1\" lang=\"fr-FR\" dir=\"ltr\">\n<div class=\"screen-reader-response\"><p role=\"status\" aria-live=\"polite\" aria-atomic=\"true\"><\/p> <ul><\/ul><\/div>\n<form action=\"\/en\/wp-json\/wp\/v2\/pages\/244462#wpcf7-f244461-o1\" method=\"post\" class=\"wpcf7-form init mailchimp-ext-0.5.72\" aria-label=\"Contact form\" novalidate=\"novalidate\" data-status=\"init\" data-trp-original-action=\"\/en\/wp-json\/wp\/v2\/pages\/244462#wpcf7-f244461-o1\">\n<div style=\"display: none;\">\n<input type=\"hidden\" name=\"_wpcf7\" value=\"244461\" \/>\n<input type=\"hidden\" name=\"_wpcf7_version\" value=\"5.8.6\" \/>\n<input type=\"hidden\" name=\"_wpcf7_locale\" value=\"fr_FR\" \/>\n<input type=\"hidden\" name=\"_wpcf7_unit_tag\" value=\"wpcf7-f244461-o1\" \/>\n<input type=\"hidden\" name=\"_wpcf7_container_post\" value=\"0\" \/>\n<input type=\"hidden\" name=\"_wpcf7_posted_data_hash\" value=\"\" \/>\n<input type=\"hidden\" name=\"_wpcf7_recaptcha_response\" value=\"\" \/>\n<\/div>\nFirst &amp; last name\n    <span class=\"wpcf7-form-control-wrap\" data-name=\"nom\"><input size=\"40\" class=\"wpcf7-form-control wpcf7-text wpcf7-validates-as-required\" autocomplete=\"name\" aria-required=\"true\" aria-invalid=\"false\" placeholder=\"First &amp; last name\" value=\"\" type=\"text\" name=\"nom\" \/><\/span>\n\n\nDate of Birth\n    [datepicker* date-birth format:dd-mm-yy placeholder \"Date of Birth\"]\n\nCity\n    <span class=\"wpcf7-form-control-wrap\" data-name=\"ville\"><input size=\"40\" class=\"wpcf7-form-control wpcf7-text wpcf7-validates-as-required\" aria-required=\"true\" aria-invalid=\"false\" placeholder=\"City\" value=\"\" type=\"text\" name=\"ville\" \/><\/span> \n\nPostal address\n    <span class=\"wpcf7-form-control-wrap\" data-name=\"adresse\"><input size=\"40\" class=\"wpcf7-form-control wpcf7-text wpcf7-validates-as-required\" aria-required=\"true\" aria-invalid=\"false\" placeholder=\"Postal address\" value=\"\" type=\"text\" name=\"adresse\" \/><\/span> \n\nName School or University\n    <span class=\"wpcf7-form-control-wrap\" data-name=\"ecole\"><input size=\"40\" class=\"wpcf7-form-control wpcf7-text wpcf7-validates-as-required\" aria-required=\"true\" aria-invalid=\"false\" placeholder=\"Name School or University\" value=\"\" type=\"text\" name=\"ecole\" \/><\/span>\n\nCursus name\n    <span class=\"wpcf7-form-control-wrap\" data-name=\"cursus\"><input size=\"40\" class=\"wpcf7-form-control wpcf7-text wpcf7-validates-as-required\" aria-required=\"true\" aria-invalid=\"false\" placeholder=\"Cursus name\" value=\"\" type=\"text\" name=\"cursus\" \/><\/span>\n\nDays &amp; Schedules \n<span class=\"wpcf7-form-control-wrap\" data-name=\"jours\"><span class=\"wpcf7-form-control wpcf7-checkbox wpcf7-validates-as-required\"><span class=\"wpcf7-list-item first\"><label><input type=\"checkbox\" name=\"jours[]\" value=\"Lundi\" \/><span class=\"wpcf7-list-item-label\">Monday<\/span><\/label><\/span><span class=\"wpcf7-list-item\"><label><input type=\"checkbox\" name=\"jours[]\" value=\"Mardi\" \/><span class=\"wpcf7-list-item-label\">Tuesday<\/span><\/label><\/span><span class=\"wpcf7-list-item\"><label><input type=\"checkbox\" name=\"jours[]\" value=\"Mercredi\" \/><span class=\"wpcf7-list-item-label\">Wednesday<\/span><\/label><\/span><span class=\"wpcf7-list-item\"><label><input type=\"checkbox\" name=\"jours[]\" value=\"Jeudi\" \/><span class=\"wpcf7-list-item-label\">Thursday<\/span><\/label><\/span><span class=\"wpcf7-list-item last\"><label><input type=\"checkbox\" name=\"jours[]\" value=\"Vendredi\" \/><span class=\"wpcf7-list-item-label\">Friday<\/span><\/label><\/span><\/span><\/span>\n\n<div class=\"days-hours\">\n   [group monday]\n      <span class=\"wpcf7-form-control-wrap\" data-name=\"debut-lundi\"><input size=\"40\" class=\"wpcf7-form-control wpcf7-text wpcf7-validates-as-required walcf7-timepicker\" aria-required=\"true\" aria-invalid=\"false\" placeholder=\"Start time\" value=\"\" type=\"text\" name=\"debut-lundi\" \/><\/span>\n      <span class=\"wpcf7-form-control-wrap\" data-name=\"fin-lundi\"><input size=\"40\" class=\"wpcf7-form-control wpcf7-text wpcf7-validates-as-required walcf7-timepicker\" aria-required=\"true\" aria-invalid=\"false\" placeholder=\"End time\" value=\"\" type=\"text\" name=\"fin-lundi\" \/><\/span>\n   [\/group]\n<\/div>\n\n<div class=\"days-hours\">\n   [group tuesday]\n      <span class=\"wpcf7-form-control-wrap\" data-name=\"debut-mardi\"><input size=\"40\" class=\"wpcf7-form-control wpcf7-text wpcf7-validates-as-required walcf7-timepicker\" aria-required=\"true\" aria-invalid=\"false\" placeholder=\"Start time\" value=\"\" type=\"text\" name=\"debut-mardi\" \/><\/span>\n      <span class=\"wpcf7-form-control-wrap\" data-name=\"fin-mardi\"><input size=\"40\" class=\"wpcf7-form-control wpcf7-text wpcf7-validates-as-required walcf7-timepicker\" aria-required=\"true\" aria-invalid=\"false\" placeholder=\"End time\" value=\"\" type=\"text\" name=\"fin-mardi\" \/><\/span>\n   [\/group]\n<\/div>\n\n<div class=\"days-hours\">\n   [group wednesday]\n      <span class=\"wpcf7-form-control-wrap\" data-name=\"debut-mercredi\"><input size=\"40\" class=\"wpcf7-form-control wpcf7-text wpcf7-validates-as-required walcf7-timepicker\" aria-required=\"true\" aria-invalid=\"false\" placeholder=\"Start time\" value=\"\" type=\"text\" name=\"debut-mercredi\" \/><\/span>\n      <span class=\"wpcf7-form-control-wrap\" data-name=\"fin-mercredi\"><input size=\"40\" class=\"wpcf7-form-control wpcf7-text wpcf7-validates-as-required walcf7-timepicker\" aria-required=\"true\" aria-invalid=\"false\" placeholder=\"End time\" value=\"\" type=\"text\" name=\"fin-mercredi\" \/><\/span>\n   [\/group]\n<\/div>\n\n<div class=\"days-hours\">\n   [group thursday]\n      <span class=\"wpcf7-form-control-wrap\" data-name=\"debut-jeudi\"><input size=\"40\" class=\"wpcf7-form-control wpcf7-text wpcf7-validates-as-required walcf7-timepicker\" aria-required=\"true\" aria-invalid=\"false\" placeholder=\"Start time\" value=\"\" type=\"text\" name=\"debut-jeudi\" \/><\/span>\n      <span class=\"wpcf7-form-control-wrap\" data-name=\"fin-jeudi\"><input size=\"40\" class=\"wpcf7-form-control wpcf7-text wpcf7-validates-as-required walcf7-timepicker\" aria-required=\"true\" aria-invalid=\"false\" placeholder=\"End time\" value=\"\" type=\"text\" name=\"fin-jeudi\" \/><\/span>\n   [\/group]\n<\/div>\n\n<div class=\"days-hours\">\n   [group friday]\n      <span class=\"wpcf7-form-control-wrap\" data-name=\"debut-vendredi\"><input size=\"40\" class=\"wpcf7-form-control wpcf7-text wpcf7-validates-as-required walcf7-timepicker\" aria-required=\"true\" aria-invalid=\"false\" placeholder=\"Start time\" value=\"\" type=\"text\" name=\"debut-vendredi\" \/><\/span>\n      <span class=\"wpcf7-form-control-wrap\" data-name=\"fin-vendredi\"><input size=\"40\" class=\"wpcf7-form-control wpcf7-text wpcf7-validates-as-required walcf7-timepicker\" aria-required=\"true\" aria-invalid=\"false\" placeholder=\"End time\" value=\"\" type=\"text\" name=\"fin-vendredi\" \/><\/span>\n   [\/group]\n<\/div>\n\nStart date\n    [datepicker* date-debut format:dd-mm-yy placeholder \"Start date\"]\n\nEmail\n    <span class=\"wpcf7-form-control-wrap\" data-name=\"email\"><input size=\"40\" class=\"wpcf7-form-control wpcf7-email wpcf7-validates-as-required wpcf7-text wpcf7-validates-as-email\" autocomplete=\"email\" aria-required=\"true\" aria-invalid=\"false\" placeholder=\"Email\" value=\"\" type=\"email\" name=\"email\" \/><\/span> \n\n\n<input class=\"wpcf7-form-control wpcf7-submit has-spinner\" type=\"submit\" value=\"Send\" \/><div class=\"wpcf7-response-output\" aria-hidden=\"true\"><\/div><p style=\"display: none !important\"><span class=\"wpcf7-form-control-wrap referer-page\"><input type=\"hidden\" name=\"referer-page\" value=\"http:\/\/Direct%20Visit\" data-value=\"http:\/\/Direct%20Visit\" class=\"wpcf7-form-control wpcf7-text referer-page\" aria-invalid=\"false\"><\/span><\/p>\n<!-- Chimpmatic extension by Renzo Johnson -->\n<input type=\"hidden\" name=\"trp-form-language\" value=\"en\"\/><\/form>\n<\/div>\n\n<\/div>","protected":false},"excerpt":{"rendered":"","protected":false},"author":23,"featured_media":0,"parent":0,"menu_order":0,"comment_status":"closed","ping_status":"closed","template":"","meta":{"_et_pb_use_builder":"off","_et_pb_old_content":"","_et_gb_content_width":"1080","_lmt_disableupdate":"","_lmt_disable":"","footnotes":""},"yoast_head":"<!-- This site is optimized with the Yoast SEO plugin v23.3 - https:\/\/yoast.com\/wordpress\/plugins\/seo\/ -->\n<title>ATTESTATION DE TRAVAIL - EMPLOYEUR &#8211; Kidlee | Garde d&#039;enfants de plus de 3 ans en \u00cele-de-France<\/title>\n<meta name=\"description\" content=\"Kidlee est le leader de la garde d&#039;enfant ludique et du babysitting p\u00e9riscolaire ! Nous mettons en relation des profils qualifi\u00e9s qui correspondent parfaitement \u00e0 la personnalit\u00e9 de l&#039;enfant. Nos babysitters sont form\u00e9s aux premiers secours et \u00e0 la p\u00e9dagogie Montessori.\" \/>\n<meta name=\"robots\" content=\"index, follow, max-snippet:-1, max-image-preview:large, max-video-preview:-1\" \/>\n<link rel=\"canonical\" href=\"https:\/\/kidlee.fr\/en\/attestation-de-travail-employeur\/\" \/>\n<meta property=\"og:locale\" content=\"en_US\" \/>\n<meta property=\"og:type\" content=\"article\" \/>\n<meta property=\"og:title\" content=\"ATTESTATION DE TRAVAIL - EMPLOYEUR &#8211; Kidlee | Garde d&#039;enfants de plus de 3 ans en \u00cele-de-France\" \/>\n<meta property=\"og:description\" content=\"Kidlee est le leader de la garde d&#039;enfant ludique et du babysitting p\u00e9riscolaire ! Nous mettons en relation des profils qualifi\u00e9s qui correspondent parfaitement \u00e0 la personnalit\u00e9 de l&#039;enfant. Nos babysitters sont form\u00e9s aux premiers secours et \u00e0 la p\u00e9dagogie Montessori.\" \/>\n<meta property=\"og:url\" content=\"https:\/\/kidlee.fr\/en\/attestation-de-travail-employeur\/\" \/>\n<meta property=\"og:site_name\" content=\"Kidlee | Garde d&#039;enfants de plus de 3 ans en \u00cele-de-France\" \/>\n<meta property=\"article:publisher\" content=\"https:\/\/www.facebook.com\/kidleeFR\" \/>\n<meta property=\"article:modified_time\" content=\"2024-09-12T15:14:13+00:00\" \/>\n<meta property=\"og:image\" content=\"https:\/\/kidlee.fr\/wp-content\/uploads\/2024\/08\/images-1.jpg\" \/>\n\t<meta property=\"og:image:width\" content=\"1200\" \/>\n\t<meta property=\"og:image:height\" content=\"675\" \/>\n\t<meta property=\"og:image:type\" content=\"image\/jpeg\" \/>\n<meta name=\"twitter:card\" content=\"summary_large_image\" \/>\n<meta name=\"twitter:site\" content=\"@Kidlee_fr\" \/>\n<meta name=\"twitter:label1\" content=\"Est. reading time\" \/>\n\t<meta name=\"twitter:data1\" content=\"1 minute\" \/>\n<script type=\"application\/ld+json\" class=\"yoast-schema-graph\">{\"@context\":\"https:\/\/schema.org\",\"@graph\":[{\"@type\":\"WebPage\",\"@id\":\"https:\/\/kidlee.fr\/attestation-de-travail-employeur\/\",\"url\":\"https:\/\/kidlee.fr\/attestation-de-travail-employeur\/\",\"name\":\"ATTESTATION DE TRAVAIL - EMPLOYEUR &#8211; Kidlee | Garde d&#039;enfants de plus de 3 ans en \u00cele-de-France\",\"isPartOf\":{\"@id\":\"https:\/\/kidlee.fr\/#website\"},\"datePublished\":\"2024-09-12T13:10:39+00:00\",\"dateModified\":\"2024-09-12T15:14:13+00:00\",\"description\":\"Kidlee est le leader de la garde d'enfant ludique et du babysitting p\u00e9riscolaire ! Nous mettons en relation des profils qualifi\u00e9s qui correspondent parfaitement \u00e0 la personnalit\u00e9 de l'enfant. Nos babysitters sont form\u00e9s aux premiers secours et \u00e0 la p\u00e9dagogie Montessori.\",\"breadcrumb\":{\"@id\":\"https:\/\/kidlee.fr\/attestation-de-travail-employeur\/#breadcrumb\"},\"inLanguage\":\"en-US\",\"potentialAction\":[{\"@type\":\"ReadAction\",\"target\":[\"https:\/\/kidlee.fr\/attestation-de-travail-employeur\/\"]}]},{\"@type\":\"BreadcrumbList\",\"@id\":\"https:\/\/kidlee.fr\/attestation-de-travail-employeur\/#breadcrumb\",\"itemListElement\":[{\"@type\":\"ListItem\",\"position\":1,\"name\":\"Accueil\",\"item\":\"https:\/\/kidlee.fr\/\"},{\"@type\":\"ListItem\",\"position\":2,\"name\":\"ATTESTATION DE TRAVAIL &#8211; EMPLOYEUR\"}]},{\"@type\":\"WebSite\",\"@id\":\"https:\/\/kidlee.fr\/#website\",\"url\":\"https:\/\/kidlee.fr\/\",\"name\":\"Kidlee | Garde d&#039;enfants de plus de 3 ans en \u00cele-de-France\",\"description\":\"Le baby-sitting intelligent qui fait progresser les enfants !\",\"publisher\":{\"@id\":\"https:\/\/kidlee.fr\/#organization\"},\"potentialAction\":[{\"@type\":\"SearchAction\",\"target\":{\"@type\":\"EntryPoint\",\"urlTemplate\":\"https:\/\/kidlee.fr\/?s={search_term_string}\"},\"query-input\":\"required name=search_term_string\"}],\"inLanguage\":\"en-US\"},{\"@type\":\"Organization\",\"@id\":\"https:\/\/kidlee.fr\/#organization\",\"name\":\"Kidlee, SAS.\",\"url\":\"https:\/\/kidlee.fr\/\",\"logo\":{\"@type\":\"ImageObject\",\"inLanguage\":\"en-US\",\"@id\":\"https:\/\/kidlee.fr\/#\/schema\/logo\/image\/\",\"url\":\"https:\/\/kidlee.fr\/wp-content\/uploads\/2020\/06\/Kidlee_logo_2020.svg\",\"contentUrl\":\"https:\/\/kidlee.fr\/wp-content\/uploads\/2020\/06\/Kidlee_logo_2020.svg\",\"width\":300,\"height\":79,\"caption\":\"Kidlee, SAS.\"},\"image\":{\"@id\":\"https:\/\/kidlee.fr\/#\/schema\/logo\/image\/\"},\"sameAs\":[\"https:\/\/www.facebook.com\/kidleeFR\",\"https:\/\/x.com\/Kidlee_fr\",\"https:\/\/www.instagram.com\/kidlee_fr\/\",\"https:\/\/www.linkedin.com\/company\/kidlee-fr\",\"https:\/\/www.youtube.com\/channel\/UCt4hFqrRHEHOMghdOLmyzjg\"]}]}<\/script>\n<!-- \/ Yoast SEO plugin. -->","yoast_head_json":{"title":"ATTESTATION DE TRAVAIL - EMPLOYEUR &#8211; Kidlee | Garde d&#039;enfants de plus de 3 ans en \u00cele-de-France","description":"Kidlee est le leader de la garde d'enfant ludique et du babysitting p\u00e9riscolaire ! Nous mettons en relation des profils qualifi\u00e9s qui correspondent parfaitement \u00e0 la personnalit\u00e9 de l'enfant. Nos babysitters sont form\u00e9s aux premiers secours et \u00e0 la p\u00e9dagogie Montessori.","robots":{"index":"index","follow":"follow","max-snippet":"max-snippet:-1","max-image-preview":"max-image-preview:large","max-video-preview":"max-video-preview:-1"},"canonical":"https:\/\/kidlee.fr\/en\/attestation-de-travail-employeur\/","og_locale":"en_US","og_type":"article","og_title":"ATTESTATION DE TRAVAIL - EMPLOYEUR &#8211; Kidlee | Garde d&#039;enfants de plus de 3 ans en \u00cele-de-France","og_description":"Kidlee est le leader de la garde d'enfant ludique et du babysitting p\u00e9riscolaire ! Nous mettons en relation des profils qualifi\u00e9s qui correspondent parfaitement \u00e0 la personnalit\u00e9 de l'enfant. Nos babysitters sont form\u00e9s aux premiers secours et \u00e0 la p\u00e9dagogie Montessori.","og_url":"https:\/\/kidlee.fr\/en\/attestation-de-travail-employeur\/","og_site_name":"Kidlee | Garde d&#039;enfants de plus de 3 ans en \u00cele-de-France","article_publisher":"https:\/\/www.facebook.com\/kidleeFR","article_modified_time":"2024-09-12T15:14:13+00:00","og_image":[{"width":1200,"height":675,"url":"https:\/\/kidlee.fr\/wp-content\/uploads\/2024\/08\/images-1.jpg","type":"image\/jpeg"}],"twitter_card":"summary_large_image","twitter_site":"@Kidlee_fr","twitter_misc":{"Est. reading time":"1 minute"},"schema":{"@context":"https:\/\/schema.org","@graph":[{"@type":"WebPage","@id":"https:\/\/kidlee.fr\/attestation-de-travail-employeur\/","url":"https:\/\/kidlee.fr\/attestation-de-travail-employeur\/","name":"ATTESTATION DE TRAVAIL - EMPLOYEUR &#8211; Kidlee | Garde d&#039;enfants de plus de 3 ans en \u00cele-de-France","isPartOf":{"@id":"https:\/\/kidlee.fr\/#website"},"datePublished":"2024-09-12T13:10:39+00:00","dateModified":"2024-09-12T15:14:13+00:00","description":"Kidlee est le leader de la garde d'enfant ludique et du babysitting p\u00e9riscolaire ! Nous mettons en relation des profils qualifi\u00e9s qui correspondent parfaitement \u00e0 la personnalit\u00e9 de l'enfant. Nos babysitters sont form\u00e9s aux premiers secours et \u00e0 la p\u00e9dagogie Montessori.","breadcrumb":{"@id":"https:\/\/kidlee.fr\/attestation-de-travail-employeur\/#breadcrumb"},"inLanguage":"en-US","potentialAction":[{"@type":"ReadAction","target":["https:\/\/kidlee.fr\/attestation-de-travail-employeur\/"]}]},{"@type":"BreadcrumbList","@id":"https:\/\/kidlee.fr\/attestation-de-travail-employeur\/#breadcrumb","itemListElement":[{"@type":"ListItem","position":1,"name":"Accueil","item":"https:\/\/kidlee.fr\/"},{"@type":"ListItem","position":2,"name":"ATTESTATION DE TRAVAIL &#8211; EMPLOYEUR"}]},{"@type":"WebSite","@id":"https:\/\/kidlee.fr\/#website","url":"https:\/\/kidlee.fr\/","name":"Kidlee | Garde d&#039;enfants de plus de 3 ans en \u00cele-de-France","description":"Le baby-sitting intelligent qui fait progresser les enfants !","publisher":{"@id":"https:\/\/kidlee.fr\/#organization"},"potentialAction":[{"@type":"SearchAction","target":{"@type":"EntryPoint","urlTemplate":"https:\/\/kidlee.fr\/?s={search_term_string}"},"query-input":"required name=search_term_string"}],"inLanguage":"en-US"},{"@type":"Organization","@id":"https:\/\/kidlee.fr\/#organization","name":"Kidlee, SAS.","url":"https:\/\/kidlee.fr\/","logo":{"@type":"ImageObject","inLanguage":"en-US","@id":"https:\/\/kidlee.fr\/#\/schema\/logo\/image\/","url":"https:\/\/kidlee.fr\/wp-content\/uploads\/2020\/06\/Kidlee_logo_2020.svg","contentUrl":"https:\/\/kidlee.fr\/wp-content\/uploads\/2020\/06\/Kidlee_logo_2020.svg","width":300,"height":79,"caption":"Kidlee, SAS."},"image":{"@id":"https:\/\/kidlee.fr\/#\/schema\/logo\/image\/"},"sameAs":["https:\/\/www.facebook.com\/kidleeFR","https:\/\/x.com\/Kidlee_fr","https:\/\/www.instagram.com\/kidlee_fr\/","https:\/\/www.linkedin.com\/company\/kidlee-fr","https:\/\/www.youtube.com\/channel\/UCt4hFqrRHEHOMghdOLmyzjg"]}]}},"_links":{"self":[{"href":"https:\/\/kidlee.fr\/en\/wp-json\/wp\/v2\/pages\/244462"}],"collection":[{"href":"https:\/\/kidlee.fr\/en\/wp-json\/wp\/v2\/pages"}],"about":[{"href":"https:\/\/kidlee.fr\/en\/wp-json\/wp\/v2\/types\/page"}],"author":[{"embeddable":true,"href":"https:\/\/kidlee.fr\/en\/wp-json\/wp\/v2\/users\/23"}],"replies":[{"embeddable":true,"href":"https:\/\/kidlee.fr\/en\/wp-json\/wp\/v2\/comments?post=244462"}],"version-history":[{"count":0,"href":"https:\/\/kidlee.fr\/en\/wp-json\/wp\/v2\/pages\/244462\/revisions"}],"wp:attachment":[{"href":"https:\/\/kidlee.fr\/en\/wp-json\/wp\/v2\/media?parent=244462"}],"curies":[{"name":"wp","href":"https:\/\/api.w.org\/{rel}","templated":true}]}}