{"id":244442,"date":"2024-09-10T10:10:46","date_gmt":"2024-09-10T08:10:46","guid":{"rendered":"https:\/\/kidlee.fr\/?page_id=244442"},"modified":"2024-11-03T22:19:17","modified_gmt":"2024-11-03T21:19:17","slug":"baby-sitter-rueil-malmaison-3-raisons-de-faire-appel-a-kidlee","status":"publish","type":"page","link":"https:\/\/kidlee.fr\/en\/baby-sitter-rueil-malmaison-3-raisons-de-faire-appel-a-kidlee\/","title":{"rendered":"Baby-sitter Rueil-Malmaison"},"content":{"rendered":"<div id=\"bsf_rt_marker\"><p>[et_pb_section fb_built=\"1\u2033 _builder_version=\"4.26.0\u2033 _module_preset=\"default \" da_disable_devices=\"off|off|off \" border_radii=\"on|10px|10px|10px|10px \" global_colors_info=\"{} \" da_is_popup=\"off \" da_exit_intent=\"off \" da_has_close=\"on \" da_alt_close=\"off \" da_dark_close=\"off \" da_not_modal=\"on \" da_is_singular=\"off \" da_with_loader=\"off \" da_has_shadow=\"on \"][et_pb_row column_structure=\"1_2,1_2\u2033 module_class=\"reverse \" _builder_version=\"4.26.0\u2033 _module_preset=\"default \" min_height=\"503.6px \" custom_margin=\"-33px|auto||auto|| \" custom_padding=\"0px||||| \" global_colors_info=\"{} \" custom_css_main_element_last_edited=\"on|tablet \" custom_css_main_element_tablet=\"display: flex;||flex-direction: column-reverse; \" custom_css_main_element_phone=\"display: flex;||flex-direction: column-reverse; \"][et_pb_column type=\"1_2\u2033 _builder_version=\"4.26.0\u2033 _module_preset=\"default \" custom_css_main_element=\"display: flex!important;||flex-wrap: wrap; \" global_colors_info=\"{}\" custom_css_main_element_last_edited=\"on|phone\" custom_css_main_element_phone=\"display: initial; \" custom_css_main_element_tablet=\"display: initial; \"][et_pb_text _builder_version=\"4.26.0\u2033 _module_preset=\"default \" global_colors_info=\"{}\"]<\/p>\n<h1><span>Babysitting Rueil-Malmaison<\/span><\/h1>\n<p>[\/et_pb_text][et_pb_text _builder_version=\"4.26.0\u2033 _module_preset=\"default \" global_colors_info=\"{} \"]<\/p>\n<h2 style=\"font-size: 24px;\">All the good reasons to use Kidlee to find your baby-sitter in Rueil-Malmaison<\/h2>\n<p>[\/et_pb_text][et_pb_text _builder_version=\"4.26.0\u2033 _module_preset=\"default \" global_colors_info=\"{} \"]Picking up children from school and kindergarten and taking them to after-school activities can be a real challenge, especially if you work all day. <strong style=\"color: #58b998;\">Kidlee, the smart baby-sitting agency<\/strong>has the solution for you. The hassle of picking up your little ones from school will be a thing of the past as we take care of finding you your very own <strong style=\"color: #58b998;\">baby-sitter in Rueil-Malmaison<\/strong>[\/et_pb_text][et_pb_button button_url=\"https:\/\/app.kidlee.fr\/inscription-famille \" button_text=\"Inscription \" button_alignment_tablet=\"center \" button_alignment_phone=\"center \" button_alignment_last_edited=\"on|phone \" _builder_version=\"4.26.0\u2033 _module_preset=\"2d7d1ebb-8332-4de3-8e16-63333e1a3a96\u2033 button_text_size=\"15px \" custom_margin=\"|5px||5px|false|true \" custom_margin_tablet=\"20px|5px||5px|false|true \" custom_margin_phone=\"||0px||false|true \" custom_margin_last_edited=\"on|tablet \" custom_padding=\"15px|70px|15px|70px|true|true \" custom_padding_tablet=\"||||true|true \" custom_padding_phone=\"|110px||110px|true|true \" custom_padding_last_edited=\"on|phone \" custom_css_main_element=\"width: 100%; \" global_colors_info=\"{} \"][\/et_pb_button][et_pb_button button_url=\"https:\/\/kidlee.fr\/devis-babysitting-gratuit\/\" button_text=\"Je demande un devis \" button_alignment_tablet= \" \" button_alignment_phone= \" \" button_alignment_last_edited=\"on|phone \" _builder_version=\"4.26.0\u2033 _module_preset=\"244c71b8-1bfe-4e4c-8ea1-94d5d84aaa5b \" button_text_size=\"15px \" custom_margin=\"|5px||5px|false|true \" custom_margin_tablet=\"20px|5px||5px|false|true \" custom_margin_phone=\"10px||||false|true \" custom_margin_last_edited=\"on|phone \" custom_padding= \"15px|45px|15px|45px|true|true\" custom_padding_tablet=\"|70px||70px|true|true\" custom_padding_phone=\"|0px||0px|true|true\" custom_padding_last_edited=\"on|phone\" hover_enabled=\"0\u2033 custom_css_main_element=\"width: 100%; \" global_colors_info=\"{} \" button_text_color__hover_enabled=\"on|hover \" sticky_enabled=\"0\u2033][\/et_pb_button][\/et_pb_column][et_pb_column type=\"1_2\u2033 _builder_version=\"4.26.0\u2033 _module_preset=\"default \" global_colors_info=\"{} \"][et_pb_image src= \"https:\/\/kidlee.fr\/wp-content\/uploads\/2024\/09\/enfants-joyeux.jpg \" title_text=\"enfants-joyeux\" _builder_version=\"4.26.0\u2033 _module_preset=\"default \" border_radii=\"on|10px|10px|10px|10px \" global_colors_info=\"{} \"][\/et_pb_image][\/et_pb_column][\/et_pb_row][et_pb_row _builder_version=\"4.26.0\u2033 _module_preset=\"default \" global_colors_info=\"{} \"][et_pb_column type=\"4_4\u2033 _builder_version=\"4.26.0\u2033 _module_preset=\"default \" global_colors_info=\"{} \"][et_pb_text _builder_version=\"4.26.0\u2033 _module_preset=\"default \" global_colors_info=\"{} \"]<\/p>\n<p style=\"text-align: center;\">Kidlee lets you find a babysitter in just a few clicks, without having to go anywhere. All you have to do is log on to our site and enter a few details about the services and hours you'd like. Once you've registered, you can make an appointment with the team directly on your personal Kidlee space. The great thing about Kidlee is that you'll be able to benefit from our professional's services within a week. Fast and convenient, you won't regret your choice.<br \/>\nWe're here to help you delegate all your tasks to your <strong style=\"color: #58b998;\">baby-sitter in Rueil-Malmaison<\/strong>. Whether you're looking for playful or bilingual childcare, part-time or full-time, we guarantee quality and security.<br \/>\nYou'll also benefit from personalized support for your child. We take care to select just for you the right <strong style=\"color: #58b998;\">baby-sitter from Rueil-Malmaison<\/strong> to meet your exact needs.<br \/>\nFinding a babysitter in Rueil-Malmaison is now quick and easy.<br \/>\nOur bilingual babysitting or childcare services in Rueil-Malmaison include:<\/p>\n<ul style=\"text-align: center;\">\n<li>picking up your little ones from school<\/li>\n<li>support for extracurricular activities<\/li>\n<li>fun learning activities at home<\/li>\n<li>outdoor activities<\/li>\n<\/ul>\n<p style=\"text-align: center;\">\nThey are accompanied, if you wish, by homework help and the preparation of snacks and dinner.<br \/>\nTo be on the safe side, all the profiles of our <strong style=\"color: #58b998;\">babysitting in Rueil-Malmaison<\/strong> are checked before they are entrusted to families. Your child will then be able to blossom in<strong style=\"color: #58b998;\"> total safety <\/strong>in the company of our favorite babysitter, on a moral, cognitive and emotional level, by taking part in fun activities based on autonomy and learning.<\/p>\n<p>[\/et_pb_text][\/et_pb_column][\/et_pb_row][et_pb_row column_structure=\"1_2,1_2\u2033 _builder_version=\"4.26.0\u2033 _module_preset=\"default \" global_colors_info=\"{} \"][et_pb_column type=\"1_2\u2033 _builder_version=\"4.26.0\u2033 _module_preset=\"default \" global_colors_info=\"{} \"][et_pb_image src= \"https:\/\/kidlee.fr\/wp-content\/uploads\/2024\/09\/enfants-piscine.jpg \" title_text=\"enfants-piscine\" _builder_version=\"4.26.0\u2033 _module_preset=\"default \" border_radii=\"on|10px|10px|10px|10px \" global_colors_info=\"{} \"][\/et_pb_image][\/et_pb_column][et_pb_column type=\"1_2\u2033 _builder_version=\"4.26.0\u2033 _module_preset=\"default \" background_color=\"#fafafa \" custom_padding=\"50px|15px|50px|15px|true|true \" custom_css_main_element=\"position: relative;||display: flex!important;||flex-wrap: wrap; \" global_colors_info=\"{} \"][et_pb_text _builder_version=\"4.26.0\u2033 _module_preset=\"default \" global_colors_info=\"{} \"]<\/p>\n<h2>State aid, including<\/h2>\n<h2>you benefit from<\/h2>\n<h2>baby-sitter services<\/h2>\n<h2>in Rueil-Malmaison<\/h2>\n<p>[\/et_pb_text][et_pb_image src= \"https:\/\/kidlee.fr\/wp-content\/uploads\/2024\/07\/shape-1.png \" title_text=\"shape (1) \" align=\"right \" _builder_version=\"4.26.0\u2033 _module_preset=\"default \" positioning=\"absolute \" position_origin_a=\"top_right \" vertical_offset=\"-17px \" width=\"100% \" custom_margin=\"0px|0px|0px|0px|true|true \" custom_padding=\"0px|0px|0px|0px|true|true \" custom_css_main_element=\"position: absolute; \" global_colors_info=\"{} \"][\/et_pb_image][et_pb_text _builder_version=\"4.26.0\u2033 _module_preset=\"default \" global_colors_info=\"{} \"]Thanks to our competitive prices and state subsidies, we can offer you <strong style=\"color: #58b998;\">a fair price to suit everyone's needs<\/strong>. This varies according to the type of care, the monthly schedule and the optional services.<br \/>\nTo help you, our site offers a <strong style=\"color: #58b998;\">free 100 % simulation tool for better budget management<\/strong>.<br \/>\nThere are two types of state aid: the childcare complement and the tax credit[\/et_pb_text][et_pb_button button_url=\"https:\/\/app.kidlee.fr\/inscription-famille \" button_text=\"Inscription \" button_alignment_tablet= \" \" button_alignment_phone=\"center \" button_alignment_last_edited=\"on|phone \" _builder_version=\"4.26.0\u2033 _module_preset=\"244c71b8-1bfe-4e4c-8ea1-94d5d84aaa5b \" button_text_size=\"15px \" custom_margin=\"|5px||5px|false|true \" custom_margin_tablet=\"20px|5px||5px|false|true \" custom_margin_phone=\"10px|16px||16px|false|true \" custom_margin_last_edited=\"on|phone \" custom_padding=\"15px|55px|15px|55px|true|true \" custom_padding_tablet=\"|70px||70px|true|true \" custom_padding_phone=\"|69px||69px|true|true \" custom_padding_last_edited=\"on|phone \" global_colors_info=\"{} \" button_text_color__hover_enabled=\"on|hover \"][\/et_pb_button][\/et_pb_column][\/et_pb_row][et_pb_row column_structure=\"1_2,1_2\u2033 _builder_version=\"4.26.0\u2033 _module_preset=\"default \" global_colors_info=\"{} \" custom_css_main_element_last_edited=\"on|tablet \" custom_css_main_element_tablet=\"||display: flex;||flex-direction: column-reverse; \" custom_css_main_element_phone=\"||display: flex;||flex-direction: column-reverse; \"][et_pb_column type=\"1_2\u2033 _builder_version=\"4.26.0\u2033 _module_preset=\"default \" background_color=\"#fafafa \" custom_padding=\"50px|30px|50px|30px|true|true \" custom_css_main_element=\"position: relative;||display: flex!important;||flex-wrap: wrap; \" global_colors_info=\"{} \"][et_pb_text _builder_version=\"4.26.0\u2033 _module_preset=\"default \" global_colors_info=\"{} \"]<\/p>\n<h2>CMG or Compl\u00e9ment de choix de mode de garde (childcare choice supplement)<\/h2>\n<p>[\/et_pb_text][et_pb_text _builder_version=\"4.26.0\u2033 _module_preset=\"default \" global_colors_info=\"{}\"]The CMG represents <strong style=\"color: #58b998;\">partial payment for the services of an approved childminder<\/strong>or a babysitting service in Rueil-Malmaison.<br \/>\nThe amount of the CMG varies according to your income, the age of your children and the number of children in your care. For example, for children aged 3 to 6, you can receive a minimum of \u20ac350.<\/p>\n<h3>The tax credit<\/h3>\n<p>This tax advantage is especially<strong style=\"color: #58b998;\"> for families employing a baby-sitter, nanny or parental auxiliary<\/strong>. Thanks to the tax credit, you can save up to 50 % on expenses relating to your <strong style=\"color: #58b998;\">childcare in Rueil-Malmaison<\/strong>.<br \/>\nYou don't have to worry about the paperwork, our team will take care of it for less stress and hassle.<\/p>\n<p>&nbsp;[\/et_pb_text][et_pb_button button_url=\"https:\/\/app.kidlee.fr\/inscription-famille \" button_text=\"Inscription \" button_alignment_tablet= \" \" button_alignment_phone=\"center \" button_alignment_last_edited=\"on|phone \" _builder_version=\"4.26.0\u2033 _module_preset=\"244c71b8-1bfe-4e4c-8ea1-94d5d84aaa5b \" button_text_size=\"15px \" custom_margin=\"|5px||5px|false|true \" custom_margin_tablet=\"20px|5px||5px|false|true \" custom_margin_phone=\"10px|16px||16px|false|true \" custom_margin_last_edited=\"on|phone \" custom_padding=\"15px|55px|15px|55px|true|true \" custom_padding_tablet=\"|70px||70px|true|true \" custom_padding_phone=\"|69px||69px|true|true \" custom_padding_last_edited=\"on|phone \" global_colors_info=\"{} \" button_text_color__hover_enabled=\"on|hover \"][\/et_pb_button][\/et_pb_column][et_pb_column type=\"1_2\u2033 _builder_version=\"4.26.0\u2033 _module_preset=\"default \" global_colors_info=\"{} \"][et_pb_image src= \"https:\/\/kidlee.fr\/wp-content\/uploads\/2024\/09\/enfant-parc.jpg \" title_text=\"enfant-parc\" _builder_version=\"4.26.0\u2033 _module_preset=\"default \" border_radii=\"on|10px|10px|10px|10px \" global_colors_info=\"{} \"][\/et_pb_image][\/et_pb_column][\/et_pb_row][et_pb_row _builder_version=\"4.26.0\u2033 _module_preset=\"default \" global_colors_info=\"{} \"][et_pb_column type=\"4_4\u2033 _builder_version=\"4.26.0\u2033 _module_preset=\"default \" global_colors_info=\"{} \"][\/et_pb_column][\/et_pb_row][et_pb_row column_structure=\"1_2,1_2\u2033 _builder_version=\"4.26.0\u2033 _module_preset=\"default \" background_color=\"rgba(77,102,153,0.14) \" min_height=\"586.3px \" custom_margin=\"||||false \" custom_padding=\"50px|40px|50px|40px|true|true \" border_radii=\"on|10px|10px|10px|10px \" global_colors_info=\"{}\"][et_pb_column type=\"1_2\u2033 _builder_version=\"4.26.0\u2033 _module_preset=\"default \" custom_padding=\"||||false|false \" global_colors_info=\"{}\"][et_pb_image src= \"https:\/\/kidlee.fr\/wp-content\/uploads\/2024\/07\/image-7.png \" title_text=\"image 7\u2033 align=\"center \" _builder_version=\"4.26.0\u2033 _module_preset=\"default \" custom_margin=\"16%||16%||true|false \" custom_css_main_element=\"width: 75% !important;\" global_colors_info=\"{} \"][\/et_pb_image][et_pb_image src= \"https:\/\/kidlee.fr\/wp-content\/uploads\/2024\/07\/image-5-2.png \" title_text=\"image 5 (2) \" _builder_version=\"4.26.0\u2033 _module_preset=\"default \" positioning=\"absolute \" width=\"100% \" custom_css_main_element=\"width: 50% !important; \" global_colors_info=\"{} \"][\/et_pb_image][et_pb_image src=\"https:\/\/kidlee.fr\/wp-content\/uploads\/2024\/07\/image-6.png \" title_text=\"image 6\u2033 align=\"right \" _builder_version=\"4.26.0\u2033 _module_preset=\"default \" positioning=\"absolute \" position_origin_a=\"bottom_right \" width=\"100% \" custom_css_main_element=\"width: 50% !important; \" global_colors_info=\"{} \"][\/et_pb_image][\/et_pb_column][et_pb_column type=\"1_2\u2033 _builder_version=\"4.26.0\u2033 _module_preset=\"default \" global_colors_info=\"{} \"][et_pb_text _builder_version=\"4.26.0\u2033 _module_preset=\"default \" global_colors_info=\"{} \"]<\/p>\n<h2>Become a babysitter in Levallois-Perret and work with confidence with Kidlee<\/h2>\n<p>[\/et_pb_text][et_pb_text _builder_version=\"4.26.0\u2033 _module_preset=\"default \" global_colors_info=\"{} \"]Are you looking for a job that will help you finance your studies or make ends meet? Do you live in the Levallois-Perret area? Getting started in <strong style=\"color: #58b998;\">babysitting in Levallois-Perret<\/strong> is an enriching experience that will enable you to spend several hours a day in contact with children.<br \/>\nWe are looking for <strong style=\"color: #58b998;\">trustworthy people who love children<\/strong> to meet all their needs. You'll be perfectly supervised by our teams, so that you can work in a fun and fulfilling environment.<br \/>\nYou will be placed with the family closest to your home. Your tasks will be planned, and you'll receive training and advice throughout your placement.<br \/>\nYou benefit from responsible rates for the entire duration of your contract. <strong style=\"color: #58b998;\">babysitting in Levallois-Perret<\/strong>.[\/et_pb_text][et_pb_button button_url=\"https:\/\/app.kidlee.fr\/inscription-famille \" button_text=\"Inscription \" button_alignment_tablet= \" \" button_alignment_phone=\"center \" button_alignment_last_edited=\"on|phone \" _builder_version=\"4.26.0\u2033 _module_preset=\"2d7d1ebb-8332-4de3-8e16-63333e1a3a96\u2033 button_text_size=\"15px \" custom_margin=\"|5px||5px|false|true \" custom_margin_tablet=\"20px|5px||5px|false|true \" custom_margin_phone=\"||0px||false|true \" custom_margin_last_edited=\"on|tablet \" custom_padding=\"15px|70px|15px|70px|true|true \" custom_padding_tablet=\"|70px||70px|true|true \" custom_padding_phone=\"|65px||65px|true|true \" custom_padding_last_edited=\"on|phone \" global_colors_info=\"{} \"][\/et_pb_button][\/et_pb_column][\/et_pb_row][et_pb_row _builder_version=\"4.26.0\u2033 _module_preset=\"default \" global_colors_info=\"{} \"][et_pb_column type=\"4_4\u2033 _builder_version=\"4.26.0\u2033 _module_preset=\"default \" global_colors_info=\"{} \"][\/et_pb_column][\/et_pb_row][\/et_pb_section]<\/p>\n<\/div>","protected":false},"excerpt":{"rendered":"<p>Babysitting Rueil-MalmaisonAll the good reasons to use Kidlee to find your babysitter in Rueil-MalmaisonRecovering children from school and kindergarten and then taking them to their extracurricular activities can be an obstacle course, especially if you work all day. Kidlee, the smart baby-sitting agency, has the solution. [...]<\/p>","protected":false},"author":23,"featured_media":0,"parent":0,"menu_order":0,"comment_status":"closed","ping_status":"closed","template":"","meta":{"_et_pb_use_builder":"on","_et_pb_old_content":"","_et_gb_content_width":"","_lmt_disableupdate":"no","_lmt_disable":"","footnotes":""},"yoast_head":"<!-- This site is optimized with the Yoast SEO plugin v23.3 - https:\/\/yoast.com\/wordpress\/plugins\/seo\/ -->\n<title>Baby-sitter Rueil-Malmaison : 3 raisons de faire appel \u00e0 Kidlee<\/title>\n<meta name=\"description\" content=\"Confiez d\u00e8s aujourd&#039;hui la garde de vos enfants \u00e0 Kidlee. Notre baby-sitter \u00e0 Rueil-Malmaison vous propose des services de qualit\u00e9.\" \/>\n<meta name=\"robots\" content=\"index, follow, max-snippet:-1, max-image-preview:large, max-video-preview:-1\" \/>\n<link rel=\"canonical\" href=\"https:\/\/kidlee.fr\/en\/baby-sitter-Rueil-Malmaison-3-raisons-de-faire-appel-\u00e0-kidlee\/\" \/>\n<meta property=\"og:locale\" content=\"en_US\" \/>\n<meta property=\"og:type\" content=\"article\" \/>\n<meta property=\"og:title\" content=\"Baby-sitter Rueil-Malmaison : 3 raisons de faire appel \u00e0 Kidlee\" \/>\n<meta property=\"og:description\" content=\"Confiez d\u00e8s aujourd&#039;hui la garde de vos enfants \u00e0 Kidlee. Notre baby-sitter \u00e0 Rueil-Malmaison vous propose des services de qualit\u00e9.\" \/>\n<meta property=\"og:url\" content=\"https:\/\/kidlee.fr\/en\/baby-sitter-Rueil-Malmaison-3-raisons-de-faire-appel-\u00e0-kidlee\/\" \/>\n<meta property=\"og:site_name\" content=\"Kidlee | Garde d&#039;enfants de plus de 3 ans en \u00cele-de-France\" \/>\n<meta property=\"article:publisher\" content=\"https:\/\/www.facebook.com\/kidleeFR\" \/>\n<meta property=\"article:modified_time\" content=\"2024-11-03T21:19:17+00:00\" \/>\n<meta property=\"og:image\" content=\"https:\/\/kidlee.fr\/wp-content\/uploads\/2024\/08\/images-1.jpg\" \/>\n\t<meta property=\"og:image:width\" content=\"1200\" \/>\n\t<meta property=\"og:image:height\" content=\"675\" \/>\n\t<meta property=\"og:image:type\" content=\"image\/jpeg\" \/>\n<meta name=\"twitter:card\" content=\"summary_large_image\" \/>\n<meta name=\"twitter:site\" content=\"@Kidlee_fr\" \/>\n<meta name=\"twitter:label1\" content=\"Est. reading time\" \/>\n\t<meta name=\"twitter:data1\" content=\"4 minutes\" \/>\n<script type=\"application\/ld+json\" class=\"yoast-schema-graph\">{\"@context\":\"https:\/\/schema.org\",\"@graph\":[{\"@type\":\"WebPage\",\"@id\":\"https:\/\/kidlee.fr\/baby-sitter-rueil-malmaison-3-raisons-de-faire-appel-a-kidlee\/\",\"url\":\"https:\/\/kidlee.fr\/baby-sitter-Rueil-Malmaison-3-raisons-de-faire-appel-%c3%a0-kidlee\/\",\"name\":\"Baby-sitter Rueil-Malmaison : 3 raisons de faire appel \u00e0 Kidlee\",\"isPartOf\":{\"@id\":\"https:\/\/kidlee.fr\/#website\"},\"datePublished\":\"2024-09-10T08:10:46+00:00\",\"dateModified\":\"2024-11-03T21:19:17+00:00\",\"description\":\"Confiez d\u00e8s aujourd'hui la garde de vos enfants \u00e0 Kidlee. Notre baby-sitter \u00e0 Rueil-Malmaison vous propose des services de qualit\u00e9.\",\"breadcrumb\":{\"@id\":\"https:\/\/kidlee.fr\/baby-sitter-Rueil-Malmaison-3-raisons-de-faire-appel-%c3%a0-kidlee\/#breadcrumb\"},\"inLanguage\":\"en-US\",\"potentialAction\":[{\"@type\":\"ReadAction\",\"target\":[\"https:\/\/kidlee.fr\/baby-sitter-Rueil-Malmaison-3-raisons-de-faire-appel-%c3%a0-kidlee\/\"]}]},{\"@type\":\"BreadcrumbList\",\"@id\":\"https:\/\/kidlee.fr\/baby-sitter-Rueil-Malmaison-3-raisons-de-faire-appel-%c3%a0-kidlee\/#breadcrumb\",\"itemListElement\":[{\"@type\":\"ListItem\",\"position\":1,\"name\":\"Accueil\",\"item\":\"https:\/\/kidlee.fr\/\"},{\"@type\":\"ListItem\",\"position\":2,\"name\":\"Rueil-Malmaison\"}]},{\"@type\":\"WebSite\",\"@id\":\"https:\/\/kidlee.fr\/#website\",\"url\":\"https:\/\/kidlee.fr\/\",\"name\":\"Kidlee | Garde d&#039;enfants de plus de 3 ans en \u00cele-de-France\",\"description\":\"Le baby-sitting intelligent qui fait progresser les enfants !\",\"publisher\":{\"@id\":\"https:\/\/kidlee.fr\/#organization\"},\"potentialAction\":[{\"@type\":\"SearchAction\",\"target\":{\"@type\":\"EntryPoint\",\"urlTemplate\":\"https:\/\/kidlee.fr\/?s={search_term_string}\"},\"query-input\":\"required name=search_term_string\"}],\"inLanguage\":\"en-US\"},{\"@type\":\"Organization\",\"@id\":\"https:\/\/kidlee.fr\/#organization\",\"name\":\"Kidlee, SAS.\",\"url\":\"https:\/\/kidlee.fr\/\",\"logo\":{\"@type\":\"ImageObject\",\"inLanguage\":\"en-US\",\"@id\":\"https:\/\/kidlee.fr\/#\/schema\/logo\/image\/\",\"url\":\"https:\/\/kidlee.fr\/wp-content\/uploads\/2020\/06\/Kidlee_logo_2020.svg\",\"contentUrl\":\"https:\/\/kidlee.fr\/wp-content\/uploads\/2020\/06\/Kidlee_logo_2020.svg\",\"width\":300,\"height\":79,\"caption\":\"Kidlee, SAS.\"},\"image\":{\"@id\":\"https:\/\/kidlee.fr\/#\/schema\/logo\/image\/\"},\"sameAs\":[\"https:\/\/www.facebook.com\/kidleeFR\",\"https:\/\/x.com\/Kidlee_fr\",\"https:\/\/www.instagram.com\/kidlee_fr\/\",\"https:\/\/www.linkedin.com\/company\/kidlee-fr\",\"https:\/\/www.youtube.com\/channel\/UCt4hFqrRHEHOMghdOLmyzjg\"]}]}<\/script>\n<!-- \/ Yoast SEO plugin. -->","yoast_head_json":{"title":"Baby-sitter Rueil-Malmaison : 3 raisons de faire appel \u00e0 Kidlee","description":"Confiez d\u00e8s aujourd'hui la garde de vos enfants \u00e0 Kidlee. Notre baby-sitter \u00e0 Rueil-Malmaison vous propose des services de qualit\u00e9.","robots":{"index":"index","follow":"follow","max-snippet":"max-snippet:-1","max-image-preview":"max-image-preview:large","max-video-preview":"max-video-preview:-1"},"canonical":"https:\/\/kidlee.fr\/en\/baby-sitter-Rueil-Malmaison-3-raisons-de-faire-appel-\u00e0-kidlee\/","og_locale":"en_US","og_type":"article","og_title":"Baby-sitter Rueil-Malmaison : 3 raisons de faire appel \u00e0 Kidlee","og_description":"Confiez d\u00e8s aujourd'hui la garde de vos enfants \u00e0 Kidlee. Notre baby-sitter \u00e0 Rueil-Malmaison vous propose des services de qualit\u00e9.","og_url":"https:\/\/kidlee.fr\/en\/baby-sitter-Rueil-Malmaison-3-raisons-de-faire-appel-\u00e0-kidlee\/","og_site_name":"Kidlee | Garde d&#039;enfants de plus de 3 ans en \u00cele-de-France","article_publisher":"https:\/\/www.facebook.com\/kidleeFR","article_modified_time":"2024-11-03T21:19:17+00:00","og_image":[{"width":1200,"height":675,"url":"https:\/\/kidlee.fr\/wp-content\/uploads\/2024\/08\/images-1.jpg","type":"image\/jpeg"}],"twitter_card":"summary_large_image","twitter_site":"@Kidlee_fr","twitter_misc":{"Est. reading time":"4 minutes"},"schema":{"@context":"https:\/\/schema.org","@graph":[{"@type":"WebPage","@id":"https:\/\/kidlee.fr\/baby-sitter-rueil-malmaison-3-raisons-de-faire-appel-a-kidlee\/","url":"https:\/\/kidlee.fr\/baby-sitter-Rueil-Malmaison-3-raisons-de-faire-appel-%c3%a0-kidlee\/","name":"Baby-sitter Rueil-Malmaison : 3 raisons de faire appel \u00e0 Kidlee","isPartOf":{"@id":"https:\/\/kidlee.fr\/#website"},"datePublished":"2024-09-10T08:10:46+00:00","dateModified":"2024-11-03T21:19:17+00:00","description":"Confiez d\u00e8s aujourd'hui la garde de vos enfants \u00e0 Kidlee. Notre baby-sitter \u00e0 Rueil-Malmaison vous propose des services de qualit\u00e9.","breadcrumb":{"@id":"https:\/\/kidlee.fr\/baby-sitter-Rueil-Malmaison-3-raisons-de-faire-appel-%c3%a0-kidlee\/#breadcrumb"},"inLanguage":"en-US","potentialAction":[{"@type":"ReadAction","target":["https:\/\/kidlee.fr\/baby-sitter-Rueil-Malmaison-3-raisons-de-faire-appel-%c3%a0-kidlee\/"]}]},{"@type":"BreadcrumbList","@id":"https:\/\/kidlee.fr\/baby-sitter-Rueil-Malmaison-3-raisons-de-faire-appel-%c3%a0-kidlee\/#breadcrumb","itemListElement":[{"@type":"ListItem","position":1,"name":"Accueil","item":"https:\/\/kidlee.fr\/"},{"@type":"ListItem","position":2,"name":"Rueil-Malmaison"}]},{"@type":"WebSite","@id":"https:\/\/kidlee.fr\/#website","url":"https:\/\/kidlee.fr\/","name":"Kidlee | Garde d&#039;enfants de plus de 3 ans en \u00cele-de-France","description":"Le baby-sitting intelligent qui fait progresser les enfants !","publisher":{"@id":"https:\/\/kidlee.fr\/#organization"},"potentialAction":[{"@type":"SearchAction","target":{"@type":"EntryPoint","urlTemplate":"https:\/\/kidlee.fr\/?s={search_term_string}"},"query-input":"required name=search_term_string"}],"inLanguage":"en-US"},{"@type":"Organization","@id":"https:\/\/kidlee.fr\/#organization","name":"Kidlee, SAS.","url":"https:\/\/kidlee.fr\/","logo":{"@type":"ImageObject","inLanguage":"en-US","@id":"https:\/\/kidlee.fr\/#\/schema\/logo\/image\/","url":"https:\/\/kidlee.fr\/wp-content\/uploads\/2020\/06\/Kidlee_logo_2020.svg","contentUrl":"https:\/\/kidlee.fr\/wp-content\/uploads\/2020\/06\/Kidlee_logo_2020.svg","width":300,"height":79,"caption":"Kidlee, SAS."},"image":{"@id":"https:\/\/kidlee.fr\/#\/schema\/logo\/image\/"},"sameAs":["https:\/\/www.facebook.com\/kidleeFR","https:\/\/x.com\/Kidlee_fr","https:\/\/www.instagram.com\/kidlee_fr\/","https:\/\/www.linkedin.com\/company\/kidlee-fr","https:\/\/www.youtube.com\/channel\/UCt4hFqrRHEHOMghdOLmyzjg"]}]}},"_links":{"self":[{"href":"https:\/\/kidlee.fr\/en\/wp-json\/wp\/v2\/pages\/244442"}],"collection":[{"href":"https:\/\/kidlee.fr\/en\/wp-json\/wp\/v2\/pages"}],"about":[{"href":"https:\/\/kidlee.fr\/en\/wp-json\/wp\/v2\/types\/page"}],"author":[{"embeddable":true,"href":"https:\/\/kidlee.fr\/en\/wp-json\/wp\/v2\/users\/23"}],"replies":[{"embeddable":true,"href":"https:\/\/kidlee.fr\/en\/wp-json\/wp\/v2\/comments?post=244442"}],"version-history":[{"count":0,"href":"https:\/\/kidlee.fr\/en\/wp-json\/wp\/v2\/pages\/244442\/revisions"}],"wp:attachment":[{"href":"https:\/\/kidlee.fr\/en\/wp-json\/wp\/v2\/media?parent=244442"}],"curies":[{"name":"wp","href":"https:\/\/api.w.org\/{rel}","templated":true}]}}