{"id":244437,"date":"2024-09-06T12:40:38","date_gmt":"2024-09-06T10:40:38","guid":{"rendered":"https:\/\/kidlee.fr\/?page_id=244437"},"modified":"2024-11-03T22:20:55","modified_gmt":"2024-11-03T21:20:55","slug":"baby-sitting-asnieres-sur-seine-kidlee-repond-a-vos-besoins","status":"publish","type":"page","link":"https:\/\/kidlee.fr\/en\/baby-sitting-asnieres-sur-seine-kidlee-repond-a-vos-besoins\/","title":{"rendered":"Baby-sitting Asni\u00e8res-sur-Seine"},"content":{"rendered":"<div id=\"bsf_rt_marker\"><p>[et_pb_section fb_built=\"1\u2033 _builder_version=\"4.26.0\u2033 _module_preset=\"default \" da_disable_devices=\"off|off|off \" global_colors_info=\"{} \" da_is_popup=\"off \" da_exit_intent=\"off \" da_has_close=\"on \" da_alt_close=\"off \" da_dark_close=\"off \" da_not_modal=\"on \" da_is_singular=\"off \" da_with_loader=\"off \" da_has_shadow=\"on \"][et_pb_row column_structure=\"1_2,1_2\u2033 module_class=\"reverse \" _builder_version=\"4.26.0\u2033 _module_preset=\"default \" min_height=\"503.6px \" custom_margin=\"-33px|auto||auto|| \" custom_padding=\"0px||||| \" global_colors_info=\"{} \" custom_css_main_element_last_edited=\"on|tablet \" custom_css_main_element_tablet=\"display: flex;||flex-direction: column-reverse; \" custom_css_main_element_phone=\"display: flex;||flex-direction: column-reverse; \"][et_pb_column type=\"1_2\u2033 _builder_version=\"4.26.0\u2033 _module_preset=\"default \" custom_css_main_element=\"display: flex!important;||flex-wrap: wrap; \" global_colors_info=\"{}\" custom_css_main_element_last_edited=\"on|phone\" custom_css_main_element_phone=\"display: initial; \" custom_css_main_element_tablet=\"display: initial; \"][et_pb_text _builder_version=\"4.26.0\u2033 _module_preset=\"default \" global_colors_info=\"{}\"]<\/p>\n<h1>Baby-sitting Asni\u00e8res-sur-Seine<\/h1>\n<p>[\/et_pb_text][et_pb_text _builder_version=\"4.26.0\u2033 _module_preset=\"default \" global_colors_info=\"{} \"]<\/p>\n<h2 style=\"font-size: 24px;\">Why choose babysitting services in Asni\u00e8res-sur-Seine?<\/h2>\n<p>[\/et_pb_text][et_pb_text _builder_version=\"4.26.0\u2033 _module_preset=\"default \" global_colors_info=\"{}\"]Kidlee is an agency specializing in intelligent childcare, offering services from <strong style=\"color: #58b998;\">babysitting in Asni\u00e8res-sur-Seine<\/strong> and other towns in the Paris region. Like all busy parents, looking after the kids while you're working is an impossible task[\/et_pb_text][et_pb_button button_url=\"https:\/\/app.kidlee.fr\/inscription-famille \" button_text=\"Inscription\" button_alignment_tablet=\"center \" button_alignment_phone=\"center \" button_alignment_last_edited=\"on|phone \" _builder_version=\"4.26.0\u2033 _module_preset=\"2d7d1ebb-8332-4de3-8e16-63333e1a3a96\u2033 button_text_size=\"15px \" custom_margin=\"|5px||5px|false|true \" custom_margin_tablet=\"20px|5px||5px|false|true \" custom_margin_phone=\"||0px||false|true \" custom_margin_last_edited=\"on|tablet \" custom_padding=\"15px|70px|15px|70px|true|true \" custom_padding_tablet=\"||||true|true \" custom_padding_phone=\"|110px||110px|true|true \" custom_padding_last_edited=\"on|phone \" custom_css_main_element=\"width: 100%; \" global_colors_info=\"{} \"][\/et_pb_button][et_pb_button button_url=\"https:\/\/kidlee.fr\/devis-babysitting-gratuit\/\" button_text=\"Je demande un devis \" button_alignment_tablet= \" \" button_alignment_phone= \" \" button_alignment_last_edited=\"on|phone \" _builder_version=\"4.26.0\u2033 _module_preset=\"244c71b8-1bfe-4e4c-8ea1-94d5d84aaa5b \" button_text_size=\"15px \" custom_margin=\"|5px||5px|false|true \" custom_margin_tablet=\"20px|5px||5px|false|true \" custom_margin_phone=\"10px||||false|true \" custom_margin_last_edited=\"on|phone \" custom_padding= \"15px|45px|15px|45px|true|true\" custom_padding_tablet=\"|70px||70px|true|true\" custom_padding_phone=\"|0px||0px|true|true\" custom_padding_last_edited=\"on|phone\" hover_enabled=\"0\u2033 custom_css_main_element=\"width: 100%; \" global_colors_info=\"{} \" button_text_color__hover_enabled=\"on|hover \" sticky_enabled=\"0\u2033][\/et_pb_button][\/et_pb_column][et_pb_column type=\"1_2\u2033 _builder_version=\"4.26.0\u2033 _module_preset=\"default \" global_colors_info=\"{} \"][et_pb_image src= \"https:\/\/kidlee.fr\/wp-content\/uploads\/2024\/09\/Enfants-jouant-au-parc.jpg \" title_text=\"Children playing in the park\" _builder_version=\"4.26.0\u2033 _module_preset=\"default \" border_radii=\"on|10px|10px|10px|10px \" global_colors_info=\"{} \"][\/et_pb_image][\/et_pb_column][\/et_pb_row][et_pb_row _builder_version=\"4.26.0\u2033 _module_preset=\"default \" global_colors_info=\"{} \"][et_pb_column type=\"4_4\u2033 _builder_version=\"4.26.0\u2033 _module_preset=\"default \" global_colors_info=\"{} \"][et_pb_text _builder_version=\"4.26.0\u2033 _module_preset=\"default \" global_colors_info=\"{} \"]<\/p>\n<p style=\"text-align: center;\">With Kidlee, you'll be able to entrust your children to a trusted and experienced caregiver. If you're looking for a childcare solution for your little ones, we've got the smart childcare solution. In this age of technology and screens for all ages, we focus on <strong style=\"color: #58b998;\">a gentle method based on learning and children's autonomy<\/strong>.<\/p>\n<p style=\"text-align: center;\">As soon as your child is picked up, he or she will be able to take part in fun activities or learn a foreign language in the company of their babysitter in Asni\u00e8res-sur-Seine. With Kidlee, you can be sure that you've made the right choice for a top-quality service. <strong style=\"color: #58b998;\">babysitting in Asni\u00e8res-sur-Seine<\/strong> and quality.<\/p>\n<p style=\"text-align: center;\">We take care of our brand image, which is why our nannies in Asni\u00e8res-sur-Seine are recruited according to well-defined selection criteria and entrusted to your family according to the personalized needs required. We also make every effort to find a <strong style=\"color: #58b998;\">baby-sitter in Asni\u00e8res-sur-Seine<\/strong> nearest to you.<\/p>\n<p>[\/et_pb_text][\/et_pb_column][\/et_pb_row][et_pb_row column_structure=\"1_2,1_2\u2033 _builder_version=\"4.26.0\u2033 _module_preset=\"default \" global_colors_info=\"{} \"][et_pb_column type=\"1_2\u2033 _builder_version=\"4.26.0\u2033 _module_preset=\"default \" global_colors_info=\"{} \"][et_pb_image src= \"https:\/\/kidlee.fr\/wp-content\/uploads\/2024\/09\/Enfant-ecole-de-foot.jpg \" title_text=\"Soccer School Child\" _builder_version=\"4.26.0\u2033 _module_preset=\"default \" border_radii=\"on|10px|10px|10px|10px \" global_colors_info=\"{} \"][\/et_pb_image][\/et_pb_column][et_pb_column type=\"1_2\u2033 _builder_version=\"4.26.0\u2033 _module_preset=\"default \" background_color=\"#fafafa \" custom_padding=\"50px|15px|50px|15px|true|true \" custom_css_main_element=\"position: relative;||display: flex!important;||flex-wrap: wrap; \" global_colors_info=\"{} \"][et_pb_text _builder_version=\"4.26.0\u2033 _module_preset=\"default \" global_colors_info=\"{} \"]<\/p>\n<h2>A nanny for de<\/h2>\n<h2>after-school care<\/h2>\n<p>[\/et_pb_text][et_pb_image src= \"https:\/\/kidlee.fr\/wp-content\/uploads\/2024\/07\/shape-1.png \" title_text=\"shape (1) \" align=\"right \" _builder_version=\"4.26.0\u2033 _module_preset=\"default \" positioning=\"absolute \" position_origin_a=\"top_right \" vertical_offset=\"-17px \" width=\"100% \" custom_margin=\"0px|0px|0px|0px|true|true \" custom_padding=\"0px|0px|0px|0px|true|true \" custom_css_main_element=\"position: absolute; \" global_colors_info=\"{} \"][\/et_pb_image][et_pb_text _builder_version=\"4.26.0\u2033 _module_preset=\"default \" global_colors_info=\"{} \"]Want to know how exactly the <strong style=\"color: #58b998;\">babysitting in Asni\u00e8res-sur-Seine<\/strong> with Kidlee? Our <strong style=\"color: #58b998;\">baby-sitter in Asni\u00e8res-sur-Seine<\/strong> is dedicated to meeting your child's care and needs in all spheres of development.<br \/>\nOur <strong style=\"color: #58b998;\">nanny in Asni\u00e8res-sur-Seine<\/strong>In addition to being caring and patient, she has many strings to her bow, and has a solid babysitting background that we have provided.<br \/>\nOur professionals <strong style=\"color: #58b998;\">take care of your children from A to Z during your absence<\/strong>. You won't have to go looking for a third party who's not always available to pick up your little ones from school or kindergarten. Kidlee takes care of everything.<br \/>\nOur baby-sitters will accompany your child to after-school activities such as sports, art or music lessons. If your child is not enrolled in extracurricular activities, don't panic. Your child will be able to take his mind off things. Our babysitter in Asni\u00e8res-sur-Seine will take him to the park near the school or to the library[\/et_pb_text][et_pb_button button_url=\"https:\/\/app.kidlee.fr\/inscription-famille \" button_text=\"Inscription \" button_alignment_tablet= \" \" button_alignment_phone=\"center \" button_alignment_last_edited=\"on|phone \" _builder_version=\"4.26.0\u2033 _module_preset=\"244c71b8-1bfe-4e4c-8ea1-94d5d84aaa5b \" button_text_size=\"15px \" custom_margin=\"|5px||5px|false|true \" custom_margin_tablet=\"20px|5px||5px|false|true \" custom_margin_phone=\"10px|16px||16px|false|true \" custom_margin_last_edited=\"on|phone \" custom_padding=\"15px|55px|15px|55px|true|true \" custom_padding_tablet=\"|70px||70px|true|true \" custom_padding_phone=\"|69px||69px|true|true \" custom_padding_last_edited=\"on|phone \" global_colors_info=\"{} \" button_text_color__hover_enabled=\"on|hover \"][\/et_pb_button][\/et_pb_column][\/et_pb_row][et_pb_row column_structure=\"1_2,1_2\u2033 _builder_version=\"4.26.0\u2033 _module_preset=\"default \" global_colors_info=\"{} \" custom_css_main_element_last_edited=\"on|tablet \" custom_css_main_element_tablet=\"||display: flex;||flex-direction: column-reverse; \" custom_css_main_element_phone=\"||display: flex;||flex-direction: column-reverse; \"][et_pb_column type=\"1_2\u2033 _builder_version=\"4.26.0\u2033 _module_preset=\"default \" background_color=\"#fafafa \" custom_padding=\"50px|30px|50px|30px|true|true \" custom_css_main_element=\"position: relative;||display: flex!important;||flex-wrap: wrap;\" global_colors_info=\"{}\"][et_pb_text _builder_version=\"4.26.0\u2033 _module_preset=\"default \" global_colors_info=\"{} \"]Once at home, our nanny will see to the preparation of your child's snack before helping him with his homework. This is an important step, as your child will be able to count on our <strong style=\"color: #58b998;\">baby-sitter in Asni\u00e8res-sur-Seine<\/strong> if they encounter any problems with their exercises. Your child will feel more confident about homework and school, whatever their level. Our baby-sitters are recruited with a homework test to help your child through the school curriculum.<br \/>\nFun games will round off the day.<br \/>\nComing home late? Our baby-sitter will prepare dinner and wash your child until you return.<br \/>\nWith Kidlee, babysitting has never been so much fun[\/et_pb_text][et_pb_button button_url=\"https:\/\/app.kidlee.fr\/inscription-famille \" button_text=\"Inscription \" button_alignment_tablet= \" \" button_alignment_phone=\"center \" button_alignment_last_edited=\"on|phone \" _builder_version=\"4.26.0\u2033 _module_preset=\"244c71b8-1bfe-4e4c-8ea1-94d5d84aaa5b \" button_text_size=\"15px \" custom_margin=\"|5px||5px|false|true \" custom_margin_tablet=\"20px|5px||5px|false|true \" custom_margin_phone=\"10px|16px||16px|false|true \" custom_margin_last_edited=\"on|phone \" custom_padding=\"15px|55px|15px|55px|true|true \" custom_padding_tablet=\"|70px||70px|true|true \" custom_padding_phone=\"|69px||69px|true|true \" custom_padding_last_edited=\"on|phone \" global_colors_info=\"{} \" button_text_color__hover_enabled=\"on|hover \"][\/et_pb_button][\/et_pb_column][et_pb_column type=\"1_2\u2033 _builder_version=\"4.26.0\u2033 _module_preset=\"default \" global_colors_info=\"{} \"][et_pb_image src= \"https:\/\/kidlee.fr\/wp-content\/uploads\/2024\/09\/Petite-fille-qui-fait-ses-devoirs.jpg \" title_text=\"Little girl doing her homework\" _builder_version=\"4.26.0\u2033 _module_preset=\"default \" border_radii=\"on|10px|10px|10px|10px \" global_colors_info=\"{} \"][\/et_pb_image][\/et_pb_column][\/et_pb_row][et_pb_row _builder_version=\"4.26.0\u2033 _module_preset=\"default \" global_colors_info=\"{} \"][et_pb_column type=\"4_4\u2033 _builder_version=\"4.26.0\u2033 _module_preset=\"default \" global_colors_info=\"{} \"][\/et_pb_column][\/et_pb_row][et_pb_row _builder_version=\"4.26.0\u2033 _module_preset=\"default \" global_colors_info=\"{} \"][et_pb_column type=\"4_4\u2033 _builder_version=\"4.26.0\u2033 _module_preset=\"default \" global_colors_info=\"{} \"][\/et_pb_column][\/et_pb_row][\/et_pb_section]<\/p>\n<\/div>","protected":false},"excerpt":{"rendered":"<p>Baby-sitting Asni\u00e8res-sur-SeineWhy opt for baby-sitting services in Asni\u00e8res-sur-Seine? Kidlee is an agency specializing in intelligent childcare, offering baby-sitting services in Asni\u00e8res-sur-Seine and other towns in the Paris region. Like all busy parents, looking after children while you're at work is an impossible task, so with Kidlee, you can entrust your children to the care of [...]<\/p>","protected":false},"author":23,"featured_media":0,"parent":0,"menu_order":0,"comment_status":"closed","ping_status":"closed","template":"","meta":{"_et_pb_use_builder":"on","_et_pb_old_content":"","_et_gb_content_width":"","_lmt_disableupdate":"no","_lmt_disable":"","footnotes":""},"yoast_head":"<!-- This site is optimized with the Yoast SEO plugin v23.3 - https:\/\/yoast.com\/wordpress\/plugins\/seo\/ -->\n<title>Baby-sitting Asni\u00e8res-sur-Seine &#8211; Kidlee | Garde d&#039;enfants de plus de 3 ans en \u00cele-de-France<\/title>\n<meta name=\"description\" content=\"Recherchez-vous un professionnel du baby-sitting \u00e0 Asni\u00e8res-sur-Seine ? Kidlee vous trouve la personne qu&#039;il vous faut en quelques clics.\" \/>\n<meta name=\"robots\" content=\"index, follow, max-snippet:-1, max-image-preview:large, max-video-preview:-1\" \/>\n<link rel=\"canonical\" href=\"https:\/\/kidlee.fr\/en\/baby-sitting-asnieres-sur-seine-kidlee-repond-a-vos-besoins\/\" \/>\n<meta property=\"og:locale\" content=\"en_US\" \/>\n<meta property=\"og:type\" content=\"article\" \/>\n<meta property=\"og:title\" content=\"Baby-sitting Asni\u00e8res-sur-Seine &#8211; Kidlee | Garde d&#039;enfants de plus de 3 ans en \u00cele-de-France\" \/>\n<meta property=\"og:description\" content=\"Recherchez-vous un professionnel du baby-sitting \u00e0 Asni\u00e8res-sur-Seine ? Kidlee vous trouve la personne qu&#039;il vous faut en quelques clics.\" \/>\n<meta property=\"og:url\" content=\"https:\/\/kidlee.fr\/en\/baby-sitting-asnieres-sur-seine-kidlee-repond-a-vos-besoins\/\" \/>\n<meta property=\"og:site_name\" content=\"Kidlee | Garde d&#039;enfants de plus de 3 ans en \u00cele-de-France\" \/>\n<meta property=\"article:publisher\" content=\"https:\/\/www.facebook.com\/kidleeFR\" \/>\n<meta property=\"article:modified_time\" content=\"2024-11-03T21:20:55+00:00\" \/>\n<meta property=\"og:image\" content=\"https:\/\/kidlee.fr\/wp-content\/uploads\/2024\/08\/images-1.jpg\" \/>\n\t<meta property=\"og:image:width\" content=\"1200\" \/>\n\t<meta property=\"og:image:height\" content=\"675\" \/>\n\t<meta property=\"og:image:type\" content=\"image\/jpeg\" \/>\n<meta name=\"twitter:card\" content=\"summary_large_image\" \/>\n<meta name=\"twitter:site\" content=\"@Kidlee_fr\" \/>\n<meta name=\"twitter:label1\" content=\"Est. reading time\" \/>\n\t<meta name=\"twitter:data1\" content=\"4 minutes\" \/>\n<script type=\"application\/ld+json\" class=\"yoast-schema-graph\">{\"@context\":\"https:\/\/schema.org\",\"@graph\":[{\"@type\":\"WebPage\",\"@id\":\"https:\/\/kidlee.fr\/baby-sitting-asnieres-sur-seine-kidlee-repond-a-vos-besoins\/\",\"url\":\"https:\/\/kidlee.fr\/baby-sitting-asnieres-sur-seine-kidlee-repond-a-vos-besoins\/\",\"name\":\"Baby-sitting Asni\u00e8res-sur-Seine &#8211; Kidlee | Garde d&#039;enfants de plus de 3 ans en \u00cele-de-France\",\"isPartOf\":{\"@id\":\"https:\/\/kidlee.fr\/#website\"},\"datePublished\":\"2024-09-06T10:40:38+00:00\",\"dateModified\":\"2024-11-03T21:20:55+00:00\",\"description\":\"Recherchez-vous un professionnel du baby-sitting \u00e0 Asni\u00e8res-sur-Seine ? Kidlee vous trouve la personne qu'il vous faut en quelques clics.\",\"breadcrumb\":{\"@id\":\"https:\/\/kidlee.fr\/baby-sitting-asnieres-sur-seine-kidlee-repond-a-vos-besoins\/#breadcrumb\"},\"inLanguage\":\"en-US\",\"potentialAction\":[{\"@type\":\"ReadAction\",\"target\":[\"https:\/\/kidlee.fr\/baby-sitting-asnieres-sur-seine-kidlee-repond-a-vos-besoins\/\"]}]},{\"@type\":\"BreadcrumbList\",\"@id\":\"https:\/\/kidlee.fr\/baby-sitting-asnieres-sur-seine-kidlee-repond-a-vos-besoins\/#breadcrumb\",\"itemListElement\":[{\"@type\":\"ListItem\",\"position\":1,\"name\":\"Accueil\",\"item\":\"https:\/\/kidlee.fr\/\"},{\"@type\":\"ListItem\",\"position\":2,\"name\":\"Levallois-Perret\"}]},{\"@type\":\"WebSite\",\"@id\":\"https:\/\/kidlee.fr\/#website\",\"url\":\"https:\/\/kidlee.fr\/\",\"name\":\"Kidlee | Garde d&#039;enfants de plus de 3 ans en \u00cele-de-France\",\"description\":\"Le baby-sitting intelligent qui fait progresser les enfants !\",\"publisher\":{\"@id\":\"https:\/\/kidlee.fr\/#organization\"},\"potentialAction\":[{\"@type\":\"SearchAction\",\"target\":{\"@type\":\"EntryPoint\",\"urlTemplate\":\"https:\/\/kidlee.fr\/?s={search_term_string}\"},\"query-input\":\"required name=search_term_string\"}],\"inLanguage\":\"en-US\"},{\"@type\":\"Organization\",\"@id\":\"https:\/\/kidlee.fr\/#organization\",\"name\":\"Kidlee, SAS.\",\"url\":\"https:\/\/kidlee.fr\/\",\"logo\":{\"@type\":\"ImageObject\",\"inLanguage\":\"en-US\",\"@id\":\"https:\/\/kidlee.fr\/#\/schema\/logo\/image\/\",\"url\":\"https:\/\/kidlee.fr\/wp-content\/uploads\/2020\/06\/Kidlee_logo_2020.svg\",\"contentUrl\":\"https:\/\/kidlee.fr\/wp-content\/uploads\/2020\/06\/Kidlee_logo_2020.svg\",\"width\":300,\"height\":79,\"caption\":\"Kidlee, SAS.\"},\"image\":{\"@id\":\"https:\/\/kidlee.fr\/#\/schema\/logo\/image\/\"},\"sameAs\":[\"https:\/\/www.facebook.com\/kidleeFR\",\"https:\/\/x.com\/Kidlee_fr\",\"https:\/\/www.instagram.com\/kidlee_fr\/\",\"https:\/\/www.linkedin.com\/company\/kidlee-fr\",\"https:\/\/www.youtube.com\/channel\/UCt4hFqrRHEHOMghdOLmyzjg\"]}]}<\/script>\n<!-- \/ Yoast SEO plugin. -->","yoast_head_json":{"title":"Baby-sitting Asni\u00e8res-sur-Seine &#8211; Kidlee | Garde d&#039;enfants de plus de 3 ans en \u00cele-de-France","description":"Recherchez-vous un professionnel du baby-sitting \u00e0 Asni\u00e8res-sur-Seine ? Kidlee vous trouve la personne qu'il vous faut en quelques clics.","robots":{"index":"index","follow":"follow","max-snippet":"max-snippet:-1","max-image-preview":"max-image-preview:large","max-video-preview":"max-video-preview:-1"},"canonical":"https:\/\/kidlee.fr\/en\/baby-sitting-asnieres-sur-seine-kidlee-repond-a-vos-besoins\/","og_locale":"en_US","og_type":"article","og_title":"Baby-sitting Asni\u00e8res-sur-Seine &#8211; Kidlee | Garde d&#039;enfants de plus de 3 ans en \u00cele-de-France","og_description":"Recherchez-vous un professionnel du baby-sitting \u00e0 Asni\u00e8res-sur-Seine ? Kidlee vous trouve la personne qu'il vous faut en quelques clics.","og_url":"https:\/\/kidlee.fr\/en\/baby-sitting-asnieres-sur-seine-kidlee-repond-a-vos-besoins\/","og_site_name":"Kidlee | Garde d&#039;enfants de plus de 3 ans en \u00cele-de-France","article_publisher":"https:\/\/www.facebook.com\/kidleeFR","article_modified_time":"2024-11-03T21:20:55+00:00","og_image":[{"width":1200,"height":675,"url":"https:\/\/kidlee.fr\/wp-content\/uploads\/2024\/08\/images-1.jpg","type":"image\/jpeg"}],"twitter_card":"summary_large_image","twitter_site":"@Kidlee_fr","twitter_misc":{"Est. reading time":"4 minutes"},"schema":{"@context":"https:\/\/schema.org","@graph":[{"@type":"WebPage","@id":"https:\/\/kidlee.fr\/baby-sitting-asnieres-sur-seine-kidlee-repond-a-vos-besoins\/","url":"https:\/\/kidlee.fr\/baby-sitting-asnieres-sur-seine-kidlee-repond-a-vos-besoins\/","name":"Baby-sitting Asni\u00e8res-sur-Seine &#8211; Kidlee | Garde d&#039;enfants de plus de 3 ans en \u00cele-de-France","isPartOf":{"@id":"https:\/\/kidlee.fr\/#website"},"datePublished":"2024-09-06T10:40:38+00:00","dateModified":"2024-11-03T21:20:55+00:00","description":"Recherchez-vous un professionnel du baby-sitting \u00e0 Asni\u00e8res-sur-Seine ? Kidlee vous trouve la personne qu'il vous faut en quelques clics.","breadcrumb":{"@id":"https:\/\/kidlee.fr\/baby-sitting-asnieres-sur-seine-kidlee-repond-a-vos-besoins\/#breadcrumb"},"inLanguage":"en-US","potentialAction":[{"@type":"ReadAction","target":["https:\/\/kidlee.fr\/baby-sitting-asnieres-sur-seine-kidlee-repond-a-vos-besoins\/"]}]},{"@type":"BreadcrumbList","@id":"https:\/\/kidlee.fr\/baby-sitting-asnieres-sur-seine-kidlee-repond-a-vos-besoins\/#breadcrumb","itemListElement":[{"@type":"ListItem","position":1,"name":"Accueil","item":"https:\/\/kidlee.fr\/"},{"@type":"ListItem","position":2,"name":"Levallois-Perret"}]},{"@type":"WebSite","@id":"https:\/\/kidlee.fr\/#website","url":"https:\/\/kidlee.fr\/","name":"Kidlee | Garde d&#039;enfants de plus de 3 ans en \u00cele-de-France","description":"Le baby-sitting intelligent qui fait progresser les enfants !","publisher":{"@id":"https:\/\/kidlee.fr\/#organization"},"potentialAction":[{"@type":"SearchAction","target":{"@type":"EntryPoint","urlTemplate":"https:\/\/kidlee.fr\/?s={search_term_string}"},"query-input":"required name=search_term_string"}],"inLanguage":"en-US"},{"@type":"Organization","@id":"https:\/\/kidlee.fr\/#organization","name":"Kidlee, SAS.","url":"https:\/\/kidlee.fr\/","logo":{"@type":"ImageObject","inLanguage":"en-US","@id":"https:\/\/kidlee.fr\/#\/schema\/logo\/image\/","url":"https:\/\/kidlee.fr\/wp-content\/uploads\/2020\/06\/Kidlee_logo_2020.svg","contentUrl":"https:\/\/kidlee.fr\/wp-content\/uploads\/2020\/06\/Kidlee_logo_2020.svg","width":300,"height":79,"caption":"Kidlee, SAS."},"image":{"@id":"https:\/\/kidlee.fr\/#\/schema\/logo\/image\/"},"sameAs":["https:\/\/www.facebook.com\/kidleeFR","https:\/\/x.com\/Kidlee_fr","https:\/\/www.instagram.com\/kidlee_fr\/","https:\/\/www.linkedin.com\/company\/kidlee-fr","https:\/\/www.youtube.com\/channel\/UCt4hFqrRHEHOMghdOLmyzjg"]}]}},"_links":{"self":[{"href":"https:\/\/kidlee.fr\/en\/wp-json\/wp\/v2\/pages\/244437"}],"collection":[{"href":"https:\/\/kidlee.fr\/en\/wp-json\/wp\/v2\/pages"}],"about":[{"href":"https:\/\/kidlee.fr\/en\/wp-json\/wp\/v2\/types\/page"}],"author":[{"embeddable":true,"href":"https:\/\/kidlee.fr\/en\/wp-json\/wp\/v2\/users\/23"}],"replies":[{"embeddable":true,"href":"https:\/\/kidlee.fr\/en\/wp-json\/wp\/v2\/comments?post=244437"}],"version-history":[{"count":0,"href":"https:\/\/kidlee.fr\/en\/wp-json\/wp\/v2\/pages\/244437\/revisions"}],"wp:attachment":[{"href":"https:\/\/kidlee.fr\/en\/wp-json\/wp\/v2\/media?parent=244437"}],"curies":[{"name":"wp","href":"https:\/\/api.w.org\/{rel}","templated":true}]}}