{"id":244405,"date":"2024-09-04T11:46:42","date_gmt":"2024-09-04T09:46:42","guid":{"rendered":"https:\/\/kidlee.fr\/?page_id=244405"},"modified":"2024-11-03T19:11:43","modified_gmt":"2024-11-03T18:11:43","slug":"baby-sitter-courbevoie-kidlee-vous-selectionnez-la-nounou-ideale","status":"publish","type":"page","link":"https:\/\/kidlee.fr\/en\/baby-sitter-courbevoie-kidlee-vous-selectionnez-la-nounou-ideale\/","title":{"rendered":"Baby-sitter Courbevoie"},"content":{"rendered":"<div id=\"bsf_rt_marker\"><p>[et_pb_section fb_built=\"1\u2033 _builder_version=\"4.26.0\u2033 _module_preset=\"default \" da_disable_devices=\"off|off|off \" global_colors_info=\"{} \" da_is_popup=\"off \" da_exit_intent=\"off \" da_has_close=\"on \" da_alt_close=\"off \" da_dark_close=\"off \" da_not_modal=\"on \" da_is_singular=\"off \" da_with_loader=\"off \" da_has_shadow=\"on \"][et_pb_row column_structure=\"1_2,1_2\u2033 module_class=\"reverse \" _builder_version=\"4.26.0\u2033 _module_preset=\"default \" min_height=\"503.6px \" custom_margin=\"-33px|auto||auto|| \" custom_padding=\"0px||||| \" global_colors_info=\"{} \" custom_css_main_element_last_edited=\"on|tablet \" custom_css_main_element_tablet=\"display: flex;||flex-direction: column-reverse; \" custom_css_main_element_phone=\"display: flex;||flex-direction: column-reverse; \"][et_pb_column type=\"1_2\u2033 _builder_version=\"4.26.0\u2033 _module_preset=\"default \" custom_css_main_element=\"display: flex!important;||flex-wrap: wrap; \" global_colors_info=\"{}\" custom_css_main_element_last_edited=\"on|phone\" custom_css_main_element_phone=\"display: initial; \" custom_css_main_element_tablet=\"display: initial; \"][et_pb_text _builder_version=\"4.26.0\u2033 _module_preset=\"default \" global_colors_info=\"{}\"]<\/p>\n<h1>Your babysitter in Courbevoie with Kidlee for a choice of two types of care<\/h1>\n<p>[\/et_pb_text][et_pb_text _builder_version=\"4.26.0\u2033 _module_preset=\"default \" global_colors_info=\"{} \"]<\/p>\n<h2 style=\"font-size: 24px;\">Choose a babysitter in Courbevoie for fun or bilingual childcare with Kidlee<\/h2>\n<p>[\/et_pb_text][et_pb_text _builder_version=\"4.26.0\u2033 _module_preset=\"default \" global_colors_info=\"{}\"]Smart childcare has a variety of advantages. Kidlee, our agency specializing in smart sitting, will do everything in its power to choose the best solution for you. <strong style=\"color: #58b998;\">babysitter in Courbevoie<\/strong>. \u00c0 la carte? Fun or bilingual childcare ranging from accompanying your children to their extracurricular activities to homework help, right after school.[\/et_pb_text][et_pb_button button_url=\"https:\/\/app.kidlee.fr\/inscription-famille \" button_text=\"Inscription \" button_alignment_tablet=\"center \" button_alignment_phone=\"center \" button_alignment_last_edited=\"on|phone \" _builder_version=\"4.26.0\u2033 _module_preset=\"2d7d1ebb-8332-4de3-8e16-63333e1a3a96\u2033 button_text_size=\"15px \" custom_margin=\"|5px||5px|false|true \" custom_margin_tablet=\"20px|5px||5px|false|true \" custom_margin_phone=\"||0px||false|true \" custom_margin_last_edited=\"on|tablet \" custom_padding=\"15px|70px|15px|70px|true|true \" custom_padding_tablet=\"||||true|true \" custom_padding_phone=\"|110px||110px|true|true \" custom_padding_last_edited=\"on|phone \" custom_css_main_element=\"width: 100%; \" global_colors_info=\"{} \"][\/et_pb_button][et_pb_button button_url=\"https:\/\/kidlee.fr\/devis-babysitting-gratuit\/\" button_text=\"Je demande un devis \" button_alignment_tablet= \" \" button_alignment_phone= \" \" button_alignment_last_edited=\"on|phone \" _builder_version=\"4.26.0\u2033 _module_preset=\"244c71b8-1bfe-4e4c-8ea1-94d5d84aaa5b \" button_text_size=\"15px \" custom_margin=\"|5px||5px|false|true \" custom_margin_tablet=\"20px|5px||5px|false|true \" custom_margin_phone=\"10px||||false|true \" custom_margin_last_edited=\"on|phone \" custom_padding= \"15px|45px|15px|45px|true|true\" custom_padding_tablet=\"|70px||70px|true|true\" custom_padding_phone=\"|0px||0px|true|true\" custom_padding_last_edited=\"on|phone\" hover_enabled=\"0\u2033 custom_css_main_element=\"width: 100%; \" global_colors_info=\"{} \" button_text_color__hover_enabled=\"on|hover \" sticky_enabled=\"0\u2033][\/et_pb_button][\/et_pb_column][et_pb_column type=\"1_2\u2033 _builder_version=\"4.26.0\u2033 _module_preset=\"default \" global_colors_info=\"{} \"][et_pb_image src= \"https:\/\/kidlee.fr\/wp-content\/uploads\/2024\/09\/bel-enfant.jpg \" title_text=\"bel-enfant\" _builder_version=\"4.26.0\u2033 _module_preset=\"default \" border_radii=\"on|10px|10px|10px|10px \" global_colors_info=\"{} \"][\/et_pb_image][\/et_pb_column][\/et_pb_row][et_pb_row _builder_version=\"4.26.0\u2033 _module_preset=\"default \" global_colors_info=\"{} \"][et_pb_column type=\"4_4\u2033 _builder_version=\"4.26.0\u2033 _module_preset=\"default \" global_colors_info=\"{} \"][et_pb_text _builder_version=\"4.26.0\u2033 _module_preset=\"default \" global_colors_info=\"{} \"]<\/p>\n<p style=\"text-align: center;\">Our multi-talented childcare professional will awaken your little ones and help them discover a wonderful world where creative activities and scientific experiments go hand in hand to delight your little ones.<\/p>\n<p>[\/et_pb_text][\/et_pb_column][\/et_pb_row][et_pb_row column_structure=\"1_2,1_2\u2033 _builder_version=\"4.26.0\u2033 _module_preset=\"default \" global_colors_info=\"{} \"][et_pb_column type=\"1_2\u2033 _builder_version=\"4.26.0\u2033 _module_preset=\"default \" global_colors_info=\"{} \"][et_pb_image src= \"https:\/\/kidlee.fr\/wp-content\/uploads\/2024\/09\/enfant-court-nature.jpg \" title_text=\"enfant-court-nature\" _builder_version=\"4.26.0\u2033 _module_preset=\"default \" border_radii=\"on|10px|10px|10px|10px \" global_colors_info=\"{} \"][\/et_pb_image][\/et_pb_column][et_pb_column type=\"1_2\u2033 _builder_version=\"4.26.0\u2033 _module_preset=\"default \" background_color=\"#fafafa \" custom_padding=\"50px|15px|50px|15px|true|true \" custom_css_main_element=\"position: relative;||display: flex!important;||flex-wrap: wrap; \" global_colors_info=\"{} \"][et_pb_text _builder_version=\"4.26.0\u2033 _module_preset=\"default \" global_colors_info=\"{} \"]<\/p>\n<h2>Creative art for your<\/h2>\n<h2>with your<\/h2>\n<h2>babysitter in Courbevoie<\/h2>\n<p>[\/et_pb_text][et_pb_image src= \"https:\/\/kidlee.fr\/wp-content\/uploads\/2024\/07\/shape-1.png \" title_text=\"shape (1) \" align=\"right \" _builder_version=\"4.26.0\u2033 _module_preset=\"default \" positioning=\"absolute \" position_origin_a=\"top_right \" vertical_offset=\"-17px \" width=\"100% \" custom_margin=\"0px|0px|0px|0px|true|true \" custom_padding=\"0px|0px|0px|0px|true|true \" custom_css_main_element=\"position: absolute; \" global_colors_info=\"{} \"][\/et_pb_image][et_pb_text _builder_version=\"4.26.0\u2033 _module_preset=\"default \" global_colors_info=\"{} \"]Children are free to choose what they want to do, guided by their interest and while respecting their rhythms. Our <strong style=\"color: #58b998;\">babysitter in Courbevoie <\/strong>to introduce them to a new world, to help them discover <strong style=\"color: #58b998;\">introduce creative arts<\/strong> such as painting, drawing, creating everyday objects, or simply letting their imaginations run wild by giving new life to other objects through recycling.<br \/>\nAll these playful and creative activities bring out the child's full potential and contribute to his or her healthy development.[\/et_pb_text][et_pb_button button_url=\"https:\/\/app.kidlee.fr\/inscription-famille \" button_text=\"Inscription \" button_alignment_tablet= \" \" button_alignment_phone=\"center \" button_alignment_last_edited=\"on|phone \" _builder_version=\"4.26.0\u2033 _module_preset=\"244c71b8-1bfe-4e4c-8ea1-94d5d84aaa5b \" button_text_size=\"15px \" custom_margin=\"|5px||5px|false|true \" custom_margin_tablet=\"20px|5px||5px|false|true \" custom_margin_phone=\"10px|16px||16px|false|true \" custom_margin_last_edited=\"on|phone \" custom_padding=\"15px|55px|15px|55px|true|true \" custom_padding_tablet=\"|70px||70px|true|true \" custom_padding_phone=\"|69px||69px|true|true \" custom_padding_last_edited=\"on|phone \" global_colors_info=\"{} \" button_text_color__hover_enabled=\"on|hover \"][\/et_pb_button][\/et_pb_column][\/et_pb_row][et_pb_row column_structure=\"1_2,1_2\u2033 _builder_version=\"4.26.0\u2033 _module_preset=\"default \" global_colors_info=\"{} \" custom_css_main_element_last_edited=\"on|tablet \" custom_css_main_element_tablet=\"||display: flex;||flex-direction: column-reverse; \" custom_css_main_element_phone=\"||display: flex;||flex-direction: column-reverse; \"][et_pb_column type=\"1_2\u2033 _builder_version=\"4.26.0\u2033 _module_preset=\"default \" background_color=\"#fafafa \" custom_padding=\"50px|30px|50px|30px|true|true \" custom_css_main_element=\"position: relative;||display: flex!important;||flex-wrap: wrap; \" global_colors_info=\"{} \"][et_pb_text _builder_version=\"4.26.0\u2033 _module_preset=\"default \" global_colors_info=\"{} \"]<\/p>\n<h2>Language learning from age 3 <\/h2>\n<p>[\/et_pb_text][et_pb_text _builder_version=\"4.26.0\u2033 _module_preset=\"default \" global_colors_info=\"{}\"]Learning a foreign language can be done during the pre-school period. Children's brains (a veritable sponge) are better able to absorb <strong style=\"color: #58b998;\">memorize sounds from a new language<\/strong>. Our <strong style=\"color: #58b998;\">nanny in Courbevoie<\/strong> bilingual will introduce toddlers to a foreign language in a fun way, making learning a game for them. After just a few sessions, you'll be able to see the results. Choosing a nanny in Courbevoie who is bilingual and speaks without an accent is an asset if you want your child to <strong style=\"color: #58b998;\">evolves positively in the world of foreign languages<\/strong>from an early age.<br \/>\nLanguage learning sessions take place in 3 stages: lzde the language several times a day.<br \/>\nOur <strong style=\"color: #58b998;\">nannies in Courbevoie<\/strong> bilinguals combine the advantages of babysitting with those of language practice. The latter are numerous. You can choose between<strong style=\"color: #58b998;\"> English, Chinese, Arabic, Portuguese <\/strong>and many others.<br \/>\nHow about it? Want to get started?[\/et_pb_text][et_pb_button button_url=\"https:\/\/app.kidlee.fr\/inscription-famille \" button_text=\"Inscription \" button_alignment_tablet= \" \" button_alignment_phone=\"center \" button_alignment_last_edited=\"on|phone \" _builder_version=\"4.26.0\u2033 _module_preset=\"244c71b8-1bfe-4e4c-8ea1-94d5d84aaa5b \" button_text_size=\"15px \" custom_margin=\"|5px||5px|false|true \" custom_margin_tablet=\"20px|5px||5px|false|true \" custom_margin_phone=\"10px|16px||16px|false|true \" custom_margin_last_edited=\"on|phone \" custom_padding=\"15px|55px|15px|55px|true|true \" custom_padding_tablet=\"|70px||70px|true|true \" custom_padding_phone=\"|69px||69px|true|true \" custom_padding_last_edited=\"on|phone \" global_colors_info=\"{} \" button_text_color__hover_enabled=\"on|hover \"][\/et_pb_button][\/et_pb_column][et_pb_column type=\"1_2\u2033 _builder_version=\"4.26.0\u2033 _module_preset=\"default \" global_colors_info=\"{} \"][et_pb_image src= \"https:\/\/kidlee.fr\/wp-content\/uploads\/2024\/09\/Fillette-piano.jpg \" title_text=\"Fillette-piano\" _builder_version=\"4.26.0\u2033 _module_preset=\"default \" border_radii=\"on|10px|10px|10px|10px \" global_colors_info=\"{} \"][\/et_pb_image][\/et_pb_column][\/et_pb_row][et_pb_row _builder_version=\"4.26.0\u2033 _module_preset=\"default \" global_colors_info=\"{} \"][et_pb_column type=\"4_4\u2033 _builder_version=\"4.26.0\u2033 _module_preset=\"default \" global_colors_info=\"{} \"][\/et_pb_column][\/et_pb_row][et_pb_row column_structure=\"1_2,1_2\u2033 _builder_version=\"4.26.0\u2033 _module_preset=\"default \" background_color=\"rgba(77,102,153,0.14) \" min_height=\"586.3px \" custom_margin=\"||||false \" custom_padding=\"50px|40px|50px|40px|true|true \" border_radii=\"on|10px|10px|10px|10px \" global_colors_info=\"{}\"][et_pb_column type=\"1_2\u2033 _builder_version=\"4.26.0\u2033 _module_preset=\"default \" custom_padding=\"||||false|false \" global_colors_info=\"{}\"][et_pb_image src= \"https:\/\/kidlee.fr\/wp-content\/uploads\/2024\/07\/image-7.png \" title_text=\"image 7\u2033 align=\"center \" _builder_version=\"4.26.0\u2033 _module_preset=\"default \" custom_margin=\"16%||16%||true|false \" custom_css_main_element=\"width: 75% !important;\" global_colors_info=\"{} \"][\/et_pb_image][et_pb_image src= \"https:\/\/kidlee.fr\/wp-content\/uploads\/2024\/07\/image-5-2.png \" title_text=\"image 5 (2) \" _builder_version=\"4.26.0\u2033 _module_preset=\"default \" positioning=\"absolute \" width=\"100% \" custom_css_main_element=\"width: 50% !important; \" global_colors_info=\"{} \"][\/et_pb_image][et_pb_image src=\"https:\/\/kidlee.fr\/wp-content\/uploads\/2024\/07\/image-6.png \" title_text=\"image 6\u2033 align=\"right \" _builder_version=\"4.26.0\u2033 _module_preset=\"default \" positioning=\"absolute \" position_origin_a=\"bottom_right \" width=\"100% \" custom_css_main_element=\"width: 50% !important; \" global_colors_info=\"{} \"][\/et_pb_image][\/et_pb_column][et_pb_column type=\"1_2\u2033 _builder_version=\"4.26.0\u2033 _module_preset=\"default \" global_colors_info=\"{} \"][et_pb_text _builder_version=\"4.26.0\u2033 _module_preset=\"default \" global_colors_info=\"{} \"]<\/p>\n<h2>A nanny in Courbevoie for all your children's ages<\/h2>\n<p>[\/et_pb_text][et_pb_text _builder_version=\"4.26.0\u2033 _module_preset=\"default \" global_colors_info=\"{} \"]The great thing about Kidlee is that our nanny looks after your children from the age of 3, right through to over 6.<br \/>\nShe picks up your children as soon as they leave kindergarten or school, according to the timetable you've set, and takes them to their after-school activities. For the little ones, weather permitting, a trip to the park is a must. Otherwise, our<strong style=\"color: #58b998;\"> babysitter in Courbevoie <\/strong>can take them to the library and help them choose their bedside book. This will give them a chance to stretch their legs before they return home, where our <strong style=\"color: #58b998;\">nanny in Courbevoie<\/strong> will set up a coordination of activities according to the age group to which your child belongs.[\/et_pb_text][et_pb_button button_url=\"https:\/\/app.kidlee.fr\/inscription-famille \" button_text=\"Inscription \" button_alignment_tablet= \" \" button_alignment_phone=\"center \" button_alignment_last_edited=\"on|phone \" _builder_version=\"4.26.0\u2033 _module_preset=\"2d7d1ebb-8332-4de3-8e16-63333e1a3a96\u2033 button_text_size=\"15px \" custom_margin=\"|5px||5px|false|true \" custom_margin_tablet=\"20px|5px||5px|false|true \" custom_margin_phone=\"||0px||false|true \" custom_margin_last_edited=\"on|tablet \" custom_padding= \"15px|70px|15px|70px|true|true \" custom_padding_tablet=\"|70px||70px|true|true \" custom_padding_phone=\"|65px||65px|true|true \" custom_padding_last_edited=\"on|phone \" global_colors_info=\"{} \"][\/et_pb_button][\/et_pb_column][\/et_pb_row][\/et_pb_section]<\/p>\n<\/div>","protected":false},"excerpt":{"rendered":"<p>Your babysitter in Courbevoie with Kidlee for a choice of two types of childcareOpt for a babysitter in Courbevoie for playful or bilingual childcare with KidleeSmart childcare has many advantages. Kidlee, our agency specializing in smart sitting, does its utmost to find you the best babysitter in Courbevoie. At the [...]<\/p>","protected":false},"author":23,"featured_media":0,"parent":0,"menu_order":0,"comment_status":"closed","ping_status":"closed","template":"","meta":{"_et_pb_use_builder":"on","_et_pb_old_content":"","_et_gb_content_width":"","_lmt_disableupdate":"no","_lmt_disable":"","footnotes":""},"yoast_head":"<!-- This site is optimized with the Yoast SEO plugin v23.3 - https:\/\/yoast.com\/wordpress\/plugins\/seo\/ -->\n<title>Baby-sitter Courbevoie : Kidlee vous s\u00e9lectionne la nounou id\u00e9ale<\/title>\n<meta name=\"description\" content=\"Besoin d&#039;une baby-sitter \u00e0 Courbevoie ? D\u00e9couvrez notre plateforme pour trouver des professionnels de qualit\u00e9 pour garder vos enfants.\" \/>\n<meta name=\"robots\" content=\"index, follow, max-snippet:-1, max-image-preview:large, max-video-preview:-1\" \/>\n<link rel=\"canonical\" href=\"https:\/\/kidlee.fr\/en\/baby-sitter-Courbevoie-Kidlee-vous-s\u00e9lectionnez-la-nounou-id\u00e9ale\/\" \/>\n<meta property=\"og:locale\" content=\"en_US\" \/>\n<meta property=\"og:type\" content=\"article\" \/>\n<meta property=\"og:title\" content=\"Baby-sitter Courbevoie : Kidlee vous s\u00e9lectionne la nounou id\u00e9ale\" \/>\n<meta property=\"og:description\" content=\"Besoin d&#039;une baby-sitter \u00e0 Courbevoie ? D\u00e9couvrez notre plateforme pour trouver des professionnels de qualit\u00e9 pour garder vos enfants.\" \/>\n<meta property=\"og:url\" content=\"https:\/\/kidlee.fr\/en\/baby-sitter-Courbevoie-Kidlee-vous-s\u00e9lectionnez-la-nounou-id\u00e9ale\/\" \/>\n<meta property=\"og:site_name\" content=\"Kidlee | Garde d&#039;enfants de plus de 3 ans en \u00cele-de-France\" \/>\n<meta property=\"article:publisher\" content=\"https:\/\/www.facebook.com\/kidleeFR\" \/>\n<meta property=\"article:modified_time\" content=\"2024-11-03T18:11:43+00:00\" \/>\n<meta property=\"og:image\" content=\"https:\/\/kidlee.fr\/wp-content\/uploads\/2024\/08\/images-1.jpg\" \/>\n\t<meta property=\"og:image:width\" content=\"1200\" \/>\n\t<meta property=\"og:image:height\" content=\"675\" \/>\n\t<meta property=\"og:image:type\" content=\"image\/jpeg\" \/>\n<meta name=\"twitter:card\" content=\"summary_large_image\" \/>\n<meta name=\"twitter:site\" content=\"@Kidlee_fr\" \/>\n<meta name=\"twitter:label1\" content=\"Est. reading time\" \/>\n\t<meta name=\"twitter:data1\" content=\"4 minutes\" \/>\n<script type=\"application\/ld+json\" class=\"yoast-schema-graph\">{\"@context\":\"https:\/\/schema.org\",\"@graph\":[{\"@type\":\"WebPage\",\"@id\":\"https:\/\/kidlee.fr\/baby-sitter-courbevoie-kidlee-vous-selectionnez-la-nounou-ideale\/\",\"url\":\"https:\/\/kidlee.fr\/baby-sitter-Courbevoie-Kidlee-vous-s%c3%a9lectionnez-la-nounou-id%c3%a9ale\/\",\"name\":\"Baby-sitter Courbevoie : Kidlee vous s\u00e9lectionne la nounou id\u00e9ale\",\"isPartOf\":{\"@id\":\"https:\/\/kidlee.fr\/#website\"},\"datePublished\":\"2024-09-04T09:46:42+00:00\",\"dateModified\":\"2024-11-03T18:11:43+00:00\",\"description\":\"Besoin d'une baby-sitter \u00e0 Courbevoie ? D\u00e9couvrez notre plateforme pour trouver des professionnels de qualit\u00e9 pour garder vos enfants.\",\"breadcrumb\":{\"@id\":\"https:\/\/kidlee.fr\/baby-sitter-Courbevoie-Kidlee-vous-s%c3%a9lectionnez-la-nounou-id%c3%a9ale\/#breadcrumb\"},\"inLanguage\":\"en-US\",\"potentialAction\":[{\"@type\":\"ReadAction\",\"target\":[\"https:\/\/kidlee.fr\/baby-sitter-Courbevoie-Kidlee-vous-s%c3%a9lectionnez-la-nounou-id%c3%a9ale\/\"]}]},{\"@type\":\"BreadcrumbList\",\"@id\":\"https:\/\/kidlee.fr\/baby-sitter-Courbevoie-Kidlee-vous-s%c3%a9lectionnez-la-nounou-id%c3%a9ale\/#breadcrumb\",\"itemListElement\":[{\"@type\":\"ListItem\",\"position\":1,\"name\":\"Accueil\",\"item\":\"https:\/\/kidlee.fr\/\"},{\"@type\":\"ListItem\",\"position\":2,\"name\":\"Levallois-Perret\"}]},{\"@type\":\"WebSite\",\"@id\":\"https:\/\/kidlee.fr\/#website\",\"url\":\"https:\/\/kidlee.fr\/\",\"name\":\"Kidlee | Garde d&#039;enfants de plus de 3 ans en \u00cele-de-France\",\"description\":\"Le baby-sitting intelligent qui fait progresser les enfants !\",\"publisher\":{\"@id\":\"https:\/\/kidlee.fr\/#organization\"},\"potentialAction\":[{\"@type\":\"SearchAction\",\"target\":{\"@type\":\"EntryPoint\",\"urlTemplate\":\"https:\/\/kidlee.fr\/?s={search_term_string}\"},\"query-input\":\"required name=search_term_string\"}],\"inLanguage\":\"en-US\"},{\"@type\":\"Organization\",\"@id\":\"https:\/\/kidlee.fr\/#organization\",\"name\":\"Kidlee, SAS.\",\"url\":\"https:\/\/kidlee.fr\/\",\"logo\":{\"@type\":\"ImageObject\",\"inLanguage\":\"en-US\",\"@id\":\"https:\/\/kidlee.fr\/#\/schema\/logo\/image\/\",\"url\":\"https:\/\/kidlee.fr\/wp-content\/uploads\/2020\/06\/Kidlee_logo_2020.svg\",\"contentUrl\":\"https:\/\/kidlee.fr\/wp-content\/uploads\/2020\/06\/Kidlee_logo_2020.svg\",\"width\":300,\"height\":79,\"caption\":\"Kidlee, SAS.\"},\"image\":{\"@id\":\"https:\/\/kidlee.fr\/#\/schema\/logo\/image\/\"},\"sameAs\":[\"https:\/\/www.facebook.com\/kidleeFR\",\"https:\/\/x.com\/Kidlee_fr\",\"https:\/\/www.instagram.com\/kidlee_fr\/\",\"https:\/\/www.linkedin.com\/company\/kidlee-fr\",\"https:\/\/www.youtube.com\/channel\/UCt4hFqrRHEHOMghdOLmyzjg\"]}]}<\/script>\n<!-- \/ Yoast SEO plugin. -->","yoast_head_json":{"title":"Baby-sitter Courbevoie : Kidlee vous s\u00e9lectionne la nounou id\u00e9ale","description":"Besoin d'une baby-sitter \u00e0 Courbevoie ? D\u00e9couvrez notre plateforme pour trouver des professionnels de qualit\u00e9 pour garder vos enfants.","robots":{"index":"index","follow":"follow","max-snippet":"max-snippet:-1","max-image-preview":"max-image-preview:large","max-video-preview":"max-video-preview:-1"},"canonical":"https:\/\/kidlee.fr\/en\/baby-sitter-Courbevoie-Kidlee-vous-s\u00e9lectionnez-la-nounou-id\u00e9ale\/","og_locale":"en_US","og_type":"article","og_title":"Baby-sitter Courbevoie : Kidlee vous s\u00e9lectionne la nounou id\u00e9ale","og_description":"Besoin d'une baby-sitter \u00e0 Courbevoie ? D\u00e9couvrez notre plateforme pour trouver des professionnels de qualit\u00e9 pour garder vos enfants.","og_url":"https:\/\/kidlee.fr\/en\/baby-sitter-Courbevoie-Kidlee-vous-s\u00e9lectionnez-la-nounou-id\u00e9ale\/","og_site_name":"Kidlee | Garde d&#039;enfants de plus de 3 ans en \u00cele-de-France","article_publisher":"https:\/\/www.facebook.com\/kidleeFR","article_modified_time":"2024-11-03T18:11:43+00:00","og_image":[{"width":1200,"height":675,"url":"https:\/\/kidlee.fr\/wp-content\/uploads\/2024\/08\/images-1.jpg","type":"image\/jpeg"}],"twitter_card":"summary_large_image","twitter_site":"@Kidlee_fr","twitter_misc":{"Est. reading time":"4 minutes"},"schema":{"@context":"https:\/\/schema.org","@graph":[{"@type":"WebPage","@id":"https:\/\/kidlee.fr\/baby-sitter-courbevoie-kidlee-vous-selectionnez-la-nounou-ideale\/","url":"https:\/\/kidlee.fr\/baby-sitter-Courbevoie-Kidlee-vous-s%c3%a9lectionnez-la-nounou-id%c3%a9ale\/","name":"Baby-sitter Courbevoie : Kidlee vous s\u00e9lectionne la nounou id\u00e9ale","isPartOf":{"@id":"https:\/\/kidlee.fr\/#website"},"datePublished":"2024-09-04T09:46:42+00:00","dateModified":"2024-11-03T18:11:43+00:00","description":"Besoin d'une baby-sitter \u00e0 Courbevoie ? D\u00e9couvrez notre plateforme pour trouver des professionnels de qualit\u00e9 pour garder vos enfants.","breadcrumb":{"@id":"https:\/\/kidlee.fr\/baby-sitter-Courbevoie-Kidlee-vous-s%c3%a9lectionnez-la-nounou-id%c3%a9ale\/#breadcrumb"},"inLanguage":"en-US","potentialAction":[{"@type":"ReadAction","target":["https:\/\/kidlee.fr\/baby-sitter-Courbevoie-Kidlee-vous-s%c3%a9lectionnez-la-nounou-id%c3%a9ale\/"]}]},{"@type":"BreadcrumbList","@id":"https:\/\/kidlee.fr\/baby-sitter-Courbevoie-Kidlee-vous-s%c3%a9lectionnez-la-nounou-id%c3%a9ale\/#breadcrumb","itemListElement":[{"@type":"ListItem","position":1,"name":"Accueil","item":"https:\/\/kidlee.fr\/"},{"@type":"ListItem","position":2,"name":"Levallois-Perret"}]},{"@type":"WebSite","@id":"https:\/\/kidlee.fr\/#website","url":"https:\/\/kidlee.fr\/","name":"Kidlee | Garde d&#039;enfants de plus de 3 ans en \u00cele-de-France","description":"Le baby-sitting intelligent qui fait progresser les enfants !","publisher":{"@id":"https:\/\/kidlee.fr\/#organization"},"potentialAction":[{"@type":"SearchAction","target":{"@type":"EntryPoint","urlTemplate":"https:\/\/kidlee.fr\/?s={search_term_string}"},"query-input":"required name=search_term_string"}],"inLanguage":"en-US"},{"@type":"Organization","@id":"https:\/\/kidlee.fr\/#organization","name":"Kidlee, SAS.","url":"https:\/\/kidlee.fr\/","logo":{"@type":"ImageObject","inLanguage":"en-US","@id":"https:\/\/kidlee.fr\/#\/schema\/logo\/image\/","url":"https:\/\/kidlee.fr\/wp-content\/uploads\/2020\/06\/Kidlee_logo_2020.svg","contentUrl":"https:\/\/kidlee.fr\/wp-content\/uploads\/2020\/06\/Kidlee_logo_2020.svg","width":300,"height":79,"caption":"Kidlee, SAS."},"image":{"@id":"https:\/\/kidlee.fr\/#\/schema\/logo\/image\/"},"sameAs":["https:\/\/www.facebook.com\/kidleeFR","https:\/\/x.com\/Kidlee_fr","https:\/\/www.instagram.com\/kidlee_fr\/","https:\/\/www.linkedin.com\/company\/kidlee-fr","https:\/\/www.youtube.com\/channel\/UCt4hFqrRHEHOMghdOLmyzjg"]}]}},"_links":{"self":[{"href":"https:\/\/kidlee.fr\/en\/wp-json\/wp\/v2\/pages\/244405"}],"collection":[{"href":"https:\/\/kidlee.fr\/en\/wp-json\/wp\/v2\/pages"}],"about":[{"href":"https:\/\/kidlee.fr\/en\/wp-json\/wp\/v2\/types\/page"}],"author":[{"embeddable":true,"href":"https:\/\/kidlee.fr\/en\/wp-json\/wp\/v2\/users\/23"}],"replies":[{"embeddable":true,"href":"https:\/\/kidlee.fr\/en\/wp-json\/wp\/v2\/comments?post=244405"}],"version-history":[{"count":0,"href":"https:\/\/kidlee.fr\/en\/wp-json\/wp\/v2\/pages\/244405\/revisions"}],"wp:attachment":[{"href":"https:\/\/kidlee.fr\/en\/wp-json\/wp\/v2\/media?parent=244405"}],"curies":[{"name":"wp","href":"https:\/\/api.w.org\/{rel}","templated":true}]}}