{"id":244398,"date":"2024-09-04T10:23:11","date_gmt":"2024-09-04T08:23:11","guid":{"rendered":"https:\/\/kidlee.fr\/?page_id=244398"},"modified":"2024-11-03T19:09:45","modified_gmt":"2024-11-03T18:09:45","slug":"baby-sitter-a-nanterre","status":"publish","type":"page","link":"https:\/\/kidlee.fr\/en\/baby-sitter-a-nanterre\/","title":{"rendered":"Baby-sitter in Nanterre"},"content":{"rendered":"<div id=\"bsf_rt_marker\"><p>[et_pb_section fb_built=\"1\u2033 _builder_version=\"4.26.0\u2033 _module_preset=\"default \" da_disable_devices=\"off|off|off \" global_colors_info=\"{} \" da_is_popup=\"off \" da_exit_intent=\"off \" da_has_close=\"on \" da_alt_close=\"off \" da_dark_close=\"off \" da_not_modal=\"on \" da_is_singular=\"off \" da_with_loader=\"off \" da_has_shadow=\"on \"][et_pb_row column_structure=\"1_2,1_2\u2033 module_class=\"reverse \" _builder_version=\"4.26.0\u2033 _module_preset=\"default \" min_height=\"503.6px \" custom_margin=\"-33px|auto||auto|| \" custom_padding=\"0px||||| \" global_colors_info=\"{} \" custom_css_main_element_last_edited=\"on|tablet \" custom_css_main_element_tablet=\"display: flex;||flex-direction: column-reverse; \" custom_css_main_element_phone=\"display: flex;||flex-direction: column-reverse; \"][et_pb_column type=\"1_2\u2033 _builder_version=\"4.26.0\u2033 _module_preset=\"default \" custom_css_main_element=\"display: flex!important;||flex-wrap: wrap; \" global_colors_info=\"{}\" custom_css_main_element_last_edited=\"on|phone\" custom_css_main_element_phone=\"display: initial; \" custom_css_main_element_tablet=\"display: initial; \"][et_pb_text _builder_version=\"4.26.0\u2033 _module_preset=\"default \" global_colors_info=\"{}\"]<\/p>\n<h1>Baby-sitter in Nanterre<\/h1>\n<p>[\/et_pb_text][et_pb_text _builder_version=\"4.26.0\u2033 _module_preset=\"default \" global_colors_info=\"{} \"]<\/p>\n<h2 style=\"font-size: 24px;\">You <strong style=\"color: #58b998;\">Looking for a babysitter in Nanterre? <\/strong>Kidlee simplifies your life<\/h2>\n<p>[\/et_pb_text][et_pb_text _builder_version=\"4.26.0\u2033 _module_preset=\"default \" global_colors_info=\"{} \"]Parents overwhelmed by your schedule? Why not call on Kidlee, our baby-sitting agency? This form of childcare has been on the rise for years, and many people now prefer babysitting to childminders and cr\u00e8ches.<br \/>\nOur <strong style=\"color: #58b998;\">babysitter in Nanterre <\/strong>accompanies your children at pre-arranged times from the time they leave school[\/et_pb_text][et_pb_button button_url=\"https:\/\/app.kidlee.fr\/inscription-famille \" button_text=\"Inscription \" button_alignment_tablet=\"center \" button_alignment_phone=\"center \" button_alignment_last_edited=\"on|phone \" _builder_version=\"4.26.0\u2033 _module_preset=\"2d7d1ebb-8332-4de3-8e16-63333e1a3a96\u2033 button_text_size=\"15px \" custom_margin=\"|5px||5px|false|true \" custom_margin_tablet=\"20px|5px||5px|false|true \" custom_margin_phone=\"||0px||false|true \" custom_margin_last_edited=\"on|tablet \" custom_padding=\"15px|70px|15px|70px|true|true \" custom_padding_tablet=\"||||true|true \" custom_padding_phone=\"|110px||110px|true|true \" custom_padding_last_edited=\"on|phone \" custom_css_main_element=\"width: 100%; \" global_colors_info=\"{} \"][\/et_pb_button][et_pb_button button_url=\"https:\/\/kidlee.fr\/devis-babysitting-gratuit\/\" button_text=\"Je demande un devis \" button_alignment_tablet= \" \" button_alignment_phone= \" \" button_alignment_last_edited=\"on|phone \" _builder_version=\"4.26.0\u2033 _module_preset=\"244c71b8-1bfe-4e4c-8ea1-94d5d84aaa5b \" button_text_size=\"15px \" custom_margin=\"|5px||5px|false|true \" custom_margin_tablet=\"20px|5px||5px|false|true \" custom_margin_phone=\"10px||||false|true \" custom_margin_last_edited=\"on|phone \" custom_padding= \"15px|45px|15px|45px|true|true\" custom_padding_tablet=\"|70px||70px|true|true\" custom_padding_phone=\"|0px||0px|true|true\" custom_padding_last_edited=\"on|phone\" hover_enabled=\"0\u2033 custom_css_main_element=\"width: 100%; \" global_colors_info=\"{} \" button_text_color__hover_enabled=\"on|hover \" sticky_enabled=\"0\u2033][\/et_pb_button][\/et_pb_column][et_pb_column type=\"1_2\u2033 _builder_version=\"4.26.0\u2033 _module_preset=\"default \" global_colors_info=\"{} \"][et_pb_image src= \"https:\/\/kidlee.fr\/wp-content\/uploads\/2024\/09\/petit-enfant-en-foret-1.jpg \" title_text=\"little child in the forest\" _builder_version=\"4.26.0\u2033 _module_preset=\"default \" border_radii=\"on|10px|10px|10px|10px \" global_colors_info=\"{} \"][\/et_pb_image][\/et_pb_column][\/et_pb_row][et_pb_row _builder_version=\"4.26.0\u2033 _module_preset=\"default \" global_colors_info=\"{} \"][et_pb_column type=\"4_4\u2033 _builder_version=\"4.26.0\u2033 _module_preset=\"default \" global_colors_info=\"{} \"][et_pb_text _builder_version=\"4.26.0\u2033 _module_preset=\"default \" global_colors_info=\"{} \"]<\/p>\n<p style=\"text-align: center;\">Our babysitting services in Nanterre offer a number of advantages, the most important of which is that you no longer have to waste an enormous amount of time every morning getting your children ready to go to the nanny, or even to their after-school activities.<\/p>\n<p style=\"text-align: center;\">As demanding parents concerned about your child's well-being, Kidlee makes your life easier.<br \/>\nOur babysitter in Nanterre picks up your children and takes them to their extracurricular activities or directly home, as you wish. Bilingual childcare gives your children the opportunity to learn a foreign language, and for the youngest, to be introduced to a new language. The playful day-care formula offers fun activities based on your child's autonomy.<\/p>\n<p style=\"text-align: center;\"><strong style=\"color: #58b998;\">Our babysitters in Nanterre <\/strong>are trained to meet the needs of you and your children. Snacks and evening meals are taken care of by our professional babysitter in Nanterre.<\/p>\n<p style=\"text-align: center;\">In addition, our services are eligible for aid from the Caf and the Tax Credit in order to allow many families to benefit from our services. <strong style=\"color: #58b998;\">baby-sitters in Nanterre.<\/strong><\/p>\n<p>[\/et_pb_text][\/et_pb_column][\/et_pb_row][et_pb_row column_structure=\"1_2,1_2\u2033 _builder_version=\"4.26.0\u2033 _module_preset=\"default \" global_colors_info=\"{} \"][et_pb_column type=\"1_2\u2033 _builder_version=\"4.26.0\u2033 _module_preset=\"default \" global_colors_info=\"{} \"][et_pb_image src= \"https:\/\/kidlee.fr\/wp-content\/uploads\/2024\/09\/Enfant-qui-joue-a-table.jpg \" title_text=\"Child playing at the table\" _builder_version=\"4.26.0\u2033 _module_preset=\"default \" border_radii=\"on|10px|10px|10px|10px \" global_colors_info=\"{} \"][\/et_pb_image][\/et_pb_column][et_pb_column type=\"1_2\u2033 _builder_version=\"4.26.0\u2033 _module_preset=\"default \" background_color=\"#fafafa \" custom_padding=\"50px|15px|50px|15px|true|true \" custom_css_main_element=\"position: relative;||display: flex!important;||flex-wrap: wrap; \" global_colors_info=\"{} \"][et_pb_text _builder_version=\"4.26.0\u2033 _module_preset=\"default \" global_colors_info=\"{} \"]<\/p>\n<h2>How to find<\/h2>\n<h2>a <strong style=\"color: #58b998;\">nanny in Nanterre?<\/strong><\/h2>\n<p>[\/et_pb_text][et_pb_image src= \"https:\/\/kidlee.fr\/wp-content\/uploads\/2024\/07\/shape-1.png \" title_text=\"shape (1) \" align=\"right \" _builder_version=\"4.26.0\u2033 _module_preset=\"default \" positioning=\"absolute \" position_origin_a=\"top_right \" vertical_offset=\"-17px \" width=\"100% \" custom_margin=\"0px|0px|0px|0px|true|true \" custom_padding=\"0px|0px|0px|0px|true|true \" custom_css_main_element=\"position: absolute; \" global_colors_info=\"{} \"][\/et_pb_image][et_pb_text _builder_version=\"4.26.0\u2033 _module_preset=\"default \" global_colors_info=\"{} \"]<\/p>\n<p><span style=\"font-weight: 400;\">Finding a babysitter in Nanterre is easy, but to find a reliable babysitter, it's a good idea to use our babysitting agency, which will assign you one of our best babysitters in Nanterre.\u00a0<\/span><\/p>\n<p><span style=\"font-weight: 400;\">Instead of going through dozens of ads, Kidlee offers you three babysitter profiles that perfectly match your needs. Just click on your favorite and we'll take care of the rest.<\/span><\/p>\n<p>&nbsp;<\/p>\n<p><span style=\"font-weight: 400;\">Our Kidlee babysitting agency is dedicated to finding you the best babysitters in Nanterre and other towns in and around Paris.<\/span><\/p>\n<p><span style=\"font-weight: 400;\">We put you in touch with qualified profiles who are a perfect match for your child's personality.<\/span><\/p>\n<p>[\/et_pb_text][et_pb_button button_url=\"https:\/\/app.kidlee.fr\/inscription-famille \" button_text=\"Inscription \" button_alignment_tablet= \" \" button_alignment_phone=\"center \" button_alignment_last_edited=\"on|phone \" _builder_version=\"4.26.0\u2033 _module_preset=\"244c71b8-1bfe-4e4c-8ea1-94d5d84aaa5b \" button_text_size=\"15px \" custom_margin=\"|5px||5px|false|true \" custom_margin_tablet=\"20px|5px||5px|false|true \" custom_margin_phone=\"10px|16px||16px|false|true \" custom_margin_last_edited=\"on|phone \" custom_padding=\"15px|55px|15px|55px|true|true \" custom_padding_tablet=\"|70px||70px|true|true \" custom_padding_phone=\"|69px||69px|true|true \" custom_padding_last_edited=\"on|phone \" global_colors_info=\"{} \" button_text_color__hover_enabled=\"on|hover \"][\/et_pb_button][\/et_pb_column][\/et_pb_row][et_pb_row column_structure=\"1_2,1_2\u2033 _builder_version=\"4.26.0\u2033 _module_preset=\"default \" global_colors_info=\"{} \" custom_css_main_element_last_edited=\"on|tablet \" custom_css_main_element_tablet=\"||display: flex;||flex-direction: column-reverse; \" custom_css_main_element_phone=\"||display: flex;||flex-direction: column-reverse; \"][et_pb_column type=\"1_2\u2033 _builder_version=\"4.26.0\u2033 _module_preset=\"default \" background_color=\"#fafafa \" custom_padding=\"50px|30px|50px|30px|true|true \" custom_css_main_element=\"position: relative;||display: flex!important;||flex-wrap: wrap; \" global_colors_info=\"{} \"][et_pb_text _builder_version=\"4.26.0\u2033 _module_preset=\"default \" global_colors_info=\"{} \"]<\/p>\n<h2>Join our childcare team in Nanterre <\/h2>\n<p>[\/et_pb_text][et_pb_text _builder_version=\"4.26.0\u2033 _module_preset=\"default \" global_colors_info=\"{}\"]Would you like to join the Kidlee team and contribute to the development of the children in your care? We're looking for a <strong style=\"color: #58b998;\">babysitter in Nanterre <\/strong>motivated and experienced to practice this noble profession in Nanterre and the surrounding area.<br \/>\nBaby-sitting is a profession that will enable you to gain enriching experience in the world of children and teenagers.<\/p>\n<p>We guarantee you support throughout your contract with the family, as well as various training courses to help you excel at babysitting.<br \/>\nKidlee is a responsible and transparent agency that will allow you to benefit from a substantial income according to the number of hours worked within the family.[\/et_pb_text][et_pb_button button_url=\"https:\/\/app.kidlee.fr\/inscription-famille \" button_text=\"Inscription \" button_alignment_tablet= \" \" button_alignment_phone=\"center \" button_alignment_last_edited=\"on|phone \" _builder_version=\"4.26.0\u2033 _module_preset=\"244c71b8-1bfe-4e4c-8ea1-94d5d84aaa5b \" button_text_size=\"15px \" custom_margin=\"|5px||5px|false|true \" custom_margin_tablet=\"20px|5px||5px|false|true \" custom_margin_phone=\"10px|16px||16px|false|true \" custom_margin_last_edited=\"on|phone \" custom_padding=\"15px|55px|15px|55px|true|true \" custom_padding_tablet=\"|70px||70px|true|true \" custom_padding_phone=\"|69px||69px|true|true \" custom_padding_last_edited=\"on|phone \" global_colors_info=\"{} \" button_text_color__hover_enabled=\"on|hover \"][\/et_pb_button][\/et_pb_column][et_pb_column type=\"1_2\u2033 _builder_version=\"4.26.0\u2033 _module_preset=\"default \" global_colors_info=\"{} \"][et_pb_image src= \"https:\/\/kidlee.fr\/wp-content\/uploads\/2024\/09\/Famille-a-table.jpg \" title_text=\"Famille \u00e0 table\" _builder_version=\"4.26.0\u2033 _module_preset=\"default \" border_radii=\"on|10px|10px|10px|10px \" global_colors_info=\"{} \"][\/et_pb_image][\/et_pb_column][\/et_pb_row][et_pb_row _builder_version=\"4.26.0\u2033 _module_preset=\"default \" global_colors_info=\"{} \"][et_pb_column type=\"4_4\u2033 _builder_version=\"4.26.0\u2033 _module_preset=\"default \" global_colors_info=\"{} \"][\/et_pb_column][\/et_pb_row][\/et_pb_section]<\/p>\n<\/div>","protected":false},"excerpt":{"rendered":"<p>Babysitter in NanterreLooking for a babysitter in Nanterre? Kidlee makes it easyParents with busy schedules? Why not call on Kidlee, our babysitting agency? This type of childcare has been on the rise for years, and many people now prefer babysitting to childminders and babysitting to [...].<\/p>","protected":false},"author":23,"featured_media":0,"parent":0,"menu_order":0,"comment_status":"closed","ping_status":"closed","template":"","meta":{"_et_pb_use_builder":"on","_et_pb_old_content":"","_et_gb_content_width":"","_lmt_disableupdate":"no","_lmt_disable":"","footnotes":""},"yoast_head":"<!-- This site is optimized with the Yoast SEO plugin v23.3 - https:\/\/yoast.com\/wordpress\/plugins\/seo\/ -->\n<title>Baby-sitter \u00e0 Nanterre : trouvez votre perle rare avec Kidlee<\/title>\n<meta name=\"description\" content=\"Vous recherchez une baby-sitter \u00e0 Nanterre pour accompagner vos enfants dans leur quotidien ? Kidlee vous aide \u00e0 trouver la perle rare.\" \/>\n<meta name=\"robots\" content=\"index, follow, max-snippet:-1, max-image-preview:large, max-video-preview:-1\" \/>\n<link rel=\"canonical\" href=\"https:\/\/kidlee.fr\/en\/baby-sitter-a-nanterre\/\" \/>\n<meta property=\"og:locale\" content=\"en_US\" \/>\n<meta property=\"og:type\" content=\"article\" \/>\n<meta property=\"og:title\" content=\"Baby-sitter \u00e0 Nanterre : trouvez votre perle rare avec Kidlee\" \/>\n<meta property=\"og:description\" content=\"Vous recherchez une baby-sitter \u00e0 Nanterre pour accompagner vos enfants dans leur quotidien ? Kidlee vous aide \u00e0 trouver la perle rare.\" \/>\n<meta property=\"og:url\" content=\"https:\/\/kidlee.fr\/en\/baby-sitter-a-nanterre\/\" \/>\n<meta property=\"og:site_name\" content=\"Kidlee | Garde d&#039;enfants de plus de 3 ans en \u00cele-de-France\" \/>\n<meta property=\"article:publisher\" content=\"https:\/\/www.facebook.com\/kidleeFR\" \/>\n<meta property=\"article:modified_time\" content=\"2024-11-03T18:09:45+00:00\" \/>\n<meta property=\"og:image\" content=\"https:\/\/kidlee.fr\/wp-content\/uploads\/2024\/08\/images-1.jpg\" \/>\n\t<meta property=\"og:image:width\" content=\"1200\" \/>\n\t<meta property=\"og:image:height\" content=\"675\" \/>\n\t<meta property=\"og:image:type\" content=\"image\/jpeg\" \/>\n<meta name=\"twitter:card\" content=\"summary_large_image\" \/>\n<meta name=\"twitter:site\" content=\"@Kidlee_fr\" \/>\n<meta name=\"twitter:label1\" content=\"Est. reading time\" \/>\n\t<meta name=\"twitter:data1\" content=\"4 minutes\" \/>\n<script type=\"application\/ld+json\" class=\"yoast-schema-graph\">{\"@context\":\"https:\/\/schema.org\",\"@graph\":[{\"@type\":\"WebPage\",\"@id\":\"https:\/\/kidlee.fr\/baby-sitter-a-nanterre\/\",\"url\":\"https:\/\/kidlee.fr\/baby-sitter-a-nanterre\/\",\"name\":\"Baby-sitter \u00e0 Nanterre : trouvez votre perle rare avec Kidlee\",\"isPartOf\":{\"@id\":\"https:\/\/kidlee.fr\/#website\"},\"datePublished\":\"2024-09-04T08:23:11+00:00\",\"dateModified\":\"2024-11-03T18:09:45+00:00\",\"description\":\"Vous recherchez une baby-sitter \u00e0 Nanterre pour accompagner vos enfants dans leur quotidien ? Kidlee vous aide \u00e0 trouver la perle rare.\",\"breadcrumb\":{\"@id\":\"https:\/\/kidlee.fr\/baby-sitter-a-nanterre\/#breadcrumb\"},\"inLanguage\":\"en-US\",\"potentialAction\":[{\"@type\":\"ReadAction\",\"target\":[\"https:\/\/kidlee.fr\/baby-sitter-a-nanterre\/\"]}]},{\"@type\":\"BreadcrumbList\",\"@id\":\"https:\/\/kidlee.fr\/baby-sitter-a-nanterre\/#breadcrumb\",\"itemListElement\":[{\"@type\":\"ListItem\",\"position\":1,\"name\":\"Accueil\",\"item\":\"https:\/\/kidlee.fr\/\"},{\"@type\":\"ListItem\",\"position\":2,\"name\":\"Levallois-Perret\"}]},{\"@type\":\"WebSite\",\"@id\":\"https:\/\/kidlee.fr\/#website\",\"url\":\"https:\/\/kidlee.fr\/\",\"name\":\"Kidlee | Garde d&#039;enfants de plus de 3 ans en \u00cele-de-France\",\"description\":\"Le baby-sitting intelligent qui fait progresser les enfants !\",\"publisher\":{\"@id\":\"https:\/\/kidlee.fr\/#organization\"},\"potentialAction\":[{\"@type\":\"SearchAction\",\"target\":{\"@type\":\"EntryPoint\",\"urlTemplate\":\"https:\/\/kidlee.fr\/?s={search_term_string}\"},\"query-input\":\"required name=search_term_string\"}],\"inLanguage\":\"en-US\"},{\"@type\":\"Organization\",\"@id\":\"https:\/\/kidlee.fr\/#organization\",\"name\":\"Kidlee, SAS.\",\"url\":\"https:\/\/kidlee.fr\/\",\"logo\":{\"@type\":\"ImageObject\",\"inLanguage\":\"en-US\",\"@id\":\"https:\/\/kidlee.fr\/#\/schema\/logo\/image\/\",\"url\":\"https:\/\/kidlee.fr\/wp-content\/uploads\/2020\/06\/Kidlee_logo_2020.svg\",\"contentUrl\":\"https:\/\/kidlee.fr\/wp-content\/uploads\/2020\/06\/Kidlee_logo_2020.svg\",\"width\":300,\"height\":79,\"caption\":\"Kidlee, SAS.\"},\"image\":{\"@id\":\"https:\/\/kidlee.fr\/#\/schema\/logo\/image\/\"},\"sameAs\":[\"https:\/\/www.facebook.com\/kidleeFR\",\"https:\/\/x.com\/Kidlee_fr\",\"https:\/\/www.instagram.com\/kidlee_fr\/\",\"https:\/\/www.linkedin.com\/company\/kidlee-fr\",\"https:\/\/www.youtube.com\/channel\/UCt4hFqrRHEHOMghdOLmyzjg\"]}]}<\/script>\n<!-- \/ Yoast SEO plugin. -->","yoast_head_json":{"title":"Baby-sitter \u00e0 Nanterre : trouvez votre perle rare avec Kidlee","description":"Vous recherchez une baby-sitter \u00e0 Nanterre pour accompagner vos enfants dans leur quotidien ? Kidlee vous aide \u00e0 trouver la perle rare.","robots":{"index":"index","follow":"follow","max-snippet":"max-snippet:-1","max-image-preview":"max-image-preview:large","max-video-preview":"max-video-preview:-1"},"canonical":"https:\/\/kidlee.fr\/en\/baby-sitter-a-nanterre\/","og_locale":"en_US","og_type":"article","og_title":"Baby-sitter \u00e0 Nanterre : trouvez votre perle rare avec Kidlee","og_description":"Vous recherchez une baby-sitter \u00e0 Nanterre pour accompagner vos enfants dans leur quotidien ? Kidlee vous aide \u00e0 trouver la perle rare.","og_url":"https:\/\/kidlee.fr\/en\/baby-sitter-a-nanterre\/","og_site_name":"Kidlee | Garde d&#039;enfants de plus de 3 ans en \u00cele-de-France","article_publisher":"https:\/\/www.facebook.com\/kidleeFR","article_modified_time":"2024-11-03T18:09:45+00:00","og_image":[{"width":1200,"height":675,"url":"https:\/\/kidlee.fr\/wp-content\/uploads\/2024\/08\/images-1.jpg","type":"image\/jpeg"}],"twitter_card":"summary_large_image","twitter_site":"@Kidlee_fr","twitter_misc":{"Est. reading time":"4 minutes"},"schema":{"@context":"https:\/\/schema.org","@graph":[{"@type":"WebPage","@id":"https:\/\/kidlee.fr\/baby-sitter-a-nanterre\/","url":"https:\/\/kidlee.fr\/baby-sitter-a-nanterre\/","name":"Baby-sitter \u00e0 Nanterre : trouvez votre perle rare avec Kidlee","isPartOf":{"@id":"https:\/\/kidlee.fr\/#website"},"datePublished":"2024-09-04T08:23:11+00:00","dateModified":"2024-11-03T18:09:45+00:00","description":"Vous recherchez une baby-sitter \u00e0 Nanterre pour accompagner vos enfants dans leur quotidien ? Kidlee vous aide \u00e0 trouver la perle rare.","breadcrumb":{"@id":"https:\/\/kidlee.fr\/baby-sitter-a-nanterre\/#breadcrumb"},"inLanguage":"en-US","potentialAction":[{"@type":"ReadAction","target":["https:\/\/kidlee.fr\/baby-sitter-a-nanterre\/"]}]},{"@type":"BreadcrumbList","@id":"https:\/\/kidlee.fr\/baby-sitter-a-nanterre\/#breadcrumb","itemListElement":[{"@type":"ListItem","position":1,"name":"Accueil","item":"https:\/\/kidlee.fr\/"},{"@type":"ListItem","position":2,"name":"Levallois-Perret"}]},{"@type":"WebSite","@id":"https:\/\/kidlee.fr\/#website","url":"https:\/\/kidlee.fr\/","name":"Kidlee | Garde d&#039;enfants de plus de 3 ans en \u00cele-de-France","description":"Le baby-sitting intelligent qui fait progresser les enfants !","publisher":{"@id":"https:\/\/kidlee.fr\/#organization"},"potentialAction":[{"@type":"SearchAction","target":{"@type":"EntryPoint","urlTemplate":"https:\/\/kidlee.fr\/?s={search_term_string}"},"query-input":"required name=search_term_string"}],"inLanguage":"en-US"},{"@type":"Organization","@id":"https:\/\/kidlee.fr\/#organization","name":"Kidlee, SAS.","url":"https:\/\/kidlee.fr\/","logo":{"@type":"ImageObject","inLanguage":"en-US","@id":"https:\/\/kidlee.fr\/#\/schema\/logo\/image\/","url":"https:\/\/kidlee.fr\/wp-content\/uploads\/2020\/06\/Kidlee_logo_2020.svg","contentUrl":"https:\/\/kidlee.fr\/wp-content\/uploads\/2020\/06\/Kidlee_logo_2020.svg","width":300,"height":79,"caption":"Kidlee, SAS."},"image":{"@id":"https:\/\/kidlee.fr\/#\/schema\/logo\/image\/"},"sameAs":["https:\/\/www.facebook.com\/kidleeFR","https:\/\/x.com\/Kidlee_fr","https:\/\/www.instagram.com\/kidlee_fr\/","https:\/\/www.linkedin.com\/company\/kidlee-fr","https:\/\/www.youtube.com\/channel\/UCt4hFqrRHEHOMghdOLmyzjg"]}]}},"_links":{"self":[{"href":"https:\/\/kidlee.fr\/en\/wp-json\/wp\/v2\/pages\/244398"}],"collection":[{"href":"https:\/\/kidlee.fr\/en\/wp-json\/wp\/v2\/pages"}],"about":[{"href":"https:\/\/kidlee.fr\/en\/wp-json\/wp\/v2\/types\/page"}],"author":[{"embeddable":true,"href":"https:\/\/kidlee.fr\/en\/wp-json\/wp\/v2\/users\/23"}],"replies":[{"embeddable":true,"href":"https:\/\/kidlee.fr\/en\/wp-json\/wp\/v2\/comments?post=244398"}],"version-history":[{"count":0,"href":"https:\/\/kidlee.fr\/en\/wp-json\/wp\/v2\/pages\/244398\/revisions"}],"wp:attachment":[{"href":"https:\/\/kidlee.fr\/en\/wp-json\/wp\/v2\/media?parent=244398"}],"curies":[{"name":"wp","href":"https:\/\/api.w.org\/{rel}","templated":true}]}}