{"id":242999,"date":"2024-03-07T09:46:26","date_gmt":"2024-03-07T08:46:26","guid":{"rendered":"https:\/\/kidlee.fr\/?page_id=242999"},"modified":"2024-07-12T19:08:27","modified_gmt":"2024-07-12T17:08:27","slug":"inscription-bs-famille","status":"publish","type":"page","link":"https:\/\/kidlee.fr\/en\/inscription-bs-famille\/","title":{"rendered":"Signup"},"content":{"rendered":"<div id=\"bsf_rt_marker\">\n[et_pb_section fb_built=\"1\u2033 _builder_version=\"4.22.1\u2033 _module_preset=\"default \" da_disable_devices=\"off|off|off \" global_colors_info=\"{} \" da_is_popup=\"off \" da_exit_intent=\"off \" da_has_close=\"on \" da_alt_close=\"off \" da_dark_close=\"off \" da_not_modal=\"on \" da_is_singular=\"off \" da_with_loader=\"off \" da_has_shadow=\"on \"][et_pb_row _builder_version=\"4.22.1\u2033 _module_preset=\"default \" global_colors_info=\"{} \"][et_pb_column type=\"4_4\u2033 _builder_version=\"4.22.1\u2033 _module_preset=\"default \" global_colors_info=\"{} \"][et_pb_text _builder_version=\"4.23.4\u2033 _module_preset=\"default \" header_text_align=\"center \" header_2_text_align=\"center \" global_colors_info=\"{} \"]<h1>Signup<\/h1>[\/et_pb_text][\/et_pb_column][\/et_pb_row][et_pb_row module_id=\"reverse \" _builder_version=\"4.23.4\u2033 _module_preset=\"default \" global_colors_info=\"{} \"][et_pb_column type=\"4_4\u2033 _builder_version=\"4.16\u2033 _module_preset=\"default \" global_colors_info=\"{} \"][et_pb_text _builder_version=\"4.23.4\u2033 _module_preset=\"default \" text_text_color=\"#37548D \" text_font_size=\"24px \" text_line_height=\"200% \" text_orientation=\"center \" custom_padding=\"||0px||| \" global_colors_info=\"{} \"]<p>We create the childcare solution for everyone, whether you need it or can provide it.<\/p>[\/et_pb_text][\/et_pb_column][\/et_pb_row][et_pb_row column_structure=\"1_2,1_2\u2033 _builder_version=\"4.23.4\u2033 _module_preset=\"default \" custom_padding=\"||||true|false \" global_colors_info=\"{} \"][et_pb_column type=\"1_2\u2033 _builder_version=\"4.23.4\u2033 _module_preset=\"default \" background_color=\"#f8f6f5\u2033 custom_padding=\"60px|40px|60px|40px|true|true \" link_option_url=\"https:\/\/app.kidlee.fr\/inscription-family \" border_radii=\"on|72px|72px|72px|72px \" box_shadow_style=\"preset4\u2033 box_shadow_horizontal=\"8px \" box_shadow_vertical=\"8px \" box_shadow_color= \"#FFFFFF\" global_colors_info=\"{}\" box_shadow_color__hover_enabled=\"on|hover\" box_shadow_color__hover=\"#58B998\u2033][et_pb_image src= \"https:\/\/kidlee.fr\/wp-content\/uploads\/2024\/01\/parents.svg \" title_text=\"parents \" _builder_version=\"4.23.4\u2033 _module_preset=\"default \" global_colors_info=\"{} \"][\/et_pb_image][et_pb_text _builder_version=\"4.23.4\u2033 _module_preset=\"default \" global_colors_info=\"{} \"]<h2>For parents<\/h2>\n<p>Take advantage of our free customized support to find the perfect candidate within 72 hours.<\/p>[\/et_pb_text][et_pb_button button_url=\"https:\/\/app.kidlee.fr\/inscription-famille \" button_text=\"I'm signing up to find a babysitter\" button_alignment=\"left \" _builder_version=\"4.23.4\u2033 _module_preset=\"244c71b8-1bfe-4e4c-8ea1-94d5d84aaa5b \" button_text_color=\"#37548D \" button_border_color=\"#d6cfc4\u2033 global_colors_info=\"{} \" button_border_color__hover_enabled= \"on|hover \" button_border_color__hover=\"#d6cfc4\u2033][\/et_pb_button][\/et_pb_column][et_pb_column type=\"1_2\u2033 _builder_version=\"4.23.4\u2033 _module_preset=\"default \" background_color=\"#f8f6f5\u2033 custom_padding=\"60px|40px|60px|40px|true|true \" link_option_url=\"https:\/\/app.kidlee.fr\/registration-babysitter \" border_radii=\"on|72px|72px|72px|72px \" box_shadow_style=\"preset4\u2033 box_shadow_horizontal=\"8px \" box_shadow_vertical=\"8px \" box_shadow_color= \"#FFFFFF\" global_colors_info=\"{}\" box_shadow_color__hover_enabled=\"on|hover\" box_shadow_color__hover=\"#58B998\u2033][et_pb_image src= \"https:\/\/kidlee.fr\/wp-content\/uploads\/2024\/01\/babysitter.svg \" title_text=\"babysitter \" _builder_version=\"4.23.4\u2033 _module_preset=\"default \" global_colors_info=\"{} \"][\/et_pb_image][et_pb_text _builder_version=\"4.23.4\u2033 _module_preset=\"default \" global_colors_info=\"{} \"]<h2>For babysitters<\/h2>\n<p>Are you enthusiastic, positive and motivated? Do you like to accompany young people and pass on your knowledge?<\/p>[\/et_pb_text][et_pb_button button_url=\"https:\/\/app.kidlee.fr\/inscription-babysitter \" button_text=\"I want to become a babysitter\" button_alignment=\"left \" _builder_version=\"4.23.4\u2033 _module_preset=\"244c71b8-1bfe-4e4c-8ea1-94d5d84aaa5b \" button_text_color=\"#37548D \" button_border_color=\"#d6cfc4\u2033 global_colors_info=\"{} \" button_border_color__hover_enabled=\"on|hover \" button_border_color__hover=\"#d6cfc4\u2033][\/et_pb_button][\/et_pb_column][\/et_pb_row][\/et_pb_section]\n<\/div>","protected":false},"excerpt":{"rendered":"<p>RegistrationWe create the right childcare solution for everyone, whether you need it or can provide it.For parents Take advantage of our free, tailor-made service to find the perfect match within 72 hours.For babysitters Are you enthusiastic, positive and motivated? Do you enjoy looking after the youngest children and helping them [...].<\/p>","protected":false},"author":12,"featured_media":0,"parent":0,"menu_order":0,"comment_status":"closed","ping_status":"closed","template":"","meta":{"_et_pb_use_builder":"on","_et_pb_old_content":"","_et_gb_content_width":"","_lmt_disableupdate":"","_lmt_disable":"","footnotes":""},"yoast_head":"<!-- This site is optimized with the Yoast SEO plugin v23.3 - https:\/\/yoast.com\/wordpress\/plugins\/seo\/ -->\n<title>Inscription &#8211; Kidlee | Garde d&#039;enfants de plus de 3 ans en \u00cele-de-France<\/title>\n<meta name=\"description\" content=\"D\u00e9couvrez les offres de smart baby-sitting Kidlee. Inscrivez-vous pour b\u00e9n\u00e9ficier des services de baby-sitting ou pour rejoindre notre \u00e9quipe\" \/>\n<meta name=\"robots\" content=\"index, follow, max-snippet:-1, max-image-preview:large, max-video-preview:-1\" \/>\n<link rel=\"canonical\" href=\"https:\/\/kidlee.fr\/en\/inscription-bs-famille\/\" \/>\n<meta property=\"og:locale\" content=\"en_US\" \/>\n<meta property=\"og:type\" content=\"article\" \/>\n<meta property=\"og:title\" content=\"Inscription &#8211; Kidlee | Garde d&#039;enfants de plus de 3 ans en \u00cele-de-France\" \/>\n<meta property=\"og:description\" content=\"D\u00e9couvrez les offres de smart baby-sitting Kidlee. Inscrivez-vous pour b\u00e9n\u00e9ficier des services de baby-sitting ou pour rejoindre notre \u00e9quipe\" \/>\n<meta property=\"og:url\" content=\"https:\/\/kidlee.fr\/en\/inscription-bs-famille\/\" \/>\n<meta property=\"og:site_name\" content=\"Kidlee | Garde d&#039;enfants de plus de 3 ans en \u00cele-de-France\" \/>\n<meta property=\"article:publisher\" content=\"https:\/\/www.facebook.com\/kidleeFR\" \/>\n<meta property=\"article:modified_time\" content=\"2024-07-12T17:08:27+00:00\" \/>\n<meta property=\"og:image\" content=\"https:\/\/kidlee.fr\/wp-content\/uploads\/2024\/08\/images-1.jpg\" \/>\n\t<meta property=\"og:image:width\" content=\"1200\" \/>\n\t<meta property=\"og:image:height\" content=\"675\" \/>\n\t<meta property=\"og:image:type\" content=\"image\/jpeg\" \/>\n<meta name=\"twitter:card\" content=\"summary_large_image\" \/>\n<meta name=\"twitter:site\" content=\"@Kidlee_fr\" \/>\n<meta name=\"twitter:label1\" content=\"Est. reading time\" \/>\n\t<meta name=\"twitter:data1\" content=\"1 minute\" \/>\n<script type=\"application\/ld+json\" class=\"yoast-schema-graph\">{\"@context\":\"https:\/\/schema.org\",\"@graph\":[{\"@type\":\"WebPage\",\"@id\":\"https:\/\/kidlee.fr\/inscription-bs-famille\/\",\"url\":\"https:\/\/kidlee.fr\/inscription-bs-famille\/\",\"name\":\"Inscription &#8211; Kidlee | Garde d&#039;enfants de plus de 3 ans en \u00cele-de-France\",\"isPartOf\":{\"@id\":\"https:\/\/kidlee.fr\/#website\"},\"datePublished\":\"2024-03-07T08:46:26+00:00\",\"dateModified\":\"2024-07-12T17:08:27+00:00\",\"description\":\"D\u00e9couvrez les offres de smart baby-sitting Kidlee. Inscrivez-vous pour b\u00e9n\u00e9ficier des services de baby-sitting ou pour rejoindre notre \u00e9quipe\",\"breadcrumb\":{\"@id\":\"https:\/\/kidlee.fr\/inscription-bs-famille\/#breadcrumb\"},\"inLanguage\":\"en-US\",\"potentialAction\":[{\"@type\":\"ReadAction\",\"target\":[\"https:\/\/kidlee.fr\/inscription-bs-famille\/\"]}]},{\"@type\":\"BreadcrumbList\",\"@id\":\"https:\/\/kidlee.fr\/inscription-bs-famille\/#breadcrumb\",\"itemListElement\":[{\"@type\":\"ListItem\",\"position\":1,\"name\":\"Accueil\",\"item\":\"https:\/\/kidlee.fr\/\"},{\"@type\":\"ListItem\",\"position\":2,\"name\":\"Inscription\"}]},{\"@type\":\"WebSite\",\"@id\":\"https:\/\/kidlee.fr\/#website\",\"url\":\"https:\/\/kidlee.fr\/\",\"name\":\"Kidlee | Garde d&#039;enfants de plus de 3 ans en \u00cele-de-France\",\"description\":\"Le baby-sitting intelligent qui fait progresser les enfants !\",\"publisher\":{\"@id\":\"https:\/\/kidlee.fr\/#organization\"},\"potentialAction\":[{\"@type\":\"SearchAction\",\"target\":{\"@type\":\"EntryPoint\",\"urlTemplate\":\"https:\/\/kidlee.fr\/?s={search_term_string}\"},\"query-input\":\"required name=search_term_string\"}],\"inLanguage\":\"en-US\"},{\"@type\":\"Organization\",\"@id\":\"https:\/\/kidlee.fr\/#organization\",\"name\":\"Kidlee, SAS.\",\"url\":\"https:\/\/kidlee.fr\/\",\"logo\":{\"@type\":\"ImageObject\",\"inLanguage\":\"en-US\",\"@id\":\"https:\/\/kidlee.fr\/#\/schema\/logo\/image\/\",\"url\":\"https:\/\/kidlee.fr\/wp-content\/uploads\/2020\/06\/Kidlee_logo_2020.svg\",\"contentUrl\":\"https:\/\/kidlee.fr\/wp-content\/uploads\/2020\/06\/Kidlee_logo_2020.svg\",\"width\":300,\"height\":79,\"caption\":\"Kidlee, SAS.\"},\"image\":{\"@id\":\"https:\/\/kidlee.fr\/#\/schema\/logo\/image\/\"},\"sameAs\":[\"https:\/\/www.facebook.com\/kidleeFR\",\"https:\/\/x.com\/Kidlee_fr\",\"https:\/\/www.instagram.com\/kidlee_fr\/\",\"https:\/\/www.linkedin.com\/company\/kidlee-fr\",\"https:\/\/www.youtube.com\/channel\/UCt4hFqrRHEHOMghdOLmyzjg\"]}]}<\/script>\n<!-- \/ Yoast SEO plugin. -->","yoast_head_json":{"title":"Inscription &#8211; Kidlee | Garde d&#039;enfants de plus de 3 ans en \u00cele-de-France","description":"D\u00e9couvrez les offres de smart baby-sitting Kidlee. Inscrivez-vous pour b\u00e9n\u00e9ficier des services de baby-sitting ou pour rejoindre notre \u00e9quipe","robots":{"index":"index","follow":"follow","max-snippet":"max-snippet:-1","max-image-preview":"max-image-preview:large","max-video-preview":"max-video-preview:-1"},"canonical":"https:\/\/kidlee.fr\/en\/inscription-bs-famille\/","og_locale":"en_US","og_type":"article","og_title":"Inscription &#8211; Kidlee | Garde d&#039;enfants de plus de 3 ans en \u00cele-de-France","og_description":"D\u00e9couvrez les offres de smart baby-sitting Kidlee. Inscrivez-vous pour b\u00e9n\u00e9ficier des services de baby-sitting ou pour rejoindre notre \u00e9quipe","og_url":"https:\/\/kidlee.fr\/en\/inscription-bs-famille\/","og_site_name":"Kidlee | Garde d&#039;enfants de plus de 3 ans en \u00cele-de-France","article_publisher":"https:\/\/www.facebook.com\/kidleeFR","article_modified_time":"2024-07-12T17:08:27+00:00","og_image":[{"width":1200,"height":675,"url":"https:\/\/kidlee.fr\/wp-content\/uploads\/2024\/08\/images-1.jpg","type":"image\/jpeg"}],"twitter_card":"summary_large_image","twitter_site":"@Kidlee_fr","twitter_misc":{"Est. reading time":"1 minute"},"schema":{"@context":"https:\/\/schema.org","@graph":[{"@type":"WebPage","@id":"https:\/\/kidlee.fr\/inscription-bs-famille\/","url":"https:\/\/kidlee.fr\/inscription-bs-famille\/","name":"Inscription &#8211; Kidlee | Garde d&#039;enfants de plus de 3 ans en \u00cele-de-France","isPartOf":{"@id":"https:\/\/kidlee.fr\/#website"},"datePublished":"2024-03-07T08:46:26+00:00","dateModified":"2024-07-12T17:08:27+00:00","description":"D\u00e9couvrez les offres de smart baby-sitting Kidlee. Inscrivez-vous pour b\u00e9n\u00e9ficier des services de baby-sitting ou pour rejoindre notre \u00e9quipe","breadcrumb":{"@id":"https:\/\/kidlee.fr\/inscription-bs-famille\/#breadcrumb"},"inLanguage":"en-US","potentialAction":[{"@type":"ReadAction","target":["https:\/\/kidlee.fr\/inscription-bs-famille\/"]}]},{"@type":"BreadcrumbList","@id":"https:\/\/kidlee.fr\/inscription-bs-famille\/#breadcrumb","itemListElement":[{"@type":"ListItem","position":1,"name":"Accueil","item":"https:\/\/kidlee.fr\/"},{"@type":"ListItem","position":2,"name":"Inscription"}]},{"@type":"WebSite","@id":"https:\/\/kidlee.fr\/#website","url":"https:\/\/kidlee.fr\/","name":"Kidlee | Garde d&#039;enfants de plus de 3 ans en \u00cele-de-France","description":"Le baby-sitting intelligent qui fait progresser les enfants !","publisher":{"@id":"https:\/\/kidlee.fr\/#organization"},"potentialAction":[{"@type":"SearchAction","target":{"@type":"EntryPoint","urlTemplate":"https:\/\/kidlee.fr\/?s={search_term_string}"},"query-input":"required name=search_term_string"}],"inLanguage":"en-US"},{"@type":"Organization","@id":"https:\/\/kidlee.fr\/#organization","name":"Kidlee, SAS.","url":"https:\/\/kidlee.fr\/","logo":{"@type":"ImageObject","inLanguage":"en-US","@id":"https:\/\/kidlee.fr\/#\/schema\/logo\/image\/","url":"https:\/\/kidlee.fr\/wp-content\/uploads\/2020\/06\/Kidlee_logo_2020.svg","contentUrl":"https:\/\/kidlee.fr\/wp-content\/uploads\/2020\/06\/Kidlee_logo_2020.svg","width":300,"height":79,"caption":"Kidlee, SAS."},"image":{"@id":"https:\/\/kidlee.fr\/#\/schema\/logo\/image\/"},"sameAs":["https:\/\/www.facebook.com\/kidleeFR","https:\/\/x.com\/Kidlee_fr","https:\/\/www.instagram.com\/kidlee_fr\/","https:\/\/www.linkedin.com\/company\/kidlee-fr","https:\/\/www.youtube.com\/channel\/UCt4hFqrRHEHOMghdOLmyzjg"]}]}},"_links":{"self":[{"href":"https:\/\/kidlee.fr\/en\/wp-json\/wp\/v2\/pages\/242999"}],"collection":[{"href":"https:\/\/kidlee.fr\/en\/wp-json\/wp\/v2\/pages"}],"about":[{"href":"https:\/\/kidlee.fr\/en\/wp-json\/wp\/v2\/types\/page"}],"author":[{"embeddable":true,"href":"https:\/\/kidlee.fr\/en\/wp-json\/wp\/v2\/users\/12"}],"replies":[{"embeddable":true,"href":"https:\/\/kidlee.fr\/en\/wp-json\/wp\/v2\/comments?post=242999"}],"version-history":[{"count":0,"href":"https:\/\/kidlee.fr\/en\/wp-json\/wp\/v2\/pages\/242999\/revisions"}],"wp:attachment":[{"href":"https:\/\/kidlee.fr\/en\/wp-json\/wp\/v2\/media?parent=242999"}],"curies":[{"name":"wp","href":"https:\/\/api.w.org\/{rel}","templated":true}]}}