{"id":242907,"date":"2023-12-15T12:04:01","date_gmt":"2023-12-15T11:04:01","guid":{"rendered":"https:\/\/kidlee.fr\/?page_id=242907"},"modified":"2024-07-18T21:18:27","modified_gmt":"2024-07-18T19:18:27","slug":"jeux-dechecs","status":"publish","type":"page","link":"https:\/\/kidlee.fr\/en\/guides\/chess-games\/","title":{"rendered":"Chess games"},"content":{"rendered":"<div id=\"bsf_rt_marker\">\n[et_pb_section fb_built=\"1\u2033 _builder_version=\"4.22.1\u2033 _module_preset=\"default \" da_disable_devices=\"off|off|off \" global_colors_info=\"{} \" da_is_popup=\"off \" da_exit_intent=\"off \" da_has_close=\"on \" da_alt_close=\"off \" da_dark_close=\"off \" da_not_modal=\"on \" da_is_singular=\"off \" da_with_loader=\"off \" da_has_shadow=\"on \"][et_pb_row _builder_version=\"4.22.1\u2033 _module_preset=\"default \" global_colors_info=\"{} \"][et_pb_column type=\"4_4\u2033 _builder_version=\"4.22.1\u2033 _module_preset=\"default \" global_colors_info=\"{} \"][et_pb_text _builder_version=\"4.22.1\u2033 _module_preset=\"default \" header_2_text_align=\"center \" locked=\"off \" global_colors_info=\"{} \"]<h1 style=\"text-align: center;\">Chess games<\/h1>[\/et_pb_text][et_pb_text _builder_version=\"4.22.1\u2033 _module_preset=\"default \" locked=\"off \" global_colors_info=\"{} \"]<p style=\"text-align: center;\"><span>Kidlee has prepared a comprehensive guide to introduce children to chess from an early age. The guide simplifies the rules of the game, provides helpful hints, and even offers puzzles to solve on the chess board.<\/span><\/p>[\/et_pb_text][\/et_pb_column][\/et_pb_row][et_pb_row column_structure=\"1_2,1_2\u2033 _builder_version=\"4.22.1\u2033 _module_preset=\"default \" hover_enabled=\"0\u2033 global_colors_info=\"{} \" background_color=\"#E7F0FE \" box_shadow_style=\"preset2\u2033 sticky_enabled=\"0\u2033][et_pb_column type=\"1_2\u2033 _builder_version=\"4.22.1\u2033 _module_preset=\"default \" global_colors_info=\"{} \"][et_pb_image src= \"https:\/\/kidlee.fr\/wp-content\/uploads\/2023\/12\/DALL-E-2023-12-15-11.55.20-A-vibrant-colorful-scene-of-a-chess-game-in-a-park-setting.-Two-children-a-Caucasian-girl-with-blonde-hair-and-a-Black-boy-with-short-curly-hair-ar.jpg \" title_text=\"DALL-E 2023-12-15 11.55.20 - A vibrant, colorful scene of a chess game in a park setting. Two children, a Caucasian girl with blonde hair and a Black boy with short curly hair, ar \" align=\"center\" _builder_version=\"4.22.1\u2033 _module_preset=\"default \" module_alignment=\"center \" custom_margin=\"30px||||false|false \" hover_enabled=\"0\u2033 locked=\"off \" global_colors_info=\"{} \" sticky_enabled=\"0\u2033][\/et_pb_image][\/et_pb_column][et_pb_column type=\"1_2\u2033 _builder_version=\"4.22.1\u2033 _module_preset=\"default \" global_colors_info=\"{} \"][dipl_form_styler form_type=\"contact_form_7\u2033 cf7_form_id=\"242892\u2033 input_text_color=\"#053940\u2033 focus_input_text_color=\"#FFFFFF \" placeholder_text_color=\"rgba(55,84,141,0.57) \" focus_placeholder_text_color=\"#E7F0FE \" input_bg_color=\"RGBA(255,255,255,0) \" input_focus_bg_color=\"#053940\u2033 input_custom_padding=\"12px|22px|12px|22px|true|true \" submit_custom_padding=\"24px|32px|24px|32px|true|true \" reset_bg_color=\"#58B998\u2033 submit_bg_color=\"#FFFFFF \" input_custom_padding_tablet=\"16px|32px|16px|32px|true|true \" input_custom_padding_phone=\"16px|16px|16px|16px|true|true \" input_custom_padding_last_edited=\"on|phone \" module_class=\"animation \" _builder_version=\"4.22.1\u2033 _module_preset=\"default \" label_font=\"|600||||||| \" label_text_color=\"#37548D \" input_font=\"|700||||||| \" input_font_size=\"15px \" placeholder_font=\"|500||||||| \" placeholder_line_height=\"1em \" submit_button_text_font=\"|600||||||| \" submit_button_text_color= \"#37548D \" submit_button_text_line_height=\"1em \" reset_button_text_color=\"#37548D \" text_orientation=\"center \" custom_margin= \"16px||48px||false|true \" custom_margin_tablet=\"16px|16px|32px|16px|false|true \" custom_margin_phone=\"16px|5px|16px|5px|true|true \" custom_margin_last_edited=\"on|desktop \" custom_padding=\"60px|30px|30px|30px|false|true \" custom_padding_tablet=\"30px|30px|30px|30px|true|true \" custom_padding_phone=\"|7px||7px|true|true \" custom_padding_last_edited=\"on|phone \" hover_enabled=\"0\u2033 label_font_size_tablet= \" \" label_font_size_phone=\"16px \" label_font_size_last_edited=\"on|phone \" placeholder_text_align_tablet= \" \" placeholder_text_align_phone=\"center \" placeholder_text_align_last_edited=\"on|phone \" use_background_color_gradient_phone=\"on \" background_color_gradient_direction_phone=\"180deg \" background_color_gradient_stops_phone=\"#e7f0fe 22%|#ffff 56% \" text_orientation_tablet=\"left \" text_orientation_phone=\"center \" text_orientation_last_edited=\"on|phone \" border_radii_input=\"on|4px|4px|4px|4px \" border_width_all_input=\"0px \" border_color_all_input= \"#FFFFFF \" border_width_bottom_input=\"2px \" border_color_bottom_input=\"#37548D \" border_radii_submit_button=\"on|36px|36px|36px|36px \" border_width_all_submit_button=\"2px \" border_color_all_submit_button=\"#37548D \" global_colors_info=\"{} \" buttons_bg_color__hover_enabled= \"on|hover \" buttons_bg_color__hover=\"#FFFFFF \" buttons_bg_enable_color__hover=\"on \" button_text_color__hover_enabled=\"on|hover \" button_text_color__hover=\"#000000\u2033 submit_bg_color__hover_enabled=\"on|hover \" submit_bg_color__hover=\"#37548D \" submit_bg_enable_color__hover=\"on \" submit_button_text_color__hover_enabled=\"on|desktop \" submit_button_text_color__hover= \"#FFFFFF\" background_enable_color=\"off\" sticky_enabled=\"0\u2033][\/dipl_form_styler][\/et_pb_column][\/et_pb_row][et_pb_row _builder_version=\"4.22.1\u2033 _module_preset=\"default \"][et_pb_column _builder_version=\"4.22.1\u2033 _module_preset=\"default \" type=\"4_4\u2033][\/et_pb_column][\/et_pb_row][\/et_pb_section]\n<\/div>","protected":false},"excerpt":{"rendered":"<p>Chess gamesKidlee has prepared a comprehensive guide to introduce children to chess from an early age. The guide simplifies the rules of the game, provides helpful hints, and even offers puzzles to solve on the chess board.<div class=\"et_pb_module dipl_form_styler dipl_form_styler_0\">\n\t\t\t\t\n\t\t\t\t\n\t\t\t\t\n\t\t\t\t\n\t\t\t\t\n\t\t\t\t\n\t\t\t\t<div class=\"et_pb_module_inner\">\n\t\t\t\t\t\n\t\t\t\t<\/div>\n\t\t\t<\/div><\/p>","protected":false},"author":12,"featured_media":0,"parent":242888,"menu_order":0,"comment_status":"closed","ping_status":"closed","template":"","meta":{"_et_pb_use_builder":"on","_et_pb_old_content":"","_et_gb_content_width":"","_lmt_disableupdate":"","_lmt_disable":"","footnotes":""},"yoast_head":"<!-- This site is optimized with the Yoast SEO plugin v23.3 - https:\/\/yoast.com\/wordpress\/plugins\/seo\/ -->\n<title>Jeux d&#039;\u00e9checs : comment initier les enfants<\/title>\n<meta name=\"description\" content=\"T\u00e9l\u00e9chargez vite le guide Kidlee pour apprendre et comprendre le jeu d&#039;\u00e9checs. Ce loisir intelligent est id\u00e9al pour votre enfant.\" \/>\n<meta name=\"robots\" content=\"index, follow, max-snippet:-1, max-image-preview:large, max-video-preview:-1\" \/>\n<link rel=\"canonical\" href=\"https:\/\/kidlee.fr\/en\/guides\/chess-games\/\" \/>\n<meta property=\"og:locale\" content=\"en_US\" \/>\n<meta property=\"og:type\" content=\"article\" \/>\n<meta property=\"og:title\" content=\"Jeux d&#039;\u00e9checs : comment initier les enfants\" \/>\n<meta property=\"og:description\" content=\"T\u00e9l\u00e9chargez vite le guide Kidlee pour apprendre et comprendre le jeu d&#039;\u00e9checs. Ce loisir intelligent est id\u00e9al pour votre enfant.\" \/>\n<meta property=\"og:url\" content=\"https:\/\/kidlee.fr\/en\/guides\/chess-games\/\" \/>\n<meta property=\"og:site_name\" content=\"Kidlee | Garde d&#039;enfants de plus de 3 ans en \u00cele-de-France\" \/>\n<meta property=\"article:publisher\" content=\"https:\/\/www.facebook.com\/kidleeFR\" \/>\n<meta property=\"article:modified_time\" content=\"2024-07-18T19:18:27+00:00\" \/>\n<meta property=\"og:image\" content=\"https:\/\/kidlee.fr\/wp-content\/uploads\/2024\/08\/images-1.jpg\" \/>\n\t<meta property=\"og:image:width\" content=\"1200\" \/>\n\t<meta property=\"og:image:height\" content=\"675\" \/>\n\t<meta property=\"og:image:type\" content=\"image\/jpeg\" \/>\n<meta name=\"twitter:card\" content=\"summary_large_image\" \/>\n<meta name=\"twitter:site\" content=\"@Kidlee_fr\" \/>\n<meta name=\"twitter:label1\" content=\"Est. reading time\" \/>\n\t<meta name=\"twitter:data1\" content=\"1 minute\" \/>\n<script type=\"application\/ld+json\" class=\"yoast-schema-graph\">{\"@context\":\"https:\/\/schema.org\",\"@graph\":[{\"@type\":\"WebPage\",\"@id\":\"https:\/\/kidlee.fr\/guides\/jeux-dechecs\/\",\"url\":\"https:\/\/kidlee.fr\/guides\/jeux-dechecs\/\",\"name\":\"Jeux d'\u00e9checs : comment initier les enfants\",\"isPartOf\":{\"@id\":\"https:\/\/kidlee.fr\/#website\"},\"datePublished\":\"2023-12-15T11:04:01+00:00\",\"dateModified\":\"2024-07-18T19:18:27+00:00\",\"description\":\"T\u00e9l\u00e9chargez vite le guide Kidlee pour apprendre et comprendre le jeu d'\u00e9checs. Ce loisir intelligent est id\u00e9al pour votre enfant.\",\"breadcrumb\":{\"@id\":\"https:\/\/kidlee.fr\/guides\/jeux-dechecs\/#breadcrumb\"},\"inLanguage\":\"en-US\",\"potentialAction\":[{\"@type\":\"ReadAction\",\"target\":[\"https:\/\/kidlee.fr\/guides\/jeux-dechecs\/\"]}]},{\"@type\":\"BreadcrumbList\",\"@id\":\"https:\/\/kidlee.fr\/guides\/jeux-dechecs\/#breadcrumb\",\"itemListElement\":[{\"@type\":\"ListItem\",\"position\":1,\"name\":\"Accueil\",\"item\":\"https:\/\/kidlee.fr\/\"},{\"@type\":\"ListItem\",\"position\":2,\"name\":\"Guides\",\"item\":\"https:\/\/kidlee.fr\/guides\/\"},{\"@type\":\"ListItem\",\"position\":3,\"name\":\"Jeux d&rsquo;\u00e9checs\"}]},{\"@type\":\"WebSite\",\"@id\":\"https:\/\/kidlee.fr\/#website\",\"url\":\"https:\/\/kidlee.fr\/\",\"name\":\"Kidlee | Garde d&#039;enfants de plus de 3 ans en \u00cele-de-France\",\"description\":\"Le baby-sitting intelligent qui fait progresser les enfants !\",\"publisher\":{\"@id\":\"https:\/\/kidlee.fr\/#organization\"},\"potentialAction\":[{\"@type\":\"SearchAction\",\"target\":{\"@type\":\"EntryPoint\",\"urlTemplate\":\"https:\/\/kidlee.fr\/?s={search_term_string}\"},\"query-input\":\"required name=search_term_string\"}],\"inLanguage\":\"en-US\"},{\"@type\":\"Organization\",\"@id\":\"https:\/\/kidlee.fr\/#organization\",\"name\":\"Kidlee, SAS.\",\"url\":\"https:\/\/kidlee.fr\/\",\"logo\":{\"@type\":\"ImageObject\",\"inLanguage\":\"en-US\",\"@id\":\"https:\/\/kidlee.fr\/#\/schema\/logo\/image\/\",\"url\":\"https:\/\/kidlee.fr\/wp-content\/uploads\/2020\/06\/Kidlee_logo_2020.svg\",\"contentUrl\":\"https:\/\/kidlee.fr\/wp-content\/uploads\/2020\/06\/Kidlee_logo_2020.svg\",\"width\":300,\"height\":79,\"caption\":\"Kidlee, SAS.\"},\"image\":{\"@id\":\"https:\/\/kidlee.fr\/#\/schema\/logo\/image\/\"},\"sameAs\":[\"https:\/\/www.facebook.com\/kidleeFR\",\"https:\/\/x.com\/Kidlee_fr\",\"https:\/\/www.instagram.com\/kidlee_fr\/\",\"https:\/\/www.linkedin.com\/company\/kidlee-fr\",\"https:\/\/www.youtube.com\/channel\/UCt4hFqrRHEHOMghdOLmyzjg\"]}]}<\/script>\n<!-- \/ Yoast SEO plugin. -->","yoast_head_json":{"title":"Jeux d'\u00e9checs : comment initier les enfants","description":"T\u00e9l\u00e9chargez vite le guide Kidlee pour apprendre et comprendre le jeu d'\u00e9checs. Ce loisir intelligent est id\u00e9al pour votre enfant.","robots":{"index":"index","follow":"follow","max-snippet":"max-snippet:-1","max-image-preview":"max-image-preview:large","max-video-preview":"max-video-preview:-1"},"canonical":"https:\/\/kidlee.fr\/en\/guides\/chess-games\/","og_locale":"en_US","og_type":"article","og_title":"Jeux d'\u00e9checs : comment initier les enfants","og_description":"T\u00e9l\u00e9chargez vite le guide Kidlee pour apprendre et comprendre le jeu d'\u00e9checs. Ce loisir intelligent est id\u00e9al pour votre enfant.","og_url":"https:\/\/kidlee.fr\/en\/guides\/chess-games\/","og_site_name":"Kidlee | Garde d&#039;enfants de plus de 3 ans en \u00cele-de-France","article_publisher":"https:\/\/www.facebook.com\/kidleeFR","article_modified_time":"2024-07-18T19:18:27+00:00","og_image":[{"width":1200,"height":675,"url":"https:\/\/kidlee.fr\/wp-content\/uploads\/2024\/08\/images-1.jpg","type":"image\/jpeg"}],"twitter_card":"summary_large_image","twitter_site":"@Kidlee_fr","twitter_misc":{"Est. reading time":"1 minute"},"schema":{"@context":"https:\/\/schema.org","@graph":[{"@type":"WebPage","@id":"https:\/\/kidlee.fr\/guides\/jeux-dechecs\/","url":"https:\/\/kidlee.fr\/guides\/jeux-dechecs\/","name":"Jeux d'\u00e9checs : comment initier les enfants","isPartOf":{"@id":"https:\/\/kidlee.fr\/#website"},"datePublished":"2023-12-15T11:04:01+00:00","dateModified":"2024-07-18T19:18:27+00:00","description":"T\u00e9l\u00e9chargez vite le guide Kidlee pour apprendre et comprendre le jeu d'\u00e9checs. Ce loisir intelligent est id\u00e9al pour votre enfant.","breadcrumb":{"@id":"https:\/\/kidlee.fr\/guides\/jeux-dechecs\/#breadcrumb"},"inLanguage":"en-US","potentialAction":[{"@type":"ReadAction","target":["https:\/\/kidlee.fr\/guides\/jeux-dechecs\/"]}]},{"@type":"BreadcrumbList","@id":"https:\/\/kidlee.fr\/guides\/jeux-dechecs\/#breadcrumb","itemListElement":[{"@type":"ListItem","position":1,"name":"Accueil","item":"https:\/\/kidlee.fr\/"},{"@type":"ListItem","position":2,"name":"Guides","item":"https:\/\/kidlee.fr\/guides\/"},{"@type":"ListItem","position":3,"name":"Jeux d&rsquo;\u00e9checs"}]},{"@type":"WebSite","@id":"https:\/\/kidlee.fr\/#website","url":"https:\/\/kidlee.fr\/","name":"Kidlee | Garde d&#039;enfants de plus de 3 ans en \u00cele-de-France","description":"Le baby-sitting intelligent qui fait progresser les enfants !","publisher":{"@id":"https:\/\/kidlee.fr\/#organization"},"potentialAction":[{"@type":"SearchAction","target":{"@type":"EntryPoint","urlTemplate":"https:\/\/kidlee.fr\/?s={search_term_string}"},"query-input":"required name=search_term_string"}],"inLanguage":"en-US"},{"@type":"Organization","@id":"https:\/\/kidlee.fr\/#organization","name":"Kidlee, SAS.","url":"https:\/\/kidlee.fr\/","logo":{"@type":"ImageObject","inLanguage":"en-US","@id":"https:\/\/kidlee.fr\/#\/schema\/logo\/image\/","url":"https:\/\/kidlee.fr\/wp-content\/uploads\/2020\/06\/Kidlee_logo_2020.svg","contentUrl":"https:\/\/kidlee.fr\/wp-content\/uploads\/2020\/06\/Kidlee_logo_2020.svg","width":300,"height":79,"caption":"Kidlee, SAS."},"image":{"@id":"https:\/\/kidlee.fr\/#\/schema\/logo\/image\/"},"sameAs":["https:\/\/www.facebook.com\/kidleeFR","https:\/\/x.com\/Kidlee_fr","https:\/\/www.instagram.com\/kidlee_fr\/","https:\/\/www.linkedin.com\/company\/kidlee-fr","https:\/\/www.youtube.com\/channel\/UCt4hFqrRHEHOMghdOLmyzjg"]}]}},"_links":{"self":[{"href":"https:\/\/kidlee.fr\/en\/wp-json\/wp\/v2\/pages\/242907"}],"collection":[{"href":"https:\/\/kidlee.fr\/en\/wp-json\/wp\/v2\/pages"}],"about":[{"href":"https:\/\/kidlee.fr\/en\/wp-json\/wp\/v2\/types\/page"}],"author":[{"embeddable":true,"href":"https:\/\/kidlee.fr\/en\/wp-json\/wp\/v2\/users\/12"}],"replies":[{"embeddable":true,"href":"https:\/\/kidlee.fr\/en\/wp-json\/wp\/v2\/comments?post=242907"}],"version-history":[{"count":0,"href":"https:\/\/kidlee.fr\/en\/wp-json\/wp\/v2\/pages\/242907\/revisions"}],"up":[{"embeddable":true,"href":"https:\/\/kidlee.fr\/en\/wp-json\/wp\/v2\/pages\/242888"}],"wp:attachment":[{"href":"https:\/\/kidlee.fr\/en\/wp-json\/wp\/v2\/media?parent=242907"}],"curies":[{"name":"wp","href":"https:\/\/api.w.org\/{rel}","templated":true}]}}