{"id":242888,"date":"2023-12-13T18:49:17","date_gmt":"2023-12-13T17:49:17","guid":{"rendered":"https:\/\/kidlee.fr\/?page_id=242888"},"modified":"2024-05-15T15:28:18","modified_gmt":"2024-05-15T13:28:18","slug":"guides","status":"publish","type":"page","link":"https:\/\/kidlee.fr\/en\/guides\/","title":{"rendered":"Guides"},"content":{"rendered":"<div id=\"bsf_rt_marker\">\n[et_pb_section fb_built=\"1\u2033 _builder_version=\"4.17.6\u2033 _module_preset=\"default \" da_disable_devices=\"off|off|off \" locked=\"off \" global_colors_info=\"{} \" da_is_popup=\"off \" da_exit_intent=\"off \" da_has_close=\"on \" da_alt_close=\"off \" da_dark_close=\"off \" da_not_modal=\"on \" da_is_singular=\"off \" da_with_loader=\"off \" da_has_shadow=\"on \"][et_pb_row _builder_version=\"4.16\u2033 _module_preset=\"default \" global_colors_info=\"{} \"][et_pb_column type=\"4_4\u2033 module_class= \".pa-inline-buttons\" _builder_version=\"4.16\u2033 _module_preset=\"default \" global_colors_info=\"{} \"][et_pb_text _builder_version=\"4.22.1\u2033 _module_preset=\"default \" text_text_color=\"#37548D \" global_colors_info=\"{} \"]<h1 style=\"text-align: center;\">Kidlee guides<\/h1>[\/et_pb_text][et_pb_text _builder_version=\"4.19.4\u2033 _module_preset=\"default \" text_text_color=\"#37548D\" global_colors_info=\"{}\"]<p style=\"text-align: center;\">Are you a parent looking for quality information on your child's education? We've got just what you're looking for! Our guides have been written by early childhood experts and are the result of in-depth research into best educational practices.<\/p>[\/et_pb_text][\/et_pb_column][\/et_pb_row][\/et_pb_section][et_pb_section fb_built=\"1\u2033 next_background_color=\"#f6fbfb \" _builder_version=\"4.19.4\u2033 _module_preset=\"default \" background_color=\"#f6fbfb \" background_image=\"https:\/\/kidlee.fr\/wp-content\/uploads\/2022\/08\/Banner.svg \" background_position= \"top_center \" background_vertical_offset= \"-100px \" bottom_divider_style=\"waves \" da_disable_devices=\"off|off|off \" locked=\"off \" global_colors_info=\"{} \" da_is_popup=\"off \" da_exit_intent=\"off \" da_has_close= \"on \" da_alt_close=\"off \" da_dark_close=\"off \" da_not_modal=\"on \" da_is_singular=\"off \" da_with_loader=\"off \" da_has_shadow=\"on \"][et_pb_row column_structure=\"1_2,1_2\u2033 use_custom_gutter=\"on \" gutter_width=\"2\u2033 _builder_version=\"4.19.4\u2033 _module_preset=\"default \" global_colors_info=\"{} \"][et_pb_column type=\"1_2\u2033 _builder_version=\"4.19.4\u2033 _module_preset=\"default \" background_color=\"#FFFFFF \" custom_padding=\"|50px||50px|false|true \" custom_padding_tablet=\"|30px||30px|false|true \" custom_padding_phone= \"|10px||10px|false|true \" custom_padding_last_edited=\"on|phone \" border_radii=\"on|16px|16px|16px|16px \" global_colors_info=\"{} \"][et_pb_divider show_divider=\"off \" _builder_version=\"4.19.4\u2033 _module_preset=\"default \" min_height=\"35px \" global_colors_info=\"{} \"][\/et_pb_divider][et_pb_text _builder_version=\"4.22.1\u2033 _module_preset=\"default \" header_2_text_align=\"center \" global_colors_info=\"{} \"]<h2>Chess games<\/h2>[\/et_pb_text][et_pb_image src= \"https:\/\/kidlee.fr\/wp-content\/uploads\/2023\/12\/DALL-E-2023-12-15-11.55.20-A-vibrant-colorful-scene-of-a-chess-game-in-a-park-setting.-Two-children-a-Caucasian-girl-with-blonde-hair-and-a-Black-boy-with-short-curly-hair-ar.jpg \" title_text=\"DALL-E 2023-12-15 11.55.20 - A vibrant, colorful scene of a chess game in a park setting. Two children, a Caucasian girl with blonde hair and a Black boy with short curly hair, ar \" _builder_version=\"4.22.1\u2033 _module_preset=\"default \" global_colors_info=\"{} \"][\/et_pb_image][et_pb_text _builder_version=\"4.19.4\u2033 _module_preset=\"default \" text_font_size=\"14px \" text_orientation=\"center \" global_colors_info=\"{} \"]<p>Presentation<\/p>[\/et_pb_text][et_pb_text _builder_version=\"4.22.1\u2033 _module_preset=\"default \" text_font_size=\"14px \" text_orientation=\"center \" custom_padding=\"10px|10px|10px|10px|true|true \" border_radii=\"on|6px|6px|6px|6px \" box_shadow_style=\"preset1\u2033 box_shadow_blur=\"50px \" box_shadow_color=\"rgba(0,0,0.11) \" global_colors_info=\"{} \"]<p><span>Kidlee has prepared a comprehensive guide to introduce children to chess from an early age. The guide simplifies the rules of the game, provides helpful hints, and even offers puzzles to solve on the chess board.<\/span><\/p>[\/et_pb_text][et_pb_button button_text=\"Download the guide \" _builder_version=\"4.22.1\u2033 _module_preset=\"244c71b8-1bfe-4e4c-8ea1-94d5d84aaa5b \" button_url=\"https:\/\/kidlee.fr\/guides\/jeux-dechecs\/ \" hover_enabled=\"0\u2033 sticky_enabled=\"0\u2033][\/et_pb_button][et_pb_divider show_divider=\"off \" _builder_version=\"4.19.4\u2033 _module_preset=\"default \" min_height=\"35px \" global_colors_info=\"{} \"][\/et_pb_divider][\/et_pb_column][et_pb_column type=\"1_2\u2033 _builder_version=\"4.19.4\u2033 _module_preset=\"default \" global_colors_info=\"{} \"][\/et_pb_column][\/et_pb_row][\/et_pb_section]\n<\/div>","protected":false},"excerpt":{"rendered":"<p>Kidlee GuidesAre you a parent looking for quality information on raising your child? We've got just what you need! Our guides have been written by early childhood experts and are the result of in-depth research into best educational practices.Chess gamesIntroductionKidlee has prepared a complete guide for [...]<\/p>","protected":false},"author":12,"featured_media":0,"parent":0,"menu_order":0,"comment_status":"closed","ping_status":"closed","template":"","meta":{"_et_pb_use_builder":"on","_et_pb_old_content":"","_et_gb_content_width":"","_lmt_disableupdate":"","_lmt_disable":"","footnotes":""},"yoast_head":"<!-- This site is optimized with the Yoast SEO plugin v23.3 - https:\/\/yoast.com\/wordpress\/plugins\/seo\/ -->\n<title>Guides &#8211; Kidlee | Garde d&#039;enfants de plus de 3 ans en \u00cele-de-France<\/title>\n<meta name=\"description\" content=\"Kidlee est le leader de la garde d&#039;enfant ludique et du babysitting p\u00e9riscolaire ! Nous mettons en relation des profils qualifi\u00e9s qui correspondent parfaitement \u00e0 la personnalit\u00e9 de l&#039;enfant. Nos babysitters sont form\u00e9s aux premiers secours et \u00e0 la p\u00e9dagogie Montessori.\" \/>\n<meta name=\"robots\" content=\"index, follow, max-snippet:-1, max-image-preview:large, max-video-preview:-1\" \/>\n<link rel=\"canonical\" href=\"https:\/\/kidlee.fr\/en\/guides\/\" \/>\n<meta property=\"og:locale\" content=\"en_US\" \/>\n<meta property=\"og:type\" content=\"article\" \/>\n<meta property=\"og:title\" content=\"Guides &#8211; Kidlee | Garde d&#039;enfants de plus de 3 ans en \u00cele-de-France\" \/>\n<meta property=\"og:description\" content=\"Kidlee est le leader de la garde d&#039;enfant ludique et du babysitting p\u00e9riscolaire ! Nous mettons en relation des profils qualifi\u00e9s qui correspondent parfaitement \u00e0 la personnalit\u00e9 de l&#039;enfant. Nos babysitters sont form\u00e9s aux premiers secours et \u00e0 la p\u00e9dagogie Montessori.\" \/>\n<meta property=\"og:url\" content=\"https:\/\/kidlee.fr\/en\/guides\/\" \/>\n<meta property=\"og:site_name\" content=\"Kidlee | Garde d&#039;enfants de plus de 3 ans en \u00cele-de-France\" \/>\n<meta property=\"article:publisher\" content=\"https:\/\/www.facebook.com\/kidleeFR\" \/>\n<meta property=\"article:modified_time\" content=\"2024-05-15T13:28:18+00:00\" \/>\n<meta property=\"og:image\" content=\"https:\/\/kidlee.fr\/wp-content\/uploads\/2024\/08\/images-1.jpg\" \/>\n\t<meta property=\"og:image:width\" content=\"1200\" \/>\n\t<meta property=\"og:image:height\" content=\"675\" \/>\n\t<meta property=\"og:image:type\" content=\"image\/jpeg\" \/>\n<meta name=\"twitter:card\" content=\"summary_large_image\" \/>\n<meta name=\"twitter:site\" content=\"@Kidlee_fr\" \/>\n<meta name=\"twitter:label1\" content=\"Est. reading time\" \/>\n\t<meta name=\"twitter:data1\" content=\"1 minute\" \/>\n<script type=\"application\/ld+json\" class=\"yoast-schema-graph\">{\"@context\":\"https:\/\/schema.org\",\"@graph\":[{\"@type\":\"WebPage\",\"@id\":\"https:\/\/kidlee.fr\/guides\/\",\"url\":\"https:\/\/kidlee.fr\/guides\/\",\"name\":\"Guides &#8211; Kidlee | Garde d&#039;enfants de plus de 3 ans en \u00cele-de-France\",\"isPartOf\":{\"@id\":\"https:\/\/kidlee.fr\/#website\"},\"datePublished\":\"2023-12-13T17:49:17+00:00\",\"dateModified\":\"2024-05-15T13:28:18+00:00\",\"description\":\"Kidlee est le leader de la garde d'enfant ludique et du babysitting p\u00e9riscolaire ! Nous mettons en relation des profils qualifi\u00e9s qui correspondent parfaitement \u00e0 la personnalit\u00e9 de l'enfant. Nos babysitters sont form\u00e9s aux premiers secours et \u00e0 la p\u00e9dagogie Montessori.\",\"breadcrumb\":{\"@id\":\"https:\/\/kidlee.fr\/guides\/#breadcrumb\"},\"inLanguage\":\"en-US\",\"potentialAction\":[{\"@type\":\"ReadAction\",\"target\":[\"https:\/\/kidlee.fr\/guides\/\"]}]},{\"@type\":\"BreadcrumbList\",\"@id\":\"https:\/\/kidlee.fr\/guides\/#breadcrumb\",\"itemListElement\":[{\"@type\":\"ListItem\",\"position\":1,\"name\":\"Accueil\",\"item\":\"https:\/\/kidlee.fr\/\"},{\"@type\":\"ListItem\",\"position\":2,\"name\":\"Guides\"}]},{\"@type\":\"WebSite\",\"@id\":\"https:\/\/kidlee.fr\/#website\",\"url\":\"https:\/\/kidlee.fr\/\",\"name\":\"Kidlee | Garde d&#039;enfants de plus de 3 ans en \u00cele-de-France\",\"description\":\"Le baby-sitting intelligent qui fait progresser les enfants !\",\"publisher\":{\"@id\":\"https:\/\/kidlee.fr\/#organization\"},\"potentialAction\":[{\"@type\":\"SearchAction\",\"target\":{\"@type\":\"EntryPoint\",\"urlTemplate\":\"https:\/\/kidlee.fr\/?s={search_term_string}\"},\"query-input\":\"required name=search_term_string\"}],\"inLanguage\":\"en-US\"},{\"@type\":\"Organization\",\"@id\":\"https:\/\/kidlee.fr\/#organization\",\"name\":\"Kidlee, SAS.\",\"url\":\"https:\/\/kidlee.fr\/\",\"logo\":{\"@type\":\"ImageObject\",\"inLanguage\":\"en-US\",\"@id\":\"https:\/\/kidlee.fr\/#\/schema\/logo\/image\/\",\"url\":\"https:\/\/kidlee.fr\/wp-content\/uploads\/2020\/06\/Kidlee_logo_2020.svg\",\"contentUrl\":\"https:\/\/kidlee.fr\/wp-content\/uploads\/2020\/06\/Kidlee_logo_2020.svg\",\"width\":300,\"height\":79,\"caption\":\"Kidlee, SAS.\"},\"image\":{\"@id\":\"https:\/\/kidlee.fr\/#\/schema\/logo\/image\/\"},\"sameAs\":[\"https:\/\/www.facebook.com\/kidleeFR\",\"https:\/\/x.com\/Kidlee_fr\",\"https:\/\/www.instagram.com\/kidlee_fr\/\",\"https:\/\/www.linkedin.com\/company\/kidlee-fr\",\"https:\/\/www.youtube.com\/channel\/UCt4hFqrRHEHOMghdOLmyzjg\"]}]}<\/script>\n<!-- \/ Yoast SEO plugin. -->","yoast_head_json":{"title":"Guides &#8211; Kidlee | Garde d&#039;enfants de plus de 3 ans en \u00cele-de-France","description":"Kidlee est le leader de la garde d'enfant ludique et du babysitting p\u00e9riscolaire ! Nous mettons en relation des profils qualifi\u00e9s qui correspondent parfaitement \u00e0 la personnalit\u00e9 de l'enfant. Nos babysitters sont form\u00e9s aux premiers secours et \u00e0 la p\u00e9dagogie Montessori.","robots":{"index":"index","follow":"follow","max-snippet":"max-snippet:-1","max-image-preview":"max-image-preview:large","max-video-preview":"max-video-preview:-1"},"canonical":"https:\/\/kidlee.fr\/en\/guides\/","og_locale":"en_US","og_type":"article","og_title":"Guides &#8211; Kidlee | Garde d&#039;enfants de plus de 3 ans en \u00cele-de-France","og_description":"Kidlee est le leader de la garde d'enfant ludique et du babysitting p\u00e9riscolaire ! Nous mettons en relation des profils qualifi\u00e9s qui correspondent parfaitement \u00e0 la personnalit\u00e9 de l'enfant. Nos babysitters sont form\u00e9s aux premiers secours et \u00e0 la p\u00e9dagogie Montessori.","og_url":"https:\/\/kidlee.fr\/en\/guides\/","og_site_name":"Kidlee | Garde d&#039;enfants de plus de 3 ans en \u00cele-de-France","article_publisher":"https:\/\/www.facebook.com\/kidleeFR","article_modified_time":"2024-05-15T13:28:18+00:00","og_image":[{"width":1200,"height":675,"url":"https:\/\/kidlee.fr\/wp-content\/uploads\/2024\/08\/images-1.jpg","type":"image\/jpeg"}],"twitter_card":"summary_large_image","twitter_site":"@Kidlee_fr","twitter_misc":{"Est. reading time":"1 minute"},"schema":{"@context":"https:\/\/schema.org","@graph":[{"@type":"WebPage","@id":"https:\/\/kidlee.fr\/guides\/","url":"https:\/\/kidlee.fr\/guides\/","name":"Guides &#8211; Kidlee | Garde d&#039;enfants de plus de 3 ans en \u00cele-de-France","isPartOf":{"@id":"https:\/\/kidlee.fr\/#website"},"datePublished":"2023-12-13T17:49:17+00:00","dateModified":"2024-05-15T13:28:18+00:00","description":"Kidlee est le leader de la garde d'enfant ludique et du babysitting p\u00e9riscolaire ! Nous mettons en relation des profils qualifi\u00e9s qui correspondent parfaitement \u00e0 la personnalit\u00e9 de l'enfant. Nos babysitters sont form\u00e9s aux premiers secours et \u00e0 la p\u00e9dagogie Montessori.","breadcrumb":{"@id":"https:\/\/kidlee.fr\/guides\/#breadcrumb"},"inLanguage":"en-US","potentialAction":[{"@type":"ReadAction","target":["https:\/\/kidlee.fr\/guides\/"]}]},{"@type":"BreadcrumbList","@id":"https:\/\/kidlee.fr\/guides\/#breadcrumb","itemListElement":[{"@type":"ListItem","position":1,"name":"Accueil","item":"https:\/\/kidlee.fr\/"},{"@type":"ListItem","position":2,"name":"Guides"}]},{"@type":"WebSite","@id":"https:\/\/kidlee.fr\/#website","url":"https:\/\/kidlee.fr\/","name":"Kidlee | Garde d&#039;enfants de plus de 3 ans en \u00cele-de-France","description":"Le baby-sitting intelligent qui fait progresser les enfants !","publisher":{"@id":"https:\/\/kidlee.fr\/#organization"},"potentialAction":[{"@type":"SearchAction","target":{"@type":"EntryPoint","urlTemplate":"https:\/\/kidlee.fr\/?s={search_term_string}"},"query-input":"required name=search_term_string"}],"inLanguage":"en-US"},{"@type":"Organization","@id":"https:\/\/kidlee.fr\/#organization","name":"Kidlee, SAS.","url":"https:\/\/kidlee.fr\/","logo":{"@type":"ImageObject","inLanguage":"en-US","@id":"https:\/\/kidlee.fr\/#\/schema\/logo\/image\/","url":"https:\/\/kidlee.fr\/wp-content\/uploads\/2020\/06\/Kidlee_logo_2020.svg","contentUrl":"https:\/\/kidlee.fr\/wp-content\/uploads\/2020\/06\/Kidlee_logo_2020.svg","width":300,"height":79,"caption":"Kidlee, SAS."},"image":{"@id":"https:\/\/kidlee.fr\/#\/schema\/logo\/image\/"},"sameAs":["https:\/\/www.facebook.com\/kidleeFR","https:\/\/x.com\/Kidlee_fr","https:\/\/www.instagram.com\/kidlee_fr\/","https:\/\/www.linkedin.com\/company\/kidlee-fr","https:\/\/www.youtube.com\/channel\/UCt4hFqrRHEHOMghdOLmyzjg"]}]}},"_links":{"self":[{"href":"https:\/\/kidlee.fr\/en\/wp-json\/wp\/v2\/pages\/242888"}],"collection":[{"href":"https:\/\/kidlee.fr\/en\/wp-json\/wp\/v2\/pages"}],"about":[{"href":"https:\/\/kidlee.fr\/en\/wp-json\/wp\/v2\/types\/page"}],"author":[{"embeddable":true,"href":"https:\/\/kidlee.fr\/en\/wp-json\/wp\/v2\/users\/12"}],"replies":[{"embeddable":true,"href":"https:\/\/kidlee.fr\/en\/wp-json\/wp\/v2\/comments?post=242888"}],"version-history":[{"count":0,"href":"https:\/\/kidlee.fr\/en\/wp-json\/wp\/v2\/pages\/242888\/revisions"}],"wp:attachment":[{"href":"https:\/\/kidlee.fr\/en\/wp-json\/wp\/v2\/media?parent=242888"}],"curies":[{"name":"wp","href":"https:\/\/api.w.org\/{rel}","templated":true}]}}