{"id":242595,"date":"2023-01-09T10:44:43","date_gmt":"2023-01-09T09:44:43","guid":{"rendered":"https:\/\/kidlee.fr\/?page_id=242595"},"modified":"2024-07-18T21:39:42","modified_gmt":"2024-07-18T19:39:42","slug":"livres-blancs","status":"publish","type":"page","link":"https:\/\/kidlee.fr\/en\/livres-blancs\/","title":{"rendered":"Discover Kidlee's white papers"},"content":{"rendered":"<div id=\"bsf_rt_marker\">\n[et_pb_section fb_built=\"1\u2033 _builder_version=\"4.17.6\u2033 _module_preset=\"default \" da_disable_devices=\"off|off|off \" locked=\"off \" global_colors_info=\"{} \" da_is_popup=\"off \" da_exit_intent=\"off \" da_has_close=\"on \" da_alt_close=\"off \" da_dark_close=\"off \" da_not_modal=\"on \" da_is_singular=\"off \" da_with_loader=\"off \" da_has_shadow=\"on \"][et_pb_row _builder_version=\"4.16\u2033 _module_preset=\"default \" global_colors_info=\"{} \"][et_pb_column type=\"4_4\u2033 module_class=\".pa-inline-buttons\" _builder_version=\"4.16\u2033 _module_preset=\"default \" global_colors_info=\"{} \"][et_pb_text _builder_version=\"4.19.4\u2033 _module_preset=\"default \" text_text_color=\"#37548D \" global_colors_info=\"{} \"]<h1 style=\"text-align: center;\">Kidlee White Papers<\/h1>[\/et_pb_text][et_pb_text _builder_version=\"4.19.4\u2033 _module_preset=\"default \" text_text_color=\"#37548D\" global_colors_info=\"{}\"]<p style=\"text-align: center;\">Are you a parent looking for quality information about your child's education? We've got you covered! Our white papers have been written by early childhood experts and are the result of extensive research on best educational practices.<\/p>[\/et_pb_text][\/et_pb_column][\/et_pb_row][\/et_pb_section][et_pb_section fb_built=\"1\u2033 next_background_color=\"#f6fbfb \" _builder_version=\"4.19.4\u2033 _module_preset=\"default \" background_color=\"#f6fbfb \" background_image=\"https:\/\/kidlee.fr\/wp-content\/uploads\/2022\/08\/Banner.svg \" background_position= \"top_center \" background_vertical_offset= \"-100px \" bottom_divider_style=\"waves \" da_disable_devices=\"off|off|off \" locked=\"off \" global_colors_info=\"{} \" da_is_popup=\"off \" da_exit_intent=\"off \" da_has_close= \"on\" da_alt_close=\"off\" da_dark_close=\"off\" da_not_modal=\"on\" da_is_singular=\"off\" da_with_loader=\"off\" da_has_shadow=\"on\"][et_pb_row column_structure=\"1_2,1_2\u2033 use_custom_gutter=\"on \" gutter_width=\"2\u2033 _builder_version=\"4.19.4\u2033 _module_preset=\"default \" global_colors_info=\"{} \"][et_pb_column type=\"1_2\u2033 _builder_version=\"4.19.4\u2033 _module_preset=\"default \" background_color=\"#FFFFFF \" custom_padding=\"|50px||50px|false|true \" custom_padding_tablet=\"|30px||30px|false|true \" custom_padding_phone= \"|10px||10px|false|true \" custom_padding_last_edited=\"on|phone \" border_radii=\"on|16px|16px|16px|16px \" global_colors_info=\"{} \"][et_pb_divider show_divider=\"off \" _builder_version=\"4.19.4\u2033 _module_preset=\"default \" min_height=\"35px \" global_colors_info=\"{} \"][\/et_pb_divider][et_pb_text _builder_version=\"4.19.4\u2033 _module_preset=\"default \" header_2_text_align=\"center \" global_colors_info=\"{} \"]<h2>Screens and children<\/h2>[\/et_pb_text][et_pb_image src= \"https:\/\/kidlee.fr\/wp-content\/uploads\/2023\/01\/image-34.jpg \" title_text=\"image 34\u2033 align=\"center \" _builder_version=\"4.19.4\u2033 _module_preset=\"default \" global_colors_info=\"{}\"][\/et_pb_image][et_pb_text _builder_version=\"4.19.4\u2033 _module_preset=\"default \" text_font_size=\"14px \" text_orientation=\"center \" global_colors_info=\"{}\"]<p>Presentation<\/p>[\/et_pb_text][et_pb_text _builder_version=\"4.19.4\u2033 _module_preset=\"default \" text_font_size=\"14px \" text_orientation=\"center \" custom_padding=\"10px|10px|10px|10px|true|true \" border_radii=\"on|6px|6px|6px|6px \" box_shadow_style=\"preset1\u2033 box_shadow_blur=\"50px \" box_shadow_color=\"rgba(0,0,0.11) \" global_colors_info=\"{} \"]<p>In the life of a child today, young or pre-adolescent, the screens are there since the beginning. He<br \/>or she is interested in the many connected objects: it is easy to use and interesting. A world<br \/>all at your fingertips. And we adults are also setting an example...<\/p>[\/et_pb_text][dipl_modal modal_id=\"lb001\u2033 trigger_button_text=\"Download white paper \" close_on_esc=\"on \" show_header=\"off \" show_footer=\"off \" modal_content_type=\"layout \" modal_content_layout=\"242611\u2033 modal_custom_margin=\"0px||0px||true|false \" modal_custom_padding= \"0px|0px|0px|0px|true|true \" modal_body_custom_margin= \"0px|0px|0px|0px|true|true \" modal_body_custom_padding= \"0px|0px|0px|0px|true|true \" modal_bg_color=\"#f6fbfb \" modal_body_bg_color=\"#f6fbfb \" _builder_version=\"4.19.4\u2033 _module_preset=\"default \" custom_trigger_button=\"on \" trigger_button_text_size=\"14px \" trigger_button_text_color=\"#FFFFFF \" trigger_button_bg_color=\"#58B998\u2033 trigger_button_border_radius=\"30px \" trigger_button_font=\"|700||||||| \" trigger_button_icon=\"||divi||400\u2033 trigger_button_custom_padding=\"15px|25px|15px|25px|true|true \" text_orientation=\"center \" custom_padding=\"0px||0px||true|false \" border_radii_modal=\"on|16px|16px|16px|16px \" box_shadow_style_modal=\"preset3\u2033 global_colors_info=\"{} \" trigger_button_bg_color__hover_enabled=\"on|hover \" trigger_button_bg_color__hover=\"#FFFFFF \" trigger_button_bg_enable_color__hover=\"on \" trigger_button_text_color__hover_enabled=\"on|hover \" trigger_button_text_color__hover=\"#58B998\u2033][\/dipl_modal][et_pb_divider show_divider=\"off \" _builder_version=\"4.19.4\u2033 _module_preset=\"default \" min_height=\"35px \" global_colors_info=\"{}\"][\/et_pb_divider][\/et_pb_column][et_pb_column type=\"1_2\u2033 _builder_version=\"4.19.4\u2033 _module_preset=\"default \" global_colors_info=\"{} \"][\/et_pb_column][\/et_pb_row][\/et_pb_section]\n<\/div>","protected":false},"excerpt":{"rendered":"<p>Kidlee White PapersAre you a parent looking for quality information on raising your child? We've got you covered! Our white papers have been written by early childhood experts and are the result of extensive research on best educational practices.Screens and KidsIntroductionIn the [...]<\/p>","protected":false},"author":12,"featured_media":0,"parent":0,"menu_order":0,"comment_status":"closed","ping_status":"closed","template":"","meta":{"_et_pb_use_builder":"on","_et_pb_old_content":"","_et_gb_content_width":"","_lmt_disableupdate":"","_lmt_disable":"","footnotes":""},"yoast_head":"<!-- This site is optimized with the Yoast SEO plugin v23.3 - https:\/\/yoast.com\/wordpress\/plugins\/seo\/ -->\n<title>D\u00e9couvrez les livres blancs de Kidlee &#8211; Kidlee | Garde d&#039;enfants de plus de 3 ans en \u00cele-de-France<\/title>\n<meta name=\"description\" content=\"Vous \u00eates perdu face \u00e0 l&#039;\u00e9ducation de votre enfant ? T\u00e9l\u00e9chargez imm\u00e9diatement notre livre blanc Kidlee d\u00e9velopp\u00e9 par des pros de l&#039;enfance.\" \/>\n<meta name=\"robots\" content=\"index, follow, max-snippet:-1, max-image-preview:large, max-video-preview:-1\" \/>\n<link rel=\"canonical\" href=\"https:\/\/kidlee.fr\/en\/livres-blancs\/\" \/>\n<meta property=\"og:locale\" content=\"en_US\" \/>\n<meta property=\"og:type\" content=\"article\" \/>\n<meta property=\"og:title\" content=\"D\u00e9couvrez les livres blancs de Kidlee &#8211; Kidlee | Garde d&#039;enfants de plus de 3 ans en \u00cele-de-France\" \/>\n<meta property=\"og:description\" content=\"Vous \u00eates perdu face \u00e0 l&#039;\u00e9ducation de votre enfant ? T\u00e9l\u00e9chargez imm\u00e9diatement notre livre blanc Kidlee d\u00e9velopp\u00e9 par des pros de l&#039;enfance.\" \/>\n<meta property=\"og:url\" content=\"https:\/\/kidlee.fr\/en\/livres-blancs\/\" \/>\n<meta property=\"og:site_name\" content=\"Kidlee | Garde d&#039;enfants de plus de 3 ans en \u00cele-de-France\" \/>\n<meta property=\"article:publisher\" content=\"https:\/\/www.facebook.com\/kidleeFR\" \/>\n<meta property=\"article:modified_time\" content=\"2024-07-18T19:39:42+00:00\" \/>\n<meta property=\"og:image\" content=\"https:\/\/kidlee.fr\/wp-content\/uploads\/2024\/08\/images-1.jpg\" \/>\n\t<meta property=\"og:image:width\" content=\"1200\" \/>\n\t<meta property=\"og:image:height\" content=\"675\" \/>\n\t<meta property=\"og:image:type\" content=\"image\/jpeg\" \/>\n<meta name=\"twitter:card\" content=\"summary_large_image\" \/>\n<meta name=\"twitter:site\" content=\"@Kidlee_fr\" \/>\n<meta name=\"twitter:label1\" content=\"Est. reading time\" \/>\n\t<meta name=\"twitter:data1\" content=\"1 minute\" \/>\n<script type=\"application\/ld+json\" class=\"yoast-schema-graph\">{\"@context\":\"https:\/\/schema.org\",\"@graph\":[{\"@type\":\"WebPage\",\"@id\":\"https:\/\/kidlee.fr\/livres-blancs\/\",\"url\":\"https:\/\/kidlee.fr\/livres-blancs\/\",\"name\":\"D\u00e9couvrez les livres blancs de Kidlee &#8211; Kidlee | Garde d&#039;enfants de plus de 3 ans en \u00cele-de-France\",\"isPartOf\":{\"@id\":\"https:\/\/kidlee.fr\/#website\"},\"datePublished\":\"2023-01-09T09:44:43+00:00\",\"dateModified\":\"2024-07-18T19:39:42+00:00\",\"description\":\"Vous \u00eates perdu face \u00e0 l'\u00e9ducation de votre enfant ? T\u00e9l\u00e9chargez imm\u00e9diatement notre livre blanc Kidlee d\u00e9velopp\u00e9 par des pros de l'enfance.\",\"breadcrumb\":{\"@id\":\"https:\/\/kidlee.fr\/livres-blancs\/#breadcrumb\"},\"inLanguage\":\"en-US\",\"potentialAction\":[{\"@type\":\"ReadAction\",\"target\":[\"https:\/\/kidlee.fr\/livres-blancs\/\"]}]},{\"@type\":\"BreadcrumbList\",\"@id\":\"https:\/\/kidlee.fr\/livres-blancs\/#breadcrumb\",\"itemListElement\":[{\"@type\":\"ListItem\",\"position\":1,\"name\":\"Accueil\",\"item\":\"https:\/\/kidlee.fr\/\"},{\"@type\":\"ListItem\",\"position\":2,\"name\":\"D\u00e9couvrez les livres blancs de Kidlee\"}]},{\"@type\":\"WebSite\",\"@id\":\"https:\/\/kidlee.fr\/#website\",\"url\":\"https:\/\/kidlee.fr\/\",\"name\":\"Kidlee | Garde d&#039;enfants de plus de 3 ans en \u00cele-de-France\",\"description\":\"Le baby-sitting intelligent qui fait progresser les enfants !\",\"publisher\":{\"@id\":\"https:\/\/kidlee.fr\/#organization\"},\"potentialAction\":[{\"@type\":\"SearchAction\",\"target\":{\"@type\":\"EntryPoint\",\"urlTemplate\":\"https:\/\/kidlee.fr\/?s={search_term_string}\"},\"query-input\":\"required name=search_term_string\"}],\"inLanguage\":\"en-US\"},{\"@type\":\"Organization\",\"@id\":\"https:\/\/kidlee.fr\/#organization\",\"name\":\"Kidlee, SAS.\",\"url\":\"https:\/\/kidlee.fr\/\",\"logo\":{\"@type\":\"ImageObject\",\"inLanguage\":\"en-US\",\"@id\":\"https:\/\/kidlee.fr\/#\/schema\/logo\/image\/\",\"url\":\"https:\/\/kidlee.fr\/wp-content\/uploads\/2020\/06\/Kidlee_logo_2020.svg\",\"contentUrl\":\"https:\/\/kidlee.fr\/wp-content\/uploads\/2020\/06\/Kidlee_logo_2020.svg\",\"width\":300,\"height\":79,\"caption\":\"Kidlee, SAS.\"},\"image\":{\"@id\":\"https:\/\/kidlee.fr\/#\/schema\/logo\/image\/\"},\"sameAs\":[\"https:\/\/www.facebook.com\/kidleeFR\",\"https:\/\/x.com\/Kidlee_fr\",\"https:\/\/www.instagram.com\/kidlee_fr\/\",\"https:\/\/www.linkedin.com\/company\/kidlee-fr\",\"https:\/\/www.youtube.com\/channel\/UCt4hFqrRHEHOMghdOLmyzjg\"]}]}<\/script>\n<!-- \/ Yoast SEO plugin. -->","yoast_head_json":{"title":"D\u00e9couvrez les livres blancs de Kidlee &#8211; Kidlee | Garde d&#039;enfants de plus de 3 ans en \u00cele-de-France","description":"Vous \u00eates perdu face \u00e0 l'\u00e9ducation de votre enfant ? T\u00e9l\u00e9chargez imm\u00e9diatement notre livre blanc Kidlee d\u00e9velopp\u00e9 par des pros de l'enfance.","robots":{"index":"index","follow":"follow","max-snippet":"max-snippet:-1","max-image-preview":"max-image-preview:large","max-video-preview":"max-video-preview:-1"},"canonical":"https:\/\/kidlee.fr\/en\/livres-blancs\/","og_locale":"en_US","og_type":"article","og_title":"D\u00e9couvrez les livres blancs de Kidlee &#8211; Kidlee | Garde d&#039;enfants de plus de 3 ans en \u00cele-de-France","og_description":"Vous \u00eates perdu face \u00e0 l'\u00e9ducation de votre enfant ? T\u00e9l\u00e9chargez imm\u00e9diatement notre livre blanc Kidlee d\u00e9velopp\u00e9 par des pros de l'enfance.","og_url":"https:\/\/kidlee.fr\/en\/livres-blancs\/","og_site_name":"Kidlee | Garde d&#039;enfants de plus de 3 ans en \u00cele-de-France","article_publisher":"https:\/\/www.facebook.com\/kidleeFR","article_modified_time":"2024-07-18T19:39:42+00:00","og_image":[{"width":1200,"height":675,"url":"https:\/\/kidlee.fr\/wp-content\/uploads\/2024\/08\/images-1.jpg","type":"image\/jpeg"}],"twitter_card":"summary_large_image","twitter_site":"@Kidlee_fr","twitter_misc":{"Est. reading time":"1 minute"},"schema":{"@context":"https:\/\/schema.org","@graph":[{"@type":"WebPage","@id":"https:\/\/kidlee.fr\/livres-blancs\/","url":"https:\/\/kidlee.fr\/livres-blancs\/","name":"D\u00e9couvrez les livres blancs de Kidlee &#8211; Kidlee | Garde d&#039;enfants de plus de 3 ans en \u00cele-de-France","isPartOf":{"@id":"https:\/\/kidlee.fr\/#website"},"datePublished":"2023-01-09T09:44:43+00:00","dateModified":"2024-07-18T19:39:42+00:00","description":"Vous \u00eates perdu face \u00e0 l'\u00e9ducation de votre enfant ? T\u00e9l\u00e9chargez imm\u00e9diatement notre livre blanc Kidlee d\u00e9velopp\u00e9 par des pros de l'enfance.","breadcrumb":{"@id":"https:\/\/kidlee.fr\/livres-blancs\/#breadcrumb"},"inLanguage":"en-US","potentialAction":[{"@type":"ReadAction","target":["https:\/\/kidlee.fr\/livres-blancs\/"]}]},{"@type":"BreadcrumbList","@id":"https:\/\/kidlee.fr\/livres-blancs\/#breadcrumb","itemListElement":[{"@type":"ListItem","position":1,"name":"Accueil","item":"https:\/\/kidlee.fr\/"},{"@type":"ListItem","position":2,"name":"D\u00e9couvrez les livres blancs de Kidlee"}]},{"@type":"WebSite","@id":"https:\/\/kidlee.fr\/#website","url":"https:\/\/kidlee.fr\/","name":"Kidlee | Garde d&#039;enfants de plus de 3 ans en \u00cele-de-France","description":"Le baby-sitting intelligent qui fait progresser les enfants !","publisher":{"@id":"https:\/\/kidlee.fr\/#organization"},"potentialAction":[{"@type":"SearchAction","target":{"@type":"EntryPoint","urlTemplate":"https:\/\/kidlee.fr\/?s={search_term_string}"},"query-input":"required name=search_term_string"}],"inLanguage":"en-US"},{"@type":"Organization","@id":"https:\/\/kidlee.fr\/#organization","name":"Kidlee, SAS.","url":"https:\/\/kidlee.fr\/","logo":{"@type":"ImageObject","inLanguage":"en-US","@id":"https:\/\/kidlee.fr\/#\/schema\/logo\/image\/","url":"https:\/\/kidlee.fr\/wp-content\/uploads\/2020\/06\/Kidlee_logo_2020.svg","contentUrl":"https:\/\/kidlee.fr\/wp-content\/uploads\/2020\/06\/Kidlee_logo_2020.svg","width":300,"height":79,"caption":"Kidlee, SAS."},"image":{"@id":"https:\/\/kidlee.fr\/#\/schema\/logo\/image\/"},"sameAs":["https:\/\/www.facebook.com\/kidleeFR","https:\/\/x.com\/Kidlee_fr","https:\/\/www.instagram.com\/kidlee_fr\/","https:\/\/www.linkedin.com\/company\/kidlee-fr","https:\/\/www.youtube.com\/channel\/UCt4hFqrRHEHOMghdOLmyzjg"]}]}},"_links":{"self":[{"href":"https:\/\/kidlee.fr\/en\/wp-json\/wp\/v2\/pages\/242595"}],"collection":[{"href":"https:\/\/kidlee.fr\/en\/wp-json\/wp\/v2\/pages"}],"about":[{"href":"https:\/\/kidlee.fr\/en\/wp-json\/wp\/v2\/types\/page"}],"author":[{"embeddable":true,"href":"https:\/\/kidlee.fr\/en\/wp-json\/wp\/v2\/users\/12"}],"replies":[{"embeddable":true,"href":"https:\/\/kidlee.fr\/en\/wp-json\/wp\/v2\/comments?post=242595"}],"version-history":[{"count":0,"href":"https:\/\/kidlee.fr\/en\/wp-json\/wp\/v2\/pages\/242595\/revisions"}],"wp:attachment":[{"href":"https:\/\/kidlee.fr\/en\/wp-json\/wp\/v2\/media?parent=242595"}],"curies":[{"name":"wp","href":"https:\/\/api.w.org\/{rel}","templated":true}]}}