{"id":242585,"date":"2023-01-09T10:17:46","date_gmt":"2023-01-09T09:17:46","guid":{"rendered":"https:\/\/kidlee.fr\/?page_id=242585"},"modified":"2024-07-22T20:52:37","modified_gmt":"2024-07-22T18:52:37","slug":"ressources","status":"publish","type":"page","link":"https:\/\/kidlee.fr\/en\/ressources\/","title":{"rendered":"Resources"},"content":{"rendered":"<div id=\"bsf_rt_marker\">\n[et_pb_section fb_built=\"1\u2033 _builder_version=\"4.17.6\u2033 _module_preset=\"default \" da_disable_devices=\"off|off|off \" global_colors_info=\"{} \" da_is_popup=\"off \" da_exit_intent=\"off \" da_has_close=\"on \" da_alt_close=\"off \" da_dark_close=\"off \" da_not_modal=\"on \" da_is_singular=\"off \" da_with_loader=\"off \" da_has_shadow=\"on \"][et_pb_row _builder_version=\"4.16\u2033 _module_preset=\"default \" global_colors_info=\"{} \"][et_pb_column type=\"4_4\u2033 module_class=\".pa-inline-buttons \" _builder_version=\"4.16\u2033 _module_preset=\"default \" global_colors_info=\"{} \"][et_pb_text _builder_version=\"4.19.4\u2033 _module_preset=\"default \" text_text_color=\"#37548D \" hover_enabled=\"0\u2033 global_colors_info=\"{} \" header_font_size=\"42px \" sticky_enabled=\"0\u2033]<h1 style=\"text-align: center;\">Kidlee Resources<\/h1>[\/et_pb_text][et_pb_text disabled_on=\"on|on|on \" _builder_version=\"4.19.4\u2033 _module_preset=\"default \" text_text_color=\"#37548D \" disabled=\"on \" global_colors_info=\"{}\"]<p style=\"text-align: center;\">Lorem ipsum dolor sit amet consectetur. Faucibus turpis pulvinar elementum placerat ultricies at. Dui vel arcu malesuada varius tincidunt mauris vulputate tellus. Pellentesque interdum pharetra sed at ultricies nibh in ipsum fusce. Elit faucibus eleifend adipiscing id donec sit convallis.<\/p>[\/et_pb_text][\/et_pb_column][\/et_pb_row][\/et_pb_section][et_pb_section fb_built=\"1\u2033 next_background_color=\"#f6fbfb \" _builder_version=\"4.19.4\u2033 _module_preset=\"default \" background_color=\"#f6fbfb \" background_image=\"https:\/\/kidlee.fr\/wp-content\/uploads\/2022\/08\/Banner.svg \" background_position= \"top_center \" background_vertical_offset= \"-100px \" bottom_divider_style=\"waves \" da_disable_devices=\"off|off|off \" global_colors_info=\"{} \" da_is_popup=\"off \" da_exit_intent=\"off \" da_has_close=\"on \" da_alt_close=\"off \" da_dark_close=\"off \" da_not_modal=\"on \" da_is_singular=\"off \" da_with_loader=\"off \" da_has_shadow=\"on \"][et_pb_row column_structure=\"1_3,1_3,1_3\u2033 use_custom_gutter=\"on \" gutter_width=\"2\u2033 _builder_version=\"4.19.4\u2033 _module_preset=\"default \" global_colors_info=\"{} \" transform_scale__hover=\"105%|105% \" transform_scale__hover_enabled=\"on|hover \"][et_pb_column type=\"1_3\u2033 _builder_version=\"4.19.4\u2033 _dynamic_attributes=\"link_option_url \" _module_preset=\"default \" background_color=\"#FFFFFF \" link_option_url=\"@ET-DC@eyJkeW5hbWljIjp0cnVlLCJjb250ZW50IjoicG9zdF9saW5rX3VybF9wYWdlIiwic2V0dGluZ3MiOnsicG9zdF9pZCI6IjI0MjU5NSJ9fQ==@ \" border_radii= \"off|30px||30px|\" global_colors_info=\"{}\" transform_scale__hover=\"105%|105%\" transform_scale__hover_enabled=\"on|hover\" transform_styles__hover_enabled=\"on|hover \" transform_translate__hover_enabled=\"on|desktop \" transform_rotate__hover_enabled=\"on|desktop \" transform_skew__hover_enabled=\"on|desktop \" transform_origin__hover_enabled=\"on|desktop \"][et_pb_divider show_divider=\"off \" _builder_version=\"4.19.4\u2033 _module_preset=\"default \" min_height=\"35px \" global_colors_info=\"{} \"][\/et_pb_divider][et_pb_text _builder_version=\"4.19.4\u2033 _module_preset=\"default \" header_2_text_align=\"center \" header_2_text_color=\"#58B998\u2033 global_colors_info=\"{} \"]<h2>White papers<\/h2>[\/et_pb_text][et_pb_image src= \"https:\/\/kidlee.fr\/wp-content\/uploads\/2023\/01\/Group-1489.svg \" title_text=\"Group 1489\u2033 align=\"center \" _builder_version=\"4.19.4\u2033 _module_preset=\"default\" global_colors_info=\"{}\"][\/et_pb_image][et_pb_button button_url=\"@ET-DC@eyJkeW5hbWljIjp0cnVlLCJjb250ZW50IjoicG9zdF9saW5rX3VybF9wYWdlIiwic2V0dGluZ3MiOnsicG9zdF9pZCI6IjI0MjU5NSJ9fQ==@ \" button_text=\"Access White Papers\" button_alignment=\"center\" _builder_version=\"4.19.4\u2033 _dynamic_attributes=\"button_url \" _module_preset=\"2d7d1ebb-8332-4de3-8e16-63333e1a3a96\u2033 custom_padding=\"14px|25px|14px|25px|true|true\" global_colors_info=\"{}\"][\/et_pb_button][et_pb_divider show_divider=\"off\" _builder_version=\"4.19.4\u2033 _module_preset=\"default \" min_height=\"35px \" global_colors_info=\"{} \"][\/et_pb_divider][\/et_pb_column][et_pb_column type=\"1_3\u2033 _builder_version=\"4.19.4\u2033 _dynamic_attributes=\"link_option_url \" _module_preset=\"default \" background_color=\"#FFFFFF \" link_option_url=\"@ET-DC@eyJkeW5hbWljIjp0cnVlLCJjb250ZW50IjoicG9zdF9saW5rX3VybF9wYWdlIiwic2V0dGluZ3MiOnsicG9zdF9pZCI6IjI0MjYzMiJ9fQ==@ \" border_radii= \"off|30px||30px|\" global_colors_info=\"{}\" transform_styles__hover_enabled=\"on|hover\" transform_scale__hover_enabled=\"on|hover\" transform_translate__hover_enabled=\"on|desktop \" transform_rotate__hover_enabled=\"on|desktop \" transform_skew__hover_enabled=\"on|desktop \" transform_origin__hover_enabled=\"on|desktop \" transform_scale__hover=\"105%|105% \"][et_pb_divider show_divider=\"off \" _builder_version=\"4.19.4\u2033 _module_preset=\"default \" min_height=\"35px \" global_colors_info=\"{} \"][\/et_pb_divider][et_pb_text _builder_version=\"4.19.4\u2033 _module_preset=\"default \" header_2_text_align=\"center \" header_2_text_color=\"#F2AA3C \" global_colors_info=\"{} \"]<h2>Podcasts<\/h2>[\/et_pb_text][et_pb_image src= \"https:\/\/kidlee.fr\/wp-content\/uploads\/2023\/01\/Group-1486.svg \" title_text=\"Group 1486\u2033 align=\"center \" _builder_version=\"4.19.4\u2033 _module_preset=\"default\" global_colors_info=\"{}\"][\/et_pb_image][et_pb_button button_url=\"@ET-DC@eyJkeW5hbWljIjp0cnVlLCJjb250ZW50IjoicG9zdF9saW5rX3VybF9wYWdlIiwic2V0dGluZ3MiOnsicG9zdF9pZCI6IjI0MjYzMiJ9fQ==@ \" button_text=\"Access Podcasts\" button_alignment=\"center\" _builder_version=\"4.19.4\u2033 _dynamic_attributes=\"button_url \" _module_preset= \u00bb2d7d1ebb-8332-4de3-8e16-63333e1a3a96\u2033 button_bg_color=\"#F2AA3C \" button_border_color=\"#F2AA3C \" custom_padding=\"14px|25px|14px|25px|true|true \" global_colors_info=\"{} \" button_text_color__hover=\"#F2AA3C\" button_border_color__hover=\"#F2AA3C\"][\/et_pb_button][et_pb_divider show_divider=\"off\" _builder_version=\"4.19.4\u2033 _module_preset=\"default \" min_height=\"35px \" global_colors_info=\"{} \"][\/et_pb_divider][\/et_pb_column][et_pb_column type=\"1_3\u2033 _builder_version=\"4.19.4\u2033 _dynamic_attributes=\"link_option_url \" _module_preset=\"default \" background_color=\"#FFFFFF \" link_option_url=\"@ET-DC@eyJkeW5hbWljIjp0cnVlLCJjb250ZW50IjoicG9zdF9saW5rX3VybF9wYWdlIiwic2V0dGluZ3MiOnsicG9zdF9pZCI6IjExNTAxIn19@ \" border_radii= \"off|30px||30px|\" global_colors_info=\"{}\" transform_styles__hover_enabled=\"on|hover\" transform_scale__hover_enabled=\"on|hover\" transform_translate__hover_enabled=\"on|desktop \" transform_rotate__hover_enabled=\"on|desktop \" transform_skew__hover_enabled=\"on|desktop \" transform_origin__hover_enabled=\"on|desktop \" transform_scale__hover=\"105%|105% \"][et_pb_divider show_divider=\"off \" _builder_version=\"4.19.4\u2033 _module_preset=\"default \" min_height=\"35px \" global_colors_info=\"{} \"][\/et_pb_divider][et_pb_text _builder_version=\"4.19.4\u2033 _module_preset=\"default \" header_2_text_align=\"center \" header_2_text_color=\"#FC8AA9\u2033 global_colors_info=\"{} \"]<h2>Articles<\/h2>[\/et_pb_text][et_pb_image src= \"https:\/\/kidlee.fr\/wp-content\/uploads\/2023\/01\/Group-1488.svg \" title_text=\"Group 1488\u2033 align=\"center \" _builder_version=\"4.19.4\u2033 _module_preset=\"default\" global_colors_info=\"{}\"][\/et_pb_image][et_pb_button button_url=\"@ET-DC@eyJkeW5hbWljIjp0cnVlLCJjb250ZW50IjoicG9zdF9saW5rX3VybF9wYWdlIiwic2V0dGluZ3MiOnsicG9zdF9pZCI6IjExNTAxIn19@ \" button_text=\"Access Articles\" button_alignment=\"center\" _builder_version=\"4.19.4\u2033 _dynamic_attributes=\"button_url \" _module_preset= \u00bb2d7d1ebb-8332-4de3-8e16-63333e1a3a96\u2033 button_bg_color=\"#FC8AA9\u2033 button_border_color=\"#FC8AA9\u2033 custom_padding=\"14px|25px|14px|25px|true|true \" global_colors_info=\"{} \" button_text_color__hover=\"#FC8AA9\u2033 button_border_color__hover=\"#FC8AA9\u2033][\/et_pb_button][et_pb_divider show_divider=\"off \" _builder_version=\"4.19.4\u2033 _module_preset=\"default \" min_height=\"35px \" global_colors_info=\"{}\"][\/et_pb_divider][\/et_pb_column][\/et_pb_row][\/et_pb_section]\n<\/div>","protected":false},"excerpt":{"rendered":"<p>Resources KidleeLorem ipsum dolor sit amet consectetur. Faucibus turpis pulvinar elementum placerat ultricies at. Dui vel arcu malesuada varius tincidunt mauris vulputate tellus. Pellentesque interdum pharetra sed at ultricies nibh in ipsum fusce. Elit faucibus eleifend adipiscing id donec sit convallis.White PapersPodcastsArticles<\/p>","protected":false},"author":12,"featured_media":0,"parent":0,"menu_order":0,"comment_status":"closed","ping_status":"closed","template":"","meta":{"_et_pb_use_builder":"on","_et_pb_old_content":"","_et_gb_content_width":"","_lmt_disableupdate":"","_lmt_disable":"","footnotes":""},"yoast_head":"<!-- This site is optimized with the Yoast SEO plugin v23.3 - https:\/\/yoast.com\/wordpress\/plugins\/seo\/ -->\n<title>Kidlee : t\u00e9l\u00e9chargement des ressources sur l&#039;\u00e9ducation<\/title>\n<meta name=\"description\" content=\"Besoin de conseils concernant l&#039;\u00e9ducation de vos petits ? T\u00e9l\u00e9chargez nos ressources Kidlee. Vous verrez la petite enfance d&#039;un autre \u0153il.\" \/>\n<meta name=\"robots\" content=\"index, follow, max-snippet:-1, max-image-preview:large, max-video-preview:-1\" \/>\n<link rel=\"canonical\" href=\"https:\/\/kidlee.fr\/en\/ressources\/\" \/>\n<meta property=\"og:locale\" content=\"en_US\" \/>\n<meta property=\"og:type\" content=\"article\" \/>\n<meta property=\"og:title\" content=\"Kidlee : t\u00e9l\u00e9chargement des ressources sur l&#039;\u00e9ducation\" \/>\n<meta property=\"og:description\" content=\"Besoin de conseils concernant l&#039;\u00e9ducation de vos petits ? T\u00e9l\u00e9chargez nos ressources Kidlee. Vous verrez la petite enfance d&#039;un autre \u0153il.\" \/>\n<meta property=\"og:url\" content=\"https:\/\/kidlee.fr\/en\/ressources\/\" \/>\n<meta property=\"og:site_name\" content=\"Kidlee | Garde d&#039;enfants de plus de 3 ans en \u00cele-de-France\" \/>\n<meta property=\"article:publisher\" content=\"https:\/\/www.facebook.com\/kidleeFR\" \/>\n<meta property=\"article:modified_time\" content=\"2024-07-22T18:52:37+00:00\" \/>\n<meta property=\"og:image\" content=\"https:\/\/kidlee.fr\/wp-content\/uploads\/2024\/08\/images-1.jpg\" \/>\n\t<meta property=\"og:image:width\" content=\"1200\" \/>\n\t<meta property=\"og:image:height\" content=\"675\" \/>\n\t<meta property=\"og:image:type\" content=\"image\/jpeg\" \/>\n<meta name=\"twitter:card\" content=\"summary_large_image\" \/>\n<meta name=\"twitter:site\" content=\"@Kidlee_fr\" \/>\n<meta name=\"twitter:label1\" content=\"Est. reading time\" \/>\n\t<meta name=\"twitter:data1\" content=\"1 minute\" \/>\n<script type=\"application\/ld+json\" class=\"yoast-schema-graph\">{\"@context\":\"https:\/\/schema.org\",\"@graph\":[{\"@type\":\"WebPage\",\"@id\":\"https:\/\/kidlee.fr\/ressources\/\",\"url\":\"https:\/\/kidlee.fr\/ressources\/\",\"name\":\"Kidlee : t\u00e9l\u00e9chargement des ressources sur l'\u00e9ducation\",\"isPartOf\":{\"@id\":\"https:\/\/kidlee.fr\/#website\"},\"datePublished\":\"2023-01-09T09:17:46+00:00\",\"dateModified\":\"2024-07-22T18:52:37+00:00\",\"description\":\"Besoin de conseils concernant l'\u00e9ducation de vos petits ? T\u00e9l\u00e9chargez nos ressources Kidlee. Vous verrez la petite enfance d'un autre \u0153il.\",\"breadcrumb\":{\"@id\":\"https:\/\/kidlee.fr\/ressources\/#breadcrumb\"},\"inLanguage\":\"en-US\",\"potentialAction\":[{\"@type\":\"ReadAction\",\"target\":[\"https:\/\/kidlee.fr\/ressources\/\"]}]},{\"@type\":\"BreadcrumbList\",\"@id\":\"https:\/\/kidlee.fr\/ressources\/#breadcrumb\",\"itemListElement\":[{\"@type\":\"ListItem\",\"position\":1,\"name\":\"Accueil\",\"item\":\"https:\/\/kidlee.fr\/\"},{\"@type\":\"ListItem\",\"position\":2,\"name\":\"Ressources\"}]},{\"@type\":\"WebSite\",\"@id\":\"https:\/\/kidlee.fr\/#website\",\"url\":\"https:\/\/kidlee.fr\/\",\"name\":\"Kidlee | Garde d&#039;enfants de plus de 3 ans en \u00cele-de-France\",\"description\":\"Le baby-sitting intelligent qui fait progresser les enfants !\",\"publisher\":{\"@id\":\"https:\/\/kidlee.fr\/#organization\"},\"potentialAction\":[{\"@type\":\"SearchAction\",\"target\":{\"@type\":\"EntryPoint\",\"urlTemplate\":\"https:\/\/kidlee.fr\/?s={search_term_string}\"},\"query-input\":\"required name=search_term_string\"}],\"inLanguage\":\"en-US\"},{\"@type\":\"Organization\",\"@id\":\"https:\/\/kidlee.fr\/#organization\",\"name\":\"Kidlee, SAS.\",\"url\":\"https:\/\/kidlee.fr\/\",\"logo\":{\"@type\":\"ImageObject\",\"inLanguage\":\"en-US\",\"@id\":\"https:\/\/kidlee.fr\/#\/schema\/logo\/image\/\",\"url\":\"https:\/\/kidlee.fr\/wp-content\/uploads\/2020\/06\/Kidlee_logo_2020.svg\",\"contentUrl\":\"https:\/\/kidlee.fr\/wp-content\/uploads\/2020\/06\/Kidlee_logo_2020.svg\",\"width\":300,\"height\":79,\"caption\":\"Kidlee, SAS.\"},\"image\":{\"@id\":\"https:\/\/kidlee.fr\/#\/schema\/logo\/image\/\"},\"sameAs\":[\"https:\/\/www.facebook.com\/kidleeFR\",\"https:\/\/x.com\/Kidlee_fr\",\"https:\/\/www.instagram.com\/kidlee_fr\/\",\"https:\/\/www.linkedin.com\/company\/kidlee-fr\",\"https:\/\/www.youtube.com\/channel\/UCt4hFqrRHEHOMghdOLmyzjg\"]}]}<\/script>\n<!-- \/ Yoast SEO plugin. -->","yoast_head_json":{"title":"Kidlee : t\u00e9l\u00e9chargement des ressources sur l'\u00e9ducation","description":"Besoin de conseils concernant l'\u00e9ducation de vos petits ? T\u00e9l\u00e9chargez nos ressources Kidlee. Vous verrez la petite enfance d'un autre \u0153il.","robots":{"index":"index","follow":"follow","max-snippet":"max-snippet:-1","max-image-preview":"max-image-preview:large","max-video-preview":"max-video-preview:-1"},"canonical":"https:\/\/kidlee.fr\/en\/ressources\/","og_locale":"en_US","og_type":"article","og_title":"Kidlee : t\u00e9l\u00e9chargement des ressources sur l'\u00e9ducation","og_description":"Besoin de conseils concernant l'\u00e9ducation de vos petits ? T\u00e9l\u00e9chargez nos ressources Kidlee. Vous verrez la petite enfance d'un autre \u0153il.","og_url":"https:\/\/kidlee.fr\/en\/ressources\/","og_site_name":"Kidlee | Garde d&#039;enfants de plus de 3 ans en \u00cele-de-France","article_publisher":"https:\/\/www.facebook.com\/kidleeFR","article_modified_time":"2024-07-22T18:52:37+00:00","og_image":[{"width":1200,"height":675,"url":"https:\/\/kidlee.fr\/wp-content\/uploads\/2024\/08\/images-1.jpg","type":"image\/jpeg"}],"twitter_card":"summary_large_image","twitter_site":"@Kidlee_fr","twitter_misc":{"Est. reading time":"1 minute"},"schema":{"@context":"https:\/\/schema.org","@graph":[{"@type":"WebPage","@id":"https:\/\/kidlee.fr\/ressources\/","url":"https:\/\/kidlee.fr\/ressources\/","name":"Kidlee : t\u00e9l\u00e9chargement des ressources sur l'\u00e9ducation","isPartOf":{"@id":"https:\/\/kidlee.fr\/#website"},"datePublished":"2023-01-09T09:17:46+00:00","dateModified":"2024-07-22T18:52:37+00:00","description":"Besoin de conseils concernant l'\u00e9ducation de vos petits ? T\u00e9l\u00e9chargez nos ressources Kidlee. Vous verrez la petite enfance d'un autre \u0153il.","breadcrumb":{"@id":"https:\/\/kidlee.fr\/ressources\/#breadcrumb"},"inLanguage":"en-US","potentialAction":[{"@type":"ReadAction","target":["https:\/\/kidlee.fr\/ressources\/"]}]},{"@type":"BreadcrumbList","@id":"https:\/\/kidlee.fr\/ressources\/#breadcrumb","itemListElement":[{"@type":"ListItem","position":1,"name":"Accueil","item":"https:\/\/kidlee.fr\/"},{"@type":"ListItem","position":2,"name":"Ressources"}]},{"@type":"WebSite","@id":"https:\/\/kidlee.fr\/#website","url":"https:\/\/kidlee.fr\/","name":"Kidlee | Garde d&#039;enfants de plus de 3 ans en \u00cele-de-France","description":"Le baby-sitting intelligent qui fait progresser les enfants !","publisher":{"@id":"https:\/\/kidlee.fr\/#organization"},"potentialAction":[{"@type":"SearchAction","target":{"@type":"EntryPoint","urlTemplate":"https:\/\/kidlee.fr\/?s={search_term_string}"},"query-input":"required name=search_term_string"}],"inLanguage":"en-US"},{"@type":"Organization","@id":"https:\/\/kidlee.fr\/#organization","name":"Kidlee, SAS.","url":"https:\/\/kidlee.fr\/","logo":{"@type":"ImageObject","inLanguage":"en-US","@id":"https:\/\/kidlee.fr\/#\/schema\/logo\/image\/","url":"https:\/\/kidlee.fr\/wp-content\/uploads\/2020\/06\/Kidlee_logo_2020.svg","contentUrl":"https:\/\/kidlee.fr\/wp-content\/uploads\/2020\/06\/Kidlee_logo_2020.svg","width":300,"height":79,"caption":"Kidlee, SAS."},"image":{"@id":"https:\/\/kidlee.fr\/#\/schema\/logo\/image\/"},"sameAs":["https:\/\/www.facebook.com\/kidleeFR","https:\/\/x.com\/Kidlee_fr","https:\/\/www.instagram.com\/kidlee_fr\/","https:\/\/www.linkedin.com\/company\/kidlee-fr","https:\/\/www.youtube.com\/channel\/UCt4hFqrRHEHOMghdOLmyzjg"]}]}},"_links":{"self":[{"href":"https:\/\/kidlee.fr\/en\/wp-json\/wp\/v2\/pages\/242585"}],"collection":[{"href":"https:\/\/kidlee.fr\/en\/wp-json\/wp\/v2\/pages"}],"about":[{"href":"https:\/\/kidlee.fr\/en\/wp-json\/wp\/v2\/types\/page"}],"author":[{"embeddable":true,"href":"https:\/\/kidlee.fr\/en\/wp-json\/wp\/v2\/users\/12"}],"replies":[{"embeddable":true,"href":"https:\/\/kidlee.fr\/en\/wp-json\/wp\/v2\/comments?post=242585"}],"version-history":[{"count":0,"href":"https:\/\/kidlee.fr\/en\/wp-json\/wp\/v2\/pages\/242585\/revisions"}],"wp:attachment":[{"href":"https:\/\/kidlee.fr\/en\/wp-json\/wp\/v2\/media?parent=242585"}],"curies":[{"name":"wp","href":"https:\/\/api.w.org\/{rel}","templated":true}]}}