{"id":242050,"date":"2022-08-22T10:40:27","date_gmt":"2022-08-22T09:40:27","guid":{"rendered":"https:\/\/kidlee.fr\/?page_id=242050"},"modified":"2024-05-15T15:23:23","modified_gmt":"2024-05-15T13:23:23","slug":"devenir-babysitter-2","status":"publish","type":"page","link":"https:\/\/kidlee.fr\/en\/devenir-babysitter-2\/","title":{"rendered":"Become a Babysitter"},"content":{"rendered":"<div id=\"bsf_rt_marker\">\n[et_pb_section fb_built=\"1\u2033 _builder_version=\"4.17.6\u2033 _module_preset=\"default \" background_image=\"https:\/\/kidlee.fr\/wp-content\/uploads\/2022\/08\/Banner.svg \" background_position= \"top_center \" background_vertical_offset= \"-100px \" da_disable_devices= \"off|off|off \" global_colors_info=\"{} \" da_is_popup=\"off \" da_exit_intent=\"off \" da_has_close=\"on \" da_alt_close= \"off\" da_dark_close=\"off\" da_not_modal=\"on\" da_is_singular=\"off\" da_with_loader=\"off\" da_has_shadow=\"on\"][et_pb_row _builder_version=\"4.17.6\u2033 _module_preset=\"default \" custom_padding=\"6vh||6vh||true|false \" global_colors_info=\"{} \"][et_pb_column type=\"4_4\u2033 _builder_version=\"4.17.6\u2033 _module_preset=\"default \" global_colors_info=\"{} \"][et_pb_image src= \"https:\/\/kidlee.en\/wp-content\/uploads\/2022\/08\/EVEIL.svg \" title_text=\"EVEIL\" _builder_version=\"4.17.6\u2033 _module_preset=\"default \" global_colors_info=\"{} \"][\/et_pb_image][et_pb_text _builder_version=\"4.17.6\u2033 _module_preset=\"default \" header_font_size=\"40px \" global_colors_info=\"{} \"]<h1>Join a community of over 5000 babysitters who have given meaning to their job!<\/h1>\n<p>&nbsp;<\/p>[\/et_pb_text][\/et_pb_column][\/et_pb_row][et_pb_row column_structure=\"1_3,1_3,1_3\u2033 use_custom_gutter=\"on \" gutter_width=\"2\u2033 _builder_version=\"4.17.6\u2033 _module_preset=\"default \" custom_margin=\"||-8vh||false|false \" global_colors_info=\"{} \"][et_pb_column type=\"1_3\u2033 _builder_version=\"4.17.6\u2033 _module_preset=\"default \" global_colors_info=\"{} \"][et_pb_cta title= \"Babysitter STUDENT \" button_url=\"@ET-DC@eyJkeW5hbWljIjp0cnVlLCJjb250ZW50IjoicG9zdF9saW5rX3VybF9wYWdlIiwic2V0dGluZ3MiOnsicG9zdF9pZCI6IjI0MTYyNCJ9fQ==@\" button_text= \"I'm becoming a babysitter\" _builder_version=\"4.17.6\u2033 _dynamic_attributes=\"button_url \" _module_preset=\"default \" body_text_color=\"#252849\u2033 background_color=\"#e7f0fe \" custom_button=\"on \" button_text_size=\"14px \" button_text_color=\"#37548D \" button_bg_color=\"#FFFFFF \" button_border_radius=\"36px \" button_letter_spacing=\"0px \" button_font=\"|700||||||| \" button_custom_padding=\"14px|30px|14px|30px|true|true \" background_layout=\"light \" border_radii=\"on|16px|16px|16px \" box_shadow_style=\"preset3\u2033 global_colors_info=\"{}\" button_text_color__hover_enabled=\"on|hover\" button_text_color__hover=\"#FFFFFF\" button_bg_color__hover_enabled=\"on|hover\" button_bg_color__hover= \"#37548D\" button_bg_enable_color__hover=\"on\" button_border_color__hover_enabled=\"on|hover\" button_border_color__hover=\"#37548D\"][\/et_pb_cta][\/et_pb_column][et_pb_column type=\"1_3\u2033 _builder_version=\"4.17.6\u2033 _module_preset=\"default \" global_colors_info=\"{} \"][et_pb_cta title= \"Babysitter NATIVE EN \" button_url=\"https:\/\/kidlee.fr\/en\/babysitters-natives\/ \" button_text=\"I'm becoming a babysitter \" _builder_version=\"4.17.6\u2033 _module_preset=\"default \" header_text_color=\"#F2AA3C \" body_text_color=\"#252849\u2033 background_color=\"#fff0e4\u2033 custom_button=\"on \" button_text_size=\"14px \" button_text_color=\"#F2AA3C \" button_bg_color= \"#FFFFFF \" button_border_radius=\"36px \" button_letter_spacing=\"0px \" button_font=\"|700||||||| \" button_custom_padding=\"14px|30px|14px|30px|true|true \" background_layout=\"light \" hover_enabled=\"0\u2033 border_radii= \"on|16px|16px|16px|16px \" box_shadow_style=\"preset3\u2033 global_colors_info=\"{} \" button_text_color__hover_enabled=\"on|hover \" button_text_color__hover=\"#FFFFFF \" button_border_color__hover_enabled=\"on|desktop \" button_border_color__hover= \"#F2AA3C\" button_bg_color__hover_enabled=\"on|hover\" button_bg_color__hover=\"#F2AA3C\" button_bg_enable_color__hover=\"on\" sticky_enabled=\"0\u2033][\/et_pb_cta][\/et_pb_column][et_pb_column type=\"1_3\u2033 _builder_version=\"4.17.6\u2033 _module_preset=\"default \" global_colors_info=\"{} \"][et_pb_cta title= \"REGULAR guard\" button_url=\"@ET-DC@eyJkeW5hbWljIjp0cnVlLCJjb250ZW50IjoicG9zdF9saW5rX3VybF9wYWdlIiwic2V0dGluZ3MiOnsicG9zdF9pZCI6IjI0MTYyNCJ9fQ==@ \" button_text= \"I'm going to be a babysitter\" _builder_version=\"4.17.6\u2033 _dynamic_attributes=\"button_url \" _module_preset=\"default \" header_text_color=\"#FC8AA9\u2033 body_text_color=\"#252849\u2033 background_color=\"#fff3f7\u2033 custom_button=\"on \" button_text_size=\"14px \" button_text_color=\"#FC8AA9\u2033 button_bg_color= \"#FFFFFF\" button_border_radius=\"36px\" button_letter_spacing=\"0px\" button_font=\"|700|||||||\" button_custom_padding=\"14px|30px|14px|30px|true|true\" background_layout=\"light\" border_radii=\"on|16px|16px|16px\" box_shadow_style=\"preset3\u2033 global_colors_info=\"{} \" button_text_color__hover_enabled=\"on|hover \" button_text_color__hover=\"#FFFFFF \" button_bg_color__hover_enabled=\"on|hover \" button_bg_color__hover=\"#FC8AA9\u2033 button_bg_enable_color__hover=\"on \" button_border_color__hover_enabled=\"on|desktop \" button_border_color__hover=\"#FC8AA9\u2033][\/et_pb_cta][\/et_pb_column][\/et_pb_row][\/et_pb_section][et_pb_section fb_built=\"1\u2033 _builder_version=\"4.17.6\u2033 _module_preset=\"default \" da_disable_devices=\"off|off|off \" global_colors_info=\"{} \" da_is_popup=\"off \" da_exit_intent=\"off \" da_has_close=\"on \" da_alt_close=\"off \" da_dark_close=\"off \" da_not_modal=\"on \" da_is_singular=\"off \" da_with_loader=\"off \" da_has_shadow=\"on \"][et_pb_row _builder_version=\"4.17.6\u2033 _module_preset=\"default \" global_colors_info=\"{}\"][et_pb_column type=\"4_4\u2033 _builder_version=\"4.17.6\u2033 _module_preset=\"default \" global_colors_info=\"{}\"][\/et_pb_column][\/et_pb_row][\/et_pb_section]\n<\/div>","protected":false},"excerpt":{"rendered":"<p>Join a community of over 5000 babysitters who have given meaning to their job! &nbsp;<\/p>","protected":false},"author":12,"featured_media":0,"parent":0,"menu_order":0,"comment_status":"closed","ping_status":"closed","template":"","meta":{"_et_pb_use_builder":"on","_et_pb_old_content":"","_et_gb_content_width":"","_lmt_disableupdate":"","_lmt_disable":"","footnotes":""},"yoast_head":"<!-- This site is optimized with the Yoast SEO plugin v23.3 - https:\/\/yoast.com\/wordpress\/plugins\/seo\/ -->\n<title>Devenir Babysitter &#8211; Kidlee | Garde d&#039;enfants de plus de 3 ans en \u00cele-de-France<\/title>\n<meta name=\"description\" content=\"Kidlee est le leader de la garde d&#039;enfant ludique et du babysitting p\u00e9riscolaire ! Nous mettons en relation des profils qualifi\u00e9s qui correspondent parfaitement \u00e0 la personnalit\u00e9 de l&#039;enfant. Nos babysitters sont form\u00e9s aux premiers secours et \u00e0 la p\u00e9dagogie Montessori.\" \/>\n<meta name=\"robots\" content=\"index, follow, max-snippet:-1, max-image-preview:large, max-video-preview:-1\" \/>\n<link rel=\"canonical\" href=\"https:\/\/kidlee.fr\/en\/devenir-babysitter-2\/\" \/>\n<meta property=\"og:locale\" content=\"en_US\" \/>\n<meta property=\"og:type\" content=\"article\" \/>\n<meta property=\"og:title\" content=\"Devenir Babysitter &#8211; Kidlee | Garde d&#039;enfants de plus de 3 ans en \u00cele-de-France\" \/>\n<meta property=\"og:description\" content=\"Kidlee est le leader de la garde d&#039;enfant ludique et du babysitting p\u00e9riscolaire ! Nous mettons en relation des profils qualifi\u00e9s qui correspondent parfaitement \u00e0 la personnalit\u00e9 de l&#039;enfant. Nos babysitters sont form\u00e9s aux premiers secours et \u00e0 la p\u00e9dagogie Montessori.\" \/>\n<meta property=\"og:url\" content=\"https:\/\/kidlee.fr\/en\/devenir-babysitter-2\/\" \/>\n<meta property=\"og:site_name\" content=\"Kidlee | Garde d&#039;enfants de plus de 3 ans en \u00cele-de-France\" \/>\n<meta property=\"article:publisher\" content=\"https:\/\/www.facebook.com\/kidleeFR\" \/>\n<meta property=\"article:modified_time\" content=\"2024-05-15T13:23:23+00:00\" \/>\n<meta property=\"og:image\" content=\"https:\/\/kidlee.fr\/wp-content\/uploads\/2024\/08\/images-1.jpg\" \/>\n\t<meta property=\"og:image:width\" content=\"1200\" \/>\n\t<meta property=\"og:image:height\" content=\"675\" \/>\n\t<meta property=\"og:image:type\" content=\"image\/jpeg\" \/>\n<meta name=\"twitter:card\" content=\"summary_large_image\" \/>\n<meta name=\"twitter:site\" content=\"@Kidlee_fr\" \/>\n<meta name=\"twitter:label1\" content=\"Est. reading time\" \/>\n\t<meta name=\"twitter:data1\" content=\"1 minute\" \/>\n<script type=\"application\/ld+json\" class=\"yoast-schema-graph\">{\"@context\":\"https:\/\/schema.org\",\"@graph\":[{\"@type\":\"WebPage\",\"@id\":\"https:\/\/kidlee.fr\/devenir-babysitter-2\/\",\"url\":\"https:\/\/kidlee.fr\/devenir-babysitter-2\/\",\"name\":\"Devenir Babysitter &#8211; Kidlee | Garde d&#039;enfants de plus de 3 ans en \u00cele-de-France\",\"isPartOf\":{\"@id\":\"https:\/\/kidlee.fr\/#website\"},\"datePublished\":\"2022-08-22T09:40:27+00:00\",\"dateModified\":\"2024-05-15T13:23:23+00:00\",\"description\":\"Kidlee est le leader de la garde d'enfant ludique et du babysitting p\u00e9riscolaire ! Nous mettons en relation des profils qualifi\u00e9s qui correspondent parfaitement \u00e0 la personnalit\u00e9 de l'enfant. Nos babysitters sont form\u00e9s aux premiers secours et \u00e0 la p\u00e9dagogie Montessori.\",\"breadcrumb\":{\"@id\":\"https:\/\/kidlee.fr\/devenir-babysitter-2\/#breadcrumb\"},\"inLanguage\":\"en-US\",\"potentialAction\":[{\"@type\":\"ReadAction\",\"target\":[\"https:\/\/kidlee.fr\/devenir-babysitter-2\/\"]}]},{\"@type\":\"BreadcrumbList\",\"@id\":\"https:\/\/kidlee.fr\/devenir-babysitter-2\/#breadcrumb\",\"itemListElement\":[{\"@type\":\"ListItem\",\"position\":1,\"name\":\"Accueil\",\"item\":\"https:\/\/kidlee.fr\/\"},{\"@type\":\"ListItem\",\"position\":2,\"name\":\"Devenir Babysitter\"}]},{\"@type\":\"WebSite\",\"@id\":\"https:\/\/kidlee.fr\/#website\",\"url\":\"https:\/\/kidlee.fr\/\",\"name\":\"Kidlee | Garde d&#039;enfants de plus de 3 ans en \u00cele-de-France\",\"description\":\"Le baby-sitting intelligent qui fait progresser les enfants !\",\"publisher\":{\"@id\":\"https:\/\/kidlee.fr\/#organization\"},\"potentialAction\":[{\"@type\":\"SearchAction\",\"target\":{\"@type\":\"EntryPoint\",\"urlTemplate\":\"https:\/\/kidlee.fr\/?s={search_term_string}\"},\"query-input\":\"required name=search_term_string\"}],\"inLanguage\":\"en-US\"},{\"@type\":\"Organization\",\"@id\":\"https:\/\/kidlee.fr\/#organization\",\"name\":\"Kidlee, SAS.\",\"url\":\"https:\/\/kidlee.fr\/\",\"logo\":{\"@type\":\"ImageObject\",\"inLanguage\":\"en-US\",\"@id\":\"https:\/\/kidlee.fr\/#\/schema\/logo\/image\/\",\"url\":\"https:\/\/kidlee.fr\/wp-content\/uploads\/2020\/06\/Kidlee_logo_2020.svg\",\"contentUrl\":\"https:\/\/kidlee.fr\/wp-content\/uploads\/2020\/06\/Kidlee_logo_2020.svg\",\"width\":300,\"height\":79,\"caption\":\"Kidlee, SAS.\"},\"image\":{\"@id\":\"https:\/\/kidlee.fr\/#\/schema\/logo\/image\/\"},\"sameAs\":[\"https:\/\/www.facebook.com\/kidleeFR\",\"https:\/\/x.com\/Kidlee_fr\",\"https:\/\/www.instagram.com\/kidlee_fr\/\",\"https:\/\/www.linkedin.com\/company\/kidlee-fr\",\"https:\/\/www.youtube.com\/channel\/UCt4hFqrRHEHOMghdOLmyzjg\"]}]}<\/script>\n<!-- \/ Yoast SEO plugin. -->","yoast_head_json":{"title":"Devenir Babysitter &#8211; Kidlee | Garde d&#039;enfants de plus de 3 ans en \u00cele-de-France","description":"Kidlee est le leader de la garde d'enfant ludique et du babysitting p\u00e9riscolaire ! Nous mettons en relation des profils qualifi\u00e9s qui correspondent parfaitement \u00e0 la personnalit\u00e9 de l'enfant. Nos babysitters sont form\u00e9s aux premiers secours et \u00e0 la p\u00e9dagogie Montessori.","robots":{"index":"index","follow":"follow","max-snippet":"max-snippet:-1","max-image-preview":"max-image-preview:large","max-video-preview":"max-video-preview:-1"},"canonical":"https:\/\/kidlee.fr\/en\/devenir-babysitter-2\/","og_locale":"en_US","og_type":"article","og_title":"Devenir Babysitter &#8211; Kidlee | Garde d&#039;enfants de plus de 3 ans en \u00cele-de-France","og_description":"Kidlee est le leader de la garde d'enfant ludique et du babysitting p\u00e9riscolaire ! Nous mettons en relation des profils qualifi\u00e9s qui correspondent parfaitement \u00e0 la personnalit\u00e9 de l'enfant. Nos babysitters sont form\u00e9s aux premiers secours et \u00e0 la p\u00e9dagogie Montessori.","og_url":"https:\/\/kidlee.fr\/en\/devenir-babysitter-2\/","og_site_name":"Kidlee | Garde d&#039;enfants de plus de 3 ans en \u00cele-de-France","article_publisher":"https:\/\/www.facebook.com\/kidleeFR","article_modified_time":"2024-05-15T13:23:23+00:00","og_image":[{"width":1200,"height":675,"url":"https:\/\/kidlee.fr\/wp-content\/uploads\/2024\/08\/images-1.jpg","type":"image\/jpeg"}],"twitter_card":"summary_large_image","twitter_site":"@Kidlee_fr","twitter_misc":{"Est. reading time":"1 minute"},"schema":{"@context":"https:\/\/schema.org","@graph":[{"@type":"WebPage","@id":"https:\/\/kidlee.fr\/devenir-babysitter-2\/","url":"https:\/\/kidlee.fr\/devenir-babysitter-2\/","name":"Devenir Babysitter &#8211; Kidlee | Garde d&#039;enfants de plus de 3 ans en \u00cele-de-France","isPartOf":{"@id":"https:\/\/kidlee.fr\/#website"},"datePublished":"2022-08-22T09:40:27+00:00","dateModified":"2024-05-15T13:23:23+00:00","description":"Kidlee est le leader de la garde d'enfant ludique et du babysitting p\u00e9riscolaire ! Nous mettons en relation des profils qualifi\u00e9s qui correspondent parfaitement \u00e0 la personnalit\u00e9 de l'enfant. Nos babysitters sont form\u00e9s aux premiers secours et \u00e0 la p\u00e9dagogie Montessori.","breadcrumb":{"@id":"https:\/\/kidlee.fr\/devenir-babysitter-2\/#breadcrumb"},"inLanguage":"en-US","potentialAction":[{"@type":"ReadAction","target":["https:\/\/kidlee.fr\/devenir-babysitter-2\/"]}]},{"@type":"BreadcrumbList","@id":"https:\/\/kidlee.fr\/devenir-babysitter-2\/#breadcrumb","itemListElement":[{"@type":"ListItem","position":1,"name":"Accueil","item":"https:\/\/kidlee.fr\/"},{"@type":"ListItem","position":2,"name":"Devenir Babysitter"}]},{"@type":"WebSite","@id":"https:\/\/kidlee.fr\/#website","url":"https:\/\/kidlee.fr\/","name":"Kidlee | Garde d&#039;enfants de plus de 3 ans en \u00cele-de-France","description":"Le baby-sitting intelligent qui fait progresser les enfants !","publisher":{"@id":"https:\/\/kidlee.fr\/#organization"},"potentialAction":[{"@type":"SearchAction","target":{"@type":"EntryPoint","urlTemplate":"https:\/\/kidlee.fr\/?s={search_term_string}"},"query-input":"required name=search_term_string"}],"inLanguage":"en-US"},{"@type":"Organization","@id":"https:\/\/kidlee.fr\/#organization","name":"Kidlee, SAS.","url":"https:\/\/kidlee.fr\/","logo":{"@type":"ImageObject","inLanguage":"en-US","@id":"https:\/\/kidlee.fr\/#\/schema\/logo\/image\/","url":"https:\/\/kidlee.fr\/wp-content\/uploads\/2020\/06\/Kidlee_logo_2020.svg","contentUrl":"https:\/\/kidlee.fr\/wp-content\/uploads\/2020\/06\/Kidlee_logo_2020.svg","width":300,"height":79,"caption":"Kidlee, SAS."},"image":{"@id":"https:\/\/kidlee.fr\/#\/schema\/logo\/image\/"},"sameAs":["https:\/\/www.facebook.com\/kidleeFR","https:\/\/x.com\/Kidlee_fr","https:\/\/www.instagram.com\/kidlee_fr\/","https:\/\/www.linkedin.com\/company\/kidlee-fr","https:\/\/www.youtube.com\/channel\/UCt4hFqrRHEHOMghdOLmyzjg"]}]}},"_links":{"self":[{"href":"https:\/\/kidlee.fr\/en\/wp-json\/wp\/v2\/pages\/242050"}],"collection":[{"href":"https:\/\/kidlee.fr\/en\/wp-json\/wp\/v2\/pages"}],"about":[{"href":"https:\/\/kidlee.fr\/en\/wp-json\/wp\/v2\/types\/page"}],"author":[{"embeddable":true,"href":"https:\/\/kidlee.fr\/en\/wp-json\/wp\/v2\/users\/12"}],"replies":[{"embeddable":true,"href":"https:\/\/kidlee.fr\/en\/wp-json\/wp\/v2\/comments?post=242050"}],"version-history":[{"count":0,"href":"https:\/\/kidlee.fr\/en\/wp-json\/wp\/v2\/pages\/242050\/revisions"}],"wp:attachment":[{"href":"https:\/\/kidlee.fr\/en\/wp-json\/wp\/v2\/media?parent=242050"}],"curies":[{"name":"wp","href":"https:\/\/api.w.org\/{rel}","templated":true}]}}