{"id":241454,"date":"2022-06-03T16:02:18","date_gmt":"2022-06-03T15:02:18","guid":{"rendered":"https:\/\/kidlee.fr\/?page_id=241454"},"modified":"2024-05-15T15:22:59","modified_gmt":"2024-05-15T13:22:59","slug":"animation-2-juillet","status":"publish","type":"page","link":"https:\/\/kidlee.fr\/en\/animation-2-juillet\/","title":{"rendered":"Kidlee x Tennis Eveil"},"content":{"rendered":"<div id=\"bsf_rt_marker\">\n[et_pb_section fb_built=\"1\u2033 custom_padding_last_edited=\"on|phone\" _builder_version=\"4.17.4\u2033 _module_preset=\"default \" use_background_color_gradient=\"on \" background_color_gradient_stops=\"#29c4a9 0%|rgba(255,255,255,0) 40% \" background_color_gradient_overlays_image=\"on \" background_image=\"https:\/\/kidlee.fr\/wp-content\/uploads\/2022\/06\/kidlee-tenniseveil-animation.jpg \" custom_margin_tablet= \" \" custom_margin_phone= \"||||false|true \" custom_margin_last_edited= \"on|phone \" custom_padding_tablet= \" \" custom_padding_phone= \"|16px||16px|false|true \" da_disable_devices= \"off|off|off \" global_colors_info= \"{} \" da_is_popup= \"off \" da_exit_intent= \"off\" da_has_close=\"on\" da_alt_close=\"off\" da_dark_close=\"off\" da_not_modal=\"on\" da_is_singular=\"off\" da_with_loader=\"off\" da_has_shadow=\"on\"][et_pb_row use_custom_gutter=\"on\" make_equal=\"on\" custom_padding_last_edited=\"on|phone\" _builder_version=\"4.17.3\u2033 _module_preset=\"default \" width=\"100% \" max_width=\"960px \" module_alignment=\"center \" custom_margin=\"||0px||false|false \" custom_padding=\"||0px|false|false \" custom_padding_tablet=\"||0px||false|false \" custom_padding_phone=\"||||false|true \" global_colors_info=\"{}\"][et_pb_column type=\"4_4\u2033 _builder_version=\"4.17.3\u2033 _module_preset=\"default \" global_colors_info=\"{} \"][et_pb_image src= \"https:\/\/kidlee.en\/wp-content\/uploads\/2022\/06\/kidlee-poster-animation-tenniseveil-A4-02.png \" alt= \"Kidlee - The Great Ecology Game\" title_text= \"Kidlee - The Great Ecology Game\" _builder_version= \"4.17.4\u2033 _module_preset=\"default \" global_colors_info=\"{} \"][\/et_pb_image][et_pb_text _builder_version=\"4.17.4\u2033 _module_preset=\"default \" text_font=\"Montserrat|600||||||| \" text_text_color=\"#FFFFFF \" text_font_size=\"16px \" text_line_height=\"1.5em \" header_font= \"Montserrat|800||||||| \" header_text_color= \"#FFFFFF \" header_font_size= \"32px \" header_line_height= \"1.5em \" background_color= \"rgba(5,57,64,0.5) \" use_background_color_gradient=\"on \" background_color_gradient_stops=\"rgba(255,255,255,0) 2%|rgba(255,255,255,0) 100% \" custom_margin_tablet= \" \" custom_margin_phone= \"200px||||false|false \" custom_margin_last_edited= \"on|phone \" custom_padding= \"32px|32px|32px|32px|true|true\" custom_padding_tablet= \"32px|32px|32px|32px|true|true\" custom_padding_phone= \"24px|24px|24px|24px|true|true\" custom_padding_last_edited= \"on|desktop\" text_font_size_tablet=\"16px \" text_font_size_phone=\"14px \" text_font_size_last_edited=\"on|phone \" header_font_size_tablet=\"32px \" header_font_size_phone=\"24px \" header_font_size_last_edited=\"on|phone \" border_radii=\"on|8px|8px|8px|8px \" global_colors_info=\"{}\"]<h1>Animation <span style=\"color: #f389a8;\">development<\/span> for children from 5 to 10 years old on July 02, 2022 at the Park <span>Edmond de Rothschild<\/span> with Tennis \u00c9veil!<\/h1>\n<p>&nbsp;<\/p>\n<p>Raising awareness among young people about protecting the planet while entertaining them!<\/p>\n<p>&nbsp;<\/p>[\/et_pb_text][et_pb_button button_url=\"#form\" button_text=\"Sign up for free\" button_alignment=\"left\" button_alignment_tablet=\"left\" button_alignment_phone=\"center\" button_alignment_last_edited=\"on|phone\" _builder_version=\"4.17.4\u2033 _module_preset=\"default \" button_text_color=\"#053940\u2033 button_border_width=\"0px \" button_border_radius=\"4px \" global_colors_info=\"{} \" button_bg_color__hover_enabled=\"on|desktop \" button_bg_color__hover=\"#053940\u2033 button_bg_enable_color__hover=\"on\"][\/et_pb_button][\/et_pb_column][\/et_pb_row][\/et_pb_section][et_pb_section fb_built=\"1\u2033 _builder_version=\"4.17.4\u2033 _module_preset=\"default \" da_disable_devices=\"off|off|off \" global_colors_info=\"{} \" da_is_popup=\"off \" da_exit_intent=\"off \" da_has_close=\"on \" da_alt_close=\"off \" da_dark_close=\"off \" da_not_modal=\"on \" da_is_singular=\"off \" da_with_loader=\"off \" da_has_shadow=\"on \"][et_pb_row custom_padding_last_edited=\"on|phone \" _builder_version=\"4.17.4\u2033 _module_preset=\"default \" width=\"100% \" max_width=\"960px \" module_alignment=\"center \" custom_padding=\"||||true|true \" custom_padding_tablet=\"||||true|true \" custom_padding_phone=\"|16px||16px|true|true \" global_colors_info=\"{} \"][et_pb_column type=\"4_4\u2033 _builder_version=\"4.17.4\u2033 _module_preset=\"default \" global_colors_info=\"{} \"][et_pb_text _builder_version=\"4.17.4\u2033 _module_preset=\"default \" text_font=\"Montserrat|||||||| \" text_text_color=\"#053940\u2033 text_font_size=\"16px \" text_line_height=\"1.5em \" header_2_font=\"Montserrat|||||||| \" header_3_font=\"Montserrat|700||||||| \" header_3_text_color=\"#053940\u2033 header_3_font_size=\"24px \" header_3_line_height=\"2em \" global_colors_info=\"{}\"]<h3>Kidlee, it's a playful childcare, but not only!<\/h3>\n<p>The <strong>culture<\/strong> and the<strong>ecology<\/strong> are true leitmotivs at Kidlee. It is therefore very important for us to raise awareness in our community and more specifically, among children, about cultural values and environmental issues.<\/p>\n<p>That's why Kidlee is launching its Great Ecology Game. A fun, entertaining and free concept to delight children and parents!<\/p>\n<p>All this in an educational, fun and enriching atmosphere!<\/p>[\/et_pb_text][et_pb_text _builder_version=\"4.17.4\u2033 _module_preset=\"default \" text_font=\"Montserrat|||||||| \" text_text_color=\"#053940\u2033 text_font_size=\"16px \" text_line_height=\"1.5em \" header_2_font=\"Montserrat|||||||| \" header_3_font=\"Montserrat|700||||||| \" header_3_text_color=\"#053940\u2033 header_3_font_size=\"24px \" header_3_line_height=\"2em \" global_colors_info=\"{}\"]<h3>Who is Tennis \u00c9veil?<\/h3>\n<p>Tennis \u00c9veil is the first space dedicated to the 3 to 6 years old with <strong>a universe of awakening and learning around tennis<\/strong>.<\/p>\n<p>With workshops and an indoor tennis court, this is the place to learn and have fun as a child. <strong>true champions<\/strong>.<\/p>\n<p>The supervisors are <strong>certified<\/strong> and <strong>specialized<\/strong> Baby Tennis and provide a <strong>unique learning method<\/strong> !<\/p>[\/et_pb_text][et_pb_text _builder_version=\"4.17.4\u2033 _module_preset=\"default \" text_font=\"Montserrat|||||||| \" text_text_color=\"#053940\u2033 text_font_size=\"16px \" text_line_height=\"1.5em \" header_2_font=\"Montserrat|||||||| \" header_3_font=\"Montserrat|700||||||| \" header_3_text_color=\"#053940\u2033 header_3_font_size=\"24px \" header_3_line_height=\"2em \" global_colors_info=\"{}\"]<h3>The Great Ecology Game K\u00e9zako ?<\/h3>\n<p><strong>Supervised by a team of specialized and experienced animators<\/strong>The Kidlee Great Ecology Game is a time of play, sharing and learning for 5 to 10 year olds.<\/p>\n<p>Being under the sign of nature and environmental protection, it seemed obvious to us to carry out our animations in symbolic places such as the large Parisian parks and gardens.<\/p>\n<p>Thus, children assimilate in a simple way and in adapted places, the essential learning for their <strong>awareness<\/strong> (biodiversity, global warming, recycling basics, eco-responsibility, ...).<\/p>[\/et_pb_text][et_pb_button button_url=\"#form\" button_text=\"Sign up for free\" button_alignment=\"left\" button_alignment_tablet=\"left\" button_alignment_phone=\"center\" button_alignment_last_edited=\"on|phone\" _builder_version=\"4.17.4\u2033 _module_preset=\"default \" button_text_color=\"#FFFFFF \" button_bg_color=\"#053940\u2033 button_border_width=\"2px \" button_border_color=\"#053940\u2033 button_border_radius=\"4px \" background_layout=\"dark \" custom_margin=\"48px||48px||true|false \" custom_margin_tablet=\"48px||48px||true|false \" custom_margin_phone= \"48px||48px||true|false \" custom_margin_last_edited= \"on|phone \" global_colors_info=\"{} \" button_bg_color__hover_enabled=\"on|desktop \" button_bg_color__hover=\"#FFFF \" button_bg_enable_color__hover=\"on\" button_text_color__hover=\"#053940\u2033 button_border_color__hover=\"#053940\u2033][\/et_pb_button][et_pb_text _builder_version=\"4.17.4\u2033 _module_preset=\"default \" text_font=\"Montserrat|||||||| \" text_text_color=\"#053940\u2033 text_font_size=\"16px \" text_line_height=\"1.5em \" header_2_font=\"Montserrat|||||||| \" header_3_font=\"Montserrat|700||||||| \" header_3_text_color=\"#053940\u2033 header_3_font_size=\"24px \" header_3_line_height=\"2em \" global_colors_info=\"{}\"]<h3>What place?<\/h3>\n<p>The Kidlee Great Ecology Game will be held at <strong>Park <span>Edmond de Rothschild<\/span> in Boulogne-Billancourt <\/strong>the\u00a0<strong>July 02, 2022<\/strong>.<\/p>[\/et_pb_text][et_pb_text _builder_version=\"4.17.4\u2033 _module_preset=\"default \" text_font=\"Montserrat|||||||| \" text_text_color=\"#053940\u2033 text_font_size=\"16px \" text_line_height=\"1.5em \" header_2_font=\"Montserrat|||||||| \" header_3_font=\"Montserrat|700||||||| \" header_3_text_color=\"#053940\u2033 header_3_font_size=\"24px \" header_3_line_height=\"2em \" global_colors_info=\"{}\"]<h3>Do you want your children to discover the Great Ecology Game? <\/h3>\n<p>Simply register by filling out the <strong>form<\/strong> below! <\/p>[\/et_pb_text][\/et_pb_column][\/et_pb_row][\/et_pb_section][et_pb_section fb_built=\"1\u2033 admin_label=\"form\" module_id=\"form\" _builder_version=\"4.17.4\u2033 _module_preset=\"default \" background_color=\"#54b998\u2033 width=\"100% \" max_width=\"960% \" module_alignment=\"center \" custom_margin=\"||||false|true \" custom_margin_tablet=\"||||false|true \" custom_margin_phone=\"||||false|true \" custom_margin_last_edited=\"on|desktop \" custom_padding= \"|16px||16px|false|true \" da_disable_devices= \"off|off|off \" global_colors_info=\"{} \" da_is_popup=\"off \" da_exit_intent=\"off \" da_has_close=\"on \" da_alt_close=\"off \" da_dark_close=\"off \" da_not_modal=\"on \" da_is_singular=\"off \" da_with_loader=\"off \" da_has_shadow=\"on \"][et_pb_row _builder_version=\"4.17.3\u2033 _module_preset=\"default \" width=\"100% \" max_width=\"960px \" module_alignment=\"center \" custom_padding=\"16px||16px||true|false \" global_colors_info=\"{} \"][et_pb_column type=\"4_4\u2033 _builder_version=\"4.17.3\u2033 _module_preset=\"default \" global_colors_info=\"{} \"][et_pb_text _builder_version=\"4.17.4\u2033 _module_preset=\"default \" text_font=\"Montserrat|||||||| \" text_text_color=\"#FFFFFF \" text_font_size=\"16px \" text_line_height=\"1.5em \" header_2_text_align=\"left \" header_2_text_color=\"#FFFFFF \" header_2_font_size=\"32px \" custom_padding=\"||32px||false|false \" custom_padding_tablet=\"||32px|false|false \" custom_padding_phone=\"|16px||16px|false|true \" custom_padding_last_edited= \"on|phone\" text_font_size_tablet=\"16px\" text_font_size_phone=\"12px\" text_font_size_last_edited=\"on|phone\" header_2_font_size_tablet=\"32px\" header_2_font_size_phone=\"24px\" header_2_font_size_last_edited=\"on|phone\" global_colors_info=\"{}\"]<h2>Registration form<\/h2>\n<p>For <strong>register for free<\/strong> your child(ren) to the playful animation, fill out this form.<\/p>[\/et_pb_text][dipl_form_styler form_type=\"contact_form_7\u2033 cf7_form_id=\"241453\u2033 input_text_color=\"#053940\u2033 focus_input_text_color=\"#FFFFFF \" placeholder_text_color=\"rgba(5,57,64,0.5) \" focus_placeholder_text_color=\"RGBA(255,255,255,0) \" input_bg_color=\"RGBA(255,255,255,0) \" input_focus_bg_color=\"#053940\u2033 input_custom_padding=\"16px|32px|16px|32px|true|true \" submit_custom_padding=\"24px|32px|24px|32px|true|true \" submit_bg_color=\"#053940\u2033 input_custom_padding_tablet=\"16px|32px|16px|32px|true|true \" input_custom_padding_phone=\"16px|16px|16px|16px|true|true \" input_custom_padding_last_edited=\"on|phone \" _builder_version=\"4.17.4\u2033 _module_preset=\"default \" label_font=\"Montserrat|600||||||| \" label_text_color=\"#053940\u2033 input_font=\"Montserrat|700||||||| \" input_text_align=\"center \" input_line_height=\"1em \" placeholder_font=\"Montserrat|500||||||| \" placeholder_line_height=\"1em \" submit_button_text_font=\"Montserrat|700||||||| \" submit_button_text_color=\"#FFFFFF \" submit_button_text_line_height= \"1em \" text_orientation=\"left \" width=\"100% \" module_alignment=\"center \" custom_margin=\"16px||48px||false|true \" custom_margin_tablet=\"16px|16px|32px|16px|false|true \" custom_margin_phone=\"16px|16px|16px|16px|true|true \" custom_margin_last_edited=\"on|desktop \" custom_padding=\"||||false|true \" label_font_size_tablet= \" \" label_font_size_phone=\"16px \" label_font_size_last_edited=\"on|phone \" placeholder_text_align_tablet= \" \" placeholder_text_align_phone=\"center \" placeholder_text_align_last_edited=\"on|phone \" text_orientation_tablet=\"left \" text_orientation_phone=\"center \" text_orientation_last_edited=\"on|phone \" border_radii_input=\"on|8px|8px|8px|8px \" border_width_all_input=\"2px \" border_color_all_input=\"#053940\u2033 border_radii_submit_button=\"on|8px|8px|8px|8px \" border_width_all_submit_button=\"0px \" global_colors_info=\"{} \" buttons_bg_color__hover_enabled=\"on|hover \" buttons_bg_color__hover=\"#FFFFFF \" buttons_bg_enable_color__hover=\"on\" button_text_color__hover_enabled=\"on|hover\" button_text_color__hover=\"#000000\u2033][\/dipl_form_styler][et_pb_text _builder_version=\"4.17.4\u2033 _module_preset=\"default \" text_font=\"Montserrat|||||||| \" text_text_color=\"#FFFFFF \" text_font_size=\"16px \" text_line_height=\"1.5em \" header_2_text_align=\"left \" header_2_text_color=\"#FFFFFF \" header_2_font_size=\"32px \" custom_padding=\"||32px||false|false \" custom_padding_tablet=\"||32px|false|false \" custom_padding_phone=\"|16px||16px|false|true \" custom_padding_last_edited=\"on|phone \" text_font_size_tablet=\"16px \" text_font_size_phone=\"12px \" text_font_size_last_edited=\"on|phone \" header_2_font_size_tablet=\"32px \" header_2_font_size_phone=\"24px \" header_2_font_size_last_edited=\"on|phone \" locked=\"off\" global_colors_info=\"{}\"]<p>If you have a problem with the form, write to us directly on <a href=\"mailto:contact@kidlee.fr\">contact@kidlee.fr<\/a><\/p>[\/et_pb_text][\/et_pb_column][\/et_pb_row][\/et_pb_section][et_pb_section fb_built=\"1\u2033 _builder_version=\"4.17.3\u2033 _module_preset=\"default \" background_color=\"#54b998\u2033 da_disable_devices=\"off|off|off \" global_colors_info=\"{} \" da_is_popup=\"off \" da_exit_intent=\"off \" da_has_close= \"on\" da_alt_close=\"off\" da_dark_close=\"off\" da_not_modal=\"on\" da_is_singular=\"off\" da_with_loader=\"off\" da_has_shadow=\"on\"][et_pb_row _builder_version=\"4.17.3\u2033 _module_preset=\"default \" width=\"100% \" max_width=\"960px \" module_alignment=\"center \" border_width_top=\"0.5px \" border_color_top=\"rgba(5,57,64,0.5) \" global_colors_info=\"{} \"][et_pb_column type=\"4_4\u2033 _builder_version=\"4.17.3\u2033 _module_preset=\"default \" global_colors_info=\"{} \"][et_pb_text _builder_version=\"4.17.3\u2033 _module_preset=\"default \" text_text_color=\"#053940\u2033 text_font_size=\"10px \" text_line_height=\"1em \" text_orientation=\"center \" global_colors_info=\"{} \"]<p>Copyright \u00a9 2018 - 2022. Kidlee, SAS. All rights reserved.<\/p>[\/et_pb_text][\/et_pb_column][\/et_pb_row][\/et_pb_section]\n<\/div>","protected":false},"excerpt":{"rendered":"<p>Fun activities for children from 5 to 10 years old on July 02, 2022 at Parc Edmond de Rothschild with Tennis \u00c9veil!   Raising awareness of the youngest to the protection of the planet while entertaining them!  Kidlee, it's a playful childcare, but not only! Culture and ecology are also part of our [...]<\/p>","protected":false},"author":2,"featured_media":0,"parent":0,"menu_order":0,"comment_status":"closed","ping_status":"closed","template":"page-template-blank.php","meta":{"_et_pb_use_builder":"on","_et_pb_old_content":"","_et_gb_content_width":"","_lmt_disableupdate":"","_lmt_disable":"","footnotes":""},"yoast_head":"<!-- This site is optimized with the Yoast SEO plugin v23.3 - https:\/\/yoast.com\/wordpress\/plugins\/seo\/ -->\n<title>Kidlee x Tennis Eveil<\/title>\n<meta name=\"description\" content=\"Kidlee est le leader de la garde d&#039;enfant ludique et du babysitting p\u00e9riscolaire ! Nous mettons en relation des profils qualifi\u00e9s qui correspondent parfaitement \u00e0 la personnalit\u00e9 de l&#039;enfant. Nos babysitters sont form\u00e9s aux premiers secours et \u00e0 la p\u00e9dagogie Montessori.\" \/>\n<meta name=\"robots\" content=\"index, follow, max-snippet:-1, max-image-preview:large, max-video-preview:-1\" \/>\n<link rel=\"canonical\" href=\"https:\/\/kidlee.fr\/en\/animation-2-juillet\/\" \/>\n<meta property=\"og:locale\" content=\"en_US\" \/>\n<meta property=\"og:type\" content=\"article\" \/>\n<meta property=\"og:title\" content=\"Kidlee x Tennis Eveil\" \/>\n<meta property=\"og:description\" content=\"Kidlee est le leader de la garde d&#039;enfant ludique et du babysitting p\u00e9riscolaire ! Nous mettons en relation des profils qualifi\u00e9s qui correspondent parfaitement \u00e0 la personnalit\u00e9 de l&#039;enfant. Nos babysitters sont form\u00e9s aux premiers secours et \u00e0 la p\u00e9dagogie Montessori.\" \/>\n<meta property=\"og:url\" content=\"https:\/\/kidlee.fr\/en\/animation-2-juillet\/\" \/>\n<meta property=\"og:site_name\" content=\"Kidlee | Garde d&#039;enfants de plus de 3 ans en \u00cele-de-France\" \/>\n<meta property=\"article:publisher\" content=\"https:\/\/www.facebook.com\/kidleeFR\" \/>\n<meta property=\"article:modified_time\" content=\"2024-05-15T13:22:59+00:00\" \/>\n<meta property=\"og:image\" content=\"https:\/\/kidlee.fr\/wp-content\/uploads\/2024\/08\/images-1.jpg\" \/>\n\t<meta property=\"og:image:width\" content=\"1200\" \/>\n\t<meta property=\"og:image:height\" content=\"675\" \/>\n\t<meta property=\"og:image:type\" content=\"image\/jpeg\" \/>\n<meta name=\"twitter:card\" content=\"summary_large_image\" \/>\n<meta name=\"twitter:site\" content=\"@Kidlee_fr\" \/>\n<meta name=\"twitter:label1\" content=\"Est. reading time\" \/>\n\t<meta name=\"twitter:data1\" content=\"3 minutes\" \/>\n<script type=\"application\/ld+json\" class=\"yoast-schema-graph\">{\"@context\":\"https:\/\/schema.org\",\"@graph\":[{\"@type\":\"WebPage\",\"@id\":\"https:\/\/kidlee.fr\/animation-2-juillet\/\",\"url\":\"https:\/\/kidlee.fr\/animation-2-juillet\/\",\"name\":\"Kidlee x Tennis Eveil\",\"isPartOf\":{\"@id\":\"https:\/\/kidlee.fr\/#website\"},\"datePublished\":\"2022-06-03T15:02:18+00:00\",\"dateModified\":\"2024-05-15T13:22:59+00:00\",\"description\":\"Kidlee est le leader de la garde d'enfant ludique et du babysitting p\u00e9riscolaire ! Nous mettons en relation des profils qualifi\u00e9s qui correspondent parfaitement \u00e0 la personnalit\u00e9 de l'enfant. Nos babysitters sont form\u00e9s aux premiers secours et \u00e0 la p\u00e9dagogie Montessori.\",\"breadcrumb\":{\"@id\":\"https:\/\/kidlee.fr\/animation-2-juillet\/#breadcrumb\"},\"inLanguage\":\"en-US\",\"potentialAction\":[{\"@type\":\"ReadAction\",\"target\":[\"https:\/\/kidlee.fr\/animation-2-juillet\/\"]}]},{\"@type\":\"BreadcrumbList\",\"@id\":\"https:\/\/kidlee.fr\/animation-2-juillet\/#breadcrumb\",\"itemListElement\":[{\"@type\":\"ListItem\",\"position\":1,\"name\":\"Accueil\",\"item\":\"https:\/\/kidlee.fr\/\"},{\"@type\":\"ListItem\",\"position\":2,\"name\":\"Kidlee x Tennis Eveil\"}]},{\"@type\":\"WebSite\",\"@id\":\"https:\/\/kidlee.fr\/#website\",\"url\":\"https:\/\/kidlee.fr\/\",\"name\":\"Kidlee | Garde d&#039;enfants de plus de 3 ans en \u00cele-de-France\",\"description\":\"Le baby-sitting intelligent qui fait progresser les enfants !\",\"publisher\":{\"@id\":\"https:\/\/kidlee.fr\/#organization\"},\"potentialAction\":[{\"@type\":\"SearchAction\",\"target\":{\"@type\":\"EntryPoint\",\"urlTemplate\":\"https:\/\/kidlee.fr\/?s={search_term_string}\"},\"query-input\":\"required name=search_term_string\"}],\"inLanguage\":\"en-US\"},{\"@type\":\"Organization\",\"@id\":\"https:\/\/kidlee.fr\/#organization\",\"name\":\"Kidlee, SAS.\",\"url\":\"https:\/\/kidlee.fr\/\",\"logo\":{\"@type\":\"ImageObject\",\"inLanguage\":\"en-US\",\"@id\":\"https:\/\/kidlee.fr\/#\/schema\/logo\/image\/\",\"url\":\"https:\/\/kidlee.fr\/wp-content\/uploads\/2020\/06\/Kidlee_logo_2020.svg\",\"contentUrl\":\"https:\/\/kidlee.fr\/wp-content\/uploads\/2020\/06\/Kidlee_logo_2020.svg\",\"width\":300,\"height\":79,\"caption\":\"Kidlee, SAS.\"},\"image\":{\"@id\":\"https:\/\/kidlee.fr\/#\/schema\/logo\/image\/\"},\"sameAs\":[\"https:\/\/www.facebook.com\/kidleeFR\",\"https:\/\/x.com\/Kidlee_fr\",\"https:\/\/www.instagram.com\/kidlee_fr\/\",\"https:\/\/www.linkedin.com\/company\/kidlee-fr\",\"https:\/\/www.youtube.com\/channel\/UCt4hFqrRHEHOMghdOLmyzjg\"]}]}<\/script>\n<!-- \/ Yoast SEO plugin. -->","yoast_head_json":{"title":"Kidlee x Tennis Eveil","description":"Kidlee est le leader de la garde d'enfant ludique et du babysitting p\u00e9riscolaire ! Nous mettons en relation des profils qualifi\u00e9s qui correspondent parfaitement \u00e0 la personnalit\u00e9 de l'enfant. Nos babysitters sont form\u00e9s aux premiers secours et \u00e0 la p\u00e9dagogie Montessori.","robots":{"index":"index","follow":"follow","max-snippet":"max-snippet:-1","max-image-preview":"max-image-preview:large","max-video-preview":"max-video-preview:-1"},"canonical":"https:\/\/kidlee.fr\/en\/animation-2-juillet\/","og_locale":"en_US","og_type":"article","og_title":"Kidlee x Tennis Eveil","og_description":"Kidlee est le leader de la garde d'enfant ludique et du babysitting p\u00e9riscolaire ! Nous mettons en relation des profils qualifi\u00e9s qui correspondent parfaitement \u00e0 la personnalit\u00e9 de l'enfant. Nos babysitters sont form\u00e9s aux premiers secours et \u00e0 la p\u00e9dagogie Montessori.","og_url":"https:\/\/kidlee.fr\/en\/animation-2-juillet\/","og_site_name":"Kidlee | Garde d&#039;enfants de plus de 3 ans en \u00cele-de-France","article_publisher":"https:\/\/www.facebook.com\/kidleeFR","article_modified_time":"2024-05-15T13:22:59+00:00","og_image":[{"width":1200,"height":675,"url":"https:\/\/kidlee.fr\/wp-content\/uploads\/2024\/08\/images-1.jpg","type":"image\/jpeg"}],"twitter_card":"summary_large_image","twitter_site":"@Kidlee_fr","twitter_misc":{"Est. reading time":"3 minutes"},"schema":{"@context":"https:\/\/schema.org","@graph":[{"@type":"WebPage","@id":"https:\/\/kidlee.fr\/animation-2-juillet\/","url":"https:\/\/kidlee.fr\/animation-2-juillet\/","name":"Kidlee x Tennis Eveil","isPartOf":{"@id":"https:\/\/kidlee.fr\/#website"},"datePublished":"2022-06-03T15:02:18+00:00","dateModified":"2024-05-15T13:22:59+00:00","description":"Kidlee est le leader de la garde d'enfant ludique et du babysitting p\u00e9riscolaire ! Nous mettons en relation des profils qualifi\u00e9s qui correspondent parfaitement \u00e0 la personnalit\u00e9 de l'enfant. Nos babysitters sont form\u00e9s aux premiers secours et \u00e0 la p\u00e9dagogie Montessori.","breadcrumb":{"@id":"https:\/\/kidlee.fr\/animation-2-juillet\/#breadcrumb"},"inLanguage":"en-US","potentialAction":[{"@type":"ReadAction","target":["https:\/\/kidlee.fr\/animation-2-juillet\/"]}]},{"@type":"BreadcrumbList","@id":"https:\/\/kidlee.fr\/animation-2-juillet\/#breadcrumb","itemListElement":[{"@type":"ListItem","position":1,"name":"Accueil","item":"https:\/\/kidlee.fr\/"},{"@type":"ListItem","position":2,"name":"Kidlee x Tennis Eveil"}]},{"@type":"WebSite","@id":"https:\/\/kidlee.fr\/#website","url":"https:\/\/kidlee.fr\/","name":"Kidlee | Garde d&#039;enfants de plus de 3 ans en \u00cele-de-France","description":"Le baby-sitting intelligent qui fait progresser les enfants !","publisher":{"@id":"https:\/\/kidlee.fr\/#organization"},"potentialAction":[{"@type":"SearchAction","target":{"@type":"EntryPoint","urlTemplate":"https:\/\/kidlee.fr\/?s={search_term_string}"},"query-input":"required name=search_term_string"}],"inLanguage":"en-US"},{"@type":"Organization","@id":"https:\/\/kidlee.fr\/#organization","name":"Kidlee, SAS.","url":"https:\/\/kidlee.fr\/","logo":{"@type":"ImageObject","inLanguage":"en-US","@id":"https:\/\/kidlee.fr\/#\/schema\/logo\/image\/","url":"https:\/\/kidlee.fr\/wp-content\/uploads\/2020\/06\/Kidlee_logo_2020.svg","contentUrl":"https:\/\/kidlee.fr\/wp-content\/uploads\/2020\/06\/Kidlee_logo_2020.svg","width":300,"height":79,"caption":"Kidlee, SAS."},"image":{"@id":"https:\/\/kidlee.fr\/#\/schema\/logo\/image\/"},"sameAs":["https:\/\/www.facebook.com\/kidleeFR","https:\/\/x.com\/Kidlee_fr","https:\/\/www.instagram.com\/kidlee_fr\/","https:\/\/www.linkedin.com\/company\/kidlee-fr","https:\/\/www.youtube.com\/channel\/UCt4hFqrRHEHOMghdOLmyzjg"]}]}},"_links":{"self":[{"href":"https:\/\/kidlee.fr\/en\/wp-json\/wp\/v2\/pages\/241454"}],"collection":[{"href":"https:\/\/kidlee.fr\/en\/wp-json\/wp\/v2\/pages"}],"about":[{"href":"https:\/\/kidlee.fr\/en\/wp-json\/wp\/v2\/types\/page"}],"author":[{"embeddable":true,"href":"https:\/\/kidlee.fr\/en\/wp-json\/wp\/v2\/users\/2"}],"replies":[{"embeddable":true,"href":"https:\/\/kidlee.fr\/en\/wp-json\/wp\/v2\/comments?post=241454"}],"version-history":[{"count":0,"href":"https:\/\/kidlee.fr\/en\/wp-json\/wp\/v2\/pages\/241454\/revisions"}],"wp:attachment":[{"href":"https:\/\/kidlee.fr\/en\/wp-json\/wp\/v2\/media?parent=241454"}],"curies":[{"name":"wp","href":"https:\/\/api.w.org\/{rel}","templated":true}]}}