{"id":2255,"date":"2020-06-24T11:03:42","date_gmt":"2020-06-24T10:03:42","guid":{"rendered":"https:\/\/staging.kidlee.fr\/?page_id=2255"},"modified":"2024-07-12T22:10:14","modified_gmt":"2024-07-12T20:10:14","slug":"mentions-legales","status":"publish","type":"page","link":"https:\/\/kidlee.fr\/en\/mentions-legales\/","title":{"rendered":"Legal Notice"},"content":{"rendered":"<div id=\"bsf_rt_marker\">\n[et_pb_section fb_built=\"1\u2033 admin_label=\"section \" _builder_version=\"3.22\u2033][et_pb_row admin_label=\"row \" _builder_version=\"3.25\u2033 background_size=\"initial \" background_position=\"top_left \" background_repeat=\"repeat \"][et_pb_column type=\"4_4\u2033 _builder_version=\"3.25\u2033 custom_padding=\"||| \" custom_padding__hover=\"||| \"][et_pb_text admin_label=\"Text \" _builder_version=\"3.27.4\u2033 background_size=\"initial \" background_position=\"top_left \" background_repeat=\"repeat \" hover_enabled=\"0\u2033 sticky_enabled=\"0\u2033]<p>&nbsp;<\/p>\n<p><!-- divi:quote --><\/p>\n<h1 style=\"text-align: center;\">Legal information<\/h1>\n<p>&nbsp;<\/p>\n<p><!-- \/divi:quote --><\/p>\n<p><!-- divi:paragraph -->\"KIDLEE\" is a trademark registered at the INPI under the n\u00b0\u00a0<strong>4468086<\/strong><\/p>\n<p>In accordance with the provisions of Articles 6-III and 19 of Law No. 2004-575 of June 21, 2004 for Confidence in the Digital Economy, known as L.C.E.N., it is brought to the attention of the Users of the site\u00a0<a href=\"https:\/\/kidlee.fr\/en\/\">https:\/\/kidlee.fr\/<\/a>\u00a0the present legal notice.<\/p>\n<p>Connection to and browsing of the site (Kidlee) by the User implies full and unreserved acceptance of this legal notice.<\/p>\n<p>These are available on the site under the heading \"Legal information\".<\/p>\n<p>&nbsp;<\/p>\n<h2 style=\"text-align: center;\">ARTICLE 1: THE PUBLISHER<\/h2>\n<p>The edition of the site\u00a0<a href=\"https:\/\/kidlee.fr\/en\/\">https:\/\/kidlee.fr\/<\/a> is provided by SAS Kidlee with a capital of \u20ac6,000.00, registered in the Paris Trade and Companies Register under number 841 147 697, whose registered office is located at 20 B RUE LOUIS PHILIPPE 92200 NEUILLY-SUR-SEINE, telephone number 0184801880, e-mail address: contact@kidlee.fr.<\/p>\n<p>&nbsp;<\/p>\n<p>Intracommunity VAT number : FR 34 841147697.<\/p>\n<p>&nbsp;<\/p>\n<p>The Director of the publication is Mr Nassim NAFTI.<\/p>\n<p>&nbsp;<\/p>\n<h2 style=\"text-align: center;\">ARTICLE 2 : THE HOST<\/h2>\n<p>The host of the site\u00a0<a href=\"https:\/\/kidlee.fr\/en\/\">https:\/\/kidlee.fr\/<\/a>\u00a0is the Company OVH, whose head office is located at 2 rue Kellermann - 59100 Roubaix France, with the telephone number: 09 72 10 10 07.<\/p>\n<p>&nbsp;<\/p>\n<h2 style=\"text-align: center;\">ARTICLE 3: ACCESS TO THE SITE<\/h2>\n<p>The site is accessible from any location, 7 days a week, 24 hours a day, except in cases of force majeure, scheduled or unscheduled interruptions, and in cases of maintenance.<\/p>\n<p>In case of modification, interruption or suspension of services the site\u00a0<a href=\"https:\/\/kidlee.fr\/en\/\">https:\/\/kidlee.fr\/<\/a>\u00a0cannot be held responsible.<\/p>\n<p>&nbsp;<\/p>\n<h2 style=\"text-align: center;\">ARTICLE 4: DATA COLLECTION<\/h2>\n<p>The site ensures the User a collection and processing of personal information in compliance with the law n\u00b078-17 of January 6, 1978 relating to data processing, files and freedom.<\/p>\n<p>Under the Data Protection Act of January 6, 1978, the User has the right to access, rectify, delete and oppose his personal data. The User can exercise this right by sending an e-mail to contact@kidlee.fr<\/p>\n<p>&nbsp;<\/p>\n<h2 style=\"text-align: center;\">ARTICLE 5 : COOKIES<\/h2>\n<p>The User is informed that during his visits to the site, a cookie may be automatically installed on his browser.<\/p>\n<p>By browsing the site, he accepts them.<\/p>\n<p>A cookie is an element that does not allow the User to be identified, but is used to record information relating to the User's navigation on the website. The User may deactivate this cookie by using the parameters in his or her browser software.<\/p>\n<p>&nbsp;<\/p>\n<h2 style=\"text-align: center;\">ARTICLE 6: INTELLECTUAL PROPERTY<\/h2>\n<p>Any use, reproduction, distribution, marketing, modification of all or part of the site\u00a0<a href=\"https:\/\/kidlee.fr\/en\/\">https:\/\/kidlee.fr\/<\/a>\u00a0without the publisher's authorization is prohibited and may result in legal action and prosecution as provided for in the Intellectual Property Code and the Civil Code.<\/p>\n<p>For more information, please refer to the TOS of the site\u00a0<a href=\"https:\/\/kidlee.fr\/en\/\">https:\/\/kidlee.fr\/<\/a>\u00a0accessible under the heading \" CGU \".<\/p>\n<p><!-- \/divi:paragraph -->\u00a0<\/p>[\/et_pb_text][\/et_pb_column][\/et_pb_row][\/et_pb_section]\n<\/div>","protected":false},"excerpt":{"rendered":"<p>&nbsp; Legal notice \" KIDLEE \" is a trademark registered at the INPI under the n\u00b0 4468086 In accordance with the provisions of Articles 6-III and 19 of the Law n\u00b02004-575 of June 21, 2004 for the Confidence in the digital economy, known as L.C.E.N., it is brought to the attention of the Users of the site https:\/\/kidlee.fr\/ the present legal notice. The connection and the [...]<\/p>","protected":false},"author":1,"featured_media":0,"parent":0,"menu_order":999,"comment_status":"closed","ping_status":"closed","template":"","meta":{"_et_pb_use_builder":"on","_et_pb_old_content":"<p>[vc_row css=\".vc_custom_1610632266628{margin-top: 100px !important;margin-bottom: 100px !important;}\"][vc_column css=\".vc_custom_1592985132393{padding-right: 100px !important;padding-left: 100px !important;}\"][mkdf_elements_holder holder_full_height=\"no\" number_of_columns=\"one-column\" switch_to_one_column=\"\" alignment_one_column=\"center\"][mkdf_elements_holder_item][vc_column_text css=\".vc_custom_1615195698967{padding-right: 40px !important;padding-left: 40px !important;}\"]<\/p>\r\n<!-- wp:quote -->\r\n<h1 style=\"text-align: center;\">Mentions l\u00e9gales<\/h1>\r\n<p>&nbsp;<\/p>\r\n<!-- \/wp:quote -->\r\n<p><!-- wp:paragraph -->\"KIDLEE\" est une marque enregistr\u00e9e \u00e0 l\u2019INPI sous le n\u00b0\u00a0<strong>4468086<\/strong><\/p>\r\n<p>Conform\u00e9ment aux dispositions des Articles 6-III et 19 de la Loi n\u00b02004-575 du 21 juin 2004 pour la Confiance dans l\u2019\u00e9conomie num\u00e9rique, dite L.C.E.N., il est port\u00e9 \u00e0 la connaissance des Utilisateurs du site\u00a0<a href=\"https:\/\/kidlee.fr\/\">https:\/\/kidlee.fr\/<\/a>\u00a0les pr\u00e9sentes mentions l\u00e9gales.<\/p>\r\n<p>La connexion et la navigation sur le site (Kidlee) par l\u2019Utilisateur implique acceptation int\u00e9grale et sans r\u00e9serve des pr\u00e9sentes mentions l\u00e9gales.<\/p>\r\n<p>Ces derni\u00e8res sont accessibles sur le site \u00e0 la rubrique \u00ab Mentions l\u00e9gales \u00bb.<\/p>\r\n<p>&nbsp;<\/p>\r\n<h2 style=\"text-align: center;\">ARTICLE 1 : L\u2019\u00c9DITEUR<\/h2>\r\n<p>L\u2019\u00e9dition du site\u00a0<a href=\"https:\/\/kidlee.fr\/\">https:\/\/kidlee.fr\/<\/a> est assur\u00e9e par la Soci\u00e9t\u00e9 SAS Kidlee au capital de 6 000,00 \u20ac euros, immatricul\u00e9e au RCS de Paris sous le num\u00e9ro 841 147 697 dont le si\u00e8ge social est situ\u00e9 au 20 B RUE LOUIS PHILIPPE 92200 NEUILLY-SUR-SEINE, num\u00e9ro de t\u00e9l\u00e9phone 0184801880, adresse e-mail : contact@kidlee.fr.<\/p>\r\n<p>&nbsp;<\/p>\r\n<p>N\u00b0 de TVA intracommunautaire : FR 34 841147697<\/p>\r\n<p>&nbsp;<\/p>\r\n<p>Le Directeur de la publication est M Nassim NAFTI<\/p>\r\n<p>&nbsp;<\/p>\r\n<h2 style=\"text-align: center;\">ARTICLE 2 : L\u2019H\u00c9BERGEUR<\/h2>\r\n<p>L\u2019h\u00e9bergeur du site\u00a0<a href=\"https:\/\/kidlee.fr\/\">https:\/\/kidlee.fr\/<\/a>\u00a0est la Soci\u00e9t\u00e9 OVH, dont le si\u00e8ge social est situ\u00e9 au 2 rue Kellermann \u2013 59100 Roubaix France, avec le num\u00e9ro de t\u00e9l\u00e9phone : 09 72 10 10 07.<\/p>\r\n<p>&nbsp;<\/p>\r\n<h2 style=\"text-align: center;\">ARTICLE 3 : ACC\u00c8S AU SITE<\/h2>\r\n<p>Le site est accessible par tout endroit, 7j\/7, 24 h\/24 sauf cas de force majeure, interruption programm\u00e9e ou non et pouvant d\u00e9coulant d\u2019une n\u00e9cessit\u00e9 de maintenance.<\/p>\r\n<p>En cas de modification, interruption ou suspension des services le site\u00a0<a href=\"https:\/\/kidlee.fr\/\">https:\/\/kidlee.fr\/<\/a>\u00a0ne saurait \u00eatre tenu responsable.<\/p>\r\n<p>&nbsp;<\/p>\r\n<h2 style=\"text-align: center;\">ARTICLE 4 : COLLECTE DES DONN\u00c9ES<\/h2>\r\n<p>Le site assure \u00e0 l\u2019Utilisateur une collecte et un traitement d\u2019informations personnelles dans le respect de la vie priv\u00e9e conform\u00e9ment \u00e0 la loi n\u00b078-17 du 6 janvier 1978 relative \u00e0 l\u2019informatique, aux fichiers et aux libert\u00e9s.<\/p>\r\n<p>En vertu de la loi Informatique et Libert\u00e9s, en date du 6 janvier 1978, l\u2019Utilisateur dispose d\u2019un droit d\u2019acc\u00e8s, de rectification, de suppression et d\u2019opposition de ses donn\u00e9es personnelles. L\u2019Utilisateur exerce ce droit par mail \u00e0 l\u2019adresse mail contact@kidlee.fr<\/p>\r\n<p>&nbsp;<\/p>\r\n<h2 style=\"text-align: center;\">ARTICLE 5 : COOKIES<\/h2>\r\n<p>L\u2019Utilisateur est inform\u00e9 que lors de ses visites sur le site, un cookie peut s\u2019installer automatiquement sur son logiciel de navigation.<\/p>\r\n<p>En naviguant sur le site, il les accepte.<\/p>\r\n<p>Un cookie est un \u00e9l\u00e9ment qui ne permet pas d\u2019identifier l\u2019Utilisateur mais sert \u00e0 enregistrer des informations relatives \u00e0 la navigation de celui-ci sur le site Internet. L\u2019Utilisateur pourra d\u00e9sactiver ce cookie par l\u2019interm\u00e9diaire des param\u00e8tres figurant au sein de son logiciel de navigation.<\/p>\r\n<p>&nbsp;<\/p>\r\n<h2 style=\"text-align: center;\">ARTICLE 6 : PROPRI\u00c9T\u00c9 INTELLECTUELLE<\/h2>\r\n<p>Toute utilisation, reproduction, diffusion, commercialisation, modification de toute ou partie du site\u00a0<a href=\"https:\/\/kidlee.fr\/\">https:\/\/kidlee.fr\/<\/a>\u00a0sans autorisation de l\u2019\u00e9diteur est prohib\u00e9e et pourra entra\u00eener des actions et poursuites judiciaires telles que notamment pr\u00e9vues par le Code de la propri\u00e9t\u00e9 intellectuelle et le Code civil.<\/p>\r\n<p>Pour plus d\u2019informations, se reporter aux CGU du site\u00a0<a href=\"https:\/\/kidlee.fr\/\">https:\/\/kidlee.fr\/<\/a>\u00a0accessible \u00e0 la rubrique\u00ab CGU \u00bb<\/p>\r\n<p><!-- \/wp:paragraph -->\u00a0<\/p>\r\n<p>[\/vc_column_text][\/mkdf_elements_holder_item][\/mkdf_elements_holder][\/vc_column][\/vc_row]<\/p>","_et_gb_content_width":"","_lmt_disableupdate":"","_lmt_disable":"","footnotes":""},"yoast_head":"<!-- This site is optimized with the Yoast SEO plugin v23.3 - https:\/\/yoast.com\/wordpress\/plugins\/seo\/ -->\n<title>Kidlee : mentions l\u00e9gales<\/title>\n<meta name=\"description\" content=\"Kidlee est le leader de la garde d&#039;enfant ludique et du babysitting p\u00e9riscolaire ! Mentions l\u00e9gales et conditions d&#039;utilisation de notre service.\" \/>\n<meta name=\"robots\" content=\"index, follow, max-snippet:-1, max-image-preview:large, max-video-preview:-1\" \/>\n<link rel=\"canonical\" href=\"https:\/\/kidlee.fr\/en\/mentions-legales\/\" \/>\n<meta property=\"og:locale\" content=\"en_US\" \/>\n<meta property=\"og:type\" content=\"article\" \/>\n<meta property=\"og:title\" content=\"Kidlee : mentions l\u00e9gales\" \/>\n<meta property=\"og:description\" content=\"Kidlee est le leader de la garde d&#039;enfant ludique et du babysitting p\u00e9riscolaire ! Mentions l\u00e9gales et conditions d&#039;utilisation de notre service.\" \/>\n<meta property=\"og:url\" content=\"https:\/\/kidlee.fr\/en\/mentions-legales\/\" \/>\n<meta property=\"og:site_name\" content=\"Kidlee | Garde d&#039;enfants de plus de 3 ans en \u00cele-de-France\" \/>\n<meta property=\"article:publisher\" content=\"https:\/\/www.facebook.com\/kidleeFR\" \/>\n<meta property=\"article:modified_time\" content=\"2024-07-12T20:10:14+00:00\" \/>\n<meta property=\"og:image\" content=\"https:\/\/kidlee.fr\/wp-content\/uploads\/2024\/08\/images-1.jpg\" \/>\n\t<meta property=\"og:image:width\" content=\"1200\" \/>\n\t<meta property=\"og:image:height\" content=\"675\" \/>\n\t<meta property=\"og:image:type\" content=\"image\/jpeg\" \/>\n<meta name=\"twitter:card\" content=\"summary_large_image\" \/>\n<meta name=\"twitter:site\" content=\"@Kidlee_fr\" \/>\n<meta name=\"twitter:label1\" content=\"Est. reading time\" \/>\n\t<meta name=\"twitter:data1\" content=\"3 minutes\" \/>\n<script type=\"application\/ld+json\" class=\"yoast-schema-graph\">{\"@context\":\"https:\/\/schema.org\",\"@graph\":[{\"@type\":\"WebPage\",\"@id\":\"https:\/\/kidlee.fr\/mentions-legales\/\",\"url\":\"https:\/\/kidlee.fr\/mentions-legales\/\",\"name\":\"Kidlee : mentions l\u00e9gales\",\"isPartOf\":{\"@id\":\"https:\/\/kidlee.fr\/#website\"},\"datePublished\":\"2020-06-24T10:03:42+00:00\",\"dateModified\":\"2024-07-12T20:10:14+00:00\",\"description\":\"Kidlee est le leader de la garde d'enfant ludique et du babysitting p\u00e9riscolaire ! Mentions l\u00e9gales et conditions d'utilisation de notre service.\",\"breadcrumb\":{\"@id\":\"https:\/\/kidlee.fr\/mentions-legales\/#breadcrumb\"},\"inLanguage\":\"en-US\",\"potentialAction\":[{\"@type\":\"ReadAction\",\"target\":[\"https:\/\/kidlee.fr\/mentions-legales\/\"]}]},{\"@type\":\"BreadcrumbList\",\"@id\":\"https:\/\/kidlee.fr\/mentions-legales\/#breadcrumb\",\"itemListElement\":[{\"@type\":\"ListItem\",\"position\":1,\"name\":\"Accueil\",\"item\":\"https:\/\/kidlee.fr\/\"},{\"@type\":\"ListItem\",\"position\":2,\"name\":\"Mentions L\u00e9gales\"}]},{\"@type\":\"WebSite\",\"@id\":\"https:\/\/kidlee.fr\/#website\",\"url\":\"https:\/\/kidlee.fr\/\",\"name\":\"Kidlee | Garde d&#039;enfants de plus de 3 ans en \u00cele-de-France\",\"description\":\"Le baby-sitting intelligent qui fait progresser les enfants !\",\"publisher\":{\"@id\":\"https:\/\/kidlee.fr\/#organization\"},\"potentialAction\":[{\"@type\":\"SearchAction\",\"target\":{\"@type\":\"EntryPoint\",\"urlTemplate\":\"https:\/\/kidlee.fr\/?s={search_term_string}\"},\"query-input\":\"required name=search_term_string\"}],\"inLanguage\":\"en-US\"},{\"@type\":\"Organization\",\"@id\":\"https:\/\/kidlee.fr\/#organization\",\"name\":\"Kidlee, SAS.\",\"url\":\"https:\/\/kidlee.fr\/\",\"logo\":{\"@type\":\"ImageObject\",\"inLanguage\":\"en-US\",\"@id\":\"https:\/\/kidlee.fr\/#\/schema\/logo\/image\/\",\"url\":\"https:\/\/kidlee.fr\/wp-content\/uploads\/2020\/06\/Kidlee_logo_2020.svg\",\"contentUrl\":\"https:\/\/kidlee.fr\/wp-content\/uploads\/2020\/06\/Kidlee_logo_2020.svg\",\"width\":300,\"height\":79,\"caption\":\"Kidlee, SAS.\"},\"image\":{\"@id\":\"https:\/\/kidlee.fr\/#\/schema\/logo\/image\/\"},\"sameAs\":[\"https:\/\/www.facebook.com\/kidleeFR\",\"https:\/\/x.com\/Kidlee_fr\",\"https:\/\/www.instagram.com\/kidlee_fr\/\",\"https:\/\/www.linkedin.com\/company\/kidlee-fr\",\"https:\/\/www.youtube.com\/channel\/UCt4hFqrRHEHOMghdOLmyzjg\"]}]}<\/script>\n<!-- \/ Yoast SEO plugin. -->","yoast_head_json":{"title":"Kidlee : mentions l\u00e9gales","description":"Kidlee est le leader de la garde d'enfant ludique et du babysitting p\u00e9riscolaire ! Mentions l\u00e9gales et conditions d'utilisation de notre service.","robots":{"index":"index","follow":"follow","max-snippet":"max-snippet:-1","max-image-preview":"max-image-preview:large","max-video-preview":"max-video-preview:-1"},"canonical":"https:\/\/kidlee.fr\/en\/mentions-legales\/","og_locale":"en_US","og_type":"article","og_title":"Kidlee : mentions l\u00e9gales","og_description":"Kidlee est le leader de la garde d'enfant ludique et du babysitting p\u00e9riscolaire ! Mentions l\u00e9gales et conditions d'utilisation de notre service.","og_url":"https:\/\/kidlee.fr\/en\/mentions-legales\/","og_site_name":"Kidlee | Garde d&#039;enfants de plus de 3 ans en \u00cele-de-France","article_publisher":"https:\/\/www.facebook.com\/kidleeFR","article_modified_time":"2024-07-12T20:10:14+00:00","og_image":[{"width":1200,"height":675,"url":"https:\/\/kidlee.fr\/wp-content\/uploads\/2024\/08\/images-1.jpg","type":"image\/jpeg"}],"twitter_card":"summary_large_image","twitter_site":"@Kidlee_fr","twitter_misc":{"Est. reading time":"3 minutes"},"schema":{"@context":"https:\/\/schema.org","@graph":[{"@type":"WebPage","@id":"https:\/\/kidlee.fr\/mentions-legales\/","url":"https:\/\/kidlee.fr\/mentions-legales\/","name":"Kidlee : mentions l\u00e9gales","isPartOf":{"@id":"https:\/\/kidlee.fr\/#website"},"datePublished":"2020-06-24T10:03:42+00:00","dateModified":"2024-07-12T20:10:14+00:00","description":"Kidlee est le leader de la garde d'enfant ludique et du babysitting p\u00e9riscolaire ! Mentions l\u00e9gales et conditions d'utilisation de notre service.","breadcrumb":{"@id":"https:\/\/kidlee.fr\/mentions-legales\/#breadcrumb"},"inLanguage":"en-US","potentialAction":[{"@type":"ReadAction","target":["https:\/\/kidlee.fr\/mentions-legales\/"]}]},{"@type":"BreadcrumbList","@id":"https:\/\/kidlee.fr\/mentions-legales\/#breadcrumb","itemListElement":[{"@type":"ListItem","position":1,"name":"Accueil","item":"https:\/\/kidlee.fr\/"},{"@type":"ListItem","position":2,"name":"Mentions L\u00e9gales"}]},{"@type":"WebSite","@id":"https:\/\/kidlee.fr\/#website","url":"https:\/\/kidlee.fr\/","name":"Kidlee | Garde d&#039;enfants de plus de 3 ans en \u00cele-de-France","description":"Le baby-sitting intelligent qui fait progresser les enfants !","publisher":{"@id":"https:\/\/kidlee.fr\/#organization"},"potentialAction":[{"@type":"SearchAction","target":{"@type":"EntryPoint","urlTemplate":"https:\/\/kidlee.fr\/?s={search_term_string}"},"query-input":"required name=search_term_string"}],"inLanguage":"en-US"},{"@type":"Organization","@id":"https:\/\/kidlee.fr\/#organization","name":"Kidlee, SAS.","url":"https:\/\/kidlee.fr\/","logo":{"@type":"ImageObject","inLanguage":"en-US","@id":"https:\/\/kidlee.fr\/#\/schema\/logo\/image\/","url":"https:\/\/kidlee.fr\/wp-content\/uploads\/2020\/06\/Kidlee_logo_2020.svg","contentUrl":"https:\/\/kidlee.fr\/wp-content\/uploads\/2020\/06\/Kidlee_logo_2020.svg","width":300,"height":79,"caption":"Kidlee, SAS."},"image":{"@id":"https:\/\/kidlee.fr\/#\/schema\/logo\/image\/"},"sameAs":["https:\/\/www.facebook.com\/kidleeFR","https:\/\/x.com\/Kidlee_fr","https:\/\/www.instagram.com\/kidlee_fr\/","https:\/\/www.linkedin.com\/company\/kidlee-fr","https:\/\/www.youtube.com\/channel\/UCt4hFqrRHEHOMghdOLmyzjg"]}]}},"_links":{"self":[{"href":"https:\/\/kidlee.fr\/en\/wp-json\/wp\/v2\/pages\/2255"}],"collection":[{"href":"https:\/\/kidlee.fr\/en\/wp-json\/wp\/v2\/pages"}],"about":[{"href":"https:\/\/kidlee.fr\/en\/wp-json\/wp\/v2\/types\/page"}],"author":[{"embeddable":true,"href":"https:\/\/kidlee.fr\/en\/wp-json\/wp\/v2\/users\/1"}],"replies":[{"embeddable":true,"href":"https:\/\/kidlee.fr\/en\/wp-json\/wp\/v2\/comments?post=2255"}],"version-history":[{"count":0,"href":"https:\/\/kidlee.fr\/en\/wp-json\/wp\/v2\/pages\/2255\/revisions"}],"wp:attachment":[{"href":"https:\/\/kidlee.fr\/en\/wp-json\/wp\/v2\/media?parent=2255"}],"curies":[{"name":"wp","href":"https:\/\/api.w.org\/{rel}","templated":true}]}}