{"id":1814,"date":"2020-06-12T08:38:57","date_gmt":"2020-06-12T07:38:57","guid":{"rendered":"https:\/\/staging.kidlee.fr\/?page_id=1814"},"modified":"2025-08-17T21:12:27","modified_gmt":"2025-08-17T19:12:27","slug":"contact","status":"publish","type":"page","link":"https:\/\/kidlee.fr\/en\/contact\/","title":{"rendered":"Contact"},"content":{"rendered":"<div id=\"bsf_rt_marker\"><p>[et_pb_section fb_built=\"1\u2033 _builder_version=\"4.16\u2033 _module_preset=\"default \" background_image=\"https:\/\/kidlee.fr\/wp-content\/uploads\/2021\/05\/Contact.jpg \" background_position= \"bottom_center \" min_height= \"400px \" min_height_tablet= \" \" min_height_phone= \" \" min_height_last_edited= \"on|phone \" custom_margin_tablet= \" \" custom_margin_phone= \"||0px||false|false \" custom_margin_last_edited= \"on|phone \" custom_padding= \"||47px|| \" global_colors_info=\"{} \" da_is_popup=\"off \" da_exit_intent=\"off \" da_has_close=\"on \" da_alt_close=\"off \" da_dark_close=\"off \" da_not_modal= \"on\" da_is_singular=\"off\" da_with_loader=\"off\" da_has_shadow=\"on\" da_disable_devices=\"off|off|off \"][et_pb_row column_structure=\"1_2,1_2\u2033 _builder_version=\"4.16\u2033 _module_preset=\"default \" custom_padding=\"50px||||| \" global_colors_info=\"{} \"][et_pb_column type=\"1_2\u2033 _builder_version=\"4.16\u2033 _module_preset=\"default \" global_colors_info=\"{} \"][et_pb_text _builder_version=\"4.16\u2033 _module_preset=\"default \" text_text_color=\"#FFFFFF \" header_text_color=\"#FFFFFF \" header_font_size=\"43px \" global_colors_info=\"{} \"]<\/p>\n<h1>Need to know more ?<\/h1>\n<p>[\/et_pb_text][\/et_pb_column][et_pb_column type=\"1_2\u2033 _builder_version=\"4.16\u2033 _module_preset=\"default \" global_colors_info=\"{} \"][\/et_pb_column][\/et_pb_row][\/et_pb_section][et_pb_section fb_built=\"1\u2033 _builder_version=\"4.16\u2033 _module_preset=\"default \" custom_padding=\"14px||||| \" global_colors_info=\"{} \" da_is_popup=\"off \" da_exit_intent=\"off \" da_has_close=\"on \" da_alt_close=\"off \" da_dark_close=\"off \" da_not_modal=\"on \" da_is_singular=\"off \" da_with_loader=\"off \" da_has_shadow=\"on \" da_disable_devices=\"off|off|off \"][et_pb_row column_structure=\"1_2,1_2\u2033 _builder_version=\"4.16\u2033 _module_preset=\"default \" global_colors_info=\"{} \"][et_pb_column type=\"1_2\u2033 _builder_version=\"4.16\u2033 _module_preset=\"default \" global_colors_info=\"{} \"][et_pb_text _builder_version=\"4.16\u2033 _module_preset=\"default \" text_text_color=\"#37548D \" text_orientation=\"center \" custom_padding=\"20px||20px||true|false \" border_radii=\"on|4px|4px|4px|4px \" border_width_all=\"1px \" border_color_all=\"rgba(55,84,141,0.47) \" global_colors_info=\"{} \"]<\/p>\n<p><span style=\"font-size: x-large;\"><strong>Contact a Kidlee Consultant<\/strong><\/span><br \/><span style=\"color: #fc8aa9;\"><a href=\"tel:0184801880\" title=\"01 84 80 18 80\">01 84 80 18 80<\/a> \/ <a href=\"mailto:contact@kidlee.fr\" title=\"contact@kidlee.fr\">contact@kidlee.fr<\/a><\/span><\/p>\n<p>[\/et_pb_text][\/et_pb_column][et_pb_column type=\"1_2\u2033 _builder_version=\"4.16\u2033 _module_preset=\"default \" global_colors_info=\"{} \"][et_pb_text _builder_version=\"4.16\u2033 _module_preset=\"default \" text_text_color=\"#37548D \" text_orientation=\"center \" custom_padding=\"20px||20px||true|false \" link_option_url=\"https:\/\/calendly.com\/happiness-officers-family\/my-rdv-kidlee \" border_radii=\"on|4px|4px|4px|4px \" border_width_all=\"1px \" border_color_all=\"rgba(55,84,141,0.47) \" global_colors_info=\"{} \"]<\/p>\n<p><span style=\"font-size: x-large;\"><strong>Book a discovery appointment <\/strong><\/span><br \/><span style=\"color: #fc8aa9;\">by clicking here<\/span><\/p>\n<p>[\/et_pb_text][\/et_pb_column][\/et_pb_row][et_pb_row _builder_version=\"4.16\u2033 _module_preset=\"default \" custom_margin=\"|auto|70px|auto|| \" global_colors_info=\"{} \"][et_pb_column type=\"4_4\u2033 _builder_version=\"4.16\u2033 _module_preset=\"default \" global_colors_info=\"{} \"][et_pb_text _builder_version=\"4.16\u2033 _module_preset=\"default \" text_text_color=\"#37548D \" text_orientation=\"center \" global_colors_info=\"{} \"]<\/p>\n<h3>Or send us a note !<\/h3>\n<p>[\/et_pb_text][\/et_pb_column][\/et_pb_row][\/et_pb_section][et_pb_section fb_built=\"1\u2033 _builder_version=\"4.16\u2033 _module_preset=\"default \" background_color=\"#EFF5FF \" custom_padding=\"||25px||| \" global_colors_info=\"{} \" da_is_popup=\"off \" da_exit_intent=\"off \" da_has_close=\"on \" da_alt_close=\"off \" da_dark_close=\"off \" da_not_modal=\"on \" da_is_singular=\"off \" da_with_loader=\"off \" da_has_shadow=\"on \" da_disable_devices=\"off|off|off \"][et_pb_row _builder_version=\"4.16\u2033 _module_preset=\"default \" global_colors_info=\"{} \"][et_pb_column type=\"4_4\u2033 _builder_version=\"4.16\u2033 _module_preset=\"default \" global_colors_info=\"{} \"][et_pb_contact_form use_spam_service=\"on \" recaptcha_list=\"Default|Default-0\u2033 email=\"contact@kidlee.fr,marketing@kidlee.fr \" custom_message=\"Email received from contact page||et_pb_line_break_holder||||et_pb_line_break_holder||Name: %%Name%%||et_pb_line_break_holder||Firstname: %%PFirstname%%||et_pb_line_break_holder||Email address: %%Email%%||et_pb_line_break_holder||Tel: %%Tel%%||et_pb_line_break_holder||||et_pb_line_break_holder||Message:||et_pb_line_break_holder||%%Message%% \" submit_button_text=\"Send \" _builder_version=\"4.26.0\u2033 _module_preset=\"default \" _unique_id=\"d86534f2-a4f6-4869-a775-914ba50aef1b \" form_field_background_color=\"#FFFFFF \" background_color=\"#FFFFFF \" custom_button=\"on \" button_text_color=\"#FFFFFF \" button_bg_color=\"#37548D \" button_border_radius= \"39px \" button_font=\"Baloo|||||||| \" button_custom_margin=\"||||false|false \" button_custom_padding=\"|40px||40px|false|true \" max_width=\"520px \" module_alignment=\"center \" custom_margin=\"-20vh||||false|false \" custom_padding= \"30px|40px|30px|40px|true|true \" hover_enabled=\"0\u2033 custom_css_main_element=\"box-shadow: 6px 6px 18px 0px rgba(0,0,0,0.3);||border-radius: 8px; \" global_colors_info=\"{} \" sticky_enabled=\"0\u2033][et_pb_contact_field field_id=\"Name \" field_title=\"Name\" _builder_version=\"4.16\u2033 border_radii=\"on|5px|5px|5px|5px \" border_width_all=\"1px \" border_color_all=\"#37548D \" global_colors_info=\"{} \" button_text_size__hover_enabled=\"off \" button_one_text_size__hover_enabled=\"off \" button_two_text_size__hover_enabled=\"off \" button_text_color__hover_enabled=\"off \" button_one_text_color__hover_enabled=\"off \" button_two_text_color__hover_enabled=\"off \" button_border_width__hover_enabled=\"off \" button_one_border_width__hover_enabled=\"off \" button_two_border_width__hover_enabled=\"off \" button_border_color__hover_enabled=\"off \" button_one_border_color__hover_enabled= \"off \" button_two_border_color__hover_enabled=\"off \" button_border_radius__hover_enabled=\"off \" button_one_border_radius__hover_enabled=\"off \" button_two_border_radius__hover_enabled=\"off \" button_letter_spacing__hover_enabled=\"off \" button_one_letter_spacing__hover_enabled=\"off \" button_two_letter_spacing__hover_enabled=\"off \" button_bg_color__hover_enabled=\"off \" button_one_bg_color__hover_enabled=\"off \" button_two_bg_color__hover_enabled=\"off \"][\/et_pb_contact_field][et_pb_contact_field field_id=\"First name\" field_title=\"First name\" _builder_version=\"4.16\u2033 _module_preset=\"default \" border_radii=\"on|5px|5px|5px|5px \" border_width_all=\"1px \" border_color_all=\"#37548D \" global_colors_info=\"{} \"][\/et_pb_contact_field][et_pb_contact_field field_id=\"Email \" field_title=\"Adresse e-mail \" field_type=\"email \" fullwidth_field=\"on \" _builder_version=\"4.16\u2033 border_radii=\"on|5px|5px|5px|5px \" border_width_all=\"1px \" border_color_all=\"#37548D \" global_colors_info=\"{} \" button_text_size__hover_enabled=\"off \" button_one_text_size__hover_enabled=\"off \" button_two_text_size__hover_enabled=\"off \" button_text_color__hover_enabled=\"off \" button_one_text_color__hover_enabled=\"off \" button_two_text_color__hover_enabled=\"off \" button_border_width__hover_enabled=\"off \" button_one_border_width__hover_enabled=\"off \" button_two_border_width__hover_enabled=\"off \" button_border_color__hover_enabled=\"off \" button_one_border_color__hover_enabled=\"off \" button_two_border_color__hover_enabled=\"off \" button_border_radius__hover_enabled=\"off \" button_one_border_radius__hover_enabled=\"off \" button_two_border_radius__hover_enabled=\"off \" button_letter_spacing__hover_enabled=\"off \" button_one_letter_spacing__hover_enabled=\"off \" button_two_letter_spacing__hover_enabled= \"off \" button_bg_color__hover_enabled=\"off \" button_one_bg_color__hover_enabled=\"off \" button_two_bg_color__hover_enabled=\"off \"][\/et_pb_contact_field][et_pb_contact_field field_id=\"Tel \" field_title=\"Your phone number\" allowed_symbols=\"numbers \" fullwidth_field=\"on \" _builder_version=\"4.16\u2033 _module_preset=\"default \" border_radii=\"on|5px|5px|5px|5px \" border_width_all=\"1px \" border_color_all=\"#37548D \" global_colors_info=\"{} \"][\/et_pb_contact_field][et_pb_contact_field field_id=\"Message\" field_title=\"Message\" field_type=\"text\" fullwidth_field=\"on \" _builder_version=\"4.16\u2033 border_radii=\"on|5px|5px|5px|5px \" border_width_all=\"1px \" border_color_all=\"#37548D \" global_colors_info=\"{} \" button_text_size__hover_enabled=\"off \" button_one_text_size__hover_enabled=\"off \" button_two_text_size__hover_enabled=\"off \" button_text_color__hover_enabled= \"off \" button_one_text_color__hover_enabled=\"off \" button_two_text_color__hover_enabled=\"off \" button_border_width__hover_enabled=\"off \" button_one_border_width__hover_enabled=\"off \" button_two_border_width__hover_enabled=\"off \" button_border_color__hover_enabled=\"off \" button_one_border_color__hover_enabled=\"off \" button_two_border_color__hover_enabled=\"off \" button_border_radius__hover_enabled=\"off \" button_one_border_radius__hover_enabled=\"off \" button_two_border_radius__hover_enabled=\"off \" button_letter_spacing__hover_enabled=\"off \" button_one_letter_spacing__hover_enabled=\"off \" button_two_letter_spacing__hover_enabled=\"off \" button_bg_color__hover_enabled=\"off \" button_one_bg_color__hover_enabled=\"off \" button_two_bg_color__hover_enabled=\"off \"][\/et_pb_contact_field][\/et_pb_contact_form][et_pb_text _builder_version=\"4.16\u2033 _module_preset=\"default \" text_font=\"|600||||||| \" text_text_color=\"#37548D \" text_font_size=\"22px \" text_orientation=\"center \" custom_margin=\"50px||||false|false \" global_colors_info=\"{} \"]<\/p>\n<p><strong>Any questions ?<\/strong> <a href=\"https:\/\/kidlee.fr\/en\/faq\/\" title=\"FAQ : Frequently Asked Questions\">See our FAQ<\/a><\/p>\n<p>[\/et_pb_text][\/et_pb_column][\/et_pb_row][\/et_pb_section]<\/p>\n<\/div>","protected":false},"excerpt":{"rendered":"<p>Need to know more? Contact a Kidlee consultant01 84 80 18 80 \/ contact@kidlee.frR\u00e9servez or send us a note! See our FAQ<\/p>","protected":false},"author":2,"featured_media":0,"parent":0,"menu_order":110,"comment_status":"closed","ping_status":"closed","template":"","meta":{"_et_pb_use_builder":"on","_et_pb_old_content":"","_et_gb_content_width":"","_lmt_disableupdate":"","_lmt_disable":"","footnotes":""},"yoast_head":"<!-- This site is optimized with the Yoast SEO plugin v23.3 - https:\/\/yoast.com\/wordpress\/plugins\/seo\/ -->\n<title>Contact &#8211; Kidlee | Garde d&#039;enfants de plus de 3 ans en \u00cele-de-France<\/title>\n<meta name=\"description\" content=\"Une question ou une demande ? N&#039;h\u00e9sitez pas, la page contact est faite pour \u00e7a ! Nos conseiller Kidlee sont disponible et \u00e0 votre service.\" \/>\n<meta name=\"robots\" content=\"index, follow, max-snippet:-1, max-image-preview:large, max-video-preview:-1\" \/>\n<link rel=\"canonical\" href=\"https:\/\/kidlee.fr\/en\/contact\/\" \/>\n<meta property=\"og:locale\" content=\"en_US\" \/>\n<meta property=\"og:type\" content=\"article\" \/>\n<meta property=\"og:title\" content=\"Contact &#8211; Kidlee | Garde d&#039;enfants de plus de 3 ans en \u00cele-de-France\" \/>\n<meta property=\"og:description\" content=\"Une question ou une demande ? N&#039;h\u00e9sitez pas, la page contact est faite pour \u00e7a ! Nos conseiller Kidlee sont disponible et \u00e0 votre service.\" \/>\n<meta property=\"og:url\" content=\"https:\/\/kidlee.fr\/en\/contact\/\" \/>\n<meta property=\"og:site_name\" content=\"Kidlee | Garde d&#039;enfants de plus de 3 ans en \u00cele-de-France\" \/>\n<meta property=\"article:publisher\" content=\"https:\/\/www.facebook.com\/kidleeFR\" \/>\n<meta property=\"article:modified_time\" content=\"2025-08-17T19:12:27+00:00\" \/>\n<meta property=\"og:image\" content=\"https:\/\/kidlee.fr\/wp-content\/uploads\/2024\/08\/images-1.jpg\" \/>\n\t<meta property=\"og:image:width\" content=\"1200\" \/>\n\t<meta property=\"og:image:height\" content=\"675\" \/>\n\t<meta property=\"og:image:type\" content=\"image\/jpeg\" \/>\n<meta name=\"twitter:card\" content=\"summary_large_image\" \/>\n<meta name=\"twitter:site\" content=\"@Kidlee_fr\" \/>\n<meta name=\"twitter:label1\" content=\"Est. reading time\" \/>\n\t<meta name=\"twitter:data1\" content=\"1 minute\" \/>\n<script type=\"application\/ld+json\" class=\"yoast-schema-graph\">{\"@context\":\"https:\/\/schema.org\",\"@graph\":[{\"@type\":\"WebPage\",\"@id\":\"https:\/\/kidlee.fr\/contact\/\",\"url\":\"https:\/\/kidlee.fr\/contact\/\",\"name\":\"Contact &#8211; Kidlee | Garde d&#039;enfants de plus de 3 ans en \u00cele-de-France\",\"isPartOf\":{\"@id\":\"https:\/\/kidlee.fr\/#website\"},\"datePublished\":\"2020-06-12T07:38:57+00:00\",\"dateModified\":\"2025-08-17T19:12:27+00:00\",\"description\":\"Une question ou une demande ? N'h\u00e9sitez pas, la page contact est faite pour \u00e7a ! Nos conseiller Kidlee sont disponible et \u00e0 votre service.\",\"breadcrumb\":{\"@id\":\"https:\/\/kidlee.fr\/contact\/#breadcrumb\"},\"inLanguage\":\"en-US\",\"potentialAction\":[{\"@type\":\"ReadAction\",\"target\":[\"https:\/\/kidlee.fr\/contact\/\"]}]},{\"@type\":\"BreadcrumbList\",\"@id\":\"https:\/\/kidlee.fr\/contact\/#breadcrumb\",\"itemListElement\":[{\"@type\":\"ListItem\",\"position\":1,\"name\":\"Accueil\",\"item\":\"https:\/\/kidlee.fr\/\"},{\"@type\":\"ListItem\",\"position\":2,\"name\":\"Contact\"}]},{\"@type\":\"WebSite\",\"@id\":\"https:\/\/kidlee.fr\/#website\",\"url\":\"https:\/\/kidlee.fr\/\",\"name\":\"Kidlee | Garde d&#039;enfants de plus de 3 ans en \u00cele-de-France\",\"description\":\"Le baby-sitting intelligent qui fait progresser les enfants !\",\"publisher\":{\"@id\":\"https:\/\/kidlee.fr\/#organization\"},\"potentialAction\":[{\"@type\":\"SearchAction\",\"target\":{\"@type\":\"EntryPoint\",\"urlTemplate\":\"https:\/\/kidlee.fr\/?s={search_term_string}\"},\"query-input\":\"required name=search_term_string\"}],\"inLanguage\":\"en-US\"},{\"@type\":\"Organization\",\"@id\":\"https:\/\/kidlee.fr\/#organization\",\"name\":\"Kidlee, SAS.\",\"url\":\"https:\/\/kidlee.fr\/\",\"logo\":{\"@type\":\"ImageObject\",\"inLanguage\":\"en-US\",\"@id\":\"https:\/\/kidlee.fr\/#\/schema\/logo\/image\/\",\"url\":\"https:\/\/kidlee.fr\/wp-content\/uploads\/2020\/06\/Kidlee_logo_2020.svg\",\"contentUrl\":\"https:\/\/kidlee.fr\/wp-content\/uploads\/2020\/06\/Kidlee_logo_2020.svg\",\"width\":300,\"height\":79,\"caption\":\"Kidlee, SAS.\"},\"image\":{\"@id\":\"https:\/\/kidlee.fr\/#\/schema\/logo\/image\/\"},\"sameAs\":[\"https:\/\/www.facebook.com\/kidleeFR\",\"https:\/\/x.com\/Kidlee_fr\",\"https:\/\/www.instagram.com\/kidlee_fr\/\",\"https:\/\/www.linkedin.com\/company\/kidlee-fr\",\"https:\/\/www.youtube.com\/channel\/UCt4hFqrRHEHOMghdOLmyzjg\"]}]}<\/script>\n<!-- \/ Yoast SEO plugin. -->","yoast_head_json":{"title":"Contact &#8211; Kidlee | Garde d&#039;enfants de plus de 3 ans en \u00cele-de-France","description":"Une question ou une demande ? N'h\u00e9sitez pas, la page contact est faite pour \u00e7a ! Nos conseiller Kidlee sont disponible et \u00e0 votre service.","robots":{"index":"index","follow":"follow","max-snippet":"max-snippet:-1","max-image-preview":"max-image-preview:large","max-video-preview":"max-video-preview:-1"},"canonical":"https:\/\/kidlee.fr\/en\/contact\/","og_locale":"en_US","og_type":"article","og_title":"Contact &#8211; Kidlee | Garde d&#039;enfants de plus de 3 ans en \u00cele-de-France","og_description":"Une question ou une demande ? N'h\u00e9sitez pas, la page contact est faite pour \u00e7a ! Nos conseiller Kidlee sont disponible et \u00e0 votre service.","og_url":"https:\/\/kidlee.fr\/en\/contact\/","og_site_name":"Kidlee | Garde d&#039;enfants de plus de 3 ans en \u00cele-de-France","article_publisher":"https:\/\/www.facebook.com\/kidleeFR","article_modified_time":"2025-08-17T19:12:27+00:00","og_image":[{"width":1200,"height":675,"url":"https:\/\/kidlee.fr\/wp-content\/uploads\/2024\/08\/images-1.jpg","type":"image\/jpeg"}],"twitter_card":"summary_large_image","twitter_site":"@Kidlee_fr","twitter_misc":{"Est. reading time":"1 minute"},"schema":{"@context":"https:\/\/schema.org","@graph":[{"@type":"WebPage","@id":"https:\/\/kidlee.fr\/contact\/","url":"https:\/\/kidlee.fr\/contact\/","name":"Contact &#8211; Kidlee | Garde d&#039;enfants de plus de 3 ans en \u00cele-de-France","isPartOf":{"@id":"https:\/\/kidlee.fr\/#website"},"datePublished":"2020-06-12T07:38:57+00:00","dateModified":"2025-08-17T19:12:27+00:00","description":"Une question ou une demande ? N'h\u00e9sitez pas, la page contact est faite pour \u00e7a ! Nos conseiller Kidlee sont disponible et \u00e0 votre service.","breadcrumb":{"@id":"https:\/\/kidlee.fr\/contact\/#breadcrumb"},"inLanguage":"en-US","potentialAction":[{"@type":"ReadAction","target":["https:\/\/kidlee.fr\/contact\/"]}]},{"@type":"BreadcrumbList","@id":"https:\/\/kidlee.fr\/contact\/#breadcrumb","itemListElement":[{"@type":"ListItem","position":1,"name":"Accueil","item":"https:\/\/kidlee.fr\/"},{"@type":"ListItem","position":2,"name":"Contact"}]},{"@type":"WebSite","@id":"https:\/\/kidlee.fr\/#website","url":"https:\/\/kidlee.fr\/","name":"Kidlee | Garde d&#039;enfants de plus de 3 ans en \u00cele-de-France","description":"Le baby-sitting intelligent qui fait progresser les enfants !","publisher":{"@id":"https:\/\/kidlee.fr\/#organization"},"potentialAction":[{"@type":"SearchAction","target":{"@type":"EntryPoint","urlTemplate":"https:\/\/kidlee.fr\/?s={search_term_string}"},"query-input":"required name=search_term_string"}],"inLanguage":"en-US"},{"@type":"Organization","@id":"https:\/\/kidlee.fr\/#organization","name":"Kidlee, SAS.","url":"https:\/\/kidlee.fr\/","logo":{"@type":"ImageObject","inLanguage":"en-US","@id":"https:\/\/kidlee.fr\/#\/schema\/logo\/image\/","url":"https:\/\/kidlee.fr\/wp-content\/uploads\/2020\/06\/Kidlee_logo_2020.svg","contentUrl":"https:\/\/kidlee.fr\/wp-content\/uploads\/2020\/06\/Kidlee_logo_2020.svg","width":300,"height":79,"caption":"Kidlee, SAS."},"image":{"@id":"https:\/\/kidlee.fr\/#\/schema\/logo\/image\/"},"sameAs":["https:\/\/www.facebook.com\/kidleeFR","https:\/\/x.com\/Kidlee_fr","https:\/\/www.instagram.com\/kidlee_fr\/","https:\/\/www.linkedin.com\/company\/kidlee-fr","https:\/\/www.youtube.com\/channel\/UCt4hFqrRHEHOMghdOLmyzjg"]}]}},"_links":{"self":[{"href":"https:\/\/kidlee.fr\/en\/wp-json\/wp\/v2\/pages\/1814"}],"collection":[{"href":"https:\/\/kidlee.fr\/en\/wp-json\/wp\/v2\/pages"}],"about":[{"href":"https:\/\/kidlee.fr\/en\/wp-json\/wp\/v2\/types\/page"}],"author":[{"embeddable":true,"href":"https:\/\/kidlee.fr\/en\/wp-json\/wp\/v2\/users\/2"}],"replies":[{"embeddable":true,"href":"https:\/\/kidlee.fr\/en\/wp-json\/wp\/v2\/comments?post=1814"}],"version-history":[{"count":0,"href":"https:\/\/kidlee.fr\/en\/wp-json\/wp\/v2\/pages\/1814\/revisions"}],"wp:attachment":[{"href":"https:\/\/kidlee.fr\/en\/wp-json\/wp\/v2\/media?parent=1814"}],"curies":[{"name":"wp","href":"https:\/\/api.w.org\/{rel}","templated":true}]}}