{"id":1810,"date":"2020-06-12T08:30:52","date_gmt":"2020-06-12T07:30:52","guid":{"rendered":"https:\/\/staging.kidlee.fr\/?page_id=1810"},"modified":"2026-03-09T12:14:24","modified_gmt":"2026-03-09T11:14:24","slug":"a-propos","status":"publish","type":"page","link":"https:\/\/kidlee.fr\/en\/a-propos\/","title":{"rendered":"About us"},"content":{"rendered":"<div id=\"bsf_rt_marker\"><p>[et_pb_section fb_built=\"1\u2033 _builder_version=\"4.22.1\u2033 _module_preset=\"default \" da_disable_devices=\"off|off|off \" global_colors_info=\"{} \" da_is_popup=\"off \" da_exit_intent=\"off \" da_has_close=\"on \" da_alt_close=\"off \" da_dark_close=\"off \" da_not_modal=\"on \" da_is_singular=\"off \" da_with_loader=\"off \" da_has_shadow=\"on \"][et_pb_row _builder_version=\"4.22.1\u2033 _module_preset=\"default \" global_colors_info=\"{} \"][et_pb_column type=\"4_4\u2033 _builder_version=\"4.22.1\u2033 _module_preset=\"default \" global_colors_info=\"{} \"][et_pb_text _builder_version=\"4.23.4\u2033 _module_preset=\"default \" header_text_align=\"center \" header_2_text_align=\"center \" global_colors_info=\"{} \"]<\/p>\n<h1>Our history<\/h1>\n<p>[\/et_pb_text][\/et_pb_column][\/et_pb_row][et_pb_row column_structure=\"3_5,2_5\u2033 module_class=\"reverse \" _builder_version=\"4.23.4\u2033 _module_preset=\"default \" global_colors_info=\"{} \"][et_pb_column type=\"3_5\u2033 _builder_version=\"4.16\u2033 _module_preset=\"default \" global_colors_info=\"{} \"][et_pb_text _builder_version=\"4.23.4\u2033 _module_preset=\"default \" text_text_color=\"#37548D \" text_font_size=\"22px \" text_line_height=\"200% \" custom_padding=\"||0px||| \" text_font_sizetablet=\"24px \" text_font_size_phone= \"18px \" text_font_size_last_edited=\"on|phone \" text_line_height_tablet=\"200% \" text_line_height_phone=\"150% \" text_line_height_last_edited=\"on|phone \" global_colors_info=\"{}\"]<\/p>\n<p>I'm Ferial, a psychologist by training, with a passion for child development, and in collaboration with Nassim, our passionate and complementary duo, we've combined our skills to revolutionize childcare. As for Nassim, he's a lifelong advocate of education and creativity. Our friendship of over 10 years has enabled us to share a bold vision of childcare.<\/p>\n<p>[\/et_pb_text][\/et_pb_column][et_pb_column type=\"2_5\u2033 _builder_version=\"4.16\u2033 _module_preset=\"default \" global_colors_info=\"{} \"][et_pb_image src= \"https:\/\/kidlee.fr\/wp-content\/uploads\/2024\/01\/Ferial2.jpg \" alt=\"kidlee : Ferial &amp; Nassim \" title_text=\"Ferial2\u2033 _builder_version=\"4.23.4\u2033 _module_preset=\"default \" global_colors_info=\"{} \"][\/et_pb_image][\/et_pb_column][\/et_pb_row][et_pb_row column_structure=\"2_5,3_5\u2033 _builder_version=\"4.22.1\u2033 _module_preset=\"default \" global_colors_info=\"{} \"][et_pb_column type=\"2_5\u2033 _builder_version=\"4.16\u2033 _module_preset=\"default \" global_colors_info=\"{} \"][et_pb_image src= \"https:\/\/kidlee.fr\/wp-content\/uploads\/2021\/02\/kidlee-Ferial-Nassim-1024\u00d7859.jpeg \" alt= \"kidlee: Ferial &amp; Nassim \" title_text= \"kidlee: Ferial &amp; Nassim \" _builder_version=\"4.23.4\u2033 _module_preset=\"default \" border_radii=\"on|16px|16px|16px|16px \" global_colors_info=\"{}\"][\/et_pb_image][\/et_pb_column][et_pb_column type=\"3_5\u2033 _builder_version=\"4.16\u2033 _module_preset=\"default \" global_colors_info=\"{} \"][et_pb_text _builder_version=\"4.23.4\u2033 _module_preset=\"default \" text_text_color=\"#37548D \" text_font_size=\"22px \" text_line_height=\"200% \" custom_padding=\"||0px||| \" text_font_sizetablet=\"24px \" text_font_size_phone= \"18px \" text_font_size_last_edited=\"on|phone \" text_line_height_tablet=\"200% \" text_line_height_phone=\"150% \" text_line_height_last_edited=\"on|phone \" global_colors_info=\"{}\"]<\/p>\n<p>From this vision was born Kidlee, our startup that distinguishes itself by combining education, culture and entertainment to offer parents concerned about their children's development exceptional childcare services. Every year, we accompany 3,000 children, offering them a unique opportunity to grow, learn and flourish.<\/p>\n<p>[\/et_pb_text][\/et_pb_column][\/et_pb_row][et_pb_row column_structure=\"2_5,3_5\u2033 _builder_version=\"4.22.1\u2033 _module_preset=\"default \" global_colors_info=\"{} \"][et_pb_column type=\"2_5\u2033 _builder_version=\"4.16\u2033 _module_preset=\"default \" global_colors_info=\"{} \"][et_pb_image src= \"https:\/\/kidlee.fr\/wp-content\/uploads\/2024\/01\/Notre-histoire2.jpg \" alt= \"kidlee : Ferial &amp; Nassim \" title_text=\"Notre histoire2\u2033 align=\"center \" _builder_version=\"4.23.4\u2033 _module_preset=\"default \" global_colors_info=\"{} \"][\/et_pb_image][\/et_pb_column][et_pb_column type=\"3_5\u2033 _builder_version=\"4.16\u2033 _module_preset=\"default \" global_colors_info=\"{} \"][et_pb_text _builder_version=\"4.23.4\u2033 _module_preset=\"default \" text_text_color=\"#37548D \" text_font_size=\"22px \" text_line_height=\"200% \" custom_padding=\"||0px||| \" text_font_sizetablet=\"24px \" text_font_size_phone= \"18px \" text_font_size_last_edited=\"on|phone \" text_line_height_tablet=\"200% \" text_line_height_phone=\"150% \" text_line_height_last_edited=\"on|phone \" global_colors_info=\"{}\"]<\/p>\n<p>Kidlee is the essential choice for committed parents who see their children flourish while balancing a busy professional life. We're committed to continued growth and constant innovation to meet the changing needs of families who place their children's development at the heart of their concerns. Join us at Kidlee, where education meets fun, and where our qualified babysitters are dedicated to helping your children thrive.<\/p>\n<p>[\/et_pb_text][et_pb_button button_url=\u00a0\u00bbhttps:\/\/kidlee.fr\/inscription-famille-ou-babysitter\/\u00a0\u00bb button_text=\u00a0\u00bbRejoindre Kidlee\u00a0\u00bb button_alignment=\u00a0\u00bbleft\u00a0\u00bb _builder_version=\u00a0\u00bb4.23.4&Prime; _module_preset=\u00a0\u00bb244c71b8-1bfe-4e4c-8ea1-94d5d84aaa5b\u00a0\u00bb global_colors_info=\u00a0\u00bb{}\u00a0\u00bb][\/et_pb_button][\/et_pb_column][\/et_pb_row][\/et_pb_section][et_pb_section fb_built=\u00a0\u00bb1&Prime; _builder_version=\u00a0\u00bb4.23.4&Prime; _module_preset=\u00a0\u00bbdefault\u00a0\u00bb da_disable_devices=\u00a0\u00bboff|off|off\u00a0\u00bb global_colors_info=\u00a0\u00bb{}\u00a0\u00bb da_is_popup=\u00a0\u00bboff\u00a0\u00bb da_exit_intent=\u00a0\u00bboff\u00a0\u00bb da_has_close=\u00a0\u00bbon\u00a0\u00bb da_alt_close=\u00a0\u00bboff\u00a0\u00bb da_dark_close=\u00a0\u00bboff\u00a0\u00bb da_not_modal=\u00a0\u00bbon\u00a0\u00bb da_is_singular=\u00a0\u00bboff\u00a0\u00bb da_with_loader=\u00a0\u00bboff\u00a0\u00bb da_has_shadow=\u00a0\u00bbon\u00a0\u00bb][et_pb_row column_structure=\u00a0\u00bb1_3,1_3,1_3&Prime; use_custom_gutter=\u00a0\u00bbon\u00a0\u00bb gutter_width=\u00a0\u00bb2&Prime; _builder_version=\u00a0\u00bb4.23.4&Prime; _module_preset=\u00a0\u00bbdefault\u00a0\u00bb locked=\u00a0\u00bboff\u00a0\u00bb global_colors_info=\u00a0\u00bb{}\u00a0\u00bb][et_pb_column type=\u00a0\u00bb1_3&Prime; _builder_version=\u00a0\u00bb4.23.4&Prime; _module_preset=\u00a0\u00bbdefault\u00a0\u00bb global_colors_info=\u00a0\u00bb{}\u00a0\u00bb][et_pb_blurb title=\u00a0\u00bb Plus de 3000 enfants accompagn\u00e9s depuis le lancement.\u00a0\u00bb image=\u00a0\u00bbhttps:\/\/kidlee.fr\/wp-content\/uploads\/2024\/01\/Simplification4.svg\u00a0\u00bb _builder_version=\u00a0\u00bb4.23.4&Prime; _module_preset=\u00a0\u00bbdefault\u00a0\u00bb text_orientation=\u00a0\u00bbcenter\u00a0\u00bb min_height=\u00a0\u00bb210px\u00a0\u00bb custom_padding=\u00a0\u00bb35px||35px||true|true\u00a0\u00bb border_radii=\u00a0\u00bbon|16px|16px|16px|16px\u00a0\u00bb box_shadow_style=\u00a0\u00bbpreset2&Prime; global_colors_info=\u00a0\u00bb{}\u00a0\u00bb transform_styles__hover_enabled=\u00a0\u00bbon|hover\u00a0\u00bb transform_scale__hover_enabled=\u00a0\u00bbon|hover\u00a0\u00bb transform_translate__hover_enabled=\u00a0\u00bbon|desktop\u00a0\u00bb transform_rotate__hover_enabled=\u00a0\u00bbon|desktop\u00a0\u00bb transform_skew__hover_enabled=\u00a0\u00bbon|desktop\u00a0\u00bb transform_origin__hover_enabled=\u00a0\u00bbon|desktop\u00a0\u00bb transform_scale__hover=\u00a0\u00bb105%|105%\u00a0\u00bb][\/et_pb_blurb][\/et_pb_column][et_pb_column type=\u00a0\u00bb1_3&Prime; _builder_version=\u00a0\u00bb4.23.4&Prime; _module_preset=\u00a0\u00bbdefault\u00a0\u00bb global_colors_info=\u00a0\u00bb{}\u00a0\u00bb][et_pb_blurb title=\u00a0\u00bb une communaut\u00e9 de plus de 4000 babysitters certifi\u00e9s.\u00a0\u00bb image=\u00a0\u00bbhttps:\/\/kidlee.fr\/wp-content\/uploads\/2024\/01\/certifies.svg\u00a0\u00bb _builder_version=\u00a0\u00bb4.23.4&Prime; _module_preset=\u00a0\u00bbdefault\u00a0\u00bb text_orientation=\u00a0\u00bbcenter\u00a0\u00bb min_height=\u00a0\u00bb210px\u00a0\u00bb custom_padding=\u00a0\u00bb35px||35px||true|true\u00a0\u00bb border_radii=\u00a0\u00bbon|16px|16px|16px|16px\u00a0\u00bb box_shadow_style=\u00a0\u00bbpreset2&Prime; global_colors_info=\u00a0\u00bb{}\u00a0\u00bb transform_styles__hover_enabled=\u00a0\u00bbon|hover\u00a0\u00bb transform_scale__hover_enabled=\u00a0\u00bbon|hover\u00a0\u00bb transform_translate__hover_enabled=\u00a0\u00bbon|desktop\u00a0\u00bb transform_rotate__hover_enabled=\u00a0\u00bbon|desktop\u00a0\u00bb transform_skew__hover_enabled=\u00a0\u00bbon|desktop\u00a0\u00bb transform_origin__hover_enabled=\u00a0\u00bbon|desktop\u00a0\u00bb transform_scale__hover=\u00a0\u00bb105%|105%\u00a0\u00bb][\/et_pb_blurb][\/et_pb_column][et_pb_column type=\u00a0\u00bb1_3&Prime; _builder_version=\u00a0\u00bb4.23.4&Prime; _module_preset=\u00a0\u00bbdefault\u00a0\u00bb global_colors_info=\u00a0\u00bb{}\u00a0\u00bb][et_pb_blurb title=\u00a0\u00bbUne satisfaction familles de 98%.\u00a0\u00bb image=\u00a0\u00bbhttps:\/\/kidlee.fr\/wp-content\/uploads\/2024\/01\/Simplificatio5.svg\u00a0\u00bb _builder_version=\u00a0\u00bb4.23.4&Prime; _module_preset=\u00a0\u00bbdefault\u00a0\u00bb text_orientation=\u00a0\u00bbcenter\u00a0\u00bb min_height=\u00a0\u00bb210px\u00a0\u00bb custom_padding=\u00a0\u00bb35px||35px||true|true\u00a0\u00bb border_radii=\u00a0\u00bbon|16px|16px|16px|16px\u00a0\u00bb box_shadow_style=\u00a0\u00bbpreset2&Prime; global_colors_info=\u00a0\u00bb{}\u00a0\u00bb transform_styles__hover_enabled=\u00a0\u00bbon|hover\u00a0\u00bb transform_scale__hover_enabled=\u00a0\u00bbon|hover\u00a0\u00bb transform_translate__hover_enabled=\u00a0\u00bbon|desktop\u00a0\u00bb transform_rotate__hover_enabled=\u00a0\u00bbon|desktop\u00a0\u00bb transform_skew__hover_enabled=\u00a0\u00bbon|desktop\u00a0\u00bb transform_origin__hover_enabled=\u00a0\u00bbon|desktop\u00a0\u00bb transform_scale__hover=\u00a0\u00bb105%|105%\u00a0\u00bb][\/et_pb_blurb][\/et_pb_column][\/et_pb_row][\/et_pb_section]<\/p>\n<\/div>","protected":false},"excerpt":{"rendered":"<p>Our storyI'm Ferial, a psychologist by training, with a passion for child development, and in collaboration with Nassim, our passionate and complementary duo, we've combined our skills to revolutionize childcare. As for Nassim, he's a lifelong advocate of education and creativity. Our friendship of more than 10 years [...]<\/p>","protected":false},"author":2,"featured_media":0,"parent":0,"menu_order":999,"comment_status":"closed","ping_status":"closed","template":"","meta":{"_et_pb_use_builder":"on","_et_pb_old_content":"","_et_gb_content_width":"","_lmt_disableupdate":"","_lmt_disable":"","footnotes":""},"yoast_head":"<!-- This site is optimized with the Yoast SEO plugin v23.3 - https:\/\/yoast.com\/wordpress\/plugins\/seo\/ -->\n<title>\u00c0 propos &#8211; Kidlee | Garde d&#039;enfants de plus de 3 ans en \u00cele-de-France<\/title>\n<meta name=\"description\" content=\"Notre mission principale chez Kidlee est de rendre le babysitting ludique ! D\u00e9couvrez notre histoires et les valeurs qui sont importantes \u00e0 nos yeux.\" \/>\n<meta name=\"robots\" content=\"index, follow, max-snippet:-1, max-image-preview:large, max-video-preview:-1\" \/>\n<link rel=\"canonical\" href=\"https:\/\/kidlee.fr\/en\/a-propos\/\" \/>\n<meta property=\"og:locale\" content=\"en_US\" \/>\n<meta property=\"og:type\" content=\"article\" \/>\n<meta property=\"og:title\" content=\"\u00c0 propos &#8211; Kidlee | Garde d&#039;enfants de plus de 3 ans en \u00cele-de-France\" \/>\n<meta property=\"og:description\" content=\"Notre mission principale chez Kidlee est de rendre le babysitting ludique ! D\u00e9couvrez notre histoires et les valeurs qui sont importantes \u00e0 nos yeux.\" \/>\n<meta property=\"og:url\" content=\"https:\/\/kidlee.fr\/en\/a-propos\/\" \/>\n<meta property=\"og:site_name\" content=\"Kidlee | Garde d&#039;enfants de plus de 3 ans en \u00cele-de-France\" \/>\n<meta property=\"article:publisher\" content=\"https:\/\/www.facebook.com\/kidleeFR\" \/>\n<meta property=\"article:modified_time\" content=\"2026-03-09T11:14:24+00:00\" \/>\n<meta property=\"og:image\" content=\"https:\/\/kidlee.fr\/wp-content\/uploads\/2024\/08\/images-1.jpg\" \/>\n\t<meta property=\"og:image:width\" content=\"1200\" \/>\n\t<meta property=\"og:image:height\" content=\"675\" \/>\n\t<meta property=\"og:image:type\" content=\"image\/jpeg\" \/>\n<meta name=\"twitter:card\" content=\"summary_large_image\" \/>\n<meta name=\"twitter:site\" content=\"@Kidlee_fr\" \/>\n<meta name=\"twitter:label1\" content=\"Est. reading time\" \/>\n\t<meta name=\"twitter:data1\" content=\"4 minutes\" \/>\n<script type=\"application\/ld+json\" class=\"yoast-schema-graph\">{\"@context\":\"https:\/\/schema.org\",\"@graph\":[{\"@type\":[\"WebPage\",\"AboutPage\"],\"@id\":\"https:\/\/kidlee.fr\/a-propos\/\",\"url\":\"https:\/\/kidlee.fr\/a-propos\/\",\"name\":\"\u00c0 propos &#8211; Kidlee | Garde d&#039;enfants de plus de 3 ans en \u00cele-de-France\",\"isPartOf\":{\"@id\":\"https:\/\/kidlee.fr\/#website\"},\"datePublished\":\"2020-06-12T07:30:52+00:00\",\"dateModified\":\"2026-03-09T11:14:24+00:00\",\"description\":\"Notre mission principale chez Kidlee est de rendre le babysitting ludique ! D\u00e9couvrez notre histoires et les valeurs qui sont importantes \u00e0 nos yeux.\",\"breadcrumb\":{\"@id\":\"https:\/\/kidlee.fr\/a-propos\/#breadcrumb\"},\"inLanguage\":\"en-US\",\"potentialAction\":[{\"@type\":\"ReadAction\",\"target\":[\"https:\/\/kidlee.fr\/a-propos\/\"]}]},{\"@type\":\"BreadcrumbList\",\"@id\":\"https:\/\/kidlee.fr\/a-propos\/#breadcrumb\",\"itemListElement\":[{\"@type\":\"ListItem\",\"position\":1,\"name\":\"Accueil\",\"item\":\"https:\/\/kidlee.fr\/\"},{\"@type\":\"ListItem\",\"position\":2,\"name\":\"\u00c0 propos\"}]},{\"@type\":\"WebSite\",\"@id\":\"https:\/\/kidlee.fr\/#website\",\"url\":\"https:\/\/kidlee.fr\/\",\"name\":\"Kidlee | Garde d&#039;enfants de plus de 3 ans en \u00cele-de-France\",\"description\":\"Le baby-sitting intelligent qui fait progresser les enfants !\",\"publisher\":{\"@id\":\"https:\/\/kidlee.fr\/#organization\"},\"potentialAction\":[{\"@type\":\"SearchAction\",\"target\":{\"@type\":\"EntryPoint\",\"urlTemplate\":\"https:\/\/kidlee.fr\/?s={search_term_string}\"},\"query-input\":\"required name=search_term_string\"}],\"inLanguage\":\"en-US\"},{\"@type\":\"Organization\",\"@id\":\"https:\/\/kidlee.fr\/#organization\",\"name\":\"Kidlee, SAS.\",\"url\":\"https:\/\/kidlee.fr\/\",\"logo\":{\"@type\":\"ImageObject\",\"inLanguage\":\"en-US\",\"@id\":\"https:\/\/kidlee.fr\/#\/schema\/logo\/image\/\",\"url\":\"https:\/\/kidlee.fr\/wp-content\/uploads\/2020\/06\/Kidlee_logo_2020.svg\",\"contentUrl\":\"https:\/\/kidlee.fr\/wp-content\/uploads\/2020\/06\/Kidlee_logo_2020.svg\",\"width\":300,\"height\":79,\"caption\":\"Kidlee, SAS.\"},\"image\":{\"@id\":\"https:\/\/kidlee.fr\/#\/schema\/logo\/image\/\"},\"sameAs\":[\"https:\/\/www.facebook.com\/kidleeFR\",\"https:\/\/x.com\/Kidlee_fr\",\"https:\/\/www.instagram.com\/kidlee_fr\/\",\"https:\/\/www.linkedin.com\/company\/kidlee-fr\",\"https:\/\/www.youtube.com\/channel\/UCt4hFqrRHEHOMghdOLmyzjg\"]}]}<\/script>\n<!-- \/ Yoast SEO plugin. -->","yoast_head_json":{"title":"\u00c0 propos &#8211; Kidlee | Garde d&#039;enfants de plus de 3 ans en \u00cele-de-France","description":"Notre mission principale chez Kidlee est de rendre le babysitting ludique ! D\u00e9couvrez notre histoires et les valeurs qui sont importantes \u00e0 nos yeux.","robots":{"index":"index","follow":"follow","max-snippet":"max-snippet:-1","max-image-preview":"max-image-preview:large","max-video-preview":"max-video-preview:-1"},"canonical":"https:\/\/kidlee.fr\/en\/a-propos\/","og_locale":"en_US","og_type":"article","og_title":"\u00c0 propos &#8211; Kidlee | Garde d&#039;enfants de plus de 3 ans en \u00cele-de-France","og_description":"Notre mission principale chez Kidlee est de rendre le babysitting ludique ! D\u00e9couvrez notre histoires et les valeurs qui sont importantes \u00e0 nos yeux.","og_url":"https:\/\/kidlee.fr\/en\/a-propos\/","og_site_name":"Kidlee | Garde d&#039;enfants de plus de 3 ans en \u00cele-de-France","article_publisher":"https:\/\/www.facebook.com\/kidleeFR","article_modified_time":"2026-03-09T11:14:24+00:00","og_image":[{"width":1200,"height":675,"url":"https:\/\/kidlee.fr\/wp-content\/uploads\/2024\/08\/images-1.jpg","type":"image\/jpeg"}],"twitter_card":"summary_large_image","twitter_site":"@Kidlee_fr","twitter_misc":{"Est. reading time":"4 minutes"},"schema":{"@context":"https:\/\/schema.org","@graph":[{"@type":["WebPage","AboutPage"],"@id":"https:\/\/kidlee.fr\/a-propos\/","url":"https:\/\/kidlee.fr\/a-propos\/","name":"\u00c0 propos &#8211; Kidlee | Garde d&#039;enfants de plus de 3 ans en \u00cele-de-France","isPartOf":{"@id":"https:\/\/kidlee.fr\/#website"},"datePublished":"2020-06-12T07:30:52+00:00","dateModified":"2026-03-09T11:14:24+00:00","description":"Notre mission principale chez Kidlee est de rendre le babysitting ludique ! D\u00e9couvrez notre histoires et les valeurs qui sont importantes \u00e0 nos yeux.","breadcrumb":{"@id":"https:\/\/kidlee.fr\/a-propos\/#breadcrumb"},"inLanguage":"en-US","potentialAction":[{"@type":"ReadAction","target":["https:\/\/kidlee.fr\/a-propos\/"]}]},{"@type":"BreadcrumbList","@id":"https:\/\/kidlee.fr\/a-propos\/#breadcrumb","itemListElement":[{"@type":"ListItem","position":1,"name":"Accueil","item":"https:\/\/kidlee.fr\/"},{"@type":"ListItem","position":2,"name":"\u00c0 propos"}]},{"@type":"WebSite","@id":"https:\/\/kidlee.fr\/#website","url":"https:\/\/kidlee.fr\/","name":"Kidlee | Garde d&#039;enfants de plus de 3 ans en \u00cele-de-France","description":"Le baby-sitting intelligent qui fait progresser les enfants !","publisher":{"@id":"https:\/\/kidlee.fr\/#organization"},"potentialAction":[{"@type":"SearchAction","target":{"@type":"EntryPoint","urlTemplate":"https:\/\/kidlee.fr\/?s={search_term_string}"},"query-input":"required name=search_term_string"}],"inLanguage":"en-US"},{"@type":"Organization","@id":"https:\/\/kidlee.fr\/#organization","name":"Kidlee, SAS.","url":"https:\/\/kidlee.fr\/","logo":{"@type":"ImageObject","inLanguage":"en-US","@id":"https:\/\/kidlee.fr\/#\/schema\/logo\/image\/","url":"https:\/\/kidlee.fr\/wp-content\/uploads\/2020\/06\/Kidlee_logo_2020.svg","contentUrl":"https:\/\/kidlee.fr\/wp-content\/uploads\/2020\/06\/Kidlee_logo_2020.svg","width":300,"height":79,"caption":"Kidlee, SAS."},"image":{"@id":"https:\/\/kidlee.fr\/#\/schema\/logo\/image\/"},"sameAs":["https:\/\/www.facebook.com\/kidleeFR","https:\/\/x.com\/Kidlee_fr","https:\/\/www.instagram.com\/kidlee_fr\/","https:\/\/www.linkedin.com\/company\/kidlee-fr","https:\/\/www.youtube.com\/channel\/UCt4hFqrRHEHOMghdOLmyzjg"]}]}},"_links":{"self":[{"href":"https:\/\/kidlee.fr\/en\/wp-json\/wp\/v2\/pages\/1810"}],"collection":[{"href":"https:\/\/kidlee.fr\/en\/wp-json\/wp\/v2\/pages"}],"about":[{"href":"https:\/\/kidlee.fr\/en\/wp-json\/wp\/v2\/types\/page"}],"author":[{"embeddable":true,"href":"https:\/\/kidlee.fr\/en\/wp-json\/wp\/v2\/users\/2"}],"replies":[{"embeddable":true,"href":"https:\/\/kidlee.fr\/en\/wp-json\/wp\/v2\/comments?post=1810"}],"version-history":[{"count":0,"href":"https:\/\/kidlee.fr\/en\/wp-json\/wp\/v2\/pages\/1810\/revisions"}],"wp:attachment":[{"href":"https:\/\/kidlee.fr\/en\/wp-json\/wp\/v2\/media?parent=1810"}],"curies":[{"name":"wp","href":"https:\/\/api.w.org\/{rel}","templated":true}]}}