{"id":10966,"date":"2021-04-30T14:19:25","date_gmt":"2021-04-30T13:19:25","guid":{"rendered":"https:\/\/kidlee.fr\/?page_id=10966"},"modified":"2024-05-15T15:20:02","modified_gmt":"2024-05-15T13:20:02","slug":"recrutements","status":"publish","type":"page","link":"https:\/\/kidlee.fr\/en\/recrutements\/","title":{"rendered":"Recruitments"},"content":{"rendered":"<div id=\"bsf_rt_marker\">\n[et_pb_section fb_built=\"1\u2033 _builder_version=\"4.17.3\u2033 _module_preset=\"default \" use_background_color_gradient=\"on \" background_color_gradient_stops=\"rgba(55,84,141,0.73) 46%|rgba(231,240,254,0.36) 100% \" background_color_gradient_overlays_image=\"on \" background_color_gradient_start=\"rgba(55,84,141,0.73) \" background_color_gradient_end=\"rgba(231,240,254,0.36) \" background_image=\"https:\/\/kidlee.fr\/wp-content\/uploads\/2022\/04\/IMG_3458-e1650611809340.jpg \" custom_padding=\"135px||||| \" bottom_divider_flip=\"horizontal \" background_last_edited=\"on|phone \" background_size_phone=\"cover \" background_position_phone=\"center_left \" da_disable_devices=\"off|off \" locked=\"off \" global_colors_info= \"{}\" da_is_popup=\"off\" da_exit_intent=\"off\" da_has_close=\"on\" da_alt_close=\"off\" da_dark_close=\"off\" da_not_modal=\"on\" da_is_singular=\"off\" da_with_loader=\"off\" da_has_shadow=\"on\"][et_pb_row _builder_version=\"4.16\u2033 _module_preset=\"default \" custom_padding=\"||80px||\" global_colors_info=\"{} \"][et_pb_column type=\"4_4\u2033 _builder_version=\"4.16\u2033 _module_preset=\"default \" global_colors_info=\"{} \"][et_pb_text _builder_version=\"4.17.3\u2033 _module_preset=\"default \" text_color=\"#FFFFFF \" header_text_color=\"#FFFFFF \" header_font_size=\"45px \" custom_margin=\"-84px||||| \" header_font_size_tablet=\"45px \" header_font_size_phone=\"38px \" header_font_size_last_edited=\"on|phone \" global_colors_info=\"{} \"]<h1 style=\"text-align: center;\">Would you like to join us?<\/h1>[\/et_pb_text][\/et_pb_column][\/et_pb_row][\/et_pb_section][et_pb_section fb_built=\"1\u2033 _builder_version=\"4.17.3\u2033 _module_preset=\"default \" custom_padding=\"||||true|false \" da_disable_devices=\"off|off|off \" global_colors_info=\"{} \" da_is_popup=\"off \" da_exit_intent=\"off \" da_has_close=\"on \" da_alt_close=\"off \" da_dark_close=\"off \" da_not_modal=\"on \" da_is_singular=\"off \" da_with_loader=\"off \" da_has_shadow=\"on \"][et_pb_row _builder_version=\"4.16\u2033 _module_preset=\"default \" global_colors_info=\"{} \"][et_pb_column type=\"4_4\u2033 module_class=\".pa-inline-buttons\" _builder_version=\"4.16\u2033 _module_preset=\"default \" global_colors_info=\"{} \"][et_pb_text _builder_version=\"4.16\u2033 _module_preset=\"default \" text_text_color=\"#37548D \" global_colors_info=\"{} \"]<h2 style=\"text-align: center;\">We look forward to meeting you!<\/h2>[\/et_pb_text][et_pb_text _builder_version=\"4.16\u2033 _module_preset=\"default \" text_text_color=\"#37548D\" global_colors_info=\"{}\"]<p style=\"text-align: center;\">We are always looking for new talent to expand the Kidlee team. The ideal profile? A motivated and autonomous person, who wishes to put his or her talents at the service of playful childcare.<\/p>\n<p style=\"text-align: center;\">[\/et_pb_text][et_pb_social_media_follow use_icon_font_size=\"on \" _builder_version=\"4.17.3\u2033 _module_preset=\"default \" text_orientation=\"center \" custom_margin=\"||7px||false|false \" custom_padding=\"||||false|false \" global_colors_info=\"{}\"][et_pb_social_media_follow_network social_network=\"linkedin \" url=\"https:\/\/www.linkedin.com\/company\/kidlee-fr\/?originalSubdomain=en \" icon_color=\"#FFFFFF \" _builder_version=\"4.17.3\u2033 _module_preset=\"default \" background_color=\"#007bb6\u2033 global_colors_info=\"{}\" follow_button=\"off \" url_new_window=\"on\"]linkedin[\/et_pb_social_media_follow_network][\/et_pb_social_media_follow][et_pb_text _builder_version=\"4.17.3\u2033 _module_preset=\"default \" text_text_color=\"#37548D \" global_colors_info=\"{}\"]<p style=\"text-align: center;\"><span style=\"text-decoration: underline;\"><a href=\"https:\/\/www.linkedin.com\/company\/kidlee-fr\/?originalSubdomain=fr\" target=\"_blank\" rel=\"noopener\" title=\"linkedin\" style=\"color: #37548d; font-weight: bold;\">Find us also on LinkedIn<\/a><\/span><\/p>[\/et_pb_text][\/et_pb_column][\/et_pb_row][et_pb_row _builder_version=\"4.17.3\u2033 _module_preset=\"default \" global_colors_info=\"{} \"][et_pb_column type=\"4_4\u2033 _builder_version=\"4.17.3\u2033 _module_preset=\"default \" global_colors_info=\"{} \"][et_pb_text _builder_version=\"4.17.3\u2033 _module_preset=\"default \" text_text_color=\"#37548D\" global_colors_info=\"{} \"]<h2 style=\"text-align: center;\">Discover our current offers!<\/h2>[\/et_pb_text][\/et_pb_column][\/et_pb_row][et_pb_row column_structure=\"1_4,1_4,1_4,1_4\u2033 _builder_version=\"4.17.3\u2033 _module_preset=\"default \" global_colors_info=\"{} \"][et_pb_column type=\"1_4\u2033 _builder_version=\"4.17.3\u2033 _module_preset=\"default \" global_colors_info=\"{} \"][et_pb_blurb title= \"Business developer (stage) \" use_icon=\"on \" font_icon=\"||fa||900\u2033 icon_color=\"#FC8AA9\u2033 _builder_version=\"4.17.3\u2033 _dynamic_attributes=\"link_option_url \" _module_preset=\"default \" text_orientation=\"center \" link_option_url=\"@ET-DC@eyJkeW5hbWljIjp0cnVlLCJjb250ZW50IjoicG9zdF9saW5rX3VybF9wYWdlIiwic2V0dGluZ3MiOnsicG9zdF9pZCI6IjI0MTEyMiJ9fQ==@ \" hover_enabled= \"0\u2033 global_colors_info=\"{} \" transform_styles__hover_enabled=\"on|hover \" transform_scale__hover_enabled=\"on|hover \" transform_translate__hover_enabled=\"on|desktop \" transform_rotate__hover_enabled=\"on|desktop \" transform_skew__hover_enabled=\"on|desktop \" transform_origin__hover_enabled=\"on|desktop \" transform_scale__hover=\"110%|110% \" sticky_enabled=\"0\u2033]<p><span style=\"font-weight: 400;\">accompanying a part of our community in its happiness<\/span><\/p>[\/et_pb_blurb][\/et_pb_column][et_pb_column type=\"1_4\u2033 _builder_version=\"4.17.3\u2033 _module_preset=\"default \" global_colors_info=\"{} \"][et_pb_blurb title=\"Educational Manager (CDI)\" use_icon=\"on\" font_icon=\"||fa||900\u2033 icon_color=\"#58B998\u2033 _builder_version=\"4.17.3\u2033 _dynamic_attributes=\"link_option_url \" _module_preset=\"default \" text_orientation=\"center \" link_option_url=\"@ET-DC@eyJkeW5hbWljIjp0cnVlLCJjb250ZW50IjoicG9zdF9saW5rX3VybF9wYWdlIiwic2V0dGluZ3MiOnsicG9zdF9pZCI6IjI0MTA1MSJ9fQ==@ \" hover_enabled= \"0\u2033 global_colors_info=\"{} \" transform_styles__hover_enabled=\"on|hover \" transform_scale__hover_enabled=\"on|hover \" transform_translate__hover_enabled=\"on|desktop \" transform_rotate__hover_enabled=\"on|desktop \" transform_skew__hover_enabled=\"on|desktop \" transform_origin__hover_enabled=\"on|desktop \" transform_scale__hover=\"110%|110% \" sticky_enabled=\"0\u2033]<p><span style=\"font-weight: 400;\">Orchestrate training plans for our community of sitters<\/span><\/p>[\/et_pb_blurb][\/et_pb_column][et_pb_column type=\"1_4\u2033 _builder_version=\"4.17.3\u2033 _module_preset=\"default \" global_colors_info=\"{} \"][et_pb_blurb title= \"Community manager (internship\/ternship) \" use_icon=\"on \" font_icon=\"||fa||900\u2033 icon_color=\"#F2AA3C \" _builder_version=\"4.17.3\u2033 _dynamic_attributes=\"link_option_url \" _module_preset=\"default \" text_orientation=\"center \" link_option_url=\"@ET-DC@eyJkeW5hbWljIjp0cnVlLCJjb250ZW50IjoicG9zdF9saW5rX3VybF9wYWdlIiwic2V0dGluZ3MiOnsicG9zdF9pZCI6IjI0MTA0NCJ9fQ==@ \" hover_enabled= \"0\u2033 global_colors_info=\"{} \" transform_styles__hover_enabled=\"on|hover \" transform_scale__hover_enabled=\"on|hover \" transform_translate__hover_enabled=\"on|desktop \" transform_rotate__hover_enabled=\"on|desktop \" transform_skew__hover_enabled=\"on|desktop \" transform_origin__hover_enabled=\"on|desktop \" transform_scale__hover=\"110%|110% \" sticky_enabled=\"0\u2033]<p><span style=\"font-weight: 400;\">Reflect our concept in the coolest and most active way on the networks<\/span><\/p>[\/et_pb_blurb][\/et_pb_column][et_pb_column type=\"1_4\u2033 _builder_version=\"4.17.3\u2033 _module_preset=\"default \" global_colors_info=\"{} \"][et_pb_blurb title=\"com and events project manager (alternation)\" use_icon=\"on\" font_icon=\"||fa||900\u2033 icon_color=\"#58B998\u2033 _builder_version=\"4.17.3\u2033 _dynamic_attributes=\"link_option_url \" _module_preset=\"default \" text_orientation=\"center \" link_option_url=\"@ET-DC@eyJkeW5hbWljIjp0cnVlLCJjb250ZW50IjoicG9zdF9saW5rX3VybF9wYWdlIiwic2V0dGluZ3MiOnsicG9zdF9pZCI6IjI0MTA1MiJ9fQ==@ \" hover_enabled= \"0\u2033 global_colors_info=\"{} \" transform_styles__hover_enabled=\"on|hover \" transform_scale__hover_enabled=\"on|hover \" transform_translate__hover_enabled=\"on|desktop \" transform_rotate__hover_enabled=\"on|desktop \" transform_skew__hover_enabled=\"on|desktop \" transform_origin__hover_enabled=\"on|desktop \" transform_scale__hover=\"110%|110% \" sticky_enabled=\"0\u2033]<p><span style=\"font-weight: 400;\">big games in the parks, playful street marketing<\/span><\/p>[\/et_pb_blurb][\/et_pb_column][\/et_pb_row][\/et_pb_section][et_pb_section fb_built=\"1\u2033 _builder_version=\"4.16\u2033 _module_preset=\"default \" da_disable_devices=\"off|off|off \" global_colors_info=\"{} \" da_is_popup=\"off \" da_exit_intent=\"off \" da_has_close=\"on \" da_alt_close=\"off \" da_dark_close=\"off \" da_not_modal=\"on \" da_is_singular=\"off \" da_with_loader=\"off \" da_has_shadow=\"on \"][et_pb_row column_structure=\"1_2,1_2\u2033 _builder_version=\"4.16\u2033 _module_preset=\"default\" global_colors_info=\"{}\"][et_pb_column type=\"1_2\u2033 _builder_version=\"4.16\u2033 _module_preset=\"default \" global_colors_info=\"{} \"][et_pb_image src= \"https:\/\/kidlee.fr\/wp-content\/uploads\/2022\/04\/IMG_3487-e1650612350873.jpg\" title_text=\"IMG_3487\u2033 align=\"center\" _builder_version=\"4.16\u2033 _module_preset=\"default\" global_colors_info=\"{}\"][\/et_pb_image][\/et_pb_column][et_pb_column type=\"1_2\u2033 _builder_version=\"4.16\u2033 _module_preset=\"default \" global_colors_info=\"{} \"][et_pb_text _builder_version=\"4.16\u2033 _module_preset=\"default \" text_text_color=\"#37548D \" custom_margin=\"30px||||false|false \" global_colors_info=\"{} \"]<h2 style=\"text-align: center;\">Or make a spontaneous application!<\/h2>[\/et_pb_text][et_pb_text _builder_version=\"4.16\u2033 _module_preset=\"default \" text_text_color=\"#37548D\" global_colors_info=\"{}\"]<p style=\"text-align: center;\">None of our offers match your profile, but you still want to meet the Kidlee team? Go for it!<\/p>\n<p style=\"text-align: center;\">Send us your CV and a letter of motivation + a book of your creations if you consider it necessary. We look forward to discovering your world!<\/p>[\/et_pb_text][et_pb_button button_url=\"mailto:recrutement@kidlee.fr \" button_text=\"recrutement@kidlee.fr \" _builder_version=\"4.17.3\u2033 _module_preset=\"default \" button_text_color=\"#FFFFFF \" button_bg_color=\"#37548D \" button_border_radius=\"5px \" custom_padding=\"8px|32px|8px|32px|false|false\" global_colors_info=\"{}\"][\/et_pb_button][\/et_pb_column][\/et_pb_row][\/et_pb_section]\n<\/div>","protected":false},"excerpt":{"rendered":"<p>If you'd like to join us, we look forward to hearing from you! We're always on the lookout for new talent to join the Kidlee team. What's your ideal profile? A self-motivated, autonomous person who wants to put their talents to good use in the world of playful childcare. You can also find us on LinkedInDiscover our current vacancies!support [...]<\/p>","protected":false},"author":12,"featured_media":0,"parent":0,"menu_order":999,"comment_status":"closed","ping_status":"closed","template":"","meta":{"_et_pb_use_builder":"on","_et_pb_old_content":"","_et_gb_content_width":"","_lmt_disableupdate":"","_lmt_disable":"","footnotes":""},"yoast_head":"<!-- This site is optimized with the Yoast SEO plugin v23.3 - https:\/\/yoast.com\/wordpress\/plugins\/seo\/ -->\n<title>Recrutements &#8211; Kidlee | Garde d&#039;enfants de plus de 3 ans en \u00cele-de-France<\/title>\n<meta name=\"description\" content=\"Kidlee est le leader de la garde d&#039;enfant ludique et du babysitting p\u00e9riscolaire ! Nous mettons en relation des profils qualifi\u00e9s qui correspondent parfaitement \u00e0 la personnalit\u00e9 de l&#039;enfant. Nos babysitters sont form\u00e9s aux premiers secours et \u00e0 la p\u00e9dagogie Montessori.\" \/>\n<meta name=\"robots\" content=\"index, follow, max-snippet:-1, max-image-preview:large, max-video-preview:-1\" \/>\n<link rel=\"canonical\" href=\"https:\/\/kidlee.fr\/en\/recrutements\/\" \/>\n<meta property=\"og:locale\" content=\"en_US\" \/>\n<meta property=\"og:type\" content=\"article\" \/>\n<meta property=\"og:title\" content=\"Recrutements &#8211; Kidlee | Garde d&#039;enfants de plus de 3 ans en \u00cele-de-France\" \/>\n<meta property=\"og:description\" content=\"Kidlee est le leader de la garde d&#039;enfant ludique et du babysitting p\u00e9riscolaire ! Nous mettons en relation des profils qualifi\u00e9s qui correspondent parfaitement \u00e0 la personnalit\u00e9 de l&#039;enfant. Nos babysitters sont form\u00e9s aux premiers secours et \u00e0 la p\u00e9dagogie Montessori.\" \/>\n<meta property=\"og:url\" content=\"https:\/\/kidlee.fr\/en\/recrutements\/\" \/>\n<meta property=\"og:site_name\" content=\"Kidlee | Garde d&#039;enfants de plus de 3 ans en \u00cele-de-France\" \/>\n<meta property=\"article:publisher\" content=\"https:\/\/www.facebook.com\/kidleeFR\" \/>\n<meta property=\"article:modified_time\" content=\"2024-05-15T13:20:02+00:00\" \/>\n<meta property=\"og:image\" content=\"https:\/\/kidlee.fr\/wp-content\/uploads\/2024\/08\/images-1.jpg\" \/>\n\t<meta property=\"og:image:width\" content=\"1200\" \/>\n\t<meta property=\"og:image:height\" content=\"675\" \/>\n\t<meta property=\"og:image:type\" content=\"image\/jpeg\" \/>\n<meta name=\"twitter:card\" content=\"summary_large_image\" \/>\n<meta name=\"twitter:site\" content=\"@Kidlee_fr\" \/>\n<meta name=\"twitter:label1\" content=\"Est. reading time\" \/>\n\t<meta name=\"twitter:data1\" content=\"2 minutes\" \/>\n<script type=\"application\/ld+json\" class=\"yoast-schema-graph\">{\"@context\":\"https:\/\/schema.org\",\"@graph\":[{\"@type\":\"WebPage\",\"@id\":\"https:\/\/kidlee.fr\/recrutements\/\",\"url\":\"https:\/\/kidlee.fr\/recrutements\/\",\"name\":\"Recrutements &#8211; Kidlee | Garde d&#039;enfants de plus de 3 ans en \u00cele-de-France\",\"isPartOf\":{\"@id\":\"https:\/\/kidlee.fr\/#website\"},\"datePublished\":\"2021-04-30T13:19:25+00:00\",\"dateModified\":\"2024-05-15T13:20:02+00:00\",\"description\":\"Kidlee est le leader de la garde d'enfant ludique et du babysitting p\u00e9riscolaire ! Nous mettons en relation des profils qualifi\u00e9s qui correspondent parfaitement \u00e0 la personnalit\u00e9 de l'enfant. Nos babysitters sont form\u00e9s aux premiers secours et \u00e0 la p\u00e9dagogie Montessori.\",\"breadcrumb\":{\"@id\":\"https:\/\/kidlee.fr\/recrutements\/#breadcrumb\"},\"inLanguage\":\"en-US\",\"potentialAction\":[{\"@type\":\"ReadAction\",\"target\":[\"https:\/\/kidlee.fr\/recrutements\/\"]}]},{\"@type\":\"BreadcrumbList\",\"@id\":\"https:\/\/kidlee.fr\/recrutements\/#breadcrumb\",\"itemListElement\":[{\"@type\":\"ListItem\",\"position\":1,\"name\":\"Accueil\",\"item\":\"https:\/\/kidlee.fr\/\"},{\"@type\":\"ListItem\",\"position\":2,\"name\":\"Recrutements\"}]},{\"@type\":\"WebSite\",\"@id\":\"https:\/\/kidlee.fr\/#website\",\"url\":\"https:\/\/kidlee.fr\/\",\"name\":\"Kidlee | Garde d&#039;enfants de plus de 3 ans en \u00cele-de-France\",\"description\":\"Le baby-sitting intelligent qui fait progresser les enfants !\",\"publisher\":{\"@id\":\"https:\/\/kidlee.fr\/#organization\"},\"potentialAction\":[{\"@type\":\"SearchAction\",\"target\":{\"@type\":\"EntryPoint\",\"urlTemplate\":\"https:\/\/kidlee.fr\/?s={search_term_string}\"},\"query-input\":\"required name=search_term_string\"}],\"inLanguage\":\"en-US\"},{\"@type\":\"Organization\",\"@id\":\"https:\/\/kidlee.fr\/#organization\",\"name\":\"Kidlee, SAS.\",\"url\":\"https:\/\/kidlee.fr\/\",\"logo\":{\"@type\":\"ImageObject\",\"inLanguage\":\"en-US\",\"@id\":\"https:\/\/kidlee.fr\/#\/schema\/logo\/image\/\",\"url\":\"https:\/\/kidlee.fr\/wp-content\/uploads\/2020\/06\/Kidlee_logo_2020.svg\",\"contentUrl\":\"https:\/\/kidlee.fr\/wp-content\/uploads\/2020\/06\/Kidlee_logo_2020.svg\",\"width\":300,\"height\":79,\"caption\":\"Kidlee, SAS.\"},\"image\":{\"@id\":\"https:\/\/kidlee.fr\/#\/schema\/logo\/image\/\"},\"sameAs\":[\"https:\/\/www.facebook.com\/kidleeFR\",\"https:\/\/x.com\/Kidlee_fr\",\"https:\/\/www.instagram.com\/kidlee_fr\/\",\"https:\/\/www.linkedin.com\/company\/kidlee-fr\",\"https:\/\/www.youtube.com\/channel\/UCt4hFqrRHEHOMghdOLmyzjg\"]}]}<\/script>\n<!-- \/ Yoast SEO plugin. -->","yoast_head_json":{"title":"Recrutements &#8211; Kidlee | Garde d&#039;enfants de plus de 3 ans en \u00cele-de-France","description":"Kidlee est le leader de la garde d'enfant ludique et du babysitting p\u00e9riscolaire ! Nous mettons en relation des profils qualifi\u00e9s qui correspondent parfaitement \u00e0 la personnalit\u00e9 de l'enfant. Nos babysitters sont form\u00e9s aux premiers secours et \u00e0 la p\u00e9dagogie Montessori.","robots":{"index":"index","follow":"follow","max-snippet":"max-snippet:-1","max-image-preview":"max-image-preview:large","max-video-preview":"max-video-preview:-1"},"canonical":"https:\/\/kidlee.fr\/en\/recrutements\/","og_locale":"en_US","og_type":"article","og_title":"Recrutements &#8211; Kidlee | Garde d&#039;enfants de plus de 3 ans en \u00cele-de-France","og_description":"Kidlee est le leader de la garde d'enfant ludique et du babysitting p\u00e9riscolaire ! Nous mettons en relation des profils qualifi\u00e9s qui correspondent parfaitement \u00e0 la personnalit\u00e9 de l'enfant. Nos babysitters sont form\u00e9s aux premiers secours et \u00e0 la p\u00e9dagogie Montessori.","og_url":"https:\/\/kidlee.fr\/en\/recrutements\/","og_site_name":"Kidlee | Garde d&#039;enfants de plus de 3 ans en \u00cele-de-France","article_publisher":"https:\/\/www.facebook.com\/kidleeFR","article_modified_time":"2024-05-15T13:20:02+00:00","og_image":[{"width":1200,"height":675,"url":"https:\/\/kidlee.fr\/wp-content\/uploads\/2024\/08\/images-1.jpg","type":"image\/jpeg"}],"twitter_card":"summary_large_image","twitter_site":"@Kidlee_fr","twitter_misc":{"Est. reading time":"2 minutes"},"schema":{"@context":"https:\/\/schema.org","@graph":[{"@type":"WebPage","@id":"https:\/\/kidlee.fr\/recrutements\/","url":"https:\/\/kidlee.fr\/recrutements\/","name":"Recrutements &#8211; Kidlee | Garde d&#039;enfants de plus de 3 ans en \u00cele-de-France","isPartOf":{"@id":"https:\/\/kidlee.fr\/#website"},"datePublished":"2021-04-30T13:19:25+00:00","dateModified":"2024-05-15T13:20:02+00:00","description":"Kidlee est le leader de la garde d'enfant ludique et du babysitting p\u00e9riscolaire ! Nous mettons en relation des profils qualifi\u00e9s qui correspondent parfaitement \u00e0 la personnalit\u00e9 de l'enfant. Nos babysitters sont form\u00e9s aux premiers secours et \u00e0 la p\u00e9dagogie Montessori.","breadcrumb":{"@id":"https:\/\/kidlee.fr\/recrutements\/#breadcrumb"},"inLanguage":"en-US","potentialAction":[{"@type":"ReadAction","target":["https:\/\/kidlee.fr\/recrutements\/"]}]},{"@type":"BreadcrumbList","@id":"https:\/\/kidlee.fr\/recrutements\/#breadcrumb","itemListElement":[{"@type":"ListItem","position":1,"name":"Accueil","item":"https:\/\/kidlee.fr\/"},{"@type":"ListItem","position":2,"name":"Recrutements"}]},{"@type":"WebSite","@id":"https:\/\/kidlee.fr\/#website","url":"https:\/\/kidlee.fr\/","name":"Kidlee | Garde d&#039;enfants de plus de 3 ans en \u00cele-de-France","description":"Le baby-sitting intelligent qui fait progresser les enfants !","publisher":{"@id":"https:\/\/kidlee.fr\/#organization"},"potentialAction":[{"@type":"SearchAction","target":{"@type":"EntryPoint","urlTemplate":"https:\/\/kidlee.fr\/?s={search_term_string}"},"query-input":"required name=search_term_string"}],"inLanguage":"en-US"},{"@type":"Organization","@id":"https:\/\/kidlee.fr\/#organization","name":"Kidlee, SAS.","url":"https:\/\/kidlee.fr\/","logo":{"@type":"ImageObject","inLanguage":"en-US","@id":"https:\/\/kidlee.fr\/#\/schema\/logo\/image\/","url":"https:\/\/kidlee.fr\/wp-content\/uploads\/2020\/06\/Kidlee_logo_2020.svg","contentUrl":"https:\/\/kidlee.fr\/wp-content\/uploads\/2020\/06\/Kidlee_logo_2020.svg","width":300,"height":79,"caption":"Kidlee, SAS."},"image":{"@id":"https:\/\/kidlee.fr\/#\/schema\/logo\/image\/"},"sameAs":["https:\/\/www.facebook.com\/kidleeFR","https:\/\/x.com\/Kidlee_fr","https:\/\/www.instagram.com\/kidlee_fr\/","https:\/\/www.linkedin.com\/company\/kidlee-fr","https:\/\/www.youtube.com\/channel\/UCt4hFqrRHEHOMghdOLmyzjg"]}]}},"_links":{"self":[{"href":"https:\/\/kidlee.fr\/en\/wp-json\/wp\/v2\/pages\/10966"}],"collection":[{"href":"https:\/\/kidlee.fr\/en\/wp-json\/wp\/v2\/pages"}],"about":[{"href":"https:\/\/kidlee.fr\/en\/wp-json\/wp\/v2\/types\/page"}],"author":[{"embeddable":true,"href":"https:\/\/kidlee.fr\/en\/wp-json\/wp\/v2\/users\/12"}],"replies":[{"embeddable":true,"href":"https:\/\/kidlee.fr\/en\/wp-json\/wp\/v2\/comments?post=10966"}],"version-history":[{"count":0,"href":"https:\/\/kidlee.fr\/en\/wp-json\/wp\/v2\/pages\/10966\/revisions"}],"wp:attachment":[{"href":"https:\/\/kidlee.fr\/en\/wp-json\/wp\/v2\/media?parent=10966"}],"curies":[{"name":"wp","href":"https:\/\/api.w.org\/{rel}","templated":true}]}}