{"id":10938,"date":"2021-04-30T09:00:04","date_gmt":"2021-04-30T08:00:04","guid":{"rendered":"https:\/\/kidlee.fr\/?page_id=10938"},"modified":"2025-06-25T14:24:43","modified_gmt":"2025-06-25T12:24:43","slug":"a-propos-ils-parlent-de-nous","status":"publish","type":"page","link":"https:\/\/kidlee.fr\/en\/by-the-way-they-talk-about-us\/","title":{"rendered":"By the way: they talk about us"},"content":{"rendered":"<div id=\"bsf_rt_marker\"><p>[et_pb_section fb_built=\"1\u2033 next_background_color=\"#ffffff \" _builder_version=\"4.16\u2033 _module_preset=\"default \" background_color=\"#37548D \" custom_padding=\"||53px||| \" bottom_divider_style=\"wave \" da_disable_devices=\"off|off|off \" global_colors_info=\"{} \" da_is_popup=\"off \" da_exit_intent=\"off \" da_has_close=\"on \" da_alt_close=\"off \" da_dark_close=\"off \" da_not_modal=\"on \" da_is_singular=\"off \" da_with_loader=\"off \" da_has_shadow=\"on \"][et_pb_row column_structure=\"1_4,3_4\u2033 _builder_version=\"4.16\u2033 _module_preset=\"default \" custom_padding=\"||0px||| \" global_colors_info=\"{} \"][et_pb_column type=\"1_4\u2033 _builder_version=\"4.16\u2033 _module_preset=\"default \" global_colors_info=\"{} \"][et_pb_image src= \"https:\/\/kidlee.fr\/wp-content\/uploads\/2021\/05\/mic.svg\" alt=\"microphone\" title_text=\"microphone\" align=\"center\" _builder_version=\"4.16\u2033 _module_preset=\"default \" global_colors_info=\"{} \"][\/et_pb_image][\/et_pb_column][et_pb_column type=\"3_4\u2033 _builder_version=\"4.16\u2033 _module_preset=\"default \" global_colors_info=\"{} \"][et_pb_text _builder_version=\"4.16\u2033 _module_preset=\"default \" text_text_color=\"#FFFFFF \" header_text_color=\"#FFFFFF \" header_font_size=\"44px \" header_line_height=\"1.6em \" global_colors_info=\"{} \"]<\/p>\n<h1 style=\"text-align: center;\">Here are our interviews and press articles !<\/h1>\n<p>[\/et_pb_text][\/et_pb_column][\/et_pb_row][\/et_pb_section][et_pb_section fb_built=\"1\u2033 _builder_version=\"4.16\u2033 _module_preset=\"default \" da_disable_devices=\"off|off|off \" global_colors_info=\"{} \" da_is_popup=\"off \" da_exit_intent=\"off \" da_has_close=\"on \" da_alt_close=\"off \" da_dark_close=\"off \" da_not_modal=\"on \" da_is_singular=\"off \" da_with_loader=\"off \" da_has_shadow=\"on \"][et_pb_row _builder_version=\"4.16\u2033 _module_preset=\"default \" global_colors_info=\"{} \"][et_pb_column type=\"4_4\u2033 _builder_version=\"4.16\u2033 _module_preset=\"default \" global_colors_info=\"{} \"][et_pb_text _builder_version=\"4.16\u2033 _module_preset=\"default \" text_text_color=\"#37548D \" max_width=\"860px \" module_alignment=\"center \" global_colors_info=\"{} \"]<\/p>\n<h2 style=\"text-align: center;\">Here are all our interviews and press articles !<\/h2>\n<p>[\/et_pb_text][et_pb_text _builder_version=\"4.16\u2033 _module_preset=\"default \" text_text_color=\"#37548D\" global_colors_info=\"{}\"]<\/p>\n<p style=\"text-align: center;\">You want to know everything about Kidlee ? Find here all our media appearances as well as our super partners publications !<\/p>\n<p>[\/et_pb_text][\/et_pb_column][\/et_pb_row][et_pb_row column_structure=\"1_2,1_2\u2033 use_custom_gutter=\"on \" gutter_width=\"4\u2033 make_equal=\"on \" _builder_version=\"4.16\u2033 _module_preset=\"default \" max_width=\"780px \" locked=\"off \" global_colors_info=\"{} \"][et_pb_column type=\"1_2\u2033 _builder_version=\"4.16\u2033 _module_preset=\"default \" global_colors_info=\"{} \"][et_pb_image src= \"https:\/\/kidlee.fr\/wp-content\/uploads\/2025\/06\/marie-claire.jpg \" title_text=\"marie claire\" _builder_version=\"4.26.0\u2033 _module_preset=\"default \" height=\"400px \" custom_margin=\"||0px||false|false \" custom_padding=\"||||false|false \" border_radii=\"off|5px|5px|| \" border_width_all=\"1px \" border_color_all=\"#37548D \" border_width_bottom=\"0px \" global_colors_info=\"{} \"][\/et_pb_image][et_pb_text _builder_version=\"4.16\u2033 _module_preset=\"default \" text_text_color=\"#37548D \" header_font_size=\"39px \" background_color=\"#FFFFFF \" custom_padding= \"25px|8px|25px|8px|true|true \" border_radii=\"off|||5px|5px \" border_width_all=\"1px \" border_color_all=\"#37548D \" global_colors_info=\"{} \"]<\/p>\n<p style=\"text-align: center;\">\"Kidlee, the smart babysitting that helps children progress\"<\/p>\n<p>[\/et_pb_text][\/et_pb_column][et_pb_column type=\"1_2\u2033 _builder_version=\"4.16\u2033 _module_preset=\"default \" global_colors_info=\"{} \"][et_pb_image src= \"https:\/\/kidlee.fr\/wp-content\/uploads\/2025\/06\/Les-echos.jpg \" title_text=\"Les echos \" _builder_version=\"4.26.0\u2033 _module_preset=\"default \" height=\"400px \" custom_margin=\"||0px||false|false \" border_radii=\"off|5px|5px|| \" border_width_all= \"1px \" border_color_all=\"#37548D \" border_width_bottom=\"0px \" global_colors_info=\"{} \"][\/et_pb_image][et_pb_text _builder_version=\"4.16\u2033 _module_preset=\"default \" text_text_color=\"#37548D \" text_font_size=\"16px \" background_color=\"#FFFFFF \" custom_padding= \"25px|8px|25px|8px|true|true \" border_radii=\"off|||5px|5px \" border_width_all=\"1px \" border_color_all=\"#37548D \" global_colors_info=\"{} \"]<\/p>\n<p style=\"text-align: center;\">Childcare platforms to the parents rescue<\/p>\n<p>[\/et_pb_text][\/et_pb_column][\/et_pb_row][et_pb_row column_structure=\"1_2,1_2\u2033 use_custom_gutter=\"on \" gutter_width=\"4\u2033 make_equal=\"on \" _builder_version=\"4.16\u2033 _module_preset=\"default \" max_width=\"780px \" locked=\"off \" global_colors_info=\"{} \"][et_pb_column type=\"1_2\u2033 _builder_version=\"4.16\u2033 _module_preset=\"default \" global_colors_info=\"{} \"][et_pb_image src= \"https:\/\/kidlee.fr\/wp-content\/uploads\/2025\/06\/Europe-1.jpg \" title_text=\"Europe 1\u2033 _builder_version=\"4.26.0\u2033 _module_preset=\"default \" height=\"400px \" custom_margin=\"||0px||false|false \" border_radii=\"off|5px|5px|| \" border_width_all= \"1px \" border_color_all=\"#37548D \" border_width_bottom=\"0px \" global_colors_info=\"{} \"][\/et_pb_image][et_pb_text _builder_version=\"4.16\u2033 _module_preset=\"default \" text_text_color=\"#37548D \" text_font_size=\"16px \" background_color=\"#FFFFFF \" custom_padding= \"25px|8px|25px|8px|true|true \" border_radii=\"off|||5px|5px \" border_width_all=\"1px \" border_color_all=\"#37548D \" global_colors_info=\"{} \"]<\/p>\n<p style=\"text-align: center;\">\"Kidlee, the solution to turn after-school care into a fun and exciting time\".<\/p>\n<p>[\/et_pb_text][\/et_pb_column][et_pb_column type=\"1_2\u2033 _builder_version=\"4.16\u2033 _module_preset=\"default \" global_colors_info=\"{} \"][et_pb_image src= \"https:\/\/kidlee.fr\/wp-content\/uploads\/2025\/06\/litlle-sweets-et-cie.jpg \" title_text=\"litlle sweets et cie \" _builder_version=\"4.26.0\u2033 _module_preset=\"default \" height=\"400px \" custom_margin=\"||0px||false|false \" border_radii=\"off|5px|5px|| \" border_width_all= \"1px \" border_color_all=\"#37548D \" border_width_bottom=\"0px \" global_colors_info=\"{} \"][\/et_pb_image][et_pb_text _builder_version=\"4.16\u2033 _module_preset=\"default \" text_text_color=\"#37548D \" text_font_size=\"16px \" background_color=\"#FFFFFF \" custom_padding= \"25px|8px|25px|8px|true|true \" border_radii=\"off|||5px|5px \" border_width_all=\"1px \" border_color_all=\"#37548D \" global_colors_info=\"{} \"]<\/p>\n<p style=\"text-align: center;\">Childcare : Kidlee flies to your rescue<\/p>\n<p>[\/et_pb_text][\/et_pb_column][\/et_pb_row][et_pb_row column_structure=\"1_2,1_2\u2033 use_custom_gutter=\"on \" gutter_width=\"4\u2033 make_equal=\"on \" _builder_version=\"4.16\u2033 _module_preset=\"default \" max_width=\"780px \" locked=\"off \" global_colors_info=\"{} \"][et_pb_column type=\"1_2\u2033 _builder_version=\"4.16\u2033 _module_preset=\"default \" global_colors_info=\"{} \"][et_pb_image src= \"https:\/\/kidlee.fr\/wp-content\/uploads\/2025\/06\/Geek-junior.jpg \" title_text=\"Geek junior \" _builder_version=\"4.26.0\u2033 _module_preset=\"default \" custom_margin=\"||0px||false|false \" border_radii=\"off|5px|5px|| \" border_width_all=\"1px \" border_color_all=\"#37548D \" border_width_bottom=\"0px \" global_colors_info=\"{} \"][\/et_pb_image][et_pb_text _builder_version=\"4.16\u2033 _module_preset=\"default \" text_text_color=\"#37548D \" text_font_size=\"16px \" background_color=\"#FFFFFF \" custom_padding= \"25px|8px|25px|8px|true|true \" border_radii=\"off|||5px|5px \" border_width_all=\"1px \" border_color_all=\"#37548D \" global_colors_info=\"{} \"]<\/p>\n<p style=\"text-align: center;\">\" Family Tools by Kidlee : A directory of original content for your children \"<\/p>\n<p>[\/et_pb_text][\/et_pb_column][et_pb_column type=\"1_2\u2033 _builder_version=\"4.16\u2033 _module_preset=\"default \" global_colors_info=\"{} \"][et_pb_image src= \"https:\/\/kidlee.fr\/wp-content\/uploads\/2025\/06\/Je-vous-chouchoute.jpg \" title_text=\"I pamper you\" _builder_version=\"4.26.0\u2033 _module_preset=\"default \" height=\"400px \" custom_margin=\"||0px||false|false \" border_radii=\"off|5px|5px|| \" border_width_all= \"1px \" border_color_all=\"#37548D \" border_width_bottom=\"0px \" global_colors_info=\"{} \"][\/et_pb_image][et_pb_text _builder_version=\"4.16\u2033 _module_preset=\"default \" text_text_color=\"#37548D \" text_font_size=\"16px \" background_color=\"#FFFFFF \" custom_padding= \"25px|8px|25px|8px|true|true \" border_radii=\"off|||5px|5px \" border_width_all=\"1px \" border_color_all=\"#37548D \" global_colors_info=\"{} \"]<\/p>\n<p style=\"text-align: center;\">\"Kidlee, your trusted partner in finding the perfect match<\/p>\n<p>[\/et_pb_text][\/et_pb_column][\/et_pb_row][\/et_pb_section][et_pb_section fb_built=\"1\u2033 _builder_version=\"4.26.0\u2033 _module_preset=\"default \" custom_padding=\"0px||1px||| \" hover_enabled=\"0\u2033 da_disable_devices=\"off|off|off \" global_colors_info=\"{} \" disabled_on=\"on|on|on \" disabled=\"on \" sticky_enabled=\"0\u2033 da_is_popup= \"off \" da_exit_intent=\"off \" da_has_close=\"on \" da_alt_close=\"off \" da_dark_close=\"off \" da_not_modal=\"on \" da_is_singular=\"off \" da_with_loader=\"off \" da_has_shadow=\"on \"][et_pb_row _builder_version=\"4.16\u2033 _module_preset=\"default \" global_colors_info=\"{} \"][et_pb_column type=\"4_4\u2033 _builder_version=\"4.16\u2033 _module_preset=\"default \" global_colors_info=\"{} \"][et_pb_text _builder_version=\"4.16\u2033 _module_preset=\"default \" text_text_color=\"#FC8AA9\u2033 global_colors_info=\"{} \"]<\/p>\n<h2 style=\"text-align: center;\">Our press kit<\/h2>\n<p>[\/et_pb_text][et_pb_text _builder_version=\"4.16\u2033 _module_preset=\"default \" text_text_color=\"#37548D \" max_width=\"860px \" module_alignment=\"center \" hover_enabled=\"0\u2033 global_colors_info=\"{} \" sticky_enabled=\"0\u2033]<\/p>\n<p style=\"text-align: center;\">Want to talk about Kidlee ? That's great !<\/p>\n<p style=\"text-align: center;\">Do not hesitate to contact us to discuss your project. You can also download our press kit to find our concept and our graphic elements.<\/p>\n<p>[\/et_pb_text][et_pb_button button_url=\"https:\/\/kidlee.fr\/wp-content\/uploads\/2021\/06\/Kidlee-Communiqu\u00e9-de-presse-Juin-2021.pdf \" button_text=\"Download PDF kit \" _builder_version=\"4.26.0\u2033 _module_preset=\"default \" button_text_color=\"#FFFFFF \" button_bg_color=\"#FC8AA9\u2033 custom_padding=\"20px|48px|20px|48px|true|true \" hover_enabled=\"0\u2033 global_colors_info=\"{} \" disabled_on=\"off|off|off \" sticky_enabled=\"0\u2033][\/et_pb_button][\/et_pb_column][\/et_pb_row][\/et_pb_section]<\/p>\n<\/div>","protected":false},"excerpt":{"rendered":"<p>Here are our interviews and press articles!\"Want to know everything about Kidlee? Find here all our media coverage as well as the publications of our great partners!\" Kidlee, the intelligent baby-sitting that makes children progress \"Childcare platforms to the rescue [...]<\/p>","protected":false},"author":2,"featured_media":0,"parent":0,"menu_order":70,"comment_status":"closed","ping_status":"closed","template":"","meta":{"_et_pb_use_builder":"on","_et_pb_old_content":"","_et_gb_content_width":"","_lmt_disableupdate":"no","_lmt_disable":"","footnotes":""},"yoast_head":"<!-- This site is optimized with the Yoast SEO plugin v23.3 - https:\/\/yoast.com\/wordpress\/plugins\/seo\/ -->\n<title>\u00c0 propos : ils parlent de nous<\/title>\n<meta name=\"description\" content=\"D\u00e9couvrez d\u00e8s maintenant les avis des personnes ayant b\u00e9n\u00e9fici\u00e9 des besoins de Kidlee en mati\u00e8re de baby-sitting.\" \/>\n<meta name=\"robots\" content=\"index, follow, max-snippet:-1, max-image-preview:large, max-video-preview:-1\" \/>\n<link rel=\"canonical\" href=\"https:\/\/kidlee.fr\/en\/by-the-way-they-talk-about-us\/\" \/>\n<meta property=\"og:locale\" content=\"en_US\" \/>\n<meta property=\"og:type\" content=\"article\" \/>\n<meta property=\"og:title\" content=\"\u00c0 propos : ils parlent de nous\" \/>\n<meta property=\"og:description\" content=\"D\u00e9couvrez d\u00e8s maintenant les avis des personnes ayant b\u00e9n\u00e9fici\u00e9 des besoins de Kidlee en mati\u00e8re de baby-sitting.\" \/>\n<meta property=\"og:url\" content=\"https:\/\/kidlee.fr\/en\/by-the-way-they-talk-about-us\/\" \/>\n<meta property=\"og:site_name\" content=\"Kidlee | Garde d&#039;enfants de plus de 3 ans en \u00cele-de-France\" \/>\n<meta property=\"article:publisher\" content=\"https:\/\/www.facebook.com\/kidleeFR\" \/>\n<meta property=\"article:modified_time\" content=\"2025-06-25T12:24:43+00:00\" \/>\n<meta property=\"og:image\" content=\"https:\/\/kidlee.fr\/wp-content\/uploads\/2024\/08\/images-1.jpg\" \/>\n\t<meta property=\"og:image:width\" content=\"1200\" \/>\n\t<meta property=\"og:image:height\" content=\"675\" \/>\n\t<meta property=\"og:image:type\" content=\"image\/jpeg\" \/>\n<meta name=\"twitter:card\" content=\"summary_large_image\" \/>\n<meta name=\"twitter:site\" content=\"@Kidlee_fr\" \/>\n<meta name=\"twitter:label1\" content=\"Est. reading time\" \/>\n\t<meta name=\"twitter:data1\" content=\"3 minutes\" \/>\n<script type=\"application\/ld+json\" class=\"yoast-schema-graph\">{\"@context\":\"https:\/\/schema.org\",\"@graph\":[{\"@type\":\"WebPage\",\"@id\":\"https:\/\/kidlee.fr\/a-propos-ils-parlent-de-nous\/\",\"url\":\"https:\/\/kidlee.fr\/a-propos-ils-parlent-de-nous\/\",\"name\":\"\u00c0 propos : ils parlent de nous\",\"isPartOf\":{\"@id\":\"https:\/\/kidlee.fr\/#website\"},\"datePublished\":\"2021-04-30T08:00:04+00:00\",\"dateModified\":\"2025-06-25T12:24:43+00:00\",\"description\":\"D\u00e9couvrez d\u00e8s maintenant les avis des personnes ayant b\u00e9n\u00e9fici\u00e9 des besoins de Kidlee en mati\u00e8re de baby-sitting.\",\"breadcrumb\":{\"@id\":\"https:\/\/kidlee.fr\/a-propos-ils-parlent-de-nous\/#breadcrumb\"},\"inLanguage\":\"en-US\",\"potentialAction\":[{\"@type\":\"ReadAction\",\"target\":[\"https:\/\/kidlee.fr\/a-propos-ils-parlent-de-nous\/\"]}]},{\"@type\":\"BreadcrumbList\",\"@id\":\"https:\/\/kidlee.fr\/a-propos-ils-parlent-de-nous\/#breadcrumb\",\"itemListElement\":[{\"@type\":\"ListItem\",\"position\":1,\"name\":\"Accueil\",\"item\":\"https:\/\/kidlee.fr\/\"},{\"@type\":\"ListItem\",\"position\":2,\"name\":\"\u00c0 propos : ils parlent de nous\"}]},{\"@type\":\"WebSite\",\"@id\":\"https:\/\/kidlee.fr\/#website\",\"url\":\"https:\/\/kidlee.fr\/\",\"name\":\"Kidlee | Garde d&#039;enfants de plus de 3 ans en \u00cele-de-France\",\"description\":\"Le baby-sitting intelligent qui fait progresser les enfants !\",\"publisher\":{\"@id\":\"https:\/\/kidlee.fr\/#organization\"},\"potentialAction\":[{\"@type\":\"SearchAction\",\"target\":{\"@type\":\"EntryPoint\",\"urlTemplate\":\"https:\/\/kidlee.fr\/?s={search_term_string}\"},\"query-input\":\"required name=search_term_string\"}],\"inLanguage\":\"en-US\"},{\"@type\":\"Organization\",\"@id\":\"https:\/\/kidlee.fr\/#organization\",\"name\":\"Kidlee, SAS.\",\"url\":\"https:\/\/kidlee.fr\/\",\"logo\":{\"@type\":\"ImageObject\",\"inLanguage\":\"en-US\",\"@id\":\"https:\/\/kidlee.fr\/#\/schema\/logo\/image\/\",\"url\":\"https:\/\/kidlee.fr\/wp-content\/uploads\/2020\/06\/Kidlee_logo_2020.svg\",\"contentUrl\":\"https:\/\/kidlee.fr\/wp-content\/uploads\/2020\/06\/Kidlee_logo_2020.svg\",\"width\":300,\"height\":79,\"caption\":\"Kidlee, SAS.\"},\"image\":{\"@id\":\"https:\/\/kidlee.fr\/#\/schema\/logo\/image\/\"},\"sameAs\":[\"https:\/\/www.facebook.com\/kidleeFR\",\"https:\/\/x.com\/Kidlee_fr\",\"https:\/\/www.instagram.com\/kidlee_fr\/\",\"https:\/\/www.linkedin.com\/company\/kidlee-fr\",\"https:\/\/www.youtube.com\/channel\/UCt4hFqrRHEHOMghdOLmyzjg\"]}]}<\/script>\n<!-- \/ Yoast SEO plugin. -->","yoast_head_json":{"title":"\u00c0 propos : ils parlent de nous","description":"D\u00e9couvrez d\u00e8s maintenant les avis des personnes ayant b\u00e9n\u00e9fici\u00e9 des besoins de Kidlee en mati\u00e8re de baby-sitting.","robots":{"index":"index","follow":"follow","max-snippet":"max-snippet:-1","max-image-preview":"max-image-preview:large","max-video-preview":"max-video-preview:-1"},"canonical":"https:\/\/kidlee.fr\/en\/by-the-way-they-talk-about-us\/","og_locale":"en_US","og_type":"article","og_title":"\u00c0 propos : ils parlent de nous","og_description":"D\u00e9couvrez d\u00e8s maintenant les avis des personnes ayant b\u00e9n\u00e9fici\u00e9 des besoins de Kidlee en mati\u00e8re de baby-sitting.","og_url":"https:\/\/kidlee.fr\/en\/by-the-way-they-talk-about-us\/","og_site_name":"Kidlee | Garde d&#039;enfants de plus de 3 ans en \u00cele-de-France","article_publisher":"https:\/\/www.facebook.com\/kidleeFR","article_modified_time":"2025-06-25T12:24:43+00:00","og_image":[{"width":1200,"height":675,"url":"https:\/\/kidlee.fr\/wp-content\/uploads\/2024\/08\/images-1.jpg","type":"image\/jpeg"}],"twitter_card":"summary_large_image","twitter_site":"@Kidlee_fr","twitter_misc":{"Est. reading time":"3 minutes"},"schema":{"@context":"https:\/\/schema.org","@graph":[{"@type":"WebPage","@id":"https:\/\/kidlee.fr\/a-propos-ils-parlent-de-nous\/","url":"https:\/\/kidlee.fr\/a-propos-ils-parlent-de-nous\/","name":"\u00c0 propos : ils parlent de nous","isPartOf":{"@id":"https:\/\/kidlee.fr\/#website"},"datePublished":"2021-04-30T08:00:04+00:00","dateModified":"2025-06-25T12:24:43+00:00","description":"D\u00e9couvrez d\u00e8s maintenant les avis des personnes ayant b\u00e9n\u00e9fici\u00e9 des besoins de Kidlee en mati\u00e8re de baby-sitting.","breadcrumb":{"@id":"https:\/\/kidlee.fr\/a-propos-ils-parlent-de-nous\/#breadcrumb"},"inLanguage":"en-US","potentialAction":[{"@type":"ReadAction","target":["https:\/\/kidlee.fr\/a-propos-ils-parlent-de-nous\/"]}]},{"@type":"BreadcrumbList","@id":"https:\/\/kidlee.fr\/a-propos-ils-parlent-de-nous\/#breadcrumb","itemListElement":[{"@type":"ListItem","position":1,"name":"Accueil","item":"https:\/\/kidlee.fr\/"},{"@type":"ListItem","position":2,"name":"\u00c0 propos : ils parlent de nous"}]},{"@type":"WebSite","@id":"https:\/\/kidlee.fr\/#website","url":"https:\/\/kidlee.fr\/","name":"Kidlee | Garde d&#039;enfants de plus de 3 ans en \u00cele-de-France","description":"Le baby-sitting intelligent qui fait progresser les enfants !","publisher":{"@id":"https:\/\/kidlee.fr\/#organization"},"potentialAction":[{"@type":"SearchAction","target":{"@type":"EntryPoint","urlTemplate":"https:\/\/kidlee.fr\/?s={search_term_string}"},"query-input":"required name=search_term_string"}],"inLanguage":"en-US"},{"@type":"Organization","@id":"https:\/\/kidlee.fr\/#organization","name":"Kidlee, SAS.","url":"https:\/\/kidlee.fr\/","logo":{"@type":"ImageObject","inLanguage":"en-US","@id":"https:\/\/kidlee.fr\/#\/schema\/logo\/image\/","url":"https:\/\/kidlee.fr\/wp-content\/uploads\/2020\/06\/Kidlee_logo_2020.svg","contentUrl":"https:\/\/kidlee.fr\/wp-content\/uploads\/2020\/06\/Kidlee_logo_2020.svg","width":300,"height":79,"caption":"Kidlee, SAS."},"image":{"@id":"https:\/\/kidlee.fr\/#\/schema\/logo\/image\/"},"sameAs":["https:\/\/www.facebook.com\/kidleeFR","https:\/\/x.com\/Kidlee_fr","https:\/\/www.instagram.com\/kidlee_fr\/","https:\/\/www.linkedin.com\/company\/kidlee-fr","https:\/\/www.youtube.com\/channel\/UCt4hFqrRHEHOMghdOLmyzjg"]}]}},"_links":{"self":[{"href":"https:\/\/kidlee.fr\/en\/wp-json\/wp\/v2\/pages\/10938"}],"collection":[{"href":"https:\/\/kidlee.fr\/en\/wp-json\/wp\/v2\/pages"}],"about":[{"href":"https:\/\/kidlee.fr\/en\/wp-json\/wp\/v2\/types\/page"}],"author":[{"embeddable":true,"href":"https:\/\/kidlee.fr\/en\/wp-json\/wp\/v2\/users\/2"}],"replies":[{"embeddable":true,"href":"https:\/\/kidlee.fr\/en\/wp-json\/wp\/v2\/comments?post=10938"}],"version-history":[{"count":0,"href":"https:\/\/kidlee.fr\/en\/wp-json\/wp\/v2\/pages\/10938\/revisions"}],"wp:attachment":[{"href":"https:\/\/kidlee.fr\/en\/wp-json\/wp\/v2\/media?parent=10938"}],"curies":[{"name":"wp","href":"https:\/\/api.w.org\/{rel}","templated":true}]}}