{"id":10934,"date":"2021-04-30T08:36:20","date_gmt":"2021-04-30T07:36:20","guid":{"rendered":"https:\/\/kidlee.fr\/?page_id=10934"},"modified":"2025-06-13T10:30:16","modified_gmt":"2025-06-13T08:30:16","slug":"eveil-ludique","status":"publish","type":"page","link":"https:\/\/kidlee.fr\/en\/eveil-ludique\/","title":{"rendered":"Playful awakening"},"content":{"rendered":"<div id=\"bsf_rt_marker\"><p>[et_pb_section fb_built=\"1\u2033 _builder_version=\"4.26.0\u2033 _module_preset=\"default \" background_image=\"https:\/\/kidlee.fr\/wp-content\/uploads\/2025\/06\/concept-eveil-ludique-2.jpg \" height=\"500px \" custom_padding=\"150px||6px|||| \" da_disable_devices=\"off|off|off \" global_colors_info=\"{} \" da_is_popup=\"off \" da_exit_intent=\"off \" da_has_close= \"on \" da_alt_close=\"off \" da_dark_close=\"off \" da_not_modal=\"on \" da_is_singular=\"off \" da_with_loader=\"off \" da_has_shadow=\"on \"][et_pb_row _builder_version=\"4.16\u2033 _module_preset=\"default \" global_colors_info=\"{} \"][et_pb_column type=\"4_4\u2033 _builder_version=\"4.16\u2033 _module_preset=\"default \" global_colors_info=\"{} \"][et_pb_text _builder_version=\"4.16\u2033 _module_preset=\"default \" text_text_color=\"#FFFFFF \" header_text_color=\"#FFFFFF \" header_font_size=\"44px \" global_colors_info=\"{} \"]<\/p>\n<h1 style=\"text-align: center;\">Playful and responsible awakening<\/h1>\n<p>[\/et_pb_text][\/et_pb_column][\/et_pb_row][\/et_pb_section][et_pb_section fb_built=\"1\u2033 _builder_version=\"4.16\u2033 _module_preset=\"default \" da_disable_devices=\"off|off|off \" global_colors_info=\"{} \" da_is_popup=\"off \" da_exit_intent=\"off \" da_has_close=\"on \" da_alt_close=\"off \" da_dark_close=\"off \" da_not_modal=\"on \" da_is_singular=\"off \" da_with_loader=\"off \" da_has_shadow=\"on \"][et_pb_row _builder_version=\"4.16\u2033 _module_preset=\"default\" global_colors_info=\"{}\"][et_pb_column type=\"4_4\u2033 _builder_version=\"4.16\u2033 _module_preset=\"default \" global_colors_info=\"{} \"][et_pb_text _builder_version=\"4.16\u2033 _module_preset=\"default \" text_text_color=\"#37548D\" global_colors_info=\"{} \"]<\/p>\n<h2 style=\"text-align: center;\">Grow and develop<\/h2>\n<p>[\/et_pb_text][et_pb_text _builder_version=\"4.16\u2033 _module_preset=\"default \" text_text_color=\"#37548D \" max_width=\"820px \" module_alignment=\"center \" global_colors_info=\"{}\"]<\/p>\n<p style=\"text-align: center;\">A child\u2019s life is rich in discoveries and learning. The Kidlee babysitters thus adopt a role of mentor for the youngest, in order to make them discover the world, step by step and through a playful development at their own pace.<\/p>\n<p style=\"text-align: center;\">They provide physical security, but also moral security to the child, so that he can flourish, express his personality and try new experiences every day!<\/p>\n<p>[\/et_pb_text][\/et_pb_column][\/et_pb_row][\/et_pb_section][et_pb_section fb_built=\"1\u2033 _builder_version=\"4.16\u2033 _module_preset=\"default \" da_disable_devices=\"off|off|off \" global_colors_info=\"{} \" da_is_popup=\"off \" da_exit_intent=\"off \" da_has_close=\"on \" da_alt_close=\"off \" da_dark_close=\"off \" da_not_modal=\"on \" da_is_singular=\"off \" da_with_loader=\"off \" da_has_shadow=\"on \"][et_pb_row column_structure=\"2_5,3_5\u2033 _builder_version=\"4.16\u2033 _module_preset=\"default \" global_colors_info=\"{} \"][et_pb_column type=\"2_5\u2033 _builder_version=\"4.16\u2033 _module_preset=\"default \" global_colors_info=\"{} \"][et_pb_image src= \"https:\/\/kidlee.fr\/wp-content\/uploads\/2025\/06\/1-pic-jpg.jpg \" alt=\"Managing Emotions\" title_text=\"1 pic jpg\" _builder_version=\"4.26.0\u2033 _module_preset=\"default \" hover_enabled=\"0\u2033 global_colors_info=\"{} \" sticky_enabled=\"0\u2033][\/et_pb_image][\/et_pb_column][et_pb_column type=\"3_5\u2033 _builder_version=\"4.16\u2033 _module_preset=\"default \" global_colors_info=\"{} \"][et_pb_text _builder_version=\"4.16\u2033 _module_preset=\"default \" text_text_color=\"#37548D \" global_colors_info=\"{} \"]<\/p>\n<h3>Emotions management<\/h3>\n<p><strong>It is important for a child to understand his emotions and to know that they are recognized by the adult. Whether it is joy, anger, sadness or disgust, the child must learn to live with his emotions and to manage them properly. <\/strong><\/p>\n<p>Just like at school, babysitting hours represent a ritual moment for the child, where he is confronted with the adult. But here he will be in a familiar environment, with a trusted person, who will teach him in a positive way to recognize and express his emotions. Through playful activities, but also by carefully choosing his words, the babysitter will guide the child to explore his emotions on a daily basis.<\/p>\n<p>[\/et_pb_text][\/et_pb_column][\/et_pb_row][et_pb_row column_structure=\"3_5,2_5\u2033 module_class=\"reverse \" _builder_version=\"4.16\u2033 _module_preset=\"default \" global_colors_info=\"{} \"][et_pb_column type=\"3_5\u2033 _builder_version=\"4.16\u2033 _module_preset=\"default \" global_colors_info=\"{} \"][et_pb_text _builder_version=\"4.16\u2033 _module_preset=\"default \" text_text_color=\"#37548D \" global_colors_info=\"{} \"]<\/p>\n<h3 style=\"text-align: right;\">Awareness and autonomy<\/h3>\n<p style=\"text-align: right;\">Child care hours are important moments for the child, who will remember them growing up and <span style=\"color: #37548d;\"><a href=\"https:\/\/naitreetgrandir.com\/fr\/etape\/1_3_ans\/developpement\/\" style=\"color: #37548d;\" class=\"broken_link\">learn from them.<\/a><\/span>This is a good way for him to evolve without the help of his parents. The child must learn to become autonomous, to know his limits and abilities.<\/p>\n<p style=\"text-align: right;\"><strong>The babysitter's role then will be to provide him with a secure framework conducive to exploration and exchange. He will encourage the child to try new activities and to gain self-confidence.<\/strong><\/p>\n<p>[\/et_pb_text][\/et_pb_column][et_pb_column type=\"2_5\u2033 _builder_version=\"4.16\u2033 _module_preset=\"default \" global_colors_info=\"{} \"][et_pb_image src= \"https:\/\/kidlee.fr\/wp-content\/uploads\/2021\/05\/Eveil-et-autonomie.png \" alt=\"Eveil et autonomie \" title_text=\"Eveil et autonomie \" _builder_version=\"4.16\u2033 _module_preset=\"default \" global_colors_info=\"{} \"][\/et_pb_image][\/et_pb_column][\/et_pb_row][et_pb_row column_structure=\"2_5,3_5\u2033 _builder_version=\"4.16\u2033 _module_preset=\"default \" global_colors_info=\"{} \"][et_pb_column type=\"2_5\u2033 _builder_version=\"4.16\u2033 _module_preset=\"default \" global_colors_info=\"{} \"][et_pb_image src= \"https:\/\/kidlee.fr\/wp-content\/uploads\/2021\/05\/Perception-et-sensation.png \" alt=\"Perception and Sensation\" title_text=\"Perception and Sensation\" _builder_version=\"4.16\u2033 _module_preset=\"default \" global_colors_info=\"{} \"][\/et_pb_image][\/et_pb_column][et_pb_column type=\"3_5\u2033 _builder_version=\"4.16\u2033 _module_preset=\"default \" global_colors_info=\"{} \"][et_pb_text _builder_version=\"4.16\u2033 _module_preset=\"default \" text_text_color=\"#37548D \" global_colors_info=\"{} \"]<\/p>\n<h3>Perception and feeling<\/h3>\n<p><strong>Let's go for hours of fun activities in good company ! Cooking, reading, gardening, dancing, shadow puppets, crafts. It's impossible to get bored during a playful daycare ! <\/strong><\/p>\n<p>Kidlee baby-sitters are entertainment experts who will quickly make children forget about their screens. Their mission : to teach the youngest to reconnect with their imagination and their 5 senses. Moreover, children love to do things by themselves. The fact of creating something works on their motor skills, their concentration and makes them prouder than ever !<\/p>\n<p>[\/et_pb_text][\/et_pb_column][\/et_pb_row][et_pb_row column_structure=\"3_5,2_5\u2033 module_class=\"reverse \" _builder_version=\"4.16\u2033 _module_preset=\"default \" global_colors_info=\"{} \"][et_pb_column type=\"3_5\u2033 _builder_version=\"4.16\u2033 _module_preset=\"default \" global_colors_info=\"{} \"][et_pb_text _builder_version=\"4.16\u2033 _module_preset=\"default \" text_text_color=\"#37548D \" global_colors_info=\"{} \"]<\/p>\n<h3 style=\"text-align: right;\">Openness to the world<\/h3>\n<p style=\"text-align: right;\"><strong>There's no better way to break the routine than by trying something new. Thanks to their great imagination, but also to their curiosity, children are the best at discovering new things. <\/strong><\/p>\n<p style=\"text-align: right;\">They love to repeat words in English, draw like Picasso and be proud to cook like in Mexico ! There are a thousand and one activities that Kidlee babysitters master and make discover to the youngest, according to their desires and yours!<\/p>\n<p>[\/et_pb_text][\/et_pb_column][et_pb_column type=\"2_5\u2033 _builder_version=\"4.16\u2033 _module_preset=\"default \" global_colors_info=\"{} \"][et_pb_image src= \"https:\/\/kidlee.fr\/wp-content\/uploads\/2021\/05\/Ouverture-sur-le-monde.png \" alt=\"Opening to the world\" title_text=\"Opening to the world\" _builder_version=\"4.16\u2033 _module_preset=\"default \" global_colors_info=\"{} \"][\/et_pb_image][\/et_pb_column][\/et_pb_row][\/et_pb_section][et_pb_section fb_built=\"1\u2033 _builder_version=\"4.16\u2033 _module_preset=\"default \" custom_padding=\"||30px||| \" da_disable_devices=\"off|off|off \" global_colors_info=\"{} \" da_is_popup=\"off \" da_exit_intent=\"off \" da_has_close= \"on \" da_alt_close=\"off \" da_dark_close=\"off \" da_not_modal=\"on \" da_is_singular=\"off \" da_with_loader=\"off \" da_has_shadow=\"on \"][et_pb_row _builder_version=\"4.16\u2033 _module_preset=\"default \" global_colors_info=\"{} \"][et_pb_column type=\"4_4\u2033 _builder_version=\"4.16\u2033 _module_preset=\"default \" global_colors_info=\"{} \"][et_pb_text _builder_version=\"4.16\u2033 _module_preset=\"default \" text_text_color=\"#37548D \" global_colors_info=\"{} \"]<\/p>\n<h2 style=\"text-align: center;\">Discover also Kidlee via<\/h2>\n<p>[\/et_pb_text][\/et_pb_column][\/et_pb_row][et_pb_row column_structure=\"1_3,1_3,1_3\u2033 _builder_version=\"4.16\u2033 _module_preset=\"default \" max_width=\"780px \" global_colors_info=\"{} \"][et_pb_column type=\"1_3\u2033 _builder_version=\"4.16\u2033 _module_preset=\"default \" global_colors_info=\"{} \"][et_pb_image src= \"https:\/\/kidlee.fr\/wp-content\/uploads\/2021\/05\/aide-aux-devoirs.svg \" alt=\"homework help\" title_text=\"homework help\" align=\"center \" _builder_version=\"4.16\u2033 _module_preset=\"default \" global_colors_info=\"{} \"][\/et_pb_image][et_pb_text _builder_version=\"4.16\u2033 _module_preset=\"default \" text_text_color=\"#F2AA3C \" text_font_size=\"22px \" global_colors_info=\"{} \"]<\/p>\n<p style=\"text-align: center;\"><strong>Foreign<\/strong> languages<\/p>\n<p>[\/et_pb_text][\/et_pb_column][et_pb_column type=\"1_3\u2033 _builder_version=\"4.16\u2033 _module_preset=\"default \" global_colors_info=\"{} \"][et_pb_image src=\"https:\/\/kidlee.fr\/wp-content\/uploads\/2021\/05\/Groupe-1964.svg \" alt=\"Foreign languages\" title_text=\"Foreign languages\" align=\"center \" _builder_version=\"4.16\u2033 _module_preset=\"default \" global_colors_info=\"{} \"][\/et_pb_image][et_pb_text _builder_version=\"4.16\u2033 _module_preset=\"default \" text_text_color=\"#37548D \" text_font_size=\"22px \" global_colors_info=\"{} \"]<\/p>\n<p style=\"text-align: center;\">Playful <strong>development<\/strong><\/p>\n<p>[\/et_pb_text][\/et_pb_column][et_pb_column type=\"1_3\u2033 _builder_version=\"4.16\u2033 _module_preset=\"default \" global_colors_info=\"{} \"][et_pb_image src= \"https:\/\/kidlee.fr\/wp-content\/uploads\/2021\/05\/Groupe-1965.svg \" alt=\"Eveil ludique \" title_text=\"Eveil ludique \" align=\"center \" _builder_version=\"4.16\u2033 _module_preset=\"default \" global_colors_info=\"{} \"][\/et_pb_image][et_pb_text _builder_version=\"4.16\u2033 _module_preset=\"default \" text_text_color=\"#FC8AA9\u2033 text_font_size=\"22px \" global_colors_info=\"{} \"]<\/p>\n<p style=\"text-align: center;\" class=\" translation-block\">Provide homework help<\/p>\n<p>[\/et_pb_text][\/et_pb_column][\/et_pb_row][et_pb_row column_structure=\"1_2,1_2\u2033 _builder_version=\"4.16\u2033 _module_preset=\"default \" locked=\"off \" global_colors_info=\"{} \"][et_pb_column type=\"1_2\u2033 _builder_version=\"4.16\u2033 _module_preset=\"default \" global_colors_info=\"{} \"][et_pb_button button_url=\"https:\/\/app.kidlee.fr\/inscription-famille \" button_text=\"Inscription parent \" _builder_version=\"4.16\u2033 _module_preset=\"f8c422d8-db4d-48fe-85a1-2fc6482e8bc0\u2033 custom_padding=\"20px|48px|20px|48px|true|true \" global_colors_info=\"{} \"][\/et_pb_button][\/et_pb_column][et_pb_column type=\"1_2\u2033 _builder_version=\"4.16\u2033 _module_preset=\"default \" global_colors_info=\"{} \"][et_pb_button button_url=\"https:\/\/app.kidlee.fr\/inscription-babysitter \" button_text=\"Inscription baby-sitter \" _builder_version=\"4.16\u2033 _module_preset=\"3f0a3311-996f-4c94-a909-3839eb843431\u2033 custom_padding=\"20px|48px|20px|48px|true|true \" global_colors_info=\"{} \"][\/et_pb_button][\/et_pb_column][\/et_pb_row][\/et_pb_section][et_pb_section fb_built=\"1\u2033 _builder_version=\"4.16\u2033 _module_preset=\"default \" custom_padding=\"0px||26px||| \" da_disable_devices=\"off|off|off \" global_colors_info=\"{} \" da_is_popup=\"off \" da_exit_intent=\"off \" da_has_close= \"on \" da_alt_close=\"off \" da_dark_close=\"off \" da_not_modal=\"on \" da_is_singular=\"off \" da_with_loader=\"off \" da_has_shadow=\"on \"][et_pb_row _builder_version=\"4.16\u2033 _module_preset=\"default \" global_colors_info=\"{} \"][et_pb_column type=\"4_4\u2033 _builder_version=\"4.16\u2033 _module_preset=\"default \" global_colors_info=\"{} \"][et_pb_image src= \"https:\/\/kidlee.fr\/wp-content\/uploads\/2021\/05\/h2-cat-vector.svg \" alt=\"Blog Kidlee \" title_text=\"Blog Kidlee \" align=\"center \" _builder_version=\"4.16\u2033 _module_preset=\"default \" width=\"130px \" height=\"130px \" global_colors_info=\"{} \"][\/et_pb_image][\/et_pb_column][\/et_pb_row][\/et_pb_section][et_pb_section fb_built=\"1\u2033 _builder_version=\"4.16\u2033 _module_preset=\"default \" custom_padding=\"1px||||| \" da_disable_devices=\"off|off|off \" global_colors_info=\"{} \" da_is_popup=\"off \" da_exit_intent=\"off \" da_has_close= \"on \" da_alt_close=\"off \" da_dark_close=\"off \" da_not_modal=\"on \" da_is_singular=\"off \" da_with_loader=\"off \" da_has_shadow=\"on \"][et_pb_row _builder_version=\"4.16\u2033 _module_preset=\"default \" min_height=\"622.8px \" global_colors_info=\"{} \"][et_pb_column type=\"4_4\u2033 _builder_version=\"4.16\u2033 _module_preset=\"default \" global_colors_info=\"{} \"][et_pb_text _builder_version=\"4.16\u2033 _module_preset=\"default \" text_text_color=\"#37548D \" global_colors_info=\"{} \"]<\/p>\n<h2 style=\"text-align: center;\">Discover Responsible Care<\/h2>\n<p>[\/et_pb_text][et_pb_blog fullwidth=\"off \" posts_number=\"3\u2033 excerpt_length=\"200\u2033 show_pagination=\"off \" offset_number=\"1\u2033 masonry_tile_background_color=\"RGBA(0,0,0,0) \" module_class=\"removecss \" _builder_version=\"4.16\u2033 _module_preset=\"default \" header_text_color=\"#37548D \" body_text_color=\"#37548D \" meta_text_color=\"#F2AA3C \" custom_margin=\"||||false|false \" custom_padding= \"||||false|true \" border_width_all=\"0px \" border_radii_image=\"on|10px|10px|10px|10px \" locked=\"off \" global_colors_info=\"{} \"][\/et_pb_blog][\/et_pb_column][\/et_pb_row][\/et_pb_section]<\/p>\n<\/div>","protected":false},"excerpt":{"rendered":"<p>Playful and responsible developmentGrowing and developingA child's life is full of discovery and learning. Kidlee's baby-sitters take on the role of mentor for the youngest children, helping them discover the world, step by step, through a playful awakening at their own pace. They provide physical security, but also a sense of safety and [...]<\/p>","protected":false},"author":12,"featured_media":0,"parent":0,"menu_order":60,"comment_status":"closed","ping_status":"closed","template":"","meta":{"_et_pb_use_builder":"on","_et_pb_old_content":"","_et_gb_content_width":"","_lmt_disableupdate":"","_lmt_disable":"","footnotes":""},"yoast_head":"<!-- This site is optimized with the Yoast SEO plugin v23.3 - https:\/\/yoast.com\/wordpress\/plugins\/seo\/ -->\n<title>\u00c9veil ludique : d\u00e9couvrez le babysitting intelligent Kidlee<\/title>\n<meta name=\"description\" content=\"Les babysitters Kidlee sont form\u00e9es de mani\u00e8re \u00e0 accompagner l&#039;\u00e9veil et le d\u00e9veloppement des enfants de mani\u00e8re ludique et adapt\u00e9e !\" \/>\n<meta name=\"robots\" content=\"index, follow, max-snippet:-1, max-image-preview:large, max-video-preview:-1\" \/>\n<link rel=\"canonical\" href=\"https:\/\/kidlee.fr\/en\/eveil-ludique\/\" \/>\n<meta property=\"og:locale\" content=\"en_US\" \/>\n<meta property=\"og:type\" content=\"article\" \/>\n<meta property=\"og:title\" content=\"\u00c9veil ludique : d\u00e9couvrez le babysitting intelligent Kidlee\" \/>\n<meta property=\"og:description\" content=\"Les babysitters Kidlee sont form\u00e9es de mani\u00e8re \u00e0 accompagner l&#039;\u00e9veil et le d\u00e9veloppement des enfants de mani\u00e8re ludique et adapt\u00e9e !\" \/>\n<meta property=\"og:url\" content=\"https:\/\/kidlee.fr\/en\/eveil-ludique\/\" \/>\n<meta property=\"og:site_name\" content=\"Kidlee | Garde d&#039;enfants de plus de 3 ans en \u00cele-de-France\" \/>\n<meta property=\"article:publisher\" content=\"https:\/\/www.facebook.com\/kidleeFR\" \/>\n<meta property=\"article:modified_time\" content=\"2025-06-13T08:30:16+00:00\" \/>\n<meta property=\"og:image\" content=\"https:\/\/kidlee.fr\/wp-content\/uploads\/2024\/08\/images-1.jpg\" \/>\n\t<meta property=\"og:image:width\" content=\"1200\" \/>\n\t<meta property=\"og:image:height\" content=\"675\" \/>\n\t<meta property=\"og:image:type\" content=\"image\/jpeg\" \/>\n<meta name=\"twitter:card\" content=\"summary_large_image\" \/>\n<meta name=\"twitter:site\" content=\"@Kidlee_fr\" \/>\n<meta name=\"twitter:label1\" content=\"Est. reading time\" \/>\n\t<meta name=\"twitter:data1\" content=\"6 minutes\" \/>\n<script type=\"application\/ld+json\" class=\"yoast-schema-graph\">{\"@context\":\"https:\/\/schema.org\",\"@graph\":[{\"@type\":\"WebPage\",\"@id\":\"https:\/\/kidlee.fr\/eveil-ludique\/\",\"url\":\"https:\/\/kidlee.fr\/eveil-ludique\/\",\"name\":\"\u00c9veil ludique : d\u00e9couvrez le babysitting intelligent Kidlee\",\"isPartOf\":{\"@id\":\"https:\/\/kidlee.fr\/#website\"},\"datePublished\":\"2021-04-30T07:36:20+00:00\",\"dateModified\":\"2025-06-13T08:30:16+00:00\",\"description\":\"Les babysitters Kidlee sont form\u00e9es de mani\u00e8re \u00e0 accompagner l'\u00e9veil et le d\u00e9veloppement des enfants de mani\u00e8re ludique et adapt\u00e9e !\",\"breadcrumb\":{\"@id\":\"https:\/\/kidlee.fr\/eveil-ludique\/#breadcrumb\"},\"inLanguage\":\"en-US\",\"potentialAction\":[{\"@type\":\"ReadAction\",\"target\":[\"https:\/\/kidlee.fr\/eveil-ludique\/\"]}]},{\"@type\":\"BreadcrumbList\",\"@id\":\"https:\/\/kidlee.fr\/eveil-ludique\/#breadcrumb\",\"itemListElement\":[{\"@type\":\"ListItem\",\"position\":1,\"name\":\"Accueil\",\"item\":\"https:\/\/kidlee.fr\/\"},{\"@type\":\"ListItem\",\"position\":2,\"name\":\"\u00c9veil ludique\"}]},{\"@type\":\"WebSite\",\"@id\":\"https:\/\/kidlee.fr\/#website\",\"url\":\"https:\/\/kidlee.fr\/\",\"name\":\"Kidlee | Garde d&#039;enfants de plus de 3 ans en \u00cele-de-France\",\"description\":\"Le baby-sitting intelligent qui fait progresser les enfants !\",\"publisher\":{\"@id\":\"https:\/\/kidlee.fr\/#organization\"},\"potentialAction\":[{\"@type\":\"SearchAction\",\"target\":{\"@type\":\"EntryPoint\",\"urlTemplate\":\"https:\/\/kidlee.fr\/?s={search_term_string}\"},\"query-input\":\"required name=search_term_string\"}],\"inLanguage\":\"en-US\"},{\"@type\":\"Organization\",\"@id\":\"https:\/\/kidlee.fr\/#organization\",\"name\":\"Kidlee, SAS.\",\"url\":\"https:\/\/kidlee.fr\/\",\"logo\":{\"@type\":\"ImageObject\",\"inLanguage\":\"en-US\",\"@id\":\"https:\/\/kidlee.fr\/#\/schema\/logo\/image\/\",\"url\":\"https:\/\/kidlee.fr\/wp-content\/uploads\/2020\/06\/Kidlee_logo_2020.svg\",\"contentUrl\":\"https:\/\/kidlee.fr\/wp-content\/uploads\/2020\/06\/Kidlee_logo_2020.svg\",\"width\":300,\"height\":79,\"caption\":\"Kidlee, SAS.\"},\"image\":{\"@id\":\"https:\/\/kidlee.fr\/#\/schema\/logo\/image\/\"},\"sameAs\":[\"https:\/\/www.facebook.com\/kidleeFR\",\"https:\/\/x.com\/Kidlee_fr\",\"https:\/\/www.instagram.com\/kidlee_fr\/\",\"https:\/\/www.linkedin.com\/company\/kidlee-fr\",\"https:\/\/www.youtube.com\/channel\/UCt4hFqrRHEHOMghdOLmyzjg\"]}]}<\/script>\n<!-- \/ Yoast SEO plugin. -->","yoast_head_json":{"title":"\u00c9veil ludique : d\u00e9couvrez le babysitting intelligent Kidlee","description":"Les babysitters Kidlee sont form\u00e9es de mani\u00e8re \u00e0 accompagner l'\u00e9veil et le d\u00e9veloppement des enfants de mani\u00e8re ludique et adapt\u00e9e !","robots":{"index":"index","follow":"follow","max-snippet":"max-snippet:-1","max-image-preview":"max-image-preview:large","max-video-preview":"max-video-preview:-1"},"canonical":"https:\/\/kidlee.fr\/en\/eveil-ludique\/","og_locale":"en_US","og_type":"article","og_title":"\u00c9veil ludique : d\u00e9couvrez le babysitting intelligent Kidlee","og_description":"Les babysitters Kidlee sont form\u00e9es de mani\u00e8re \u00e0 accompagner l'\u00e9veil et le d\u00e9veloppement des enfants de mani\u00e8re ludique et adapt\u00e9e !","og_url":"https:\/\/kidlee.fr\/en\/eveil-ludique\/","og_site_name":"Kidlee | Garde d&#039;enfants de plus de 3 ans en \u00cele-de-France","article_publisher":"https:\/\/www.facebook.com\/kidleeFR","article_modified_time":"2025-06-13T08:30:16+00:00","og_image":[{"width":1200,"height":675,"url":"https:\/\/kidlee.fr\/wp-content\/uploads\/2024\/08\/images-1.jpg","type":"image\/jpeg"}],"twitter_card":"summary_large_image","twitter_site":"@Kidlee_fr","twitter_misc":{"Est. reading time":"6 minutes"},"schema":{"@context":"https:\/\/schema.org","@graph":[{"@type":"WebPage","@id":"https:\/\/kidlee.fr\/eveil-ludique\/","url":"https:\/\/kidlee.fr\/eveil-ludique\/","name":"\u00c9veil ludique : d\u00e9couvrez le babysitting intelligent Kidlee","isPartOf":{"@id":"https:\/\/kidlee.fr\/#website"},"datePublished":"2021-04-30T07:36:20+00:00","dateModified":"2025-06-13T08:30:16+00:00","description":"Les babysitters Kidlee sont form\u00e9es de mani\u00e8re \u00e0 accompagner l'\u00e9veil et le d\u00e9veloppement des enfants de mani\u00e8re ludique et adapt\u00e9e !","breadcrumb":{"@id":"https:\/\/kidlee.fr\/eveil-ludique\/#breadcrumb"},"inLanguage":"en-US","potentialAction":[{"@type":"ReadAction","target":["https:\/\/kidlee.fr\/eveil-ludique\/"]}]},{"@type":"BreadcrumbList","@id":"https:\/\/kidlee.fr\/eveil-ludique\/#breadcrumb","itemListElement":[{"@type":"ListItem","position":1,"name":"Accueil","item":"https:\/\/kidlee.fr\/"},{"@type":"ListItem","position":2,"name":"\u00c9veil ludique"}]},{"@type":"WebSite","@id":"https:\/\/kidlee.fr\/#website","url":"https:\/\/kidlee.fr\/","name":"Kidlee | Garde d&#039;enfants de plus de 3 ans en \u00cele-de-France","description":"Le baby-sitting intelligent qui fait progresser les enfants !","publisher":{"@id":"https:\/\/kidlee.fr\/#organization"},"potentialAction":[{"@type":"SearchAction","target":{"@type":"EntryPoint","urlTemplate":"https:\/\/kidlee.fr\/?s={search_term_string}"},"query-input":"required name=search_term_string"}],"inLanguage":"en-US"},{"@type":"Organization","@id":"https:\/\/kidlee.fr\/#organization","name":"Kidlee, SAS.","url":"https:\/\/kidlee.fr\/","logo":{"@type":"ImageObject","inLanguage":"en-US","@id":"https:\/\/kidlee.fr\/#\/schema\/logo\/image\/","url":"https:\/\/kidlee.fr\/wp-content\/uploads\/2020\/06\/Kidlee_logo_2020.svg","contentUrl":"https:\/\/kidlee.fr\/wp-content\/uploads\/2020\/06\/Kidlee_logo_2020.svg","width":300,"height":79,"caption":"Kidlee, SAS."},"image":{"@id":"https:\/\/kidlee.fr\/#\/schema\/logo\/image\/"},"sameAs":["https:\/\/www.facebook.com\/kidleeFR","https:\/\/x.com\/Kidlee_fr","https:\/\/www.instagram.com\/kidlee_fr\/","https:\/\/www.linkedin.com\/company\/kidlee-fr","https:\/\/www.youtube.com\/channel\/UCt4hFqrRHEHOMghdOLmyzjg"]}]}},"_links":{"self":[{"href":"https:\/\/kidlee.fr\/en\/wp-json\/wp\/v2\/pages\/10934"}],"collection":[{"href":"https:\/\/kidlee.fr\/en\/wp-json\/wp\/v2\/pages"}],"about":[{"href":"https:\/\/kidlee.fr\/en\/wp-json\/wp\/v2\/types\/page"}],"author":[{"embeddable":true,"href":"https:\/\/kidlee.fr\/en\/wp-json\/wp\/v2\/users\/12"}],"replies":[{"embeddable":true,"href":"https:\/\/kidlee.fr\/en\/wp-json\/wp\/v2\/comments?post=10934"}],"version-history":[{"count":0,"href":"https:\/\/kidlee.fr\/en\/wp-json\/wp\/v2\/pages\/10934\/revisions"}],"wp:attachment":[{"href":"https:\/\/kidlee.fr\/en\/wp-json\/wp\/v2\/media?parent=10934"}],"curies":[{"name":"wp","href":"https:\/\/api.w.org\/{rel}","templated":true}]}}