{"id":10824,"date":"2021-04-27T15:02:54","date_gmt":"2021-04-27T14:02:54","guid":{"rendered":"https:\/\/kidlee.fr\/?page_id=10824"},"modified":"2025-06-12T14:21:32","modified_gmt":"2025-06-12T12:21:32","slug":"aide-aux-devoirs","status":"publish","type":"page","link":"https:\/\/kidlee.fr\/en\/aide-aux-devoirs\/","title":{"rendered":"Homework help"},"content":{"rendered":"<div id=\"bsf_rt_marker\"><p>[et_pb_section fb_built=\"1\u2033 _builder_version=\"4.16\u2033 _module_preset=\"default \" background_image=\"https:\/\/kidlee.fr\/wp-content\/uploads\/2021\/05\/Concept-aide-aux-devoirs.png \" custom_padding=\"128px||153px||| \" da_disable_devices=\"off|off|off \" global_colors_info=\"{} \" da_is_popup=\"off \" da_exit_intent=\"off \" da_has_close=\"on \" da_alt_close=\"off \" da_dark_close=\"off \" da_not_modal=\"on \" da_is_singular=\"off \" da_with_loader=\"off \" da_has_shadow=\"on \"][et_pb_row _builder_version=\"4.16\u2033 _module_preset=\"default \" global_colors_info=\"{} \"][et_pb_column type=\"4_4\u2033 _builder_version=\"4.16\u2033 _module_preset=\"default \" global_colors_info=\"{} \"][et_pb_text _builder_version=\"4.16\u2033 _module_preset=\"default \" text_color=\"#FFFFFF \" header_text_color=\"#FFFFFF \" global_colors_info=\"{} \"]<\/p>\n<h1 style=\"text-align: center;\">Homework help<\/h1>\n<p>[\/et_pb_text][\/et_pb_column][\/et_pb_row][\/et_pb_section][et_pb_section fb_built=\"1\u2033 _builder_version=\"4.16\u2033 _module_preset=\"default \" da_disable_devices=\"off|off|off \" global_colors_info=\"{} \" da_is_popup=\"off \" da_exit_intent=\"off \" da_has_close=\"on \" da_alt_close=\"off \" da_dark_close=\"off \" da_not_modal=\"on \" da_is_singular=\"off \" da_with_loader=\"off \" da_has_shadow=\"on \"][et_pb_row _builder_version=\"4.16\u2033 _module_preset=\"default\" global_colors_info=\"{}\"][et_pb_column type=\"4_4\u2033 _builder_version=\"4.16\u2033 _module_preset=\"default \" global_colors_info=\"{} \"][et_pb_text _builder_version=\"4.16\u2033 _module_preset=\"default \" text_text_color=\"#37548D\" global_colors_info=\"{} \"]<\/p>\n<h2 style=\"text-align: center;\">Homework help after school<\/h2>\n<p style=\"text-align: center;\">A poorly assimilated lesson, a badly understood assignment, the teacher has not had the time to go back over the key points of the lesson studied in class and the child feels helpless. Homework help is a personalized tutoring allowing the student to better assimilate and understand his lessons.<\/p>\n<p style=\"text-align: center;\">Homework help also means allowing the child to organize himself better in order to acquire a much more efficient working method. To be effective, homework help should generally take place at least once a week, or even several times a week.<\/p>\n<p>[\/et_pb_text][\/et_pb_column][\/et_pb_row][et_pb_row column_structure=\"1_3,2_3\u2033 make_equal=\"on \" _builder_version=\"4.16\u2033 _module_preset=\"default \" global_colors_info=\"{} \"][et_pb_column type=\"1_3\u2033 _builder_version=\"4.16\u2033 _module_preset=\"default \" global_colors_info=\"{} \"][et_pb_image src= \"https:\/\/kidlee.fr\/wp-content\/uploads\/2021\/05\/aide-aux-devoirs.svg \" alt=\"homework help\" title_text=\"homework help\" align=\"right\" _builder_version=\"4.16\u2033 _module_preset=\"default \" global_colors_info=\"{} \"][\/et_pb_image][\/et_pb_column][et_pb_column type=\"2_3\u2033 _builder_version=\"4.16\u2033 _module_preset=\"default \" global_colors_info=\"{} \"][et_pb_text _builder_version=\"4.16\u2033 _module_preset=\"default \" text_text_color=\"#F2AA3C \" header_2_font=\"|300||||||| \" header_2_text_color=\"#F2AA3C \" global_colors_info=\"{} \"]<\/p>\n<h2><\/h2>\n<h2><\/h2>\n<h2><\/h2>\n<h2>Homework help from our babysitters with <br \/><strong>best academic backgrounds<\/strong><\/h2>\n<p>[\/et_pb_text][\/et_pb_column][\/et_pb_row][et_pb_row _builder_version=\"4.16\u2033 _module_preset=\"default \" global_colors_info=\"{} \"][et_pb_column type=\"4_4\u2033 _builder_version=\"4.16\u2033 _module_preset=\"default \" global_colors_info=\"{} \"][et_pb_button button_url=\"https:\/\/kidlee.fr\/inscription-famille-ou-babysitter\/ \" button_text=\"I'm launching my search!\" _builder_version=\"4.16\u2033 _module_preset=\"default \" custom_padding=\"20px|48px|20px|48px|true|true \" global_colors_info=\"{} \"][\/et_pb_button][\/et_pb_column][\/et_pb_row][\/et_pb_section][et_pb_section fb_built=\"1\u2033 _builder_version=\"4.16\u2033 _module_preset=\"default \" background_color=\"#fff5ec \" da_disable_devices=\"off|off|off \" global_colors_info=\"{} \" da_is_popup=\"off \" da_exit_intent=\"off \" da_has_close= \"on \" da_alt_close=\"off \" da_dark_close=\"off \" da_not_modal=\"on \" da_is_singular=\"off \" da_with_loader=\"off \" da_has_shadow=\"on \"][et_pb_row column_structure=\"1_3,2_3\u2033 _builder_version=\"4.16\u2033 _module_preset=\"default \" global_colors_info=\"{} \"][et_pb_column type=\"1_3\u2033 _builder_version=\"4.16\u2033 _module_preset=\"default \" global_colors_info=\"{} \"][et_pb_text _builder_version=\"4.16\u2033 _module_preset=\"default \" text_text_color=\"#37548D \" header_3_font_size=\"38px \" global_colors_info=\"{} \"]<\/p>\n<h3>Benefits<\/h3>\n<p>[\/et_pb_text][\/et_pb_column][et_pb_column type=\"2_3\u2033 _builder_version=\"4.16\u2033 _module_preset=\"default \" global_colors_info=\"{} \"][et_pb_text _builder_version=\"4.16\u2033 _module_preset=\"default \" text_text_color=\"#37548D \" global_colors_info=\"{} \"]<\/p>\n<p><strong>By being helped with his homework, the child will acquire a better organization since you will be there to teach him how to study efficiently and to acquire work methods he probably has never heard of before. <\/strong><\/p>\n<p>Moreover, by going through his lessons and exercises together, he will find it easier to learn and understand his lessons since you will review together the misunderstood words and possible questions. Because it is certain that children do not always dare to express their incomprehension in front of the whole class. And it often happens that the teacher does not have time to see everything or to focus on small details. So you will be there to help him\/her to understand better and to take his\/her time to learn!<\/p>\n<p>[\/et_pb_text][\/et_pb_column][\/et_pb_row][et_pb_row column_structure=\"1_3,2_3\u2033 _builder_version=\"4.16\u2033 _module_preset=\"default \" global_colors_info=\"{} \"][et_pb_column type=\"1_3\u2033 _builder_version=\"4.16\u2033 _module_preset=\"default \" global_colors_info=\"{} \"][et_pb_text _builder_version=\"4.16\u2033 _module_preset=\"default \" text_text_color=\"#37548D \" header_3_font_size=\"38px \" global_colors_info=\"{} \"]<\/p>\n<h3>Course<\/h3>\n<p>[\/et_pb_text][\/et_pb_column][et_pb_column type=\"2_3\u2033 _builder_version=\"4.16\u2033 _module_preset=\"default \" global_colors_info=\"{} \"][et_pb_text _builder_version=\"4.16\u2033 _module_preset=\"default \" text_text_color=\"#37548D \" global_colors_info=\"{} \"]<\/p>\n<p>The babysitter first determines with the child when is the ideal time for homework, as well as the perfect place to be successful in concentrating and not dispersing.<\/p>\n<p>Then they begin together to do the homework indicated on the diary. Depending on the child\u2019s difficulties, the babysitter will set up an adapted support : review, playful exercise, organization method, etc.<\/p>\n<p><strong>The goal is always to move forward with kindness so that the child takes pleasure in learning and overcoming difficulties !<\/strong><\/p>\n<p>[\/et_pb_text][\/et_pb_column][\/et_pb_row][et_pb_row column_structure=\"1_3,2_3\u2033 _builder_version=\"4.16\u2033 _module_preset=\"default \" global_colors_info=\"{} \"][et_pb_column type=\"1_3\u2033 _builder_version=\"4.16\u2033 _module_preset=\"default \" global_colors_info=\"{} \"][et_pb_text _builder_version=\"4.16\u2033 _module_preset=\"default \" text_text_color=\"#37548D \" header_3_font_size=\"38px \" global_colors_info=\"{} \"]<\/p>\n<h3>Skills<\/h3>\n<p>[\/et_pb_text][\/et_pb_column][et_pb_column type=\"2_3\u2033 _builder_version=\"4.16\u2033 _module_preset=\"default \" global_colors_info=\"{} \"][et_pb_text _builder_version=\"4.16\u2033 _module_preset=\"default \" text_text_color=\"#37548D \" global_colors_info=\"{} \"]<\/p>\n<p>Listening : to facilitate the dialogue with the child. <strong>Enthusiasm<\/strong> : so that the child feels supported. <strong>Patience<\/strong> : to adapt to all learning rhythms. <strong>Sharing<\/strong> : because our babysitters are like mentors for the youngest to whom they pass on passions and knowledge.<\/p>\n<p>[\/et_pb_text][\/et_pb_column][\/et_pb_row][\/et_pb_section][et_pb_section fb_built=\"1\u2033 _builder_version=\"4.16\u2033 _module_preset=\"default \" da_disable_devices=\"off|off|off \" global_colors_info=\"{} \" da_is_popup=\"off \" da_exit_intent=\"off \" da_has_close=\"on \" da_alt_close=\"off \" da_dark_close=\"off \" da_not_modal=\"on \" da_is_singular=\"off \" da_with_loader=\"off \" da_has_shadow=\"on \"][et_pb_row _builder_version=\"4.16\u2033 _module_preset=\"default\" global_colors_info=\"{}\"][et_pb_column type=\"4_4\u2033 _builder_version=\"4.16\u2033 _module_preset=\"default \" global_colors_info=\"{} \"][et_pb_text _builder_version=\"4.16\u2033 _module_preset=\"default \" text_text_color=\"#37548D\" global_colors_info=\"{} \"]<\/p>\n<h2 style=\"text-align: center;\">Discover also Kidlee via<\/h2>\n<p>[\/et_pb_text][\/et_pb_column][\/et_pb_row][et_pb_row column_structure=\"1_3,1_3,1_3\u2033 _builder_version=\"4.16\u2033 _module_preset=\"default \" max_width=\"780px \" global_colors_info=\"{} \"][et_pb_column type=\"1_3\u2033 _builder_version=\"4.16\u2033 _module_preset=\"default \" global_colors_info=\"{} \"][et_pb_image src= \"https:\/\/kidlee.fr\/wp-content\/uploads\/2021\/05\/Activites-Initiations.svg\" alt=\"Activities &amp; Initiations\" title_text=\"Activities &amp; Initiations\" align=\"center \" _builder_version=\"4.26.0\u2033 _module_preset=\"default \" min_height=\"100px \" global_colors_info=\"{} \"][\/et_pb_image][et_pb_text _builder_version=\"4.16\u2033 _module_preset=\"default \" text_text_color=\"#58B998\u2033 text_font_size=\"22px \" global_colors_info=\"{} \"]<\/p>\n<p style=\"text-align: center;\">Activities and <strong>initiations<\/strong><\/p>\n<p>[\/et_pb_text][\/et_pb_column][et_pb_column type=\"1_3\u2033 _builder_version=\"4.16\u2033 _module_preset=\"default \" global_colors_info=\"{} \"][et_pb_image src=\"https:\/\/kidlee.fr\/wp-content\/uploads\/2021\/05\/Groupe-1964.svg \" alt=\"Foreign languages\" title_text=\"Foreign languages\" align=\"center \" _builder_version=\"4.16\u2033 _module_preset=\"default \" global_colors_info=\"{} \"][\/et_pb_image][et_pb_text _builder_version=\"4.16\u2033 _module_preset=\"default \" text_text_color=\"#37548D \" text_font_size=\"22px \" global_colors_info=\"{} \"]<\/p>\n<p style=\"text-align: center;\"><strong>Foreign<\/strong> languages<\/p>\n<p>[\/et_pb_text][\/et_pb_column][et_pb_column type=\"1_3\u2033 _builder_version=\"4.16\u2033 _module_preset=\"default \" global_colors_info=\"{} \"][et_pb_image src= \"https:\/\/kidlee.fr\/wp-content\/uploads\/2021\/05\/Groupe-1965.svg \" alt=\"Eveil ludique \" title_text=\"Eveil ludique \" align=\"center \" _builder_version=\"4.16\u2033 _module_preset=\"default \" global_colors_info=\"{} \"][\/et_pb_image][et_pb_text _builder_version=\"4.16\u2033 _module_preset=\"default \" text_text_color=\"#FC8AA9\u2033 text_font_size=\"22px \" global_colors_info=\"{} \"]<\/p>\n<p style=\"text-align: center;\">Playful <strong>development<\/strong><\/p>\n<p>[\/et_pb_text][\/et_pb_column][\/et_pb_row][et_pb_row column_structure=\"1_2,1_2\u2033 _builder_version=\"4.16\u2033 _module_preset=\"default \" global_colors_info=\"{} \"][et_pb_column type=\"1_2\u2033 _builder_version=\"4.16\u2033 _module_preset=\"default \" global_colors_info=\"{} \"][et_pb_button button_text=\"Parent registration\" _builder_version=\"4.16\u2033 _module_preset=\"default \" custom_padding=\"20px|48px|20px|48px|true|true \" global_colors_info=\"{} \"][\/et_pb_button][\/et_pb_column][et_pb_column type=\"1_2\u2033 _builder_version=\"4.16\u2033 _module_preset=\"default \" global_colors_info=\"{} \"][et_pb_button button_text=\"Baby-sitter registration\" _builder_version=\"4.26.0\u2033 _module_preset=\"default \" button_text_color=\"#37548D \" custom_padding=\"20px|48px|20px|48px|true|true \" hover_enabled=\"0\u2033 global_colors_info=\"{} \" button_text_color__hover_enabled=\"on|hover \" button_bg_color__hover=\"#37548D \" button_bg_enable_color__hover=\"on \" button_border_color__hover=\"#37548D \" button_text_color__hover=\" \" sticky_enabled=\"0\u2033][\/et_pb_button][\/et_pb_column][\/et_pb_row][\/et_pb_section][et_pb_section fb_built=\"1\u2033 _builder_version=\"4.16\u2033 _module_preset=\"default \" custom_padding=\"0px||1px||| \" da_disable_devices=\"off|off|off \" global_colors_info=\"{} \" da_is_popup=\"off \" da_exit_intent=\"off \" da_has_close= \"on \" da_alt_close=\"off \" da_dark_close=\"off \" da_not_modal=\"on \" da_is_singular=\"off \" da_with_loader=\"off \" da_has_shadow=\"on \"][et_pb_row _builder_version=\"4.16\u2033 _module_preset=\"default \" global_colors_info=\"{} \"][et_pb_column type=\"4_4\u2033 _builder_version=\"4.16\u2033 _module_preset=\"default \" global_colors_info=\"{} \"][et_pb_image src= \"https:\/\/kidlee.fr\/wp-content\/uploads\/2021\/05\/h2-cat-vector.svg \" alt= \"Chat aides aux devoirs \" title_text=\"Chat aides aux devoirs \" align=\"center \" _builder_version=\"4.16\u2033 _module_preset=\"default \" width=\"135px \" height=\"135px \" global_colors_info=\"{} \"][\/et_pb_image][\/et_pb_column][\/et_pb_row][\/et_pb_section][et_pb_section fb_built=\"1\u2033 _builder_version=\"4.16\u2033 _module_preset=\"default \" custom_padding=\"1px||||| \" da_disable_devices=\"off|off|off \" global_colors_info=\"{} \" da_is_popup=\"off \" da_exit_intent=\"off \" da_has_close= \"on \" da_alt_close=\"off \" da_dark_close=\"off \" da_not_modal=\"on \" da_is_singular=\"off \" da_with_loader=\"off \" da_has_shadow=\"on \"][et_pb_row _builder_version=\"4.16\u2033 _module_preset=\"default \" global_colors_info=\"{} \"][et_pb_column type=\"4_4\u2033 _builder_version=\"4.16\u2033 _module_preset=\"default \" global_colors_info=\"{} \"][et_pb_text _builder_version=\"4.16\u2033 _module_preset=\"default \" text_text_color=\"#37548D \" global_colors_info=\"{} \"]<\/p>\n<h2 style=\"text-align: center;\">Our latest articles on homework help<\/h2>\n<p>[\/et_pb_text][et_pb_blog fullwidth=\"off \" posts_number=\"3\u2033 include_categories=\"10\u2033 excerpt_length=\"200\u2033 show_pagination=\"off \" offset_number=\"1\u2033 masonry_tile_background_color=\"RGBA(0,0,0,0) \" module_class=\"removecss \" _builder_version=\"4.16\u2033 _module_preset=\"default \" header_text_color=\"#37548D \" body_text_color=\"#37548D \" meta_text_color=\"#F2AA3C \" custom_margin=\"||||false|false \" custom_padding= \"||||false|true \" border_width_all=\"0px \" border_radii_image=\"on|10px|10px|10px|10px \" locked=\"off \" global_colors_info=\"{} \"][\/et_pb_blog][\/et_pb_column][\/et_pb_row][\/et_pb_section]<\/p>\n<\/div>","protected":false},"excerpt":{"rendered":"<p>Homework helpHomework help after school A poorly assimilated lesson, a badly understood assignment, the teacher has not had time to go back over the key points of the lesson studied in class and the child feels helpless. Homework help is a personalized accompaniment that allows the student to better assimilate and understand the material [...]<\/p>","protected":false},"author":2,"featured_media":0,"parent":0,"menu_order":30,"comment_status":"closed","ping_status":"closed","template":"","meta":{"_et_pb_use_builder":"on","_et_pb_old_content":"","_et_gb_content_width":"","_lmt_disableupdate":"","_lmt_disable":"","footnotes":""},"yoast_head":"<!-- This site is optimized with the Yoast SEO plugin v23.3 - https:\/\/yoast.com\/wordpress\/plugins\/seo\/ -->\n<title>L&#039;aide aux devoirs avec Kidlee - Garde d&#039;enfants de plus de 3 ans<\/title>\n<meta name=\"description\" content=\"D\u00e9couvrez l&#039;aide aux devoirs Kidlee ! Nos profils babysitters sp\u00e9cialis\u00e9s et form\u00e9(e)s ( math\u00e9matiques, sciences, langues, musique ...)\" \/>\n<meta name=\"robots\" content=\"index, follow, max-snippet:-1, max-image-preview:large, max-video-preview:-1\" \/>\n<link rel=\"canonical\" href=\"https:\/\/kidlee.fr\/en\/aide-aux-devoirs\/\" \/>\n<meta property=\"og:locale\" content=\"en_US\" \/>\n<meta property=\"og:type\" content=\"article\" \/>\n<meta property=\"og:title\" content=\"L&#039;aide aux devoirs avec Kidlee - Garde d&#039;enfants de plus de 3 ans\" \/>\n<meta property=\"og:description\" content=\"D\u00e9couvrez l&#039;aide aux devoirs Kidlee ! Nos profils babysitters sp\u00e9cialis\u00e9s et form\u00e9(e)s ( math\u00e9matiques, sciences, langues, musique ...)\" \/>\n<meta property=\"og:url\" content=\"https:\/\/kidlee.fr\/en\/aide-aux-devoirs\/\" \/>\n<meta property=\"og:site_name\" content=\"Kidlee | Garde d&#039;enfants de plus de 3 ans en \u00cele-de-France\" \/>\n<meta property=\"article:publisher\" content=\"https:\/\/www.facebook.com\/kidleeFR\" \/>\n<meta property=\"article:modified_time\" content=\"2025-06-12T12:21:32+00:00\" \/>\n<meta property=\"og:image\" content=\"https:\/\/kidlee.fr\/wp-content\/uploads\/2024\/08\/images-1.jpg\" \/>\n\t<meta property=\"og:image:width\" content=\"1200\" \/>\n\t<meta property=\"og:image:height\" content=\"675\" \/>\n\t<meta property=\"og:image:type\" content=\"image\/jpeg\" \/>\n<meta name=\"twitter:card\" content=\"summary_large_image\" \/>\n<meta name=\"twitter:site\" content=\"@Kidlee_fr\" \/>\n<meta name=\"twitter:label1\" content=\"Est. reading time\" \/>\n\t<meta name=\"twitter:data1\" content=\"5 minutes\" \/>\n<script type=\"application\/ld+json\" class=\"yoast-schema-graph\">{\"@context\":\"https:\/\/schema.org\",\"@graph\":[{\"@type\":\"WebPage\",\"@id\":\"https:\/\/kidlee.fr\/aide-aux-devoirs\/\",\"url\":\"https:\/\/kidlee.fr\/aide-aux-devoirs\/\",\"name\":\"L'aide aux devoirs avec Kidlee - Garde d'enfants de plus de 3 ans\",\"isPartOf\":{\"@id\":\"https:\/\/kidlee.fr\/#website\"},\"datePublished\":\"2021-04-27T14:02:54+00:00\",\"dateModified\":\"2025-06-12T12:21:32+00:00\",\"description\":\"D\u00e9couvrez l'aide aux devoirs Kidlee ! Nos profils babysitters sp\u00e9cialis\u00e9s et form\u00e9(e)s ( math\u00e9matiques, sciences, langues, musique ...)\",\"breadcrumb\":{\"@id\":\"https:\/\/kidlee.fr\/aide-aux-devoirs\/#breadcrumb\"},\"inLanguage\":\"en-US\",\"potentialAction\":[{\"@type\":\"ReadAction\",\"target\":[\"https:\/\/kidlee.fr\/aide-aux-devoirs\/\"]}]},{\"@type\":\"BreadcrumbList\",\"@id\":\"https:\/\/kidlee.fr\/aide-aux-devoirs\/#breadcrumb\",\"itemListElement\":[{\"@type\":\"ListItem\",\"position\":1,\"name\":\"Accueil\",\"item\":\"https:\/\/kidlee.fr\/\"},{\"@type\":\"ListItem\",\"position\":2,\"name\":\"Aide aux devoirs\"}]},{\"@type\":\"WebSite\",\"@id\":\"https:\/\/kidlee.fr\/#website\",\"url\":\"https:\/\/kidlee.fr\/\",\"name\":\"Kidlee | Garde d&#039;enfants de plus de 3 ans en \u00cele-de-France\",\"description\":\"Le baby-sitting intelligent qui fait progresser les enfants !\",\"publisher\":{\"@id\":\"https:\/\/kidlee.fr\/#organization\"},\"potentialAction\":[{\"@type\":\"SearchAction\",\"target\":{\"@type\":\"EntryPoint\",\"urlTemplate\":\"https:\/\/kidlee.fr\/?s={search_term_string}\"},\"query-input\":\"required name=search_term_string\"}],\"inLanguage\":\"en-US\"},{\"@type\":\"Organization\",\"@id\":\"https:\/\/kidlee.fr\/#organization\",\"name\":\"Kidlee, SAS.\",\"url\":\"https:\/\/kidlee.fr\/\",\"logo\":{\"@type\":\"ImageObject\",\"inLanguage\":\"en-US\",\"@id\":\"https:\/\/kidlee.fr\/#\/schema\/logo\/image\/\",\"url\":\"https:\/\/kidlee.fr\/wp-content\/uploads\/2020\/06\/Kidlee_logo_2020.svg\",\"contentUrl\":\"https:\/\/kidlee.fr\/wp-content\/uploads\/2020\/06\/Kidlee_logo_2020.svg\",\"width\":300,\"height\":79,\"caption\":\"Kidlee, SAS.\"},\"image\":{\"@id\":\"https:\/\/kidlee.fr\/#\/schema\/logo\/image\/\"},\"sameAs\":[\"https:\/\/www.facebook.com\/kidleeFR\",\"https:\/\/x.com\/Kidlee_fr\",\"https:\/\/www.instagram.com\/kidlee_fr\/\",\"https:\/\/www.linkedin.com\/company\/kidlee-fr\",\"https:\/\/www.youtube.com\/channel\/UCt4hFqrRHEHOMghdOLmyzjg\"]}]}<\/script>\n<!-- \/ Yoast SEO plugin. -->","yoast_head_json":{"title":"L'aide aux devoirs avec Kidlee - Garde d'enfants de plus de 3 ans","description":"D\u00e9couvrez l'aide aux devoirs Kidlee ! Nos profils babysitters sp\u00e9cialis\u00e9s et form\u00e9(e)s ( math\u00e9matiques, sciences, langues, musique ...)","robots":{"index":"index","follow":"follow","max-snippet":"max-snippet:-1","max-image-preview":"max-image-preview:large","max-video-preview":"max-video-preview:-1"},"canonical":"https:\/\/kidlee.fr\/en\/aide-aux-devoirs\/","og_locale":"en_US","og_type":"article","og_title":"L'aide aux devoirs avec Kidlee - Garde d'enfants de plus de 3 ans","og_description":"D\u00e9couvrez l'aide aux devoirs Kidlee ! Nos profils babysitters sp\u00e9cialis\u00e9s et form\u00e9(e)s ( math\u00e9matiques, sciences, langues, musique ...)","og_url":"https:\/\/kidlee.fr\/en\/aide-aux-devoirs\/","og_site_name":"Kidlee | Garde d&#039;enfants de plus de 3 ans en \u00cele-de-France","article_publisher":"https:\/\/www.facebook.com\/kidleeFR","article_modified_time":"2025-06-12T12:21:32+00:00","og_image":[{"width":1200,"height":675,"url":"https:\/\/kidlee.fr\/wp-content\/uploads\/2024\/08\/images-1.jpg","type":"image\/jpeg"}],"twitter_card":"summary_large_image","twitter_site":"@Kidlee_fr","twitter_misc":{"Est. reading time":"5 minutes"},"schema":{"@context":"https:\/\/schema.org","@graph":[{"@type":"WebPage","@id":"https:\/\/kidlee.fr\/aide-aux-devoirs\/","url":"https:\/\/kidlee.fr\/aide-aux-devoirs\/","name":"L'aide aux devoirs avec Kidlee - Garde d'enfants de plus de 3 ans","isPartOf":{"@id":"https:\/\/kidlee.fr\/#website"},"datePublished":"2021-04-27T14:02:54+00:00","dateModified":"2025-06-12T12:21:32+00:00","description":"D\u00e9couvrez l'aide aux devoirs Kidlee ! Nos profils babysitters sp\u00e9cialis\u00e9s et form\u00e9(e)s ( math\u00e9matiques, sciences, langues, musique ...)","breadcrumb":{"@id":"https:\/\/kidlee.fr\/aide-aux-devoirs\/#breadcrumb"},"inLanguage":"en-US","potentialAction":[{"@type":"ReadAction","target":["https:\/\/kidlee.fr\/aide-aux-devoirs\/"]}]},{"@type":"BreadcrumbList","@id":"https:\/\/kidlee.fr\/aide-aux-devoirs\/#breadcrumb","itemListElement":[{"@type":"ListItem","position":1,"name":"Accueil","item":"https:\/\/kidlee.fr\/"},{"@type":"ListItem","position":2,"name":"Aide aux devoirs"}]},{"@type":"WebSite","@id":"https:\/\/kidlee.fr\/#website","url":"https:\/\/kidlee.fr\/","name":"Kidlee | Garde d&#039;enfants de plus de 3 ans en \u00cele-de-France","description":"Le baby-sitting intelligent qui fait progresser les enfants !","publisher":{"@id":"https:\/\/kidlee.fr\/#organization"},"potentialAction":[{"@type":"SearchAction","target":{"@type":"EntryPoint","urlTemplate":"https:\/\/kidlee.fr\/?s={search_term_string}"},"query-input":"required name=search_term_string"}],"inLanguage":"en-US"},{"@type":"Organization","@id":"https:\/\/kidlee.fr\/#organization","name":"Kidlee, SAS.","url":"https:\/\/kidlee.fr\/","logo":{"@type":"ImageObject","inLanguage":"en-US","@id":"https:\/\/kidlee.fr\/#\/schema\/logo\/image\/","url":"https:\/\/kidlee.fr\/wp-content\/uploads\/2020\/06\/Kidlee_logo_2020.svg","contentUrl":"https:\/\/kidlee.fr\/wp-content\/uploads\/2020\/06\/Kidlee_logo_2020.svg","width":300,"height":79,"caption":"Kidlee, SAS."},"image":{"@id":"https:\/\/kidlee.fr\/#\/schema\/logo\/image\/"},"sameAs":["https:\/\/www.facebook.com\/kidleeFR","https:\/\/x.com\/Kidlee_fr","https:\/\/www.instagram.com\/kidlee_fr\/","https:\/\/www.linkedin.com\/company\/kidlee-fr","https:\/\/www.youtube.com\/channel\/UCt4hFqrRHEHOMghdOLmyzjg"]}]}},"_links":{"self":[{"href":"https:\/\/kidlee.fr\/en\/wp-json\/wp\/v2\/pages\/10824"}],"collection":[{"href":"https:\/\/kidlee.fr\/en\/wp-json\/wp\/v2\/pages"}],"about":[{"href":"https:\/\/kidlee.fr\/en\/wp-json\/wp\/v2\/types\/page"}],"author":[{"embeddable":true,"href":"https:\/\/kidlee.fr\/en\/wp-json\/wp\/v2\/users\/2"}],"replies":[{"embeddable":true,"href":"https:\/\/kidlee.fr\/en\/wp-json\/wp\/v2\/comments?post=10824"}],"version-history":[{"count":0,"href":"https:\/\/kidlee.fr\/en\/wp-json\/wp\/v2\/pages\/10824\/revisions"}],"wp:attachment":[{"href":"https:\/\/kidlee.fr\/en\/wp-json\/wp\/v2\/media?parent=10824"}],"curies":[{"name":"wp","href":"https:\/\/api.w.org\/{rel}","templated":true}]}}